{"id":10100,"date":"2024-08-27T22:50:41","date_gmt":"2024-08-27T20:50:41","guid":{"rendered":"https:\/\/www.orpheus-magazin.de\/?page_id=10100"},"modified":"2024-08-28T11:19:47","modified_gmt":"2024-08-28T09:19:47","slug":"rezensionen-05-2024","status":"publish","type":"page","link":"https:\/\/www.orpheus-magazin.de\/de\/rezensionen-05-2024\/","title":{"rendered":"Rezensionen 05\/2024"},"content":{"rendered":"<p class=\"has-text-align-center\">Eine Auswahl an Premierenkritiken, einige davon nur hier online.<br>Zus\u00e4tzlich finden Sie 28 weitere Rezensionen exklusiv in unserer <a href=\"https:\/\/www.orpheus-magazin.de\/de\/ausgabe-05-2024\/\" target=\"_blank\" rel=\"noreferrer noopener\">Printausgabe September\/Oktober 2024<\/a>.<\/p>\n\n\n\n<div style=\"height:50px\" aria-hidden=\"true\" class=\"wp-block-spacer\"><\/div>\n\n\n<ul class=\"wp-block-latest-posts__list wp-block-latest-posts\"><li><div class=\"wp-block-latest-posts__featured-image alignleft\"><a href=\"https:\/\/www.orpheus-magazin.de\/de\/2024\/08\/14\/salzburg-les-contes-d-hoffmann\/\" aria-label=\"Kamera aus!\"><img fetchpriority=\"high\" decoding=\"async\" width=\"300\" height=\"169\" src=\"https:\/\/www.orpheus-magazin.de\/wp-content\/uploads\/2024\/08\/Salzburger-Festspiele_Les-contes-dHoffmann-c-SF-Monika-Rittershaus-300x169.jpg\" class=\"attachment-medium size-medium wp-post-image\" alt=\"Endstation Regiestuhl? Benjamin Bernheim in der Titelpartie (Foto SF\/Monika Rittershaus)\" style=\"\" srcset=\"https:\/\/www.orpheus-magazin.de\/wp-content\/uploads\/2024\/08\/Salzburger-Festspiele_Les-contes-dHoffmann-c-SF-Monika-Rittershaus-300x169.jpg 300w, https:\/\/www.orpheus-magazin.de\/wp-content\/uploads\/2024\/08\/Salzburger-Festspiele_Les-contes-dHoffmann-c-SF-Monika-Rittershaus-1024x576.jpg 1024w, https:\/\/www.orpheus-magazin.de\/wp-content\/uploads\/2024\/08\/Salzburger-Festspiele_Les-contes-dHoffmann-c-SF-Monika-Rittershaus-768x432.jpg 768w, https:\/\/www.orpheus-magazin.de\/wp-content\/uploads\/2024\/08\/Salzburger-Festspiele_Les-contes-dHoffmann-c-SF-Monika-Rittershaus-500x281.jpg 500w, https:\/\/www.orpheus-magazin.de\/wp-content\/uploads\/2024\/08\/Salzburger-Festspiele_Les-contes-dHoffmann-c-SF-Monika-Rittershaus-800x450.jpg 800w, https:\/\/www.orpheus-magazin.de\/wp-content\/uploads\/2024\/08\/Salzburger-Festspiele_Les-contes-dHoffmann-c-SF-Monika-Rittershaus-1280x720.jpg 1280w, https:\/\/www.orpheus-magazin.de\/wp-content\/uploads\/2024\/08\/Salzburger-Festspiele_Les-contes-dHoffmann-c-SF-Monika-Rittershaus-870x490.jpg 870w, https:\/\/www.orpheus-magazin.de\/wp-content\/uploads\/2024\/08\/Salzburger-Festspiele_Les-contes-dHoffmann-c-SF-Monika-Rittershaus-600x338.jpg 600w, https:\/\/www.orpheus-magazin.de\/wp-content\/uploads\/2024\/08\/Salzburger-Festspiele_Les-contes-dHoffmann-c-SF-Monika-Rittershaus.jpg 1500w\" sizes=\"(max-width: 300px) 100vw, 300px\" loading=\"eager\" \/><\/a><\/div><a class=\"wp-block-latest-posts__post-title\" href=\"https:\/\/www.orpheus-magazin.de\/de\/2024\/08\/14\/salzburg-les-contes-d-hoffmann\/\">Kamera aus!<\/a><div class=\"wp-block-latest-posts__post-excerpt\"><span class=\"location\">Salzburg \/ Salzburger Festspiele (August 2024)<\/span><\/br> \u201eHoffmanns Erz\u00e4hlungen\u201c scheitern am Cinemascope-Format<\/div><\/li>\n<li><div class=\"wp-block-latest-posts__featured-image alignleft\"><a href=\"https:\/\/www.orpheus-magazin.de\/de\/2024\/07\/22\/heidenheim-an-der-brenz-alzira\/\" aria-label=\"Vergessenes Juwel\"><img decoding=\"async\" width=\"300\" height=\"169\" src=\"https:\/\/www.orpheus-magazin.de\/wp-content\/uploads\/2024\/08\/Opernfestspiele-Heidenheim_Alzira-c-Oliver-Vogel-300x169.jpg\" class=\"attachment-medium size-medium wp-post-image\" alt=\"Sung Kyu Park (Zamoro) und Ania Jeruc (Alzira) (Foto Oliver Vogel)\" style=\"\" srcset=\"https:\/\/www.orpheus-magazin.de\/wp-content\/uploads\/2024\/08\/Opernfestspiele-Heidenheim_Alzira-c-Oliver-Vogel-300x169.jpg 300w, https:\/\/www.orpheus-magazin.de\/wp-content\/uploads\/2024\/08\/Opernfestspiele-Heidenheim_Alzira-c-Oliver-Vogel-1024x576.jpg 1024w, https:\/\/www.orpheus-magazin.de\/wp-content\/uploads\/2024\/08\/Opernfestspiele-Heidenheim_Alzira-c-Oliver-Vogel-768x432.jpg 768w, https:\/\/www.orpheus-magazin.de\/wp-content\/uploads\/2024\/08\/Opernfestspiele-Heidenheim_Alzira-c-Oliver-Vogel-500x281.jpg 500w, https:\/\/www.orpheus-magazin.de\/wp-content\/uploads\/2024\/08\/Opernfestspiele-Heidenheim_Alzira-c-Oliver-Vogel-800x450.jpg 800w, https:\/\/www.orpheus-magazin.de\/wp-content\/uploads\/2024\/08\/Opernfestspiele-Heidenheim_Alzira-c-Oliver-Vogel-1280x720.jpg 1280w, https:\/\/www.orpheus-magazin.de\/wp-content\/uploads\/2024\/08\/Opernfestspiele-Heidenheim_Alzira-c-Oliver-Vogel-870x490.jpg 870w, https:\/\/www.orpheus-magazin.de\/wp-content\/uploads\/2024\/08\/Opernfestspiele-Heidenheim_Alzira-c-Oliver-Vogel-600x338.jpg 600w, https:\/\/www.orpheus-magazin.de\/wp-content\/uploads\/2024\/08\/Opernfestspiele-Heidenheim_Alzira-c-Oliver-Vogel.jpg 1500w\" sizes=\"(max-width: 300px) 100vw, 300px\" loading=\"eager\" \/><\/a><\/div><a class=\"wp-block-latest-posts__post-title\" href=\"https:\/\/www.orpheus-magazin.de\/de\/2024\/07\/22\/heidenheim-an-der-brenz-alzira\/\">Vergessenes Juwel<\/a><div class=\"wp-block-latest-posts__post-excerpt\"><span class=\"location\">Heidenheim an der Brenz \/ Opernfestspiele Heidenheim (Juli 2024)<\/span><\/br> Verdis S\u00fcdamerika-Oper \u201eAlzira\u201c<\/div><\/li>\n<li><div class=\"wp-block-latest-posts__featured-image alignleft\"><a href=\"https:\/\/www.orpheus-magazin.de\/de\/2024\/07\/21\/bregenz-tancredi\/\" aria-label=\"Hosenrolle neu gedacht\"><img decoding=\"async\" width=\"300\" height=\"169\" src=\"https:\/\/www.orpheus-magazin.de\/wp-content\/uploads\/2024\/08\/Bregenzer-Festspiele_Tancredi-c-Bregenzer-Festspiele-Karl-Forster-300x169.jpg\" class=\"attachment-medium size-medium wp-post-image\" alt=\"Tancredi (Anna Goryachova) und Amenaide (M\u00e9lissa Petit) (Foto Bregenzer Festspiele\/Karl Forster)\" style=\"\" srcset=\"https:\/\/www.orpheus-magazin.de\/wp-content\/uploads\/2024\/08\/Bregenzer-Festspiele_Tancredi-c-Bregenzer-Festspiele-Karl-Forster-300x169.jpg 300w, https:\/\/www.orpheus-magazin.de\/wp-content\/uploads\/2024\/08\/Bregenzer-Festspiele_Tancredi-c-Bregenzer-Festspiele-Karl-Forster-1024x576.jpg 1024w, https:\/\/www.orpheus-magazin.de\/wp-content\/uploads\/2024\/08\/Bregenzer-Festspiele_Tancredi-c-Bregenzer-Festspiele-Karl-Forster-768x432.jpg 768w, https:\/\/www.orpheus-magazin.de\/wp-content\/uploads\/2024\/08\/Bregenzer-Festspiele_Tancredi-c-Bregenzer-Festspiele-Karl-Forster-500x281.jpg 500w, https:\/\/www.orpheus-magazin.de\/wp-content\/uploads\/2024\/08\/Bregenzer-Festspiele_Tancredi-c-Bregenzer-Festspiele-Karl-Forster-800x450.jpg 800w, https:\/\/www.orpheus-magazin.de\/wp-content\/uploads\/2024\/08\/Bregenzer-Festspiele_Tancredi-c-Bregenzer-Festspiele-Karl-Forster-1280x720.jpg 1280w, https:\/\/www.orpheus-magazin.de\/wp-content\/uploads\/2024\/08\/Bregenzer-Festspiele_Tancredi-c-Bregenzer-Festspiele-Karl-Forster-870x490.jpg 870w, https:\/\/www.orpheus-magazin.de\/wp-content\/uploads\/2024\/08\/Bregenzer-Festspiele_Tancredi-c-Bregenzer-Festspiele-Karl-Forster-600x338.jpg 600w, https:\/\/www.orpheus-magazin.de\/wp-content\/uploads\/2024\/08\/Bregenzer-Festspiele_Tancredi-c-Bregenzer-Festspiele-Karl-Forster.jpg 1500w\" sizes=\"(max-width: 300px) 100vw, 300px\" loading=\"eager\" \/><\/a><\/div><a class=\"wp-block-latest-posts__post-title\" href=\"https:\/\/www.orpheus-magazin.de\/de\/2024\/07\/21\/bregenz-tancredi\/\">Hosenrolle neu gedacht<\/a><div class=\"wp-block-latest-posts__post-excerpt\"><span class=\"location\">Bregenz \/ Bregenzer Festspiele (Juli 2024)<\/span><\/br> Rossinis Fr\u00fchwerk \u201eTancredi\u201c im Festspielhaus<\/div><\/li>\n<li><div class=\"wp-block-latest-posts__featured-image alignleft\"><a href=\"https:\/\/www.orpheus-magazin.de\/de\/2024\/07\/11\/muenchen-pelleas-et-melisande\/\" aria-label=\"Haus der Blinden\"><img decoding=\"async\" width=\"300\" height=\"169\" src=\"https:\/\/www.orpheus-magazin.de\/wp-content\/uploads\/2024\/07\/Bayerische-Staatsoper_Pelleas-et-Melisande-c-Wilfried-Hoesl-300x169.jpg\" class=\"attachment-medium size-medium wp-post-image\" alt=\"Ohne Zukunft: Sabine Devieilhe und Ben Bliss in den Titelpartien (Foto Wilfried H\u00f6sl)\" style=\"\" srcset=\"https:\/\/www.orpheus-magazin.de\/wp-content\/uploads\/2024\/07\/Bayerische-Staatsoper_Pelleas-et-Melisande-c-Wilfried-Hoesl-300x169.jpg 300w, https:\/\/www.orpheus-magazin.de\/wp-content\/uploads\/2024\/07\/Bayerische-Staatsoper_Pelleas-et-Melisande-c-Wilfried-Hoesl-1024x576.jpg 1024w, https:\/\/www.orpheus-magazin.de\/wp-content\/uploads\/2024\/07\/Bayerische-Staatsoper_Pelleas-et-Melisande-c-Wilfried-Hoesl-768x432.jpg 768w, https:\/\/www.orpheus-magazin.de\/wp-content\/uploads\/2024\/07\/Bayerische-Staatsoper_Pelleas-et-Melisande-c-Wilfried-Hoesl-500x281.jpg 500w, https:\/\/www.orpheus-magazin.de\/wp-content\/uploads\/2024\/07\/Bayerische-Staatsoper_Pelleas-et-Melisande-c-Wilfried-Hoesl-800x450.jpg 800w, https:\/\/www.orpheus-magazin.de\/wp-content\/uploads\/2024\/07\/Bayerische-Staatsoper_Pelleas-et-Melisande-c-Wilfried-Hoesl-1280x720.jpg 1280w, https:\/\/www.orpheus-magazin.de\/wp-content\/uploads\/2024\/07\/Bayerische-Staatsoper_Pelleas-et-Melisande-c-Wilfried-Hoesl-870x490.jpg 870w, https:\/\/www.orpheus-magazin.de\/wp-content\/uploads\/2024\/07\/Bayerische-Staatsoper_Pelleas-et-Melisande-c-Wilfried-Hoesl-600x338.jpg 600w, https:\/\/www.orpheus-magazin.de\/wp-content\/uploads\/2024\/07\/Bayerische-Staatsoper_Pelleas-et-Melisande-c-Wilfried-Hoesl.jpg 1500w\" sizes=\"(max-width: 300px) 100vw, 300px\" loading=\"eager\" \/><\/a><\/div><a class=\"wp-block-latest-posts__post-title\" href=\"https:\/\/www.orpheus-magazin.de\/de\/2024\/07\/11\/muenchen-pelleas-et-melisande\/\">Haus der Blinden<\/a><div class=\"wp-block-latest-posts__post-excerpt\"><span class=\"location\">M\u00fcnchen \/ Bayerische Staatsoper (Juli 2024)<\/span><\/br>\nDebussys \u201ePell\u00e9as et M\u00e9lisande\u201c als gl\u00e4nzend besetztes Kammerspiel<\/div><\/li>\n<li><div class=\"wp-block-latest-posts__featured-image alignleft\"><a href=\"https:\/\/www.orpheus-magazin.de\/de\/2024\/07\/03\/sofia-lohengrin\/\" aria-label=\"Wagner\u2019sche Lesarten \u00e0 la Balkan\"><img decoding=\"async\" width=\"300\" height=\"169\" src=\"https:\/\/www.orpheus-magazin.de\/wp-content\/uploads\/2024\/07\/Sofia-Opera_Lohengrin-c-Svetoslav-Nikolov-300x169.jpg\" class=\"attachment-medium size-medium wp-post-image\" alt=\"Telramund (Thomas Weinhappel) und K\u00f6nig Heinrich (Bjarni Thor Kristinsson) mit Chor \u2013 Szene aus dem ersten Akt (Foto Svetoslav Nikolov)\" style=\"\" srcset=\"https:\/\/www.orpheus-magazin.de\/wp-content\/uploads\/2024\/07\/Sofia-Opera_Lohengrin-c-Svetoslav-Nikolov-300x169.jpg 300w, https:\/\/www.orpheus-magazin.de\/wp-content\/uploads\/2024\/07\/Sofia-Opera_Lohengrin-c-Svetoslav-Nikolov-1024x576.jpg 1024w, https:\/\/www.orpheus-magazin.de\/wp-content\/uploads\/2024\/07\/Sofia-Opera_Lohengrin-c-Svetoslav-Nikolov-768x432.jpg 768w, https:\/\/www.orpheus-magazin.de\/wp-content\/uploads\/2024\/07\/Sofia-Opera_Lohengrin-c-Svetoslav-Nikolov-500x281.jpg 500w, https:\/\/www.orpheus-magazin.de\/wp-content\/uploads\/2024\/07\/Sofia-Opera_Lohengrin-c-Svetoslav-Nikolov-800x450.jpg 800w, https:\/\/www.orpheus-magazin.de\/wp-content\/uploads\/2024\/07\/Sofia-Opera_Lohengrin-c-Svetoslav-Nikolov-1280x720.jpg 1280w, https:\/\/www.orpheus-magazin.de\/wp-content\/uploads\/2024\/07\/Sofia-Opera_Lohengrin-c-Svetoslav-Nikolov-870x490.jpg 870w, https:\/\/www.orpheus-magazin.de\/wp-content\/uploads\/2024\/07\/Sofia-Opera_Lohengrin-c-Svetoslav-Nikolov-600x338.jpg 600w, https:\/\/www.orpheus-magazin.de\/wp-content\/uploads\/2024\/07\/Sofia-Opera_Lohengrin-c-Svetoslav-Nikolov.jpg 1500w\" sizes=\"(max-width: 300px) 100vw, 300px\" loading=\"eager\" \/><\/a><\/div><a class=\"wp-block-latest-posts__post-title\" href=\"https:\/\/www.orpheus-magazin.de\/de\/2024\/07\/03\/sofia-lohengrin\/\">Wagner\u2019sche Lesarten \u00e0 la Balkan<\/a><div class=\"wp-block-latest-posts__post-excerpt\"><span class=\"location\">Sofia \/ Sofia Opera (Juni 2024)<\/span><\/br>\n\u201eLohengrin\u201c mit eindrucksvoller S\u00e4ngerriege<\/div><\/li>\n<li><div class=\"wp-block-latest-posts__featured-image alignleft\"><a href=\"https:\/\/www.orpheus-magazin.de\/de\/2024\/06\/26\/immling-aida\/\" aria-label=\"Schachmatt in vier (Auf-)Z\u00fcgen\"><img decoding=\"async\" width=\"300\" height=\"169\" src=\"https:\/\/www.orpheus-magazin.de\/wp-content\/uploads\/2024\/06\/Immling-Festival_Aida-c-Verena-von-Kerssenbrock-300x169.jpg\" class=\"attachment-medium size-medium wp-post-image\" alt=\"Verzweifeltes Ringen: Darina Gapitch als Amneris (Foto Verena von Kerssenbrock)\" style=\"\" srcset=\"https:\/\/www.orpheus-magazin.de\/wp-content\/uploads\/2024\/06\/Immling-Festival_Aida-c-Verena-von-Kerssenbrock-300x169.jpg 300w, https:\/\/www.orpheus-magazin.de\/wp-content\/uploads\/2024\/06\/Immling-Festival_Aida-c-Verena-von-Kerssenbrock-1024x576.jpg 1024w, https:\/\/www.orpheus-magazin.de\/wp-content\/uploads\/2024\/06\/Immling-Festival_Aida-c-Verena-von-Kerssenbrock-768x432.jpg 768w, https:\/\/www.orpheus-magazin.de\/wp-content\/uploads\/2024\/06\/Immling-Festival_Aida-c-Verena-von-Kerssenbrock-500x281.jpg 500w, https:\/\/www.orpheus-magazin.de\/wp-content\/uploads\/2024\/06\/Immling-Festival_Aida-c-Verena-von-Kerssenbrock-800x450.jpg 800w, https:\/\/www.orpheus-magazin.de\/wp-content\/uploads\/2024\/06\/Immling-Festival_Aida-c-Verena-von-Kerssenbrock-1280x720.jpg 1280w, https:\/\/www.orpheus-magazin.de\/wp-content\/uploads\/2024\/06\/Immling-Festival_Aida-c-Verena-von-Kerssenbrock-870x490.jpg 870w, https:\/\/www.orpheus-magazin.de\/wp-content\/uploads\/2024\/06\/Immling-Festival_Aida-c-Verena-von-Kerssenbrock-600x338.jpg 600w, https:\/\/www.orpheus-magazin.de\/wp-content\/uploads\/2024\/06\/Immling-Festival_Aida-c-Verena-von-Kerssenbrock.jpg 1500w\" sizes=\"(max-width: 300px) 100vw, 300px\" loading=\"eager\" \/><\/a><\/div><a class=\"wp-block-latest-posts__post-title\" href=\"https:\/\/www.orpheus-magazin.de\/de\/2024\/06\/26\/immling-aida\/\">Schachmatt in vier (Auf-)Z\u00fcgen<\/a><div class=\"wp-block-latest-posts__post-excerpt\"><span class=\"location\">Halfing \/ Immling Festival (Juni 2024)<\/span><\/br>\nVerdis \u201eAida\u201c stellt das Seelendrama ins Zentrum<\/div><\/li>\n<li><div class=\"wp-block-latest-posts__featured-image alignleft\"><a href=\"https:\/\/www.orpheus-magazin.de\/de\/2024\/06\/25\/kosice-dalibor\/\" aria-label=\"Bipolare Nationaloper\"><img decoding=\"async\" width=\"300\" height=\"169\" src=\"https:\/\/www.orpheus-magazin.de\/wp-content\/uploads\/2024\/08\/Narodne-divadlo-Kosice_Dalibor-c-Roland-H.-Dippel-300x169.jpg\" class=\"attachment-medium size-medium wp-post-image\" alt=\"(Foto Roland H. Dippel)\" style=\"\" srcset=\"https:\/\/www.orpheus-magazin.de\/wp-content\/uploads\/2024\/08\/Narodne-divadlo-Kosice_Dalibor-c-Roland-H.-Dippel-300x169.jpg 300w, https:\/\/www.orpheus-magazin.de\/wp-content\/uploads\/2024\/08\/Narodne-divadlo-Kosice_Dalibor-c-Roland-H.-Dippel-1024x576.jpg 1024w, https:\/\/www.orpheus-magazin.de\/wp-content\/uploads\/2024\/08\/Narodne-divadlo-Kosice_Dalibor-c-Roland-H.-Dippel-768x432.jpg 768w, https:\/\/www.orpheus-magazin.de\/wp-content\/uploads\/2024\/08\/Narodne-divadlo-Kosice_Dalibor-c-Roland-H.-Dippel-500x281.jpg 500w, https:\/\/www.orpheus-magazin.de\/wp-content\/uploads\/2024\/08\/Narodne-divadlo-Kosice_Dalibor-c-Roland-H.-Dippel-800x450.jpg 800w, https:\/\/www.orpheus-magazin.de\/wp-content\/uploads\/2024\/08\/Narodne-divadlo-Kosice_Dalibor-c-Roland-H.-Dippel-1280x720.jpg 1280w, https:\/\/www.orpheus-magazin.de\/wp-content\/uploads\/2024\/08\/Narodne-divadlo-Kosice_Dalibor-c-Roland-H.-Dippel-870x490.jpg 870w, https:\/\/www.orpheus-magazin.de\/wp-content\/uploads\/2024\/08\/Narodne-divadlo-Kosice_Dalibor-c-Roland-H.-Dippel-600x338.jpg 600w, https:\/\/www.orpheus-magazin.de\/wp-content\/uploads\/2024\/08\/Narodne-divadlo-Kosice_Dalibor-c-Roland-H.-Dippel.jpg 1500w\" sizes=\"(max-width: 300px) 100vw, 300px\" loading=\"eager\" \/><\/a><\/div><a class=\"wp-block-latest-posts__post-title\" href=\"https:\/\/www.orpheus-magazin.de\/de\/2024\/06\/25\/kosice-dalibor\/\">Bipolare Nationaloper<\/a><div class=\"wp-block-latest-posts__post-excerpt\"><span class=\"location\">Ko\u0161ice \/ N\u00e1rodn\u00e9 divadlo Ko\u0161ice (Juni 2024)<\/span><\/br> In Smetanas \u201eDalibor\u201c siegt einmal mehr die Musik<\/div><\/li>\n<\/ul>\n\n\n<div style=\"height:80px\" aria-hidden=\"true\" class=\"wp-block-spacer\"><\/div>\n\n\n\n<div class=\"wp-block-media-text alignwide is-vertically-aligned-center is-stacked-on-mobile has-background\" style=\"background-color:#f6f6f6;grid-template-columns:22% auto\"><figure class=\"wp-block-media-text__media\"><img decoding=\"async\" width=\"850\" height=\"1000\" src=\"https:\/\/www.orpheus-magazin.de\/wp-content\/uploads\/2024\/08\/Heft_Bestellbox_2024-05_s.jpg\" alt=\"\" class=\"wp-image-10081 size-full\" srcset=\"https:\/\/www.orpheus-magazin.de\/wp-content\/uploads\/2024\/08\/Heft_Bestellbox_2024-05_s.jpg 850w, https:\/\/www.orpheus-magazin.de\/wp-content\/uploads\/2024\/08\/Heft_Bestellbox_2024-05_s-255x300.jpg 255w, https:\/\/www.orpheus-magazin.de\/wp-content\/uploads\/2024\/08\/Heft_Bestellbox_2024-05_s-768x904.jpg 768w, https:\/\/www.orpheus-magazin.de\/wp-content\/uploads\/2024\/08\/Heft_Bestellbox_2024-05_s-500x588.jpg 500w, https:\/\/www.orpheus-magazin.de\/wp-content\/uploads\/2024\/08\/Heft_Bestellbox_2024-05_s-800x941.jpg 800w, https:\/\/www.orpheus-magazin.de\/wp-content\/uploads\/2024\/08\/Heft_Bestellbox_2024-05_s-600x706.jpg 600w\" sizes=\"(max-width: 850px) 100vw, 850px\" \/><\/figure><div class=\"wp-block-media-text__content\">\n<div style=\"height:10px\" aria-hidden=\"true\" class=\"wp-block-spacer\"><\/div>\n\n\n\n<p style=\"font-size:24px\"><strong>Unsere Ausgabe September\/Oktober 2024 online bestellen<\/strong><\/p>\n\n\n\n<p>Bequem in Ihren Briefkasten oder als PDF zum Sofort-Download<\/p>\n\n\n\n<p><strong><a href=\"https:\/\/www.orpheus-magazin.de\/de\/product\/print-ausgabe-05-2024\/\" target=\"_blank\" rel=\"noreferrer noopener\">Print-Ausgabe bestellen<\/a><\/strong> | <strong><a href=\"https:\/\/www.orpheus-magazin.de\/de\/product\/pdf-ausgabe-05-2024\/\" target=\"_blank\" rel=\"noreferrer noopener\">PDF-Ausgabe bestellen<\/a><\/strong><\/p>\n<\/div><\/div>\n\n\n\n<div style=\"height:100px\" aria-hidden=\"true\" class=\"wp-block-spacer\"><\/div>","protected":false},"excerpt":{"rendered":"<p>Eine Auswahl an Premierenkritiken, einige davon nur hier online.Zus\u00e4tzlich finden Sie 28 weitere Rezensionen exklusiv in unserer Printausgabe September\/Oktober 2024.<\/p>","protected":false},"author":14,"featured_media":0,"parent":0,"menu_order":0,"comment_status":"closed","ping_status":"closed","template":"","meta":{"tpgb_global_settings":"","_editorskit_title_hidden":false,"_editorskit_reading_time":0,"_editorskit_is_block_options_detached":false,"_editorskit_block_options_position":"{}","_eb_attr":"","footnotes":""},"class_list":["post-10100","page","type-page","status-publish","hentry"],"tpgb_featured_images":null,"tpgb_post_meta_info":{"get_date":"27. August 2024","get_modified_date":"28. August 2024","author_name":"Silvia Murauer","author_url":"https:\/\/www.orpheus-magazin.de\/de\/author\/mailsilviamurauer-de\/","author_email":"mail@silviamurauer.de","author_website":"","author_description":"","author_facebook":"","author_twitter":"","author_instagram":"","author_role":["administrator"],"author_firstname":"Silvia","author_lastname":"Murauer","user_login":"mail@silviamurauer.de","author_avatar":"<img alt='' src='https:\/\/secure.gravatar.com\/avatar\/f621fd74b09e85b40b2840fd83e82293b9a74c7122761b5607082e36ece1f9d0?s=200&#038;d=mm&#038;r=g' srcset='https:\/\/secure.gravatar.com\/avatar\/f621fd74b09e85b40b2840fd83e82293b9a74c7122761b5607082e36ece1f9d0?s=400&#038;d=mm&#038;r=g 2x' class='avatar avatar-200 photo' height='200' width='200' decoding='async'\/>","author_avatar_url":"https:\/\/secure.gravatar.com\/avatar\/f621fd74b09e85b40b2840fd83e82293b9a74c7122761b5607082e36ece1f9d0?s=96&d=mm&r=g","comment_count":0,"post_likes":0,"post_views":0},"tpgb_post_category":[],"_links":{"self":[{"href":"https:\/\/www.orpheus-magazin.de\/de\/wp-json\/wp\/v2\/pages\/10100","targetHints":{"allow":["GET"]}}],"collection":[{"href":"https:\/\/www.orpheus-magazin.de\/de\/wp-json\/wp\/v2\/pages"}],"about":[{"href":"https:\/\/www.orpheus-magazin.de\/de\/wp-json\/wp\/v2\/types\/page"}],"author":[{"embeddable":true,"href":"https:\/\/www.orpheus-magazin.de\/de\/wp-json\/wp\/v2\/users\/14"}],"replies":[{"embeddable":true,"href":"https:\/\/www.orpheus-magazin.de\/de\/wp-json\/wp\/v2\/comments?post=10100"}],"version-history":[{"count":0,"href":"https:\/\/www.orpheus-magazin.de\/de\/wp-json\/wp\/v2\/pages\/10100\/revisions"}],"wp:attachment":[{"href":"https:\/\/www.orpheus-magazin.de\/de\/wp-json\/wp\/v2\/media?parent=10100"}],"curies":[{"name":"wp","href":"https:\/\/api.w.org\/{rel}","templated":true}]}}