{"id":10227,"date":"2024-10-28T23:05:54","date_gmt":"2024-10-28T22:05:54","guid":{"rendered":"https:\/\/www.orpheus-magazin.de\/?page_id=10227"},"modified":"2024-12-20T15:09:28","modified_gmt":"2024-12-20T14:09:28","slug":"ausgabe-06-2024","status":"publish","type":"page","link":"https:\/\/www.orpheus-magazin.de\/de\/ausgabe-06-2024\/","title":{"rendered":"Ausgabe 06\/2024"},"content":{"rendered":"<h1 class=\"wp-block-heading has-text-align-center font-montserrat-alternates\" id=\"ausgabe-06-2021\" style=\"font-size:45px\">Ausgabe 06\/2024<\/h1>\n\n\n\n<div style=\"height:1px\" aria-hidden=\"true\" class=\"wp-block-spacer\"><\/div>\n\n\n\n<div class=\"wp-block-cover\" style=\"min-height:500px;aspect-ratio:unset;\"><span aria-hidden=\"true\" class=\"wp-block-cover__background has-background-dim-0 has-background-dim\" style=\"background-color:#cfc9c4\"><\/span><img fetchpriority=\"high\" decoding=\"async\" width=\"1500\" height=\"710\" class=\"wp-block-cover__image-background wp-image-10183\" alt=\"\" src=\"https:\/\/www.orpheus-magazin.de\/wp-content\/uploads\/2024\/10\/2024-06_Inhalt_1.jpg\" data-object-fit=\"cover\" srcset=\"https:\/\/www.orpheus-magazin.de\/wp-content\/uploads\/2024\/10\/2024-06_Inhalt_1.jpg 1500w, https:\/\/www.orpheus-magazin.de\/wp-content\/uploads\/2024\/10\/2024-06_Inhalt_1-300x142.jpg 300w, https:\/\/www.orpheus-magazin.de\/wp-content\/uploads\/2024\/10\/2024-06_Inhalt_1-1024x485.jpg 1024w, https:\/\/www.orpheus-magazin.de\/wp-content\/uploads\/2024\/10\/2024-06_Inhalt_1-768x364.jpg 768w, https:\/\/www.orpheus-magazin.de\/wp-content\/uploads\/2024\/10\/2024-06_Inhalt_1-500x237.jpg 500w, https:\/\/www.orpheus-magazin.de\/wp-content\/uploads\/2024\/10\/2024-06_Inhalt_1-800x379.jpg 800w, https:\/\/www.orpheus-magazin.de\/wp-content\/uploads\/2024\/10\/2024-06_Inhalt_1-1280x606.jpg 1280w, https:\/\/www.orpheus-magazin.de\/wp-content\/uploads\/2024\/10\/2024-06_Inhalt_1-870x412.jpg 870w, https:\/\/www.orpheus-magazin.de\/wp-content\/uploads\/2024\/10\/2024-06_Inhalt_1-600x284.jpg 600w\" sizes=\"(max-width: 1500px) 100vw, 1500px\" \/><div class=\"wp-block-cover__inner-container is-layout-constrained wp-block-cover-is-layout-constrained\">\n<p class=\"has-text-align-center has-large-font-size\"><\/p>\n\n\n\n<div class=\"wp-block-columns is-layout-flex wp-container-core-columns-is-layout-9d6595d7 wp-block-columns-is-layout-flex\">\n<div class=\"wp-block-column is-layout-flow wp-block-column-is-layout-flow\" style=\"flex-basis:50%\"><\/div>\n\n\n\n<div class=\"wp-block-column is-layout-flow wp-block-column-is-layout-flow\" style=\"flex-basis:48%\">\n<p class=\"has-text-align-right\" style=\"font-size:30px\"><strong>KATHARINA KONRADI<\/strong><br><strong>Manchmal hatte ich <\/strong><br><strong>gar kein Zuhause mehr<\/strong><\/p>\n\n\n\n<p class=\"has-text-align-right\" style=\"font-size:24px\"><a href=\"https:\/\/www.orpheus-magazin.de\/de\/2024\/10\/29\/manchmal-hatte-ich-gar-kein-zuhause-mehr\/\"><strong>Leseprobe<\/strong><\/a><\/p>\n<\/div>\n\n\n\n<div class=\"wp-block-column is-layout-flow wp-block-column-is-layout-flow\" style=\"flex-basis:2%\"><\/div>\n<\/div>\n<\/div><\/div>\n\n\n\n<div style=\"height:10px\" aria-hidden=\"true\" class=\"wp-block-spacer\"><\/div>\n\n\n\n<div class=\"wp-block-columns alignwide is-style-default is-layout-flex wp-container-core-columns-is-layout-9d6595d7 wp-block-columns-is-layout-flex\">\n<div class=\"wp-block-column is-layout-flow wp-block-column-is-layout-flow\" style=\"flex-basis:20%\">\n<p class=\"has-text-align-right has-light-gray-color has-text-color has-small-font-size\">___<br>Impressionen<\/p>\n<\/div>\n\n\n\n<div class=\"wp-block-column is-layout-flow wp-block-column-is-layout-flow\" style=\"flex-basis:50%\">\n<p class=\"has-regular-font-size\"><strong>Kultur mit Spritz!<\/strong><\/p>\n\n\n\n<p>\u201eImmersion\u201c an der Deutschen Oper Berlin<\/p>\n\n\n\n<div style=\"height:60px\" aria-hidden=\"true\" class=\"wp-block-spacer\"><\/div>\n\n\n\n<hr class=\"wp-block-separator has-css-opacity is-style-wide\"\/>\n<\/div>\n\n\n\n<div class=\"wp-block-column is-layout-flow wp-block-column-is-layout-flow\" style=\"flex-basis:30%\">\n<figure class=\"wp-block-image size-full\"><img decoding=\"async\" width=\"500\" height=\"280\" src=\"https:\/\/www.orpheus-magazin.de\/wp-content\/uploads\/2024\/10\/2024-06_Inhalt_2.jpg\" alt=\"\" class=\"wp-image-10184\" srcset=\"https:\/\/www.orpheus-magazin.de\/wp-content\/uploads\/2024\/10\/2024-06_Inhalt_2.jpg 500w, https:\/\/www.orpheus-magazin.de\/wp-content\/uploads\/2024\/10\/2024-06_Inhalt_2-300x168.jpg 300w\" sizes=\"(max-width: 500px) 100vw, 500px\" \/><\/figure>\n\n\n\n<p><\/p>\n<\/div>\n<\/div>\n\n\n\n<div class=\"wp-block-columns alignwide is-style-default is-layout-flex wp-container-core-columns-is-layout-9d6595d7 wp-block-columns-is-layout-flex\">\n<div class=\"wp-block-column is-layout-flow wp-block-column-is-layout-flow\" style=\"flex-basis:20%\">\n<p class=\"has-text-align-right has-light-gray-color has-text-color has-small-font-size\">___<br>Titel<\/p>\n<\/div>\n\n\n\n<div class=\"wp-block-column is-layout-flow wp-block-column-is-layout-flow\" style=\"flex-basis:50%\">\n<p class=\"has-regular-font-size\"><strong>Zwischen den Welten<\/strong><\/p>\n\n\n\n<p>Countertenor Nils Wanderer jongliert ungeniert mit Stimme und Genres, singt parallel zu den Salzburger Festspielen auch f\u00fcr die Macher von Rosenstolz und pflegt mit Rockmusik seine Stimme<\/p>\n\n\n\n<hr class=\"wp-block-separator has-css-opacity is-style-wide\"\/>\n<\/div>\n\n\n\n<div class=\"wp-block-column is-layout-flow wp-block-column-is-layout-flow\" style=\"flex-basis:30%\">\n<figure class=\"wp-block-image size-full\"><img decoding=\"async\" width=\"500\" height=\"280\" src=\"https:\/\/www.orpheus-magazin.de\/wp-content\/uploads\/2024\/10\/2024-06_Inhalt_3.jpg\" alt=\"\" class=\"wp-image-10185\" srcset=\"https:\/\/www.orpheus-magazin.de\/wp-content\/uploads\/2024\/10\/2024-06_Inhalt_3.jpg 500w, https:\/\/www.orpheus-magazin.de\/wp-content\/uploads\/2024\/10\/2024-06_Inhalt_3-300x168.jpg 300w\" sizes=\"(max-width: 500px) 100vw, 500px\" \/><\/figure>\n\n\n\n<p><\/p>\n<\/div>\n<\/div>\n\n\n\n<div class=\"wp-block-columns alignwide is-style-default is-layout-flex wp-container-core-columns-is-layout-9d6595d7 wp-block-columns-is-layout-flex\">\n<div class=\"wp-block-column is-layout-flow wp-block-column-is-layout-flow\" style=\"flex-basis:20%\">\n<p class=\"has-text-align-right has-light-gray-color has-text-color has-small-font-size\">___<br>Zeitgeschichte<\/p>\n<\/div>\n\n\n\n<div class=\"wp-block-column is-layout-flow wp-block-column-is-layout-flow\" style=\"flex-basis:50%\">\n<p class=\"has-regular-font-size\"><strong>Auf Mozarts Spuren<\/strong><\/p>\n\n\n\n<p>Die Geschichte des Theaters an der Wien: eine Reise durch die Genres von Musik- und Sprechtheater<\/p>\n\n\n\n<div style=\"height:30px\" aria-hidden=\"true\" class=\"wp-block-spacer\"><\/div>\n\n\n\n<hr class=\"wp-block-separator has-css-opacity is-style-wide\"\/>\n<\/div>\n\n\n\n<div class=\"wp-block-column is-layout-flow wp-block-column-is-layout-flow\" style=\"flex-basis:30%\">\n<figure class=\"wp-block-image size-full\"><img loading=\"lazy\" decoding=\"async\" width=\"500\" height=\"280\" src=\"https:\/\/www.orpheus-magazin.de\/wp-content\/uploads\/2024\/10\/2024-06_Inhalt_4.jpg\" alt=\"\" class=\"wp-image-10186\" srcset=\"https:\/\/www.orpheus-magazin.de\/wp-content\/uploads\/2024\/10\/2024-06_Inhalt_4.jpg 500w, https:\/\/www.orpheus-magazin.de\/wp-content\/uploads\/2024\/10\/2024-06_Inhalt_4-300x168.jpg 300w\" sizes=\"(max-width: 500px) 100vw, 500px\" \/><\/figure>\n\n\n\n<p><\/p>\n<\/div>\n<\/div>\n\n\n\n<div class=\"wp-block-columns alignwide is-style-default is-layout-flex wp-container-core-columns-is-layout-9d6595d7 wp-block-columns-is-layout-flex\">\n<div class=\"wp-block-column is-layout-flow wp-block-column-is-layout-flow\" style=\"flex-basis:20%\">\n<p class=\"has-text-align-right has-light-gray-color has-text-color has-small-font-size\">___<br>Interview<\/p>\n<\/div>\n\n\n\n<div class=\"wp-block-column is-layout-flow wp-block-column-is-layout-flow\" style=\"flex-basis:50%\">\n<p class=\"has-regular-font-size\"><strong>Der \u201eKaufmann\u201c-Effekt<\/strong><\/p>\n\n\n\n<p>Eine Personalie \u201emit Anspruch\u201c: Tenorstar und Wahl-\u00d6sterreicher Jonas Kaufmann steht ab sofort an der Spitze der Tiroler Festspiele Erl \u2013 und weckt gro\u00dfe Erwartungen<\/p>\n\n\n\n<hr class=\"wp-block-separator has-css-opacity is-style-wide\"\/>\n<\/div>\n\n\n\n<div class=\"wp-block-column is-layout-flow wp-block-column-is-layout-flow\" style=\"flex-basis:30%\">\n<figure class=\"wp-block-image size-full\"><img loading=\"lazy\" decoding=\"async\" width=\"500\" height=\"280\" src=\"https:\/\/www.orpheus-magazin.de\/wp-content\/uploads\/2024\/10\/2024-06_Inhalt_5.jpg\" alt=\"\" class=\"wp-image-10187\" srcset=\"https:\/\/www.orpheus-magazin.de\/wp-content\/uploads\/2024\/10\/2024-06_Inhalt_5.jpg 500w, https:\/\/www.orpheus-magazin.de\/wp-content\/uploads\/2024\/10\/2024-06_Inhalt_5-300x168.jpg 300w\" sizes=\"(max-width: 500px) 100vw, 500px\" \/><\/figure>\n\n\n\n<p><\/p>\n<\/div>\n<\/div>\n\n\n\n<div class=\"wp-block-columns alignwide is-style-default is-layout-flex wp-container-core-columns-is-layout-9d6595d7 wp-block-columns-is-layout-flex\">\n<div class=\"wp-block-column is-layout-flow wp-block-column-is-layout-flow\" style=\"flex-basis:20%\">\n<p class=\"has-text-align-right has-light-gray-color has-text-color has-small-font-size\">___<br>Debatte<\/p>\n<\/div>\n\n\n\n<div class=\"wp-block-column is-layout-flow wp-block-column-is-layout-flow\" style=\"flex-basis:50%\">\n<p class=\"has-regular-font-size\"><strong>Junges Publikum \u2013 Die unbekannte Spezies<\/strong><\/p>\n\n\n\n<p>Der Nachwuchs ist ein hei\u00df umk\u00e4mpftes Gut in der Klassikwelt. Aber erreichen \u201ejugendgerechte\u201c Angebote wirklich das Publikum der Zukunft?<\/p>\n\n\n\n<div style=\"height:10px\" aria-hidden=\"true\" class=\"wp-block-spacer\"><\/div>\n\n\n\n<hr class=\"wp-block-separator has-css-opacity is-style-wide\"\/>\n<\/div>\n\n\n\n<div class=\"wp-block-column is-layout-flow wp-block-column-is-layout-flow\" style=\"flex-basis:30%\">\n<figure class=\"wp-block-image size-full\"><img loading=\"lazy\" decoding=\"async\" width=\"500\" height=\"280\" src=\"https:\/\/www.orpheus-magazin.de\/wp-content\/uploads\/2024\/10\/2024-06_Inhalt_6.jpg\" alt=\"\" class=\"wp-image-10188\" srcset=\"https:\/\/www.orpheus-magazin.de\/wp-content\/uploads\/2024\/10\/2024-06_Inhalt_6.jpg 500w, https:\/\/www.orpheus-magazin.de\/wp-content\/uploads\/2024\/10\/2024-06_Inhalt_6-300x168.jpg 300w\" sizes=\"(max-width: 500px) 100vw, 500px\" \/><\/figure>\n\n\n\n<p><\/p>\n<\/div>\n<\/div>\n\n\n\n<div class=\"wp-block-columns alignwide is-style-default is-layout-flex wp-container-core-columns-is-layout-9d6595d7 wp-block-columns-is-layout-flex\">\n<div class=\"wp-block-column is-layout-flow wp-block-column-is-layout-flow\" style=\"flex-basis:20%\">\n<p class=\"has-text-align-right has-light-gray-color has-text-color has-small-font-size\">___<br>Interview<\/p>\n<\/div>\n\n\n\n<div class=\"wp-block-column is-layout-flow wp-block-column-is-layout-flow\" style=\"flex-basis:50%\">\n<p class=\"has-regular-font-size\"><strong>Quo vadis, Karlsruhe?<\/strong><\/p>\n\n\n\n<p>Christian Firmbach ist fest entschlossen, den Fokus am Badischen Staatstheater Karlsruhe endg\u00fcltig zur\u00fcck auf die Kunst zu lenken. Doch ist das Haus wirklich schon fit f\u00fcr den Neustart?<\/p>\n\n\n\n<hr class=\"wp-block-separator has-css-opacity is-style-wide\"\/>\n<\/div>\n\n\n\n<div class=\"wp-block-column is-layout-flow wp-block-column-is-layout-flow\" style=\"flex-basis:30%\">\n<figure class=\"wp-block-image size-full\"><img loading=\"lazy\" decoding=\"async\" width=\"500\" height=\"280\" src=\"https:\/\/www.orpheus-magazin.de\/wp-content\/uploads\/2024\/10\/2024-06_Inhalt_7k.jpg\" alt=\"\" class=\"wp-image-10201\" srcset=\"https:\/\/www.orpheus-magazin.de\/wp-content\/uploads\/2024\/10\/2024-06_Inhalt_7k.jpg 500w, https:\/\/www.orpheus-magazin.de\/wp-content\/uploads\/2024\/10\/2024-06_Inhalt_7k-300x168.jpg 300w\" sizes=\"(max-width: 500px) 100vw, 500px\" \/><\/figure>\n\n\n\n<p><\/p>\n<\/div>\n<\/div>\n\n\n\n<div class=\"wp-block-columns alignwide is-style-default is-layout-flex wp-container-core-columns-is-layout-9d6595d7 wp-block-columns-is-layout-flex\">\n<div class=\"wp-block-column is-layout-flow wp-block-column-is-layout-flow\" style=\"flex-basis:20%\">\n<p class=\"has-text-align-right has-light-gray-color has-text-color has-small-font-size\">___<br>Operette<\/p>\n<\/div>\n\n\n\n<div class=\"wp-block-column is-layout-flow wp-block-column-is-layout-flow\" style=\"flex-basis:50%\">\n<p class=\"has-regular-font-size\"><strong>Rule Britannia!<\/strong><\/p>\n\n\n\n<p>Die englischen Operetten-K\u00f6nige Gilbert &amp; Sullivan<\/p>\n\n\n\n<div style=\"height:60px\" aria-hidden=\"true\" class=\"wp-block-spacer\"><\/div>\n\n\n\n<hr class=\"wp-block-separator has-css-opacity is-style-wide\"\/>\n<\/div>\n\n\n\n<div class=\"wp-block-column is-layout-flow wp-block-column-is-layout-flow\" style=\"flex-basis:30%\">\n<figure class=\"wp-block-image size-full\"><img loading=\"lazy\" decoding=\"async\" width=\"500\" height=\"280\" src=\"https:\/\/www.orpheus-magazin.de\/wp-content\/uploads\/2024\/10\/2024-06_Inhalt_8.jpg\" alt=\"\" class=\"wp-image-10190\" srcset=\"https:\/\/www.orpheus-magazin.de\/wp-content\/uploads\/2024\/10\/2024-06_Inhalt_8.jpg 500w, https:\/\/www.orpheus-magazin.de\/wp-content\/uploads\/2024\/10\/2024-06_Inhalt_8-300x168.jpg 300w\" sizes=\"(max-width: 500px) 100vw, 500px\" \/><\/figure>\n\n\n\n<p><\/p>\n<\/div>\n<\/div>\n\n\n\n<div class=\"wp-block-columns alignwide is-style-default is-layout-flex wp-container-core-columns-is-layout-9d6595d7 wp-block-columns-is-layout-flex\">\n<div class=\"wp-block-column is-layout-flow wp-block-column-is-layout-flow\" style=\"flex-basis:20%\">\n<p class=\"has-text-align-right has-light-gray-color has-text-color has-small-font-size\">___<br>Unterwegs<\/p>\n<\/div>\n\n\n\n<div class=\"wp-block-column is-layout-flow wp-block-column-is-layout-flow\" style=\"flex-basis:50%\">\n<p class=\"has-regular-font-size\"><strong>Das Erbe der \u201et\u00fcrkischen Callas\u201c<\/strong><\/p>\n\n\n\n<p>Die Leyla Gencer Voice Competition in Istanbul<\/p>\n\n\n\n<div style=\"height:60px\" aria-hidden=\"true\" class=\"wp-block-spacer\"><\/div>\n\n\n\n<hr class=\"wp-block-separator has-css-opacity is-style-wide\"\/>\n<\/div>\n\n\n\n<div class=\"wp-block-column is-layout-flow wp-block-column-is-layout-flow\" style=\"flex-basis:30%\">\n<figure class=\"wp-block-image size-full\"><img loading=\"lazy\" decoding=\"async\" width=\"500\" height=\"280\" src=\"https:\/\/www.orpheus-magazin.de\/wp-content\/uploads\/2024\/10\/2024-06_Inhalt_9.jpg\" alt=\"\" class=\"wp-image-10191\" srcset=\"https:\/\/www.orpheus-magazin.de\/wp-content\/uploads\/2024\/10\/2024-06_Inhalt_9.jpg 500w, https:\/\/www.orpheus-magazin.de\/wp-content\/uploads\/2024\/10\/2024-06_Inhalt_9-300x168.jpg 300w\" sizes=\"(max-width: 500px) 100vw, 500px\" \/><\/figure>\n\n\n\n<p><\/p>\n<\/div>\n<\/div>\n\n\n\n<div class=\"wp-block-columns alignwide is-style-default is-layout-flex wp-container-core-columns-is-layout-9d6595d7 wp-block-columns-is-layout-flex\">\n<div class=\"wp-block-column is-layout-flow wp-block-column-is-layout-flow\" style=\"flex-basis:20%\">\n<p class=\"has-text-align-right has-light-gray-color has-text-color has-small-font-size\">___<br>Nachruf<\/p>\n<\/div>\n\n\n\n<div class=\"wp-block-column is-layout-flow wp-block-column-is-layout-flow\" style=\"flex-basis:50%\">\n<p class=\"has-regular-font-size\"><strong>Adieu, Catherine!<\/strong><\/p>\n\n\n\n<p>Zum Tod von Caterina Valente (1931-2024)<\/p>\n\n\n\n<div style=\"height:60px\" aria-hidden=\"true\" class=\"wp-block-spacer\"><\/div>\n\n\n\n<hr class=\"wp-block-separator has-css-opacity is-style-wide\"\/>\n<\/div>\n\n\n\n<div class=\"wp-block-column is-layout-flow wp-block-column-is-layout-flow\" style=\"flex-basis:30%\">\n<figure class=\"wp-block-image size-full\"><img loading=\"lazy\" decoding=\"async\" width=\"500\" height=\"280\" src=\"https:\/\/www.orpheus-magazin.de\/wp-content\/uploads\/2024\/10\/2024-06_Inhalt_10.jpg\" alt=\"\" class=\"wp-image-10192\" srcset=\"https:\/\/www.orpheus-magazin.de\/wp-content\/uploads\/2024\/10\/2024-06_Inhalt_10.jpg 500w, https:\/\/www.orpheus-magazin.de\/wp-content\/uploads\/2024\/10\/2024-06_Inhalt_10-300x168.jpg 300w\" sizes=\"(max-width: 500px) 100vw, 500px\" \/><\/figure>\n\n\n\n<p><\/p>\n<\/div>\n<\/div>\n\n\n\n<div class=\"wp-block-columns alignwide is-style-default is-layout-flex wp-container-core-columns-is-layout-9d6595d7 wp-block-columns-is-layout-flex\">\n<div class=\"wp-block-column is-layout-flow wp-block-column-is-layout-flow\" style=\"flex-basis:20%\">\n<p class=\"has-text-align-right has-light-gray-color has-text-color has-small-font-size\">___<br>Medien<\/p>\n<\/div>\n\n\n\n<div class=\"wp-block-column is-layout-flow wp-block-column-is-layout-flow\" style=\"flex-basis:50%\">\n<p class=\"has-regular-font-size\"><strong>Geh\u00f6rt, gesehen, gelesen<\/strong><\/p>\n\n\n\n<p>Kulturtipps f\u00fcr das heimische Wohnzimmer<\/p>\n\n\n\n<div style=\"height:60px\" aria-hidden=\"true\" class=\"wp-block-spacer\"><\/div>\n\n\n\n<hr class=\"wp-block-separator has-css-opacity is-style-wide\"\/>\n<\/div>\n\n\n\n<div class=\"wp-block-column is-layout-flow wp-block-column-is-layout-flow\" style=\"flex-basis:30%\">\n<figure class=\"wp-block-image size-full\"><img loading=\"lazy\" decoding=\"async\" width=\"500\" height=\"280\" src=\"https:\/\/www.orpheus-magazin.de\/wp-content\/uploads\/2024\/10\/2024-06_Inhalt_11.jpg\" alt=\"\" class=\"wp-image-10193\" srcset=\"https:\/\/www.orpheus-magazin.de\/wp-content\/uploads\/2024\/10\/2024-06_Inhalt_11.jpg 500w, https:\/\/www.orpheus-magazin.de\/wp-content\/uploads\/2024\/10\/2024-06_Inhalt_11-300x168.jpg 300w\" sizes=\"(max-width: 500px) 100vw, 500px\" \/><\/figure>\n\n\n\n<p><\/p>\n<\/div>\n<\/div>\n\n\n\n<div class=\"wp-block-columns alignwide is-style-default is-layout-flex wp-container-core-columns-is-layout-9d6595d7 wp-block-columns-is-layout-flex\">\n<div class=\"wp-block-column is-layout-flow wp-block-column-is-layout-flow\" style=\"flex-basis:20%\">\n<p class=\"has-text-align-right has-light-gray-color has-text-color has-small-font-size\">___<br>Rezensionen<\/p>\n<\/div>\n\n\n\n<div class=\"wp-block-column is-layout-flow wp-block-column-is-layout-flow\" style=\"flex-basis:50%\">\n<p class=\"has-regular-font-size\"><strong><a href=\"https:\/\/www.orpheus-magazin.de\/de\/rezensionen-06-2024\/\">F\u00fcr Sie gesehen<\/a><\/strong><\/p>\n\n\n\n<p>Neues und Spektakul\u00e4res von den (Opern-)B\u00fchnen in Deutschland und Europa<\/p>\n\n\n\n<div style=\"height:30px\" aria-hidden=\"true\" class=\"wp-block-spacer\"><\/div>\n\n\n\n<hr class=\"wp-block-separator has-css-opacity is-style-wide\"\/>\n<\/div>\n\n\n\n<div class=\"wp-block-column is-layout-flow wp-block-column-is-layout-flow\" style=\"flex-basis:30%\">\n<figure class=\"wp-block-image size-full\"><img loading=\"lazy\" decoding=\"async\" width=\"500\" height=\"280\" src=\"https:\/\/www.orpheus-magazin.de\/wp-content\/uploads\/2024\/10\/2024-06_Inhalt_12.jpg\" alt=\"\" class=\"wp-image-10194\" srcset=\"https:\/\/www.orpheus-magazin.de\/wp-content\/uploads\/2024\/10\/2024-06_Inhalt_12.jpg 500w, https:\/\/www.orpheus-magazin.de\/wp-content\/uploads\/2024\/10\/2024-06_Inhalt_12-300x168.jpg 300w\" sizes=\"(max-width: 500px) 100vw, 500px\" \/><\/figure>\n\n\n\n<p><\/p>\n<\/div>\n<\/div>\n\n\n\n<div style=\"height:50px\" aria-hidden=\"true\" class=\"wp-block-spacer\"><\/div>\n\n\n\n<div class=\"wp-block-media-text alignwide is-vertically-aligned-center is-stacked-on-mobile has-background\" style=\"background-color:#f6f6f6;grid-template-columns:22% auto\"><figure class=\"wp-block-media-text__media\"><img loading=\"lazy\" decoding=\"async\" width=\"850\" height=\"1000\" src=\"https:\/\/www.orpheus-magazin.de\/wp-content\/uploads\/2024\/10\/Heft_Bestellbox_2024-06_s.jpg\" alt=\"\" class=\"wp-image-10205 size-full\" srcset=\"https:\/\/www.orpheus-magazin.de\/wp-content\/uploads\/2024\/10\/Heft_Bestellbox_2024-06_s.jpg 850w, https:\/\/www.orpheus-magazin.de\/wp-content\/uploads\/2024\/10\/Heft_Bestellbox_2024-06_s-255x300.jpg 255w, https:\/\/www.orpheus-magazin.de\/wp-content\/uploads\/2024\/10\/Heft_Bestellbox_2024-06_s-768x904.jpg 768w, https:\/\/www.orpheus-magazin.de\/wp-content\/uploads\/2024\/10\/Heft_Bestellbox_2024-06_s-500x588.jpg 500w, https:\/\/www.orpheus-magazin.de\/wp-content\/uploads\/2024\/10\/Heft_Bestellbox_2024-06_s-800x941.jpg 800w, https:\/\/www.orpheus-magazin.de\/wp-content\/uploads\/2024\/10\/Heft_Bestellbox_2024-06_s-600x706.jpg 600w\" sizes=\"(max-width: 850px) 100vw, 850px\" \/><\/figure><div class=\"wp-block-media-text__content\">\n<div style=\"height:10px\" aria-hidden=\"true\" class=\"wp-block-spacer\"><\/div>\n\n\n\n<p style=\"font-size:24px\"><strong>Unsere Ausgabe November\/Dezember 2024 online bestellen<\/strong><\/p>\n\n\n\n<p>Bequem in Ihren Briefkasten oder als PDF zum Sofort-Download<\/p>\n\n\n\n<p><strong><a href=\"https:\/\/www.orpheus-magazin.de\/de\/product\/print-ausgabe-06-2024\/\" target=\"_blank\" rel=\"noreferrer noopener\">Print-Ausgabe bestellen<\/a><\/strong> | <strong><a href=\"https:\/\/www.orpheus-magazin.de\/de\/product\/pdf-ausgabe-06-2024\/\" target=\"_blank\" rel=\"noreferrer noopener\">PDF-Ausgabe bestellen<\/a><\/strong><\/p>\n<\/div><\/div>\n\n\n\n<div style=\"height:80px\" aria-hidden=\"true\" class=\"wp-block-spacer\"><\/div>","protected":false},"excerpt":{"rendered":"<p>Ausgabe 06\/2024 ___Impressionen Kultur mit Spritz! \u201eImmersion\u201c an der Deutschen Oper Berlin ___Titel Zwischen den Welten Countertenor Nils Wanderer jongliert ungeniert mit Stimme und Genres, singt parallel zu den Salzburger Festspielen auch f\u00fcr die Macher von Rosenstolz und pflegt mit Rockmusik seine Stimme ___Zeitgeschichte Auf Mozarts Spuren Die Geschichte des Theaters an der Wien: eine [&hellip;]<\/p>\n","protected":false},"author":14,"featured_media":10216,"parent":0,"menu_order":0,"comment_status":"closed","ping_status":"closed","template":"template-cover.php","meta":{"tpgb_global_settings":"","_editorskit_title_hidden":true,"_editorskit_reading_time":0,"_editorskit_is_block_options_detached":false,"_editorskit_block_options_position":"{}","_eb_attr":"","footnotes":""},"class_list":["post-10227","page","type-page","status-publish","has-post-thumbnail","hentry"],"tpgb_featured_images":{"full":["https:\/\/www.orpheus-magazin.de\/wp-content\/uploads\/2024\/10\/Heft-2er_2024-06.jpg",2151,1009,false],"tp-image-grid":["https:\/\/www.orpheus-magazin.de\/wp-content\/uploads\/2024\/10\/Heft-2er_2024-06.jpg",700,328,false],"thumbnail":["https:\/\/www.orpheus-magazin.de\/wp-content\/uploads\/2024\/10\/Heft-2er_2024-06-150x150.jpg",150,150,true],"medium":["https:\/\/www.orpheus-magazin.de\/wp-content\/uploads\/2024\/10\/Heft-2er_2024-06-300x141.jpg",300,141,true],"medium_large":["https:\/\/www.orpheus-magazin.de\/wp-content\/uploads\/2024\/10\/Heft-2er_2024-06-768x360.jpg",600,281,true],"large":["https:\/\/www.orpheus-magazin.de\/wp-content\/uploads\/2024\/10\/Heft-2er_2024-06-1024x480.jpg",600,281,true],"default":"https:\/\/www.orpheus-magazin.de\/wp-content\/plugins\/the-plus-addons-for-block-editor\/assets\/images\/tpgb-placeholder.jpg"},"tpgb_post_meta_info":{"get_date":"28. Oktober 2024","get_modified_date":"20. Dezember 2024","author_name":"Silvia Murauer","author_url":"https:\/\/www.orpheus-magazin.de\/de\/author\/mailsilviamurauer-de\/","author_email":"mail@silviamurauer.de","author_website":"","author_description":"","author_facebook":"","author_twitter":"","author_instagram":"","author_role":["administrator"],"author_firstname":"Silvia","author_lastname":"Murauer","user_login":"mail@silviamurauer.de","author_avatar":"<img alt='' src='https:\/\/secure.gravatar.com\/avatar\/f621fd74b09e85b40b2840fd83e82293b9a74c7122761b5607082e36ece1f9d0?s=200&#038;d=mm&#038;r=g' srcset='https:\/\/secure.gravatar.com\/avatar\/f621fd74b09e85b40b2840fd83e82293b9a74c7122761b5607082e36ece1f9d0?s=400&#038;d=mm&#038;r=g 2x' class='avatar avatar-200 photo' height='200' width='200' decoding='async'\/>","author_avatar_url":"https:\/\/secure.gravatar.com\/avatar\/f621fd74b09e85b40b2840fd83e82293b9a74c7122761b5607082e36ece1f9d0?s=96&d=mm&r=g","comment_count":0,"post_likes":0,"post_views":0},"tpgb_post_category":[],"_links":{"self":[{"href":"https:\/\/www.orpheus-magazin.de\/de\/wp-json\/wp\/v2\/pages\/10227","targetHints":{"allow":["GET"]}}],"collection":[{"href":"https:\/\/www.orpheus-magazin.de\/de\/wp-json\/wp\/v2\/pages"}],"about":[{"href":"https:\/\/www.orpheus-magazin.de\/de\/wp-json\/wp\/v2\/types\/page"}],"author":[{"embeddable":true,"href":"https:\/\/www.orpheus-magazin.de\/de\/wp-json\/wp\/v2\/users\/14"}],"replies":[{"embeddable":true,"href":"https:\/\/www.orpheus-magazin.de\/de\/wp-json\/wp\/v2\/comments?post=10227"}],"version-history":[{"count":0,"href":"https:\/\/www.orpheus-magazin.de\/de\/wp-json\/wp\/v2\/pages\/10227\/revisions"}],"wp:featuredmedia":[{"embeddable":true,"href":"https:\/\/www.orpheus-magazin.de\/de\/wp-json\/wp\/v2\/media\/10216"}],"wp:attachment":[{"href":"https:\/\/www.orpheus-magazin.de\/de\/wp-json\/wp\/v2\/media?parent=10227"}],"curies":[{"name":"wp","href":"https:\/\/api.w.org\/{rel}","templated":true}]}}