{"id":103,"date":"2020-07-29T14:23:57","date_gmt":"2020-07-29T12:23:57","guid":{"rendered":"https:\/\/www.orpheus-magazin.de\/?page_id=103"},"modified":"2025-12-22T12:52:55","modified_gmt":"2025-12-22T11:52:55","slug":"ueber-uns","status":"publish","type":"page","link":"https:\/\/www.orpheus-magazin.de\/de\/ueber-uns\/","title":{"rendered":"\u00dcber uns"},"content":{"rendered":"<h1 class=\"wp-block-heading has-text-align-center font-montserrat-alternates\" style=\"font-size:45px\">Wir lieben Musiktheater!<\/h1>\n\n\n\n<div style=\"height:10px\" aria-hidden=\"true\" class=\"wp-block-spacer\"><\/div>\n\n\n\n<p>\u2026 und verstehen uns als \u201eStimme\u201c der Musiktheaterwelt \u2013 als Medium f\u00fcr Opern- und Operettenfans und nicht zuletzt als hochwertiges Magazin mit einer eigenen Meinung, das mit spannenden und gut lesbaren Inhalten unterh\u00e4lt und informiert.<\/p>\n\n\n\n<p>Viermal pro Jahr berichtet der \u201eorpheus\u201c \u00fcber ausgew\u00e4hlte Ereignisse der internationalen Opernszene \u2013 Schwerpunkt deutschsprachiger Raum. Neben Interviews mit den Stars r\u00fccken wir auch kleinere, innovative H\u00e4user, au\u00dfergew\u00f6hnliche Produktionen, kreative Ideen und neue Entwicklungen ins Rampenlicht. Aktuelle kulturpolitische Theater-Themen vor und hinter den B\u00fchnen sowie vielversprechende Newcomer und Akteure, die \u201eaufhorchen lassen\u201c, finden bei uns ebenso ihren Platz wie ausgew\u00e4hlte Neuerscheinungen des Buch- und CD-Marktes.<\/p>\n\n\n\n<p>Im Mai 2018 wechselte der \u201eorpheus\u201c in den Augsburger Verlag Kulturb\u00fcro. Anfang 2019 \u00fcbernahm Verlegerin Iris Steiner den Posten der Chefredakteurin. Dramaturg Florian Maier bekleidet die Position des Redaktionsleiters, als verantwortliche Art-Direktorin zeichnet seit 2015 Silvia Murauer. Zwischen 2019 und 2022 war Verlagsprofi Angela Sch\u00fcnemann \u201eorpheus\u201c-Herausgeberin. &nbsp;<\/p>\n\n\n\n<p>Seit 2020 erg\u00e4nzt eine neue Webpr\u00e4senz erfolgreich unser Printmagazin, die Orpheus Verlags GmbH mit Sitz in Augsburg wurde gegr\u00fcndet. Gesch\u00e4ftsf\u00fchrerin ist Chefredakteurin Iris Steiner. Der Beginn des Jahres 2023 sorgte erneut f\u00fcr frischen Wind: Der \u201eorpheus\u201c ging unter das Dach des renommierten Theaterverlags Friedrich Berlin, wo er mit der bew\u00e4hrten Mannschaft um Iris Steiner unter neuer Flagge nun die n\u00e4chsten 50 Jahre ansteuert.<\/p>\n\n\n\n<div style=\"height:50px\" aria-hidden=\"true\" class=\"wp-block-spacer\"><\/div>","protected":false},"excerpt":{"rendered":"<p>Wir lieben Musiktheater! \u2026 und verstehen uns als \u201eStimme\u201c der Musiktheaterwelt \u2013 als Medium f\u00fcr Opern- und Operettenfans und nicht zuletzt als hochwertiges Magazin mit einer eigenen Meinung, das mit spannenden und gut lesbaren Inhalten unterh\u00e4lt und informiert. Viermal pro Jahr berichtet der \u201eorpheus\u201c \u00fcber ausgew\u00e4hlte Ereignisse der internationalen Opernszene \u2013 Schwerpunkt deutschsprachiger Raum. Neben [&hellip;]<\/p>\n","protected":false},"author":12,"featured_media":8459,"parent":0,"menu_order":0,"comment_status":"closed","ping_status":"closed","template":"template-cover.php","meta":{"tpgb_global_settings":"","_editorskit_title_hidden":true,"_editorskit_reading_time":1,"_editorskit_is_block_options_detached":false,"_editorskit_block_options_position":"{}","_eb_attr":"","footnotes":""},"class_list":["post-103","page","type-page","status-publish","has-post-thumbnail","hentry"],"tpgb_featured_images":{"full":["https:\/\/www.orpheus-magazin.de\/wp-content\/uploads\/2023\/01\/Buero-5_lr_b.jpg",1860,990,false],"tp-image-grid":["https:\/\/www.orpheus-magazin.de\/wp-content\/uploads\/2023\/01\/Buero-5_lr_b-700x700.jpg",700,700,true],"thumbnail":["https:\/\/www.orpheus-magazin.de\/wp-content\/uploads\/2023\/01\/Buero-5_lr_b-600x160.jpg",600,160,true],"medium":["https:\/\/www.orpheus-magazin.de\/wp-content\/uploads\/2023\/01\/Buero-5_lr_b-1200x639.jpg",1200,639,true],"medium_large":["https:\/\/www.orpheus-magazin.de\/wp-content\/uploads\/2023\/01\/Buero-5_lr_b-768x409.jpg",600,320,true],"large":["https:\/\/www.orpheus-magazin.de\/wp-content\/uploads\/2023\/01\/Buero-5_lr_b-1024x545.jpg",600,319,true],"default":"https:\/\/www.orpheus-magazin.de\/wp-content\/plugins\/the-plus-addons-for-block-editor\/assets\/images\/tpgb-placeholder.jpg"},"tpgb_post_meta_info":{"get_date":"29. Juli 2020","get_modified_date":"22. Dezember 2025","author_name":"Florian Maier","author_url":"https:\/\/www.orpheus-magazin.de\/de\/author\/redaktionorpheus-magazin-de\/","author_email":"redaktion@orpheus-magazin.de","author_website":"","author_description":"","author_facebook":"","author_twitter":"","author_instagram":"","author_role":["administrator"],"author_firstname":"Florian","author_lastname":"Maier","user_login":"redaktion@orpheus-magazin.de","author_avatar":"<img alt='' src='https:\/\/secure.gravatar.com\/avatar\/5ee5bbfa3e4d8e8fd4c1781cc619164177d374083eb6aa532bc9f2ba5f9c346a?s=200&#038;d=mm&#038;r=g' srcset='https:\/\/secure.gravatar.com\/avatar\/5ee5bbfa3e4d8e8fd4c1781cc619164177d374083eb6aa532bc9f2ba5f9c346a?s=400&#038;d=mm&#038;r=g 2x' class='avatar avatar-200 photo' height='200' width='200' decoding='async'\/>","author_avatar_url":"https:\/\/secure.gravatar.com\/avatar\/5ee5bbfa3e4d8e8fd4c1781cc619164177d374083eb6aa532bc9f2ba5f9c346a?s=96&d=mm&r=g","comment_count":0,"post_likes":0,"post_views":0},"tpgb_post_category":[],"_links":{"self":[{"href":"https:\/\/www.orpheus-magazin.de\/de\/wp-json\/wp\/v2\/pages\/103","targetHints":{"allow":["GET"]}}],"collection":[{"href":"https:\/\/www.orpheus-magazin.de\/de\/wp-json\/wp\/v2\/pages"}],"about":[{"href":"https:\/\/www.orpheus-magazin.de\/de\/wp-json\/wp\/v2\/types\/page"}],"author":[{"embeddable":true,"href":"https:\/\/www.orpheus-magazin.de\/de\/wp-json\/wp\/v2\/users\/12"}],"replies":[{"embeddable":true,"href":"https:\/\/www.orpheus-magazin.de\/de\/wp-json\/wp\/v2\/comments?post=103"}],"version-history":[{"count":2,"href":"https:\/\/www.orpheus-magazin.de\/de\/wp-json\/wp\/v2\/pages\/103\/revisions"}],"predecessor-version":[{"id":12640,"href":"https:\/\/www.orpheus-magazin.de\/de\/wp-json\/wp\/v2\/pages\/103\/revisions\/12640"}],"wp:featuredmedia":[{"embeddable":true,"href":"https:\/\/www.orpheus-magazin.de\/de\/wp-json\/wp\/v2\/media\/8459"}],"wp:attachment":[{"href":"https:\/\/www.orpheus-magazin.de\/de\/wp-json\/wp\/v2\/media?parent=103"}],"curies":[{"name":"wp","href":"https:\/\/api.w.org\/{rel}","templated":true}]}}