{"id":10308,"date":"2024-12-19T17:15:24","date_gmt":"2024-12-19T16:15:24","guid":{"rendered":"https:\/\/www.orpheus-magazin.de\/?page_id=10308"},"modified":"2025-02-28T17:23:33","modified_gmt":"2025-02-28T16:23:33","slug":"rezensionen-01-2025","status":"publish","type":"page","link":"https:\/\/www.orpheus-magazin.de\/de\/rezensionen-01-2025\/","title":{"rendered":"Rezensionen 01\/2025"},"content":{"rendered":"<p class=\"has-text-align-center\">Eine Auswahl an Premierenkritiken, einige davon nur hier online.<br>Zus\u00e4tzlich finden Sie 28 weitere Rezensionen exklusiv in unserer <a href=\"https:\/\/www.orpheus-magazin.de\/de\/ausgabe-01-2025\/\">Printausgabe Januar\/Februar 2025<\/a>.<\/p>\n\n\n\n<div style=\"height:50px\" aria-hidden=\"true\" class=\"wp-block-spacer\"><\/div>\n\n\n<ul class=\"wp-block-latest-posts__list wp-block-latest-posts\"><li><div class=\"wp-block-latest-posts__featured-image alignleft\"><a href=\"https:\/\/www.orpheus-magazin.de\/de\/2024\/12\/19\/braunschweig-im-weissen-roessl\/\" aria-label=\"Gewagt und gewonnen\"><img fetchpriority=\"high\" decoding=\"async\" width=\"300\" height=\"169\" src=\"https:\/\/www.orpheus-magazin.de\/wp-content\/uploads\/2024\/12\/Staatstheater-Braunschweig_Im-Weissen-Roessl-c-Bjoern-Hickmann-stage-picture-300x169.jpg\" class=\"attachment-medium size-medium wp-post-image\" alt=\"Herausragend: Matthew Pe\u00f1a als R\u00f6ssl-Wirtin (Foto Bj\u00f6rn Hickmann\/stage picture)\" style=\"\" srcset=\"https:\/\/www.orpheus-magazin.de\/wp-content\/uploads\/2024\/12\/Staatstheater-Braunschweig_Im-Weissen-Roessl-c-Bjoern-Hickmann-stage-picture-300x169.jpg 300w, https:\/\/www.orpheus-magazin.de\/wp-content\/uploads\/2024\/12\/Staatstheater-Braunschweig_Im-Weissen-Roessl-c-Bjoern-Hickmann-stage-picture-1024x576.jpg 1024w, https:\/\/www.orpheus-magazin.de\/wp-content\/uploads\/2024\/12\/Staatstheater-Braunschweig_Im-Weissen-Roessl-c-Bjoern-Hickmann-stage-picture-768x432.jpg 768w, https:\/\/www.orpheus-magazin.de\/wp-content\/uploads\/2024\/12\/Staatstheater-Braunschweig_Im-Weissen-Roessl-c-Bjoern-Hickmann-stage-picture-500x281.jpg 500w, https:\/\/www.orpheus-magazin.de\/wp-content\/uploads\/2024\/12\/Staatstheater-Braunschweig_Im-Weissen-Roessl-c-Bjoern-Hickmann-stage-picture-800x450.jpg 800w, https:\/\/www.orpheus-magazin.de\/wp-content\/uploads\/2024\/12\/Staatstheater-Braunschweig_Im-Weissen-Roessl-c-Bjoern-Hickmann-stage-picture-1280x720.jpg 1280w, https:\/\/www.orpheus-magazin.de\/wp-content\/uploads\/2024\/12\/Staatstheater-Braunschweig_Im-Weissen-Roessl-c-Bjoern-Hickmann-stage-picture-870x490.jpg 870w, https:\/\/www.orpheus-magazin.de\/wp-content\/uploads\/2024\/12\/Staatstheater-Braunschweig_Im-Weissen-Roessl-c-Bjoern-Hickmann-stage-picture-600x338.jpg 600w, https:\/\/www.orpheus-magazin.de\/wp-content\/uploads\/2024\/12\/Staatstheater-Braunschweig_Im-Weissen-Roessl-c-Bjoern-Hickmann-stage-picture.jpg 1500w\" sizes=\"(max-width: 300px) 100vw, 300px\" loading=\"eager\" \/><\/a><\/div><a class=\"wp-block-latest-posts__post-title\" href=\"https:\/\/www.orpheus-magazin.de\/de\/2024\/12\/19\/braunschweig-im-weissen-roessl\/\">Gewagt und gewonnen<\/a><div class=\"wp-block-latest-posts__post-excerpt\"><span class=\"location\">Braunschweig \/ Staatstheater Braunschweig (Dezember 2024)<\/span><\/br> Benatzkys \u201eIm Wei\u00dfen R\u00f6ssl\u201c als Travestie-Streich <\/div><\/li>\n<li><div class=\"wp-block-latest-posts__featured-image alignleft\"><a href=\"https:\/\/www.orpheus-magazin.de\/de\/2024\/12\/14\/kosice-krutnava\/\" aria-label=\"Seelenst\u00fcrme\"><img decoding=\"async\" width=\"300\" height=\"169\" src=\"https:\/\/www.orpheus-magazin.de\/wp-content\/uploads\/2024\/12\/Narodne-divadlo-Kosice_Krutnava-c-Jozef-Barinka-und-Zuzana-Plesova-\u2013-Narodne-divadlo-Kosice-300x169.jpg\" class=\"attachment-medium size-medium wp-post-image\" alt=\"Ungl\u00fcckliche Mutter: Eva Katr\u00e1kov\u00e1-Bodorov\u00e1 als Katrena (Foto Jozef Barinka und Zuzana Ple\u0161ov\u00e1 \u2013 N\u00e1rodn\u00e9 divadlo Ko\u0161ice)\" style=\"\" srcset=\"https:\/\/www.orpheus-magazin.de\/wp-content\/uploads\/2024\/12\/Narodne-divadlo-Kosice_Krutnava-c-Jozef-Barinka-und-Zuzana-Plesova-\u2013-Narodne-divadlo-Kosice-300x169.jpg 300w, https:\/\/www.orpheus-magazin.de\/wp-content\/uploads\/2024\/12\/Narodne-divadlo-Kosice_Krutnava-c-Jozef-Barinka-und-Zuzana-Plesova-\u2013-Narodne-divadlo-Kosice-1024x576.jpg 1024w, https:\/\/www.orpheus-magazin.de\/wp-content\/uploads\/2024\/12\/Narodne-divadlo-Kosice_Krutnava-c-Jozef-Barinka-und-Zuzana-Plesova-\u2013-Narodne-divadlo-Kosice-768x432.jpg 768w, https:\/\/www.orpheus-magazin.de\/wp-content\/uploads\/2024\/12\/Narodne-divadlo-Kosice_Krutnava-c-Jozef-Barinka-und-Zuzana-Plesova-\u2013-Narodne-divadlo-Kosice-500x281.jpg 500w, https:\/\/www.orpheus-magazin.de\/wp-content\/uploads\/2024\/12\/Narodne-divadlo-Kosice_Krutnava-c-Jozef-Barinka-und-Zuzana-Plesova-\u2013-Narodne-divadlo-Kosice-800x450.jpg 800w, https:\/\/www.orpheus-magazin.de\/wp-content\/uploads\/2024\/12\/Narodne-divadlo-Kosice_Krutnava-c-Jozef-Barinka-und-Zuzana-Plesova-\u2013-Narodne-divadlo-Kosice-1280x720.jpg 1280w, https:\/\/www.orpheus-magazin.de\/wp-content\/uploads\/2024\/12\/Narodne-divadlo-Kosice_Krutnava-c-Jozef-Barinka-und-Zuzana-Plesova-\u2013-Narodne-divadlo-Kosice-870x490.jpg 870w, https:\/\/www.orpheus-magazin.de\/wp-content\/uploads\/2024\/12\/Narodne-divadlo-Kosice_Krutnava-c-Jozef-Barinka-und-Zuzana-Plesova-\u2013-Narodne-divadlo-Kosice-600x338.jpg 600w, https:\/\/www.orpheus-magazin.de\/wp-content\/uploads\/2024\/12\/Narodne-divadlo-Kosice_Krutnava-c-Jozef-Barinka-und-Zuzana-Plesova-\u2013-Narodne-divadlo-Kosice.jpg 1500w\" sizes=\"(max-width: 300px) 100vw, 300px\" loading=\"eager\" \/><\/a><\/div><a class=\"wp-block-latest-posts__post-title\" href=\"https:\/\/www.orpheus-magazin.de\/de\/2024\/12\/14\/kosice-krutnava\/\">Seelenst\u00fcrme<\/a><div class=\"wp-block-latest-posts__post-excerpt\"><span class=\"location\">Ko\u0161ice \/ N\u00e1rodn\u00e9 divadlo Ko\u0161ice (Dezember 2024)<\/span><\/br> Die slowakische Nationaloper \u201eKr\u00fat\u0148ava\u201c m\u00fcndet in Verzweiflung <\/div><\/li>\n<li><div class=\"wp-block-latest-posts__featured-image alignleft\"><a href=\"https:\/\/www.orpheus-magazin.de\/de\/2024\/12\/09\/mailand-la-forza-del-destino\/\" aria-label=\"Die Macht der Stimmen\"><img decoding=\"async\" width=\"300\" height=\"169\" src=\"https:\/\/www.orpheus-magazin.de\/wp-content\/uploads\/2024\/12\/Teatro-alla-Scala_La-forza-del-destino-c-Brescia-e-Amisano-Teatro-alla-Scala-300x169.jpg\" class=\"attachment-medium size-medium wp-post-image\" alt=\"Anna Netrebko als Donna Leonora (Foto Brescia e Amisano\/Teatro alla Scala)\" style=\"\" srcset=\"https:\/\/www.orpheus-magazin.de\/wp-content\/uploads\/2024\/12\/Teatro-alla-Scala_La-forza-del-destino-c-Brescia-e-Amisano-Teatro-alla-Scala-300x169.jpg 300w, https:\/\/www.orpheus-magazin.de\/wp-content\/uploads\/2024\/12\/Teatro-alla-Scala_La-forza-del-destino-c-Brescia-e-Amisano-Teatro-alla-Scala-1024x576.jpg 1024w, https:\/\/www.orpheus-magazin.de\/wp-content\/uploads\/2024\/12\/Teatro-alla-Scala_La-forza-del-destino-c-Brescia-e-Amisano-Teatro-alla-Scala-768x432.jpg 768w, https:\/\/www.orpheus-magazin.de\/wp-content\/uploads\/2024\/12\/Teatro-alla-Scala_La-forza-del-destino-c-Brescia-e-Amisano-Teatro-alla-Scala-500x281.jpg 500w, https:\/\/www.orpheus-magazin.de\/wp-content\/uploads\/2024\/12\/Teatro-alla-Scala_La-forza-del-destino-c-Brescia-e-Amisano-Teatro-alla-Scala-800x450.jpg 800w, https:\/\/www.orpheus-magazin.de\/wp-content\/uploads\/2024\/12\/Teatro-alla-Scala_La-forza-del-destino-c-Brescia-e-Amisano-Teatro-alla-Scala-1280x720.jpg 1280w, https:\/\/www.orpheus-magazin.de\/wp-content\/uploads\/2024\/12\/Teatro-alla-Scala_La-forza-del-destino-c-Brescia-e-Amisano-Teatro-alla-Scala-870x490.jpg 870w, https:\/\/www.orpheus-magazin.de\/wp-content\/uploads\/2024\/12\/Teatro-alla-Scala_La-forza-del-destino-c-Brescia-e-Amisano-Teatro-alla-Scala-600x338.jpg 600w, https:\/\/www.orpheus-magazin.de\/wp-content\/uploads\/2024\/12\/Teatro-alla-Scala_La-forza-del-destino-c-Brescia-e-Amisano-Teatro-alla-Scala.jpg 1500w\" sizes=\"(max-width: 300px) 100vw, 300px\" loading=\"eager\" \/><\/a><\/div><a class=\"wp-block-latest-posts__post-title\" href=\"https:\/\/www.orpheus-magazin.de\/de\/2024\/12\/09\/mailand-la-forza-del-destino\/\">Die Macht der Stimmen<\/a><div class=\"wp-block-latest-posts__post-excerpt\"><span class=\"location\">Mailand \/ Teatro alla Scala (Dezember 2024)<\/span><\/br> Inaugurazione mit Verdis \u201eLa forza del destino\u201c<\/div><\/li>\n<li><div class=\"wp-block-latest-posts__featured-image alignleft\"><a href=\"https:\/\/www.orpheus-magazin.de\/de\/2024\/12\/07\/wien-der-prozess\/\" aria-label=\"Der wilde Tanz des Josef K.\"><img decoding=\"async\" width=\"300\" height=\"169\" src=\"https:\/\/www.orpheus-magazin.de\/wp-content\/uploads\/2024\/12\/MusikTheater-an-der-Wien_Der-Prozess-c-Herwig-Prammer-300x169.jpg\" class=\"attachment-medium size-medium wp-post-image\" alt=\"Alexander Grassauer (Franz), Robert Murray (Josef K.) und Timothy Connor (Willem) (Foto Herwig Prammer)\" style=\"\" srcset=\"https:\/\/www.orpheus-magazin.de\/wp-content\/uploads\/2024\/12\/MusikTheater-an-der-Wien_Der-Prozess-c-Herwig-Prammer-300x169.jpg 300w, https:\/\/www.orpheus-magazin.de\/wp-content\/uploads\/2024\/12\/MusikTheater-an-der-Wien_Der-Prozess-c-Herwig-Prammer-1024x576.jpg 1024w, https:\/\/www.orpheus-magazin.de\/wp-content\/uploads\/2024\/12\/MusikTheater-an-der-Wien_Der-Prozess-c-Herwig-Prammer-768x432.jpg 768w, https:\/\/www.orpheus-magazin.de\/wp-content\/uploads\/2024\/12\/MusikTheater-an-der-Wien_Der-Prozess-c-Herwig-Prammer-500x281.jpg 500w, https:\/\/www.orpheus-magazin.de\/wp-content\/uploads\/2024\/12\/MusikTheater-an-der-Wien_Der-Prozess-c-Herwig-Prammer-800x450.jpg 800w, https:\/\/www.orpheus-magazin.de\/wp-content\/uploads\/2024\/12\/MusikTheater-an-der-Wien_Der-Prozess-c-Herwig-Prammer-1280x720.jpg 1280w, https:\/\/www.orpheus-magazin.de\/wp-content\/uploads\/2024\/12\/MusikTheater-an-der-Wien_Der-Prozess-c-Herwig-Prammer-870x490.jpg 870w, https:\/\/www.orpheus-magazin.de\/wp-content\/uploads\/2024\/12\/MusikTheater-an-der-Wien_Der-Prozess-c-Herwig-Prammer-600x338.jpg 600w, https:\/\/www.orpheus-magazin.de\/wp-content\/uploads\/2024\/12\/MusikTheater-an-der-Wien_Der-Prozess-c-Herwig-Prammer.jpg 1500w\" sizes=\"(max-width: 300px) 100vw, 300px\" loading=\"eager\" \/><\/a><\/div><a class=\"wp-block-latest-posts__post-title\" href=\"https:\/\/www.orpheus-magazin.de\/de\/2024\/12\/07\/wien-der-prozess\/\">Der wilde Tanz des Josef K.<\/a><div class=\"wp-block-latest-posts__post-excerpt\"><span class=\"location\">Wien \/ MusikTheater an der Wien (Dezember 2024)<\/span><\/br> Gottfried von Einems \u201eProzess\u201c als Opernbeitrag zum Kafka-Jahr <\/div><\/li>\n<\/ul>\n\n\n<div style=\"height:80px\" aria-hidden=\"true\" class=\"wp-block-spacer\"><\/div>\n\n\n\n<div class=\"wp-block-media-text alignwide is-vertically-aligned-center is-stacked-on-mobile has-background\" style=\"background-color:#f6f6f6;grid-template-columns:22% auto\"><figure class=\"wp-block-media-text__media\"><img decoding=\"async\" width=\"850\" height=\"1000\" src=\"https:\/\/www.orpheus-magazin.de\/wp-content\/uploads\/2024\/12\/Heft_Bestellbox_2025-01_s.jpg\" alt=\"\" class=\"wp-image-10277 size-full\" srcset=\"https:\/\/www.orpheus-magazin.de\/wp-content\/uploads\/2024\/12\/Heft_Bestellbox_2025-01_s.jpg 850w, https:\/\/www.orpheus-magazin.de\/wp-content\/uploads\/2024\/12\/Heft_Bestellbox_2025-01_s-255x300.jpg 255w, https:\/\/www.orpheus-magazin.de\/wp-content\/uploads\/2024\/12\/Heft_Bestellbox_2025-01_s-768x904.jpg 768w, https:\/\/www.orpheus-magazin.de\/wp-content\/uploads\/2024\/12\/Heft_Bestellbox_2025-01_s-500x588.jpg 500w, https:\/\/www.orpheus-magazin.de\/wp-content\/uploads\/2024\/12\/Heft_Bestellbox_2025-01_s-800x941.jpg 800w, https:\/\/www.orpheus-magazin.de\/wp-content\/uploads\/2024\/12\/Heft_Bestellbox_2025-01_s-600x706.jpg 600w\" sizes=\"(max-width: 850px) 100vw, 850px\" \/><\/figure><div class=\"wp-block-media-text__content\">\n<div style=\"height:10px\" aria-hidden=\"true\" class=\"wp-block-spacer\"><\/div>\n\n\n\n<p style=\"font-size:24px\"><strong>Unsere Ausgabe Januar\/Februar 2025 online bestellen<\/strong><\/p>\n\n\n\n<p>Bequem in Ihren Briefkasten oder als PDF zum Sofort-Download<\/p>\n\n\n\n<p><strong><a href=\"https:\/\/www.orpheus-magazin.de\/de\/product\/print-ausgabe-01-2025\/\" target=\"_blank\" rel=\"noreferrer noopener\">Print-Ausgabe bestellen<\/a><\/strong> | <strong><a href=\"https:\/\/www.orpheus-magazin.de\/de\/product\/pdf-ausgabe-01-2025\/\" target=\"_blank\" rel=\"noreferrer noopener\">PDF-Ausgabe bestellen<\/a><\/strong><\/p>\n<\/div><\/div>\n\n\n\n<div style=\"height:100px\" aria-hidden=\"true\" class=\"wp-block-spacer\"><\/div>","protected":false},"excerpt":{"rendered":"<p>Eine Auswahl an Premierenkritiken, einige davon nur hier online.Zus\u00e4tzlich finden Sie 28 weitere Rezensionen exklusiv in unserer Printausgabe Januar\/Februar 2025.<\/p>","protected":false},"author":14,"featured_media":0,"parent":0,"menu_order":0,"comment_status":"closed","ping_status":"closed","template":"","meta":{"tpgb_global_settings":"","_editorskit_title_hidden":false,"_editorskit_reading_time":0,"_editorskit_is_block_options_detached":false,"_editorskit_block_options_position":"{}","_eb_attr":"","footnotes":""},"class_list":["post-10308","page","type-page","status-publish","hentry"],"tpgb_featured_images":null,"tpgb_post_meta_info":{"get_date":"19. Dezember 2024","get_modified_date":"28. Februar 2025","author_name":"Silvia Murauer","author_url":"https:\/\/www.orpheus-magazin.de\/de\/author\/mailsilviamurauer-de\/","author_email":"mail@silviamurauer.de","author_website":"","author_description":"","author_facebook":"","author_twitter":"","author_instagram":"","author_role":["administrator"],"author_firstname":"Silvia","author_lastname":"Murauer","user_login":"mail@silviamurauer.de","author_avatar":"<img alt='' src='https:\/\/secure.gravatar.com\/avatar\/f621fd74b09e85b40b2840fd83e82293b9a74c7122761b5607082e36ece1f9d0?s=200&#038;d=mm&#038;r=g' srcset='https:\/\/secure.gravatar.com\/avatar\/f621fd74b09e85b40b2840fd83e82293b9a74c7122761b5607082e36ece1f9d0?s=400&#038;d=mm&#038;r=g 2x' class='avatar avatar-200 photo' height='200' width='200' decoding='async'\/>","author_avatar_url":"https:\/\/secure.gravatar.com\/avatar\/f621fd74b09e85b40b2840fd83e82293b9a74c7122761b5607082e36ece1f9d0?s=96&d=mm&r=g","comment_count":0,"post_likes":0,"post_views":0},"tpgb_post_category":[],"_links":{"self":[{"href":"https:\/\/www.orpheus-magazin.de\/de\/wp-json\/wp\/v2\/pages\/10308","targetHints":{"allow":["GET"]}}],"collection":[{"href":"https:\/\/www.orpheus-magazin.de\/de\/wp-json\/wp\/v2\/pages"}],"about":[{"href":"https:\/\/www.orpheus-magazin.de\/de\/wp-json\/wp\/v2\/types\/page"}],"author":[{"embeddable":true,"href":"https:\/\/www.orpheus-magazin.de\/de\/wp-json\/wp\/v2\/users\/14"}],"replies":[{"embeddable":true,"href":"https:\/\/www.orpheus-magazin.de\/de\/wp-json\/wp\/v2\/comments?post=10308"}],"version-history":[{"count":0,"href":"https:\/\/www.orpheus-magazin.de\/de\/wp-json\/wp\/v2\/pages\/10308\/revisions"}],"wp:attachment":[{"href":"https:\/\/www.orpheus-magazin.de\/de\/wp-json\/wp\/v2\/media?parent=10308"}],"curies":[{"name":"wp","href":"https:\/\/api.w.org\/{rel}","templated":true}]}}