{"id":10465,"date":"2025-02-27T22:58:01","date_gmt":"2025-02-27T21:58:01","guid":{"rendered":"https:\/\/www.orpheus-magazin.de\/?page_id=10465"},"modified":"2025-04-29T14:35:56","modified_gmt":"2025-04-29T12:35:56","slug":"rezensionen-02-2025","status":"publish","type":"page","link":"https:\/\/www.orpheus-magazin.de\/de\/rezensionen-02-2025\/","title":{"rendered":"Rezensionen 02\/2025"},"content":{"rendered":"<p class=\"has-text-align-center\">Eine Auswahl an Premierenkritiken, einige davon nur hier online.<br>Zus\u00e4tzlich finden Sie 36 weitere Rezensionen exklusiv in unserer <a href=\"https:\/\/www.orpheus-magazin.de\/de\/ausgabe-02-2025\/\">Printausgabe M\u00e4rz\/April 2025<\/a>.<\/p>\n\n\n\n<div style=\"height:50px\" aria-hidden=\"true\" class=\"wp-block-spacer\"><\/div>\n\n\n<ul class=\"wp-block-latest-posts__list wp-block-latest-posts\"><li><div class=\"wp-block-latest-posts__featured-image alignleft\"><a href=\"https:\/\/www.orpheus-magazin.de\/de\/2025\/02\/12\/luebeck-tristan-und-isolde\/\" aria-label=\"Aus einem Guss\"><img fetchpriority=\"high\" decoding=\"async\" width=\"300\" height=\"169\" src=\"https:\/\/www.orpheus-magazin.de\/wp-content\/uploads\/2025\/02\/Theater-Luebeck_Tristan-und-Isolde-c-Jochen-Quast-300x169.jpg\" class=\"attachment-medium size-medium wp-post-image\" alt=\"Ric Furman als Tristan und Lena Kutzner als Isolde (Foto Jochen Quast)\" style=\"\" srcset=\"https:\/\/www.orpheus-magazin.de\/wp-content\/uploads\/2025\/02\/Theater-Luebeck_Tristan-und-Isolde-c-Jochen-Quast-300x169.jpg 300w, https:\/\/www.orpheus-magazin.de\/wp-content\/uploads\/2025\/02\/Theater-Luebeck_Tristan-und-Isolde-c-Jochen-Quast-1024x576.jpg 1024w, https:\/\/www.orpheus-magazin.de\/wp-content\/uploads\/2025\/02\/Theater-Luebeck_Tristan-und-Isolde-c-Jochen-Quast-768x432.jpg 768w, https:\/\/www.orpheus-magazin.de\/wp-content\/uploads\/2025\/02\/Theater-Luebeck_Tristan-und-Isolde-c-Jochen-Quast-500x281.jpg 500w, https:\/\/www.orpheus-magazin.de\/wp-content\/uploads\/2025\/02\/Theater-Luebeck_Tristan-und-Isolde-c-Jochen-Quast-800x450.jpg 800w, https:\/\/www.orpheus-magazin.de\/wp-content\/uploads\/2025\/02\/Theater-Luebeck_Tristan-und-Isolde-c-Jochen-Quast-1280x720.jpg 1280w, https:\/\/www.orpheus-magazin.de\/wp-content\/uploads\/2025\/02\/Theater-Luebeck_Tristan-und-Isolde-c-Jochen-Quast-870x490.jpg 870w, https:\/\/www.orpheus-magazin.de\/wp-content\/uploads\/2025\/02\/Theater-Luebeck_Tristan-und-Isolde-c-Jochen-Quast-600x338.jpg 600w, https:\/\/www.orpheus-magazin.de\/wp-content\/uploads\/2025\/02\/Theater-Luebeck_Tristan-und-Isolde-c-Jochen-Quast.jpg 1500w\" sizes=\"(max-width: 300px) 100vw, 300px\" loading=\"eager\" \/><\/a><\/div><a class=\"wp-block-latest-posts__post-title\" href=\"https:\/\/www.orpheus-magazin.de\/de\/2025\/02\/12\/luebeck-tristan-und-isolde\/\">Aus einem Guss<\/a><div class=\"wp-block-latest-posts__post-excerpt\"><span class=\"location\">L\u00fcbeck \/ Theater L\u00fcbeck (Februar 2025)<\/span><\/br> \u201eTristan und Isolde\u201c im Sinne des Wagner\u2019schen Gesamtkunstwerks<\/div><\/li>\n<li><div class=\"wp-block-latest-posts__featured-image alignleft\"><a href=\"https:\/\/www.orpheus-magazin.de\/de\/2025\/02\/11\/wuppertal-von-thalia-gekuesst\/\" aria-label=\"Kuss der Muse?\"><img decoding=\"async\" width=\"300\" height=\"169\" src=\"https:\/\/www.orpheus-magazin.de\/wp-content\/uploads\/2025\/02\/Oper-Wuppertal_Von-Thalia-gekuesst-c-Patrick-Gawandtka-300x169.jpg\" class=\"attachment-medium size-medium wp-post-image\" alt=\"Edith Grossman als Thalia (Foto Patrick Gawandtka)\" style=\"\" srcset=\"https:\/\/www.orpheus-magazin.de\/wp-content\/uploads\/2025\/02\/Oper-Wuppertal_Von-Thalia-gekuesst-c-Patrick-Gawandtka-300x169.jpg 300w, https:\/\/www.orpheus-magazin.de\/wp-content\/uploads\/2025\/02\/Oper-Wuppertal_Von-Thalia-gekuesst-c-Patrick-Gawandtka-1024x576.jpg 1024w, https:\/\/www.orpheus-magazin.de\/wp-content\/uploads\/2025\/02\/Oper-Wuppertal_Von-Thalia-gekuesst-c-Patrick-Gawandtka-768x432.jpg 768w, https:\/\/www.orpheus-magazin.de\/wp-content\/uploads\/2025\/02\/Oper-Wuppertal_Von-Thalia-gekuesst-c-Patrick-Gawandtka-500x281.jpg 500w, https:\/\/www.orpheus-magazin.de\/wp-content\/uploads\/2025\/02\/Oper-Wuppertal_Von-Thalia-gekuesst-c-Patrick-Gawandtka-800x450.jpg 800w, https:\/\/www.orpheus-magazin.de\/wp-content\/uploads\/2025\/02\/Oper-Wuppertal_Von-Thalia-gekuesst-c-Patrick-Gawandtka-1280x720.jpg 1280w, https:\/\/www.orpheus-magazin.de\/wp-content\/uploads\/2025\/02\/Oper-Wuppertal_Von-Thalia-gekuesst-c-Patrick-Gawandtka-870x490.jpg 870w, https:\/\/www.orpheus-magazin.de\/wp-content\/uploads\/2025\/02\/Oper-Wuppertal_Von-Thalia-gekuesst-c-Patrick-Gawandtka-600x338.jpg 600w, https:\/\/www.orpheus-magazin.de\/wp-content\/uploads\/2025\/02\/Oper-Wuppertal_Von-Thalia-gekuesst-c-Patrick-Gawandtka.jpg 1500w\" sizes=\"(max-width: 300px) 100vw, 300px\" loading=\"eager\" \/><\/a><\/div><a class=\"wp-block-latest-posts__post-title\" href=\"https:\/\/www.orpheus-magazin.de\/de\/2025\/02\/11\/wuppertal-von-thalia-gekuesst\/\">Kuss der Muse?<\/a><div class=\"wp-block-latest-posts__post-excerpt\"><span class=\"location\">Wuppertal \/ Oper Wuppertal (Januar 2025)<\/span><\/br> Eine Wupperetten-Revue bekommt nichts so richtig \u201egewuppt\u201c<\/div><\/li>\n<li><div class=\"wp-block-latest-posts__featured-image alignleft\"><a href=\"https:\/\/www.orpheus-magazin.de\/de\/2025\/01\/21\/wiesbaden-der-fliegende-hollaender\/\" aria-label=\"K\u00e4pt\u2019n Dalands Spuk-Kaschemme\"><img decoding=\"async\" width=\"300\" height=\"169\" src=\"https:\/\/www.orpheus-magazin.de\/wp-content\/uploads\/2025\/01\/Staatstheater-Wiesbaden_Der-fliegende-Hollaender-c-Thomas-Aurin-300x169.jpg\" class=\"attachment-medium size-medium wp-post-image\" alt=\"Alter Ego: Tommi Hakala als Holl\u00e4nder und Young Doo Park als Daland (Foto Thomas Aurin)\" style=\"\" srcset=\"https:\/\/www.orpheus-magazin.de\/wp-content\/uploads\/2025\/01\/Staatstheater-Wiesbaden_Der-fliegende-Hollaender-c-Thomas-Aurin-300x169.jpg 300w, https:\/\/www.orpheus-magazin.de\/wp-content\/uploads\/2025\/01\/Staatstheater-Wiesbaden_Der-fliegende-Hollaender-c-Thomas-Aurin-1024x576.jpg 1024w, https:\/\/www.orpheus-magazin.de\/wp-content\/uploads\/2025\/01\/Staatstheater-Wiesbaden_Der-fliegende-Hollaender-c-Thomas-Aurin-768x432.jpg 768w, https:\/\/www.orpheus-magazin.de\/wp-content\/uploads\/2025\/01\/Staatstheater-Wiesbaden_Der-fliegende-Hollaender-c-Thomas-Aurin-500x281.jpg 500w, https:\/\/www.orpheus-magazin.de\/wp-content\/uploads\/2025\/01\/Staatstheater-Wiesbaden_Der-fliegende-Hollaender-c-Thomas-Aurin-800x450.jpg 800w, https:\/\/www.orpheus-magazin.de\/wp-content\/uploads\/2025\/01\/Staatstheater-Wiesbaden_Der-fliegende-Hollaender-c-Thomas-Aurin-1280x720.jpg 1280w, https:\/\/www.orpheus-magazin.de\/wp-content\/uploads\/2025\/01\/Staatstheater-Wiesbaden_Der-fliegende-Hollaender-c-Thomas-Aurin-870x490.jpg 870w, https:\/\/www.orpheus-magazin.de\/wp-content\/uploads\/2025\/01\/Staatstheater-Wiesbaden_Der-fliegende-Hollaender-c-Thomas-Aurin-600x338.jpg 600w, https:\/\/www.orpheus-magazin.de\/wp-content\/uploads\/2025\/01\/Staatstheater-Wiesbaden_Der-fliegende-Hollaender-c-Thomas-Aurin.jpg 1500w\" sizes=\"(max-width: 300px) 100vw, 300px\" loading=\"eager\" \/><\/a><\/div><a class=\"wp-block-latest-posts__post-title\" href=\"https:\/\/www.orpheus-magazin.de\/de\/2025\/01\/21\/wiesbaden-der-fliegende-hollaender\/\">K\u00e4pt\u2019n Dalands Spuk-Kaschemme<\/a><div class=\"wp-block-latest-posts__post-excerpt\"><span class=\"location\">Wiesbaden \/ Staatstheater Wiesbaden (Januar 2025)<\/span><\/br> \u201eDer fliegende Holl\u00e4nder\u201c l\u00e4uft szenisch auf Grund<\/div><\/li>\n<li><div class=\"wp-block-latest-posts__featured-image alignleft\"><a href=\"https:\/\/www.orpheus-magazin.de\/de\/2025\/01\/14\/berlin-fin-de-partie\/\" aria-label=\"Nichts ist komischer als das Ungl\u00fcck\"><img decoding=\"async\" width=\"300\" height=\"169\" src=\"https:\/\/www.orpheus-magazin.de\/wp-content\/uploads\/2025\/01\/Staatsoper-Unter-den-Linden_Fin-de-partie-c-Monika-Rittershaus-300x169.jpg\" class=\"attachment-medium size-medium wp-post-image\" alt=\"Dalia Schaechter (Nell) und Stephan R\u00fcgamer (Nagg) (Foto Monika Rittershaus)\" style=\"\" srcset=\"https:\/\/www.orpheus-magazin.de\/wp-content\/uploads\/2025\/01\/Staatsoper-Unter-den-Linden_Fin-de-partie-c-Monika-Rittershaus-300x169.jpg 300w, https:\/\/www.orpheus-magazin.de\/wp-content\/uploads\/2025\/01\/Staatsoper-Unter-den-Linden_Fin-de-partie-c-Monika-Rittershaus-1024x576.jpg 1024w, https:\/\/www.orpheus-magazin.de\/wp-content\/uploads\/2025\/01\/Staatsoper-Unter-den-Linden_Fin-de-partie-c-Monika-Rittershaus-768x432.jpg 768w, https:\/\/www.orpheus-magazin.de\/wp-content\/uploads\/2025\/01\/Staatsoper-Unter-den-Linden_Fin-de-partie-c-Monika-Rittershaus-500x281.jpg 500w, https:\/\/www.orpheus-magazin.de\/wp-content\/uploads\/2025\/01\/Staatsoper-Unter-den-Linden_Fin-de-partie-c-Monika-Rittershaus-800x450.jpg 800w, https:\/\/www.orpheus-magazin.de\/wp-content\/uploads\/2025\/01\/Staatsoper-Unter-den-Linden_Fin-de-partie-c-Monika-Rittershaus-1280x720.jpg 1280w, https:\/\/www.orpheus-magazin.de\/wp-content\/uploads\/2025\/01\/Staatsoper-Unter-den-Linden_Fin-de-partie-c-Monika-Rittershaus-870x490.jpg 870w, https:\/\/www.orpheus-magazin.de\/wp-content\/uploads\/2025\/01\/Staatsoper-Unter-den-Linden_Fin-de-partie-c-Monika-Rittershaus-600x338.jpg 600w, https:\/\/www.orpheus-magazin.de\/wp-content\/uploads\/2025\/01\/Staatsoper-Unter-den-Linden_Fin-de-partie-c-Monika-Rittershaus.jpg 1500w\" sizes=\"(max-width: 300px) 100vw, 300px\" loading=\"eager\" \/><\/a><\/div><a class=\"wp-block-latest-posts__post-title\" href=\"https:\/\/www.orpheus-magazin.de\/de\/2025\/01\/14\/berlin-fin-de-partie\/\">Nichts ist komischer als das Ungl\u00fcck<\/a><div class=\"wp-block-latest-posts__post-excerpt\"><span class=\"location\">Berlin \/ Staatsoper Unter den Linden (Januar 2025)<\/span><\/br> Galgenhumor f\u00fcr Gy\u00f6rgy Kurt\u00e1gs Beckett-Vertonung \u201eFin de partie\u201c<\/div><\/li>\n<li><div class=\"wp-block-latest-posts__featured-image alignleft\"><a href=\"https:\/\/www.orpheus-magazin.de\/de\/2024\/12\/24\/muenchen-la-fille-du-regiment\/\" aria-label=\"Zu wissen, wer man ist\"><img decoding=\"async\" width=\"300\" height=\"169\" src=\"https:\/\/www.orpheus-magazin.de\/wp-content\/uploads\/2024\/12\/1_FAV_Bayerische-Staatsoper_La-fille-du-regiment-c-Geoffroy-Schied-300x169.jpg\" class=\"attachment-medium size-medium wp-post-image\" alt=\"Marie (Pretty Yende) und ihr Ziehvater Sergeant Sulpice (Misha Kiria) (Foto Geoffroy Schied)\" style=\"\" srcset=\"https:\/\/www.orpheus-magazin.de\/wp-content\/uploads\/2024\/12\/1_FAV_Bayerische-Staatsoper_La-fille-du-regiment-c-Geoffroy-Schied-300x169.jpg 300w, https:\/\/www.orpheus-magazin.de\/wp-content\/uploads\/2024\/12\/1_FAV_Bayerische-Staatsoper_La-fille-du-regiment-c-Geoffroy-Schied-1024x576.jpg 1024w, https:\/\/www.orpheus-magazin.de\/wp-content\/uploads\/2024\/12\/1_FAV_Bayerische-Staatsoper_La-fille-du-regiment-c-Geoffroy-Schied-768x432.jpg 768w, https:\/\/www.orpheus-magazin.de\/wp-content\/uploads\/2024\/12\/1_FAV_Bayerische-Staatsoper_La-fille-du-regiment-c-Geoffroy-Schied-500x281.jpg 500w, https:\/\/www.orpheus-magazin.de\/wp-content\/uploads\/2024\/12\/1_FAV_Bayerische-Staatsoper_La-fille-du-regiment-c-Geoffroy-Schied-800x450.jpg 800w, https:\/\/www.orpheus-magazin.de\/wp-content\/uploads\/2024\/12\/1_FAV_Bayerische-Staatsoper_La-fille-du-regiment-c-Geoffroy-Schied-1280x720.jpg 1280w, https:\/\/www.orpheus-magazin.de\/wp-content\/uploads\/2024\/12\/1_FAV_Bayerische-Staatsoper_La-fille-du-regiment-c-Geoffroy-Schied-870x490.jpg 870w, https:\/\/www.orpheus-magazin.de\/wp-content\/uploads\/2024\/12\/1_FAV_Bayerische-Staatsoper_La-fille-du-regiment-c-Geoffroy-Schied-600x338.jpg 600w, https:\/\/www.orpheus-magazin.de\/wp-content\/uploads\/2024\/12\/1_FAV_Bayerische-Staatsoper_La-fille-du-regiment-c-Geoffroy-Schied.jpg 1500w\" sizes=\"(max-width: 300px) 100vw, 300px\" loading=\"eager\" \/><\/a><\/div><a class=\"wp-block-latest-posts__post-title\" href=\"https:\/\/www.orpheus-magazin.de\/de\/2024\/12\/24\/muenchen-la-fille-du-regiment\/\">Zu wissen, wer man ist<\/a><div class=\"wp-block-latest-posts__post-excerpt\"><span class=\"location\">M\u00fcnchen \/ Bayerische Staatsoper (Dezember 2024)<\/span><\/br> Damiano Michieletto setzt \u201eLa fille du r\u00e9giment\u201c mit Witz und Ironie in Szene<\/div><\/li>\n<li><div class=\"wp-block-latest-posts__featured-image alignleft\"><a href=\"https:\/\/www.orpheus-magazin.de\/de\/2024\/12\/23\/stuttgart-casanova\/\" aria-label=\"Mit allen Facetten\"><img decoding=\"async\" width=\"300\" height=\"169\" src=\"https:\/\/www.orpheus-magazin.de\/wp-content\/uploads\/2025\/02\/Staatsoper-Stuttgart_Casanova-c-Matthias-Baus-300x169.jpg\" class=\"attachment-medium size-medium wp-post-image\" alt=\"Casanova (Michael Mayes) entsteigt wie Venus einer Muschel (Foto Matthias Baus)\" style=\"\" srcset=\"https:\/\/www.orpheus-magazin.de\/wp-content\/uploads\/2025\/02\/Staatsoper-Stuttgart_Casanova-c-Matthias-Baus-300x169.jpg 300w, https:\/\/www.orpheus-magazin.de\/wp-content\/uploads\/2025\/02\/Staatsoper-Stuttgart_Casanova-c-Matthias-Baus-1024x576.jpg 1024w, https:\/\/www.orpheus-magazin.de\/wp-content\/uploads\/2025\/02\/Staatsoper-Stuttgart_Casanova-c-Matthias-Baus-768x432.jpg 768w, https:\/\/www.orpheus-magazin.de\/wp-content\/uploads\/2025\/02\/Staatsoper-Stuttgart_Casanova-c-Matthias-Baus-500x281.jpg 500w, https:\/\/www.orpheus-magazin.de\/wp-content\/uploads\/2025\/02\/Staatsoper-Stuttgart_Casanova-c-Matthias-Baus-800x450.jpg 800w, https:\/\/www.orpheus-magazin.de\/wp-content\/uploads\/2025\/02\/Staatsoper-Stuttgart_Casanova-c-Matthias-Baus-1280x720.jpg 1280w, https:\/\/www.orpheus-magazin.de\/wp-content\/uploads\/2025\/02\/Staatsoper-Stuttgart_Casanova-c-Matthias-Baus-870x490.jpg 870w, https:\/\/www.orpheus-magazin.de\/wp-content\/uploads\/2025\/02\/Staatsoper-Stuttgart_Casanova-c-Matthias-Baus-600x338.jpg 600w, https:\/\/www.orpheus-magazin.de\/wp-content\/uploads\/2025\/02\/Staatsoper-Stuttgart_Casanova-c-Matthias-Baus.jpg 1500w\" sizes=\"(max-width: 300px) 100vw, 300px\" loading=\"eager\" \/><\/a><\/div><a class=\"wp-block-latest-posts__post-title\" href=\"https:\/\/www.orpheus-magazin.de\/de\/2024\/12\/23\/stuttgart-casanova\/\">Mit allen Facetten<\/a><div class=\"wp-block-latest-posts__post-excerpt\"><span class=\"location\">Stuttgart \/ Staatstoper Stuttgart (Dezember 2024)<\/span><\/br> Cornelius Meister zelebriert Johann Strauss\u2019 \u201eCasanova\u201c <\/div><\/li>\n<li><div class=\"wp-block-latest-posts__featured-image alignleft\"><a href=\"https:\/\/www.orpheus-magazin.de\/de\/2024\/12\/20\/basel-tiefer-graben-8\/\" aria-label=\"Belebte Poesie\"><img decoding=\"async\" width=\"300\" height=\"169\" src=\"https:\/\/www.orpheus-magazin.de\/wp-content\/uploads\/2025\/02\/Theater-Basel_Tiefer-Graben-8-c-Walter-Mair-300x169.jpg\" class=\"attachment-medium size-medium wp-post-image\" alt=\"Beethovens fiktive Hausgemeinschaft (Foto Walter Mair)\" style=\"\" srcset=\"https:\/\/www.orpheus-magazin.de\/wp-content\/uploads\/2025\/02\/Theater-Basel_Tiefer-Graben-8-c-Walter-Mair-300x169.jpg 300w, https:\/\/www.orpheus-magazin.de\/wp-content\/uploads\/2025\/02\/Theater-Basel_Tiefer-Graben-8-c-Walter-Mair-1024x576.jpg 1024w, https:\/\/www.orpheus-magazin.de\/wp-content\/uploads\/2025\/02\/Theater-Basel_Tiefer-Graben-8-c-Walter-Mair-768x432.jpg 768w, https:\/\/www.orpheus-magazin.de\/wp-content\/uploads\/2025\/02\/Theater-Basel_Tiefer-Graben-8-c-Walter-Mair-500x281.jpg 500w, https:\/\/www.orpheus-magazin.de\/wp-content\/uploads\/2025\/02\/Theater-Basel_Tiefer-Graben-8-c-Walter-Mair-800x450.jpg 800w, https:\/\/www.orpheus-magazin.de\/wp-content\/uploads\/2025\/02\/Theater-Basel_Tiefer-Graben-8-c-Walter-Mair-1280x720.jpg 1280w, https:\/\/www.orpheus-magazin.de\/wp-content\/uploads\/2025\/02\/Theater-Basel_Tiefer-Graben-8-c-Walter-Mair-870x490.jpg 870w, https:\/\/www.orpheus-magazin.de\/wp-content\/uploads\/2025\/02\/Theater-Basel_Tiefer-Graben-8-c-Walter-Mair-600x338.jpg 600w, https:\/\/www.orpheus-magazin.de\/wp-content\/uploads\/2025\/02\/Theater-Basel_Tiefer-Graben-8-c-Walter-Mair.jpg 1500w\" sizes=\"(max-width: 300px) 100vw, 300px\" loading=\"eager\" \/><\/a><\/div><a class=\"wp-block-latest-posts__post-title\" href=\"https:\/\/www.orpheus-magazin.de\/de\/2024\/12\/20\/basel-tiefer-graben-8\/\">Belebte Poesie<\/a><div class=\"wp-block-latest-posts__post-excerpt\"><span class=\"location\">Basel \/ Theater Basel (Dezember 2024)<\/span><\/br> Christoph Marthaler verzaubert mit seinem Musiktheater \u201eTiefer Graben 8\u201c <\/div><\/li>\n<\/ul>\n\n\n<div style=\"height:80px\" aria-hidden=\"true\" class=\"wp-block-spacer\"><\/div>\n\n\n\n<div class=\"wp-block-media-text alignwide is-vertically-aligned-center is-stacked-on-mobile has-background\" style=\"background-color:#f6f6f6;grid-template-columns:22% auto\"><figure class=\"wp-block-media-text__media\"><img decoding=\"async\" width=\"850\" height=\"1000\" src=\"https:\/\/www.orpheus-magazin.de\/wp-content\/uploads\/2025\/02\/Heft_Bestellbox_2025-02_s.jpg\" alt=\"\" class=\"wp-image-10444 size-full\" srcset=\"https:\/\/www.orpheus-magazin.de\/wp-content\/uploads\/2025\/02\/Heft_Bestellbox_2025-02_s.jpg 850w, https:\/\/www.orpheus-magazin.de\/wp-content\/uploads\/2025\/02\/Heft_Bestellbox_2025-02_s-255x300.jpg 255w, https:\/\/www.orpheus-magazin.de\/wp-content\/uploads\/2025\/02\/Heft_Bestellbox_2025-02_s-768x904.jpg 768w, https:\/\/www.orpheus-magazin.de\/wp-content\/uploads\/2025\/02\/Heft_Bestellbox_2025-02_s-500x588.jpg 500w, https:\/\/www.orpheus-magazin.de\/wp-content\/uploads\/2025\/02\/Heft_Bestellbox_2025-02_s-800x941.jpg 800w, https:\/\/www.orpheus-magazin.de\/wp-content\/uploads\/2025\/02\/Heft_Bestellbox_2025-02_s-600x706.jpg 600w\" sizes=\"(max-width: 850px) 100vw, 850px\" \/><\/figure><div class=\"wp-block-media-text__content\">\n<div style=\"height:10px\" aria-hidden=\"true\" class=\"wp-block-spacer\"><\/div>\n\n\n\n<p style=\"font-size:24px\"><strong>Unsere Ausgabe M\u00e4rz\/April 2025 online bestellen<\/strong><\/p>\n\n\n\n<p>Bequem in Ihren Briefkasten oder als PDF zum Sofort-Download<\/p>\n\n\n\n<p><strong><a href=\"https:\/\/www.orpheus-magazin.de\/de\/product\/print-ausgabe-02-2025\/\" target=\"_blank\" rel=\"noreferrer noopener\">Print-Ausgabe bestellen<\/a><\/strong> | <strong><a href=\"https:\/\/www.orpheus-magazin.de\/de\/product\/pdf-ausgabe-02-2025\/\" target=\"_blank\" rel=\"noreferrer noopener\">PDF-Ausgabe bestellen<\/a><\/strong><\/p>\n<\/div><\/div>\n\n\n\n<div style=\"height:100px\" aria-hidden=\"true\" class=\"wp-block-spacer\"><\/div>","protected":false},"excerpt":{"rendered":"<p>Eine Auswahl an Premierenkritiken, einige davon nur hier online.Zus\u00e4tzlich finden Sie 36 weitere Rezensionen exklusiv in unserer Printausgabe M\u00e4rz\/April 2025.<\/p>","protected":false},"author":14,"featured_media":0,"parent":0,"menu_order":0,"comment_status":"closed","ping_status":"closed","template":"","meta":{"tpgb_global_settings":"","_editorskit_title_hidden":false,"_editorskit_reading_time":0,"_editorskit_is_block_options_detached":false,"_editorskit_block_options_position":"{}","_eb_attr":"","footnotes":""},"class_list":["post-10465","page","type-page","status-publish","hentry"],"tpgb_featured_images":null,"tpgb_post_meta_info":{"get_date":"27. Februar 2025","get_modified_date":"29. April 2025","author_name":"Silvia Murauer","author_url":"https:\/\/www.orpheus-magazin.de\/de\/author\/mailsilviamurauer-de\/","author_email":"mail@silviamurauer.de","author_website":"","author_description":"","author_facebook":"","author_twitter":"","author_instagram":"","author_role":["administrator"],"author_firstname":"Silvia","author_lastname":"Murauer","user_login":"mail@silviamurauer.de","author_avatar":"<img alt='' src='https:\/\/secure.gravatar.com\/avatar\/f621fd74b09e85b40b2840fd83e82293b9a74c7122761b5607082e36ece1f9d0?s=200&#038;d=mm&#038;r=g' srcset='https:\/\/secure.gravatar.com\/avatar\/f621fd74b09e85b40b2840fd83e82293b9a74c7122761b5607082e36ece1f9d0?s=400&#038;d=mm&#038;r=g 2x' class='avatar avatar-200 photo' height='200' width='200' decoding='async'\/>","author_avatar_url":"https:\/\/secure.gravatar.com\/avatar\/f621fd74b09e85b40b2840fd83e82293b9a74c7122761b5607082e36ece1f9d0?s=96&d=mm&r=g","comment_count":0,"post_likes":0,"post_views":0},"tpgb_post_category":[],"_links":{"self":[{"href":"https:\/\/www.orpheus-magazin.de\/de\/wp-json\/wp\/v2\/pages\/10465","targetHints":{"allow":["GET"]}}],"collection":[{"href":"https:\/\/www.orpheus-magazin.de\/de\/wp-json\/wp\/v2\/pages"}],"about":[{"href":"https:\/\/www.orpheus-magazin.de\/de\/wp-json\/wp\/v2\/types\/page"}],"author":[{"embeddable":true,"href":"https:\/\/www.orpheus-magazin.de\/de\/wp-json\/wp\/v2\/users\/14"}],"replies":[{"embeddable":true,"href":"https:\/\/www.orpheus-magazin.de\/de\/wp-json\/wp\/v2\/comments?post=10465"}],"version-history":[{"count":0,"href":"https:\/\/www.orpheus-magazin.de\/de\/wp-json\/wp\/v2\/pages\/10465\/revisions"}],"wp:attachment":[{"href":"https:\/\/www.orpheus-magazin.de\/de\/wp-json\/wp\/v2\/media?parent=10465"}],"curies":[{"name":"wp","href":"https:\/\/api.w.org\/{rel}","templated":true}]}}