{"id":10604,"date":"2025-04-28T23:17:18","date_gmt":"2025-04-28T21:17:18","guid":{"rendered":"https:\/\/www.orpheus-magazin.de\/?page_id=10604"},"modified":"2025-06-30T21:05:41","modified_gmt":"2025-06-30T19:05:41","slug":"ausgabe-03-2025","status":"publish","type":"page","link":"https:\/\/www.orpheus-magazin.de\/de\/ausgabe-03-2025\/","title":{"rendered":"Ausgabe 03\/2025"},"content":{"rendered":"<h1 class=\"wp-block-heading has-text-align-center font-montserrat-alternates\" id=\"ausgabe-06-2021\" style=\"font-size:45px\">Ausgabe 03\/2025<\/h1>\n\n\n\n<div style=\"height:1px\" aria-hidden=\"true\" class=\"wp-block-spacer\"><\/div>\n\n\n\n<div class=\"wp-block-cover\" style=\"min-height:500px;aspect-ratio:unset;\"><img fetchpriority=\"high\" decoding=\"async\" width=\"1024\" height=\"485\" class=\"wp-block-cover__image-background wp-image-10605 size-large\" alt=\"\" src=\"https:\/\/www.orpheus-magazin.de\/wp-content\/uploads\/2025\/04\/2025-03_Inhalt_01-1024x485.jpg\" data-object-fit=\"cover\" srcset=\"https:\/\/www.orpheus-magazin.de\/wp-content\/uploads\/2025\/04\/2025-03_Inhalt_01-1024x485.jpg 1024w, https:\/\/www.orpheus-magazin.de\/wp-content\/uploads\/2025\/04\/2025-03_Inhalt_01-300x142.jpg 300w, https:\/\/www.orpheus-magazin.de\/wp-content\/uploads\/2025\/04\/2025-03_Inhalt_01-768x364.jpg 768w, https:\/\/www.orpheus-magazin.de\/wp-content\/uploads\/2025\/04\/2025-03_Inhalt_01-500x237.jpg 500w, https:\/\/www.orpheus-magazin.de\/wp-content\/uploads\/2025\/04\/2025-03_Inhalt_01-800x379.jpg 800w, https:\/\/www.orpheus-magazin.de\/wp-content\/uploads\/2025\/04\/2025-03_Inhalt_01-1280x606.jpg 1280w, https:\/\/www.orpheus-magazin.de\/wp-content\/uploads\/2025\/04\/2025-03_Inhalt_01-870x412.jpg 870w, https:\/\/www.orpheus-magazin.de\/wp-content\/uploads\/2025\/04\/2025-03_Inhalt_01-600x284.jpg 600w, https:\/\/www.orpheus-magazin.de\/wp-content\/uploads\/2025\/04\/2025-03_Inhalt_01.jpg 1500w\" sizes=\"(max-width: 1024px) 100vw, 1024px\" \/><span aria-hidden=\"true\" class=\"wp-block-cover__background has-background-dim-0 has-background-dim\" style=\"background-color:#cfc9c4\"><\/span><div class=\"wp-block-cover__inner-container is-layout-constrained wp-block-cover-is-layout-constrained\">\n<div class=\"wp-block-columns is-layout-flex wp-container-core-columns-is-layout-9d6595d7 wp-block-columns-is-layout-flex\">\n<div class=\"wp-block-column is-layout-flow wp-block-column-is-layout-flow\" style=\"flex-basis:58%\"><\/div>\n\n\n\n<div class=\"wp-block-column is-vertically-aligned-top is-layout-flow wp-block-column-is-layout-flow\" style=\"flex-basis:40%\">\n<p class=\"has-text-align-right\" style=\"font-size:30px\"><strong>&#8222;THE LISTENERS&#8220;<\/strong><br>Zum Beispiel: <br>Chicago<\/p>\n\n\n\n<p class=\"has-text-align-right has-medium-font-size\"><a href=\"https:\/\/www.orpheus-magazin.de\/de\/2025\/04\/29\/the-listeners-chicago\/\"><strong>Leseprobe<\/strong><\/a><\/p>\n<\/div>\n\n\n\n<div class=\"wp-block-column is-layout-flow wp-block-column-is-layout-flow\" style=\"flex-basis:2%\"><\/div>\n<\/div>\n\n\n\n<p class=\"has-text-align-center has-large-font-size\"><\/p>\n<\/div><\/div>\n\n\n\n<div style=\"height:10px\" aria-hidden=\"true\" class=\"wp-block-spacer\"><\/div>\n\n\n\n<div class=\"wp-block-columns alignwide is-style-default is-layout-flex wp-container-core-columns-is-layout-9d6595d7 wp-block-columns-is-layout-flex\">\n<div class=\"wp-block-column is-layout-flow wp-block-column-is-layout-flow\" style=\"flex-basis:20%\">\n<p class=\"has-text-align-right has-light-gray-color has-text-color has-small-font-size\">___<br>Titel<\/p>\n<\/div>\n\n\n\n<div class=\"wp-block-column is-layout-flow wp-block-column-is-layout-flow\" style=\"flex-basis:50%\">\n<p class=\"has-regular-font-size\"><strong>Lieber fusioniert als eingestampft?<\/strong><\/p>\n\n\n\n<p>&#8230; vor allem im Osten des Landes rettete man nach diesem Grundsatz zumindest \u201epro forma\u201c schon so manches Theater vor dem Ruin. Und jetzt? Taugt das Konstrukt \u201eTheaterehe\u201c in Zeiten sehr klammer Kassen auch insgesamt zur Rettung der deutschen Theatervielfalt?<\/p>\n\n\n\n<hr class=\"wp-block-separator has-css-opacity is-style-wide\"\/>\n<\/div>\n\n\n\n<div class=\"wp-block-column is-layout-flow wp-block-column-is-layout-flow\" style=\"flex-basis:30%\">\n<figure class=\"wp-block-image size-full\"><img decoding=\"async\" width=\"500\" height=\"280\" src=\"https:\/\/www.orpheus-magazin.de\/wp-content\/uploads\/2025\/04\/2025-03_Inhalt_02.jpg\" alt=\"\" class=\"wp-image-10606\" srcset=\"https:\/\/www.orpheus-magazin.de\/wp-content\/uploads\/2025\/04\/2025-03_Inhalt_02.jpg 500w, https:\/\/www.orpheus-magazin.de\/wp-content\/uploads\/2025\/04\/2025-03_Inhalt_02-300x168.jpg 300w\" sizes=\"(max-width: 500px) 100vw, 500px\" \/><\/figure>\n\n\n\n<p><\/p>\n<\/div>\n<\/div>\n\n\n\n<div class=\"wp-block-columns alignwide is-style-default is-layout-flex wp-container-core-columns-is-layout-9d6595d7 wp-block-columns-is-layout-flex\">\n<div class=\"wp-block-column is-layout-flow wp-block-column-is-layout-flow\" style=\"flex-basis:20%\">\n<p class=\"has-text-align-right has-light-gray-color has-text-color has-small-font-size\">___<br>Aufgefallen<\/p>\n<\/div>\n\n\n\n<div class=\"wp-block-column is-layout-flow wp-block-column-is-layout-flow\" style=\"flex-basis:50%\">\n<p class=\"has-regular-font-size\"><strong>Kinder der Nacht<\/strong><\/p>\n\n\n\n<p>Zum 200. Geburtstag des Walzer- und Operettenk\u00f6nigs l\u00e4sst Wien ganzj\u00e4hrig die Korken knallen \u2013 und gratuliert mit der demonstrativen Urauff\u00fchrung des Musiktheater-St\u00fccks \u201eDas Lied vom Rand der Welt\u201c im Namen eines Barons sowie des fahrenden Volks. Ein Lehrst\u00fcck in Sachen Johann Strauss (Sohn)<\/p>\n\n\n\n<hr class=\"wp-block-separator has-css-opacity is-style-wide\"\/>\n<\/div>\n\n\n\n<div class=\"wp-block-column is-layout-flow wp-block-column-is-layout-flow\" style=\"flex-basis:30%\">\n<figure class=\"wp-block-image size-full\"><img decoding=\"async\" width=\"500\" height=\"280\" src=\"https:\/\/www.orpheus-magazin.de\/wp-content\/uploads\/2025\/04\/2025-03_Inhalt_03.jpg\" alt=\"\" class=\"wp-image-10607\" srcset=\"https:\/\/www.orpheus-magazin.de\/wp-content\/uploads\/2025\/04\/2025-03_Inhalt_03.jpg 500w, https:\/\/www.orpheus-magazin.de\/wp-content\/uploads\/2025\/04\/2025-03_Inhalt_03-300x168.jpg 300w\" sizes=\"(max-width: 500px) 100vw, 500px\" \/><\/figure>\n\n\n\n<p><\/p>\n<\/div>\n<\/div>\n\n\n\n<div class=\"wp-block-columns alignwide is-style-default is-layout-flex wp-container-core-columns-is-layout-9d6595d7 wp-block-columns-is-layout-flex\">\n<div class=\"wp-block-column is-layout-flow wp-block-column-is-layout-flow\" style=\"flex-basis:20%\">\n<p class=\"has-text-align-right has-light-gray-color has-text-color has-small-font-size\">___<br>Nachruf<\/p>\n<\/div>\n\n\n\n<div class=\"wp-block-column is-layout-flow wp-block-column-is-layout-flow\" style=\"flex-basis:50%\">\n<p class=\"has-regular-font-size\"><strong>Ein Held des bl\u00fchenden Leids<\/strong><\/p>\n\n\n\n<p>Zum Tod von Peter Seiffert (1954-2025)<\/p>\n\n\n\n<div style=\"height:60px\" aria-hidden=\"true\" class=\"wp-block-spacer\"><\/div>\n\n\n\n<hr class=\"wp-block-separator has-css-opacity is-style-wide\"\/>\n<\/div>\n\n\n\n<div class=\"wp-block-column is-layout-flow wp-block-column-is-layout-flow\" style=\"flex-basis:30%\">\n<figure class=\"wp-block-image size-full\"><img loading=\"lazy\" decoding=\"async\" width=\"500\" height=\"280\" src=\"https:\/\/www.orpheus-magazin.de\/wp-content\/uploads\/2025\/04\/2025-03_Inhalt_04.jpg\" alt=\"\" class=\"wp-image-10608\" srcset=\"https:\/\/www.orpheus-magazin.de\/wp-content\/uploads\/2025\/04\/2025-03_Inhalt_04.jpg 500w, https:\/\/www.orpheus-magazin.de\/wp-content\/uploads\/2025\/04\/2025-03_Inhalt_04-300x168.jpg 300w\" sizes=\"(max-width: 500px) 100vw, 500px\" \/><\/figure>\n\n\n\n<p><\/p>\n<\/div>\n<\/div>\n\n\n\n<div class=\"wp-block-columns alignwide is-style-default is-layout-flex wp-container-core-columns-is-layout-9d6595d7 wp-block-columns-is-layout-flex\">\n<div class=\"wp-block-column is-layout-flow wp-block-column-is-layout-flow\" style=\"flex-basis:20%\">\n<p class=\"has-text-align-right has-light-gray-color has-text-color has-small-font-size\">___<br>Fundst\u00fccke<\/p>\n<\/div>\n\n\n\n<div class=\"wp-block-column is-layout-flow wp-block-column-is-layout-flow\" style=\"flex-basis:50%\">\n<p class=\"has-regular-font-size\"><strong>\u00dcber die Br\u00fcchigkeit unserer Zivilisation<\/strong><\/p>\n\n\n\n<p>Nach zwei Opern komponiert Rufus Wainwright im dritten musikalischen Grenzgang nun eine opulente Totenmesse. Wo zu Beginn Lord Byrons \u201eDarkness\u201c dominiert, siegt \u2013 selbst f\u00fcr Wainwright \u00fcberraschend \u2013 am Ende doch noch die Hoffnung<\/p>\n\n\n\n<hr class=\"wp-block-separator has-css-opacity is-style-wide\"\/>\n<\/div>\n\n\n\n<div class=\"wp-block-column is-layout-flow wp-block-column-is-layout-flow\" style=\"flex-basis:30%\">\n<figure class=\"wp-block-image size-full\"><img loading=\"lazy\" decoding=\"async\" width=\"500\" height=\"280\" src=\"https:\/\/www.orpheus-magazin.de\/wp-content\/uploads\/2025\/04\/2025-03_Inhalt_05.jpg\" alt=\"\" class=\"wp-image-10609\" srcset=\"https:\/\/www.orpheus-magazin.de\/wp-content\/uploads\/2025\/04\/2025-03_Inhalt_05.jpg 500w, https:\/\/www.orpheus-magazin.de\/wp-content\/uploads\/2025\/04\/2025-03_Inhalt_05-300x168.jpg 300w\" sizes=\"(max-width: 500px) 100vw, 500px\" \/><\/figure>\n\n\n\n<p><\/p>\n<\/div>\n<\/div>\n\n\n\n<div class=\"wp-block-columns alignwide is-style-default is-layout-flex wp-container-core-columns-is-layout-9d6595d7 wp-block-columns-is-layout-flex\">\n<div class=\"wp-block-column is-layout-flow wp-block-column-is-layout-flow\" style=\"flex-basis:20%\">\n<p class=\"has-text-align-right has-light-gray-color has-text-color has-small-font-size\">___<br>Portrait<\/p>\n<\/div>\n\n\n\n<div class=\"wp-block-column is-layout-flow wp-block-column-is-layout-flow\" style=\"flex-basis:50%\">\n<p class=\"has-regular-font-size\"><strong>Mit einer Prise Himmelblau<\/strong><\/p>\n\n\n\n<p>Zum 50. Todestag von Robert Stolz (1880-1975)<\/p>\n\n\n\n<div style=\"height:60px\" aria-hidden=\"true\" class=\"wp-block-spacer\"><\/div>\n\n\n\n<hr class=\"wp-block-separator has-css-opacity is-style-wide\"\/>\n<\/div>\n\n\n\n<div class=\"wp-block-column is-layout-flow wp-block-column-is-layout-flow\" style=\"flex-basis:30%\">\n<figure class=\"wp-block-image size-full\"><img loading=\"lazy\" decoding=\"async\" width=\"500\" height=\"280\" src=\"https:\/\/www.orpheus-magazin.de\/wp-content\/uploads\/2025\/04\/2025-03_Inhalt_06.jpg\" alt=\"\" class=\"wp-image-10610\" srcset=\"https:\/\/www.orpheus-magazin.de\/wp-content\/uploads\/2025\/04\/2025-03_Inhalt_06.jpg 500w, https:\/\/www.orpheus-magazin.de\/wp-content\/uploads\/2025\/04\/2025-03_Inhalt_06-300x168.jpg 300w\" sizes=\"(max-width: 500px) 100vw, 500px\" \/><\/figure>\n\n\n\n<p><\/p>\n<\/div>\n<\/div>\n\n\n\n<div class=\"wp-block-columns alignwide is-style-default is-layout-flex wp-container-core-columns-is-layout-9d6595d7 wp-block-columns-is-layout-flex\">\n<div class=\"wp-block-column is-layout-flow wp-block-column-is-layout-flow\" style=\"flex-basis:20%\">\n<p class=\"has-text-align-right has-light-gray-color has-text-color has-small-font-size\">___<br>Interview<\/p>\n<\/div>\n\n\n\n<div class=\"wp-block-column is-layout-flow wp-block-column-is-layout-flow\" style=\"flex-basis:50%\">\n<p class=\"has-regular-font-size\"><strong><strong>\u201e<\/strong>Was haben SIE empfunden?<strong>\u201c<\/strong><\/strong><\/p>\n\n\n\n<p>Das Theater Regensburg hat in der Intendanz Sebastian Ritschel gleich mehrfachen Grund zum Jubeln<\/p>\n\n\n\n<div style=\"height:10px\" aria-hidden=\"true\" class=\"wp-block-spacer\"><\/div>\n\n\n\n<hr class=\"wp-block-separator has-css-opacity is-style-wide\"\/>\n<\/div>\n\n\n\n<div class=\"wp-block-column is-layout-flow wp-block-column-is-layout-flow\" style=\"flex-basis:30%\">\n<figure class=\"wp-block-image size-full\"><img loading=\"lazy\" decoding=\"async\" width=\"500\" height=\"280\" src=\"https:\/\/www.orpheus-magazin.de\/wp-content\/uploads\/2025\/04\/2025-03_Inhalt_07.jpg\" alt=\"\" class=\"wp-image-10611\" srcset=\"https:\/\/www.orpheus-magazin.de\/wp-content\/uploads\/2025\/04\/2025-03_Inhalt_07.jpg 500w, https:\/\/www.orpheus-magazin.de\/wp-content\/uploads\/2025\/04\/2025-03_Inhalt_07-300x168.jpg 300w\" sizes=\"(max-width: 500px) 100vw, 500px\" \/><\/figure>\n\n\n\n<p><\/p>\n<\/div>\n<\/div>\n\n\n\n<div class=\"wp-block-columns alignwide is-style-default is-layout-flex wp-container-core-columns-is-layout-9d6595d7 wp-block-columns-is-layout-flex\">\n<div class=\"wp-block-column is-layout-flow wp-block-column-is-layout-flow\" style=\"flex-basis:20%\">\n<p class=\"has-text-align-right has-light-gray-color has-text-color has-small-font-size\">___<br>Wettbewerb<\/p>\n<\/div>\n\n\n\n<div class=\"wp-block-column is-layout-flow wp-block-column-is-layout-flow\" style=\"flex-basis:50%\">\n<p class=\"has-regular-font-size\"><strong>Barocker Glamour<\/strong><\/p>\n\n\n\n<p>Mit dem ersten Farinelli-Wettbewerb f\u00fcr Counterten\u00f6re im M\u00e4rz haben die Internationalen H\u00e4ndel-Festspiele Karlsruhe ab sofort ein weltweites Alleinstellungsmerkmal vorzuweisen. Der perfekte Anlass, die Geschichte einer faszinierenden Stimmlage zu ergr\u00fcnden<\/p>\n\n\n\n<hr class=\"wp-block-separator has-css-opacity is-style-wide\"\/>\n<\/div>\n\n\n\n<div class=\"wp-block-column is-layout-flow wp-block-column-is-layout-flow\" style=\"flex-basis:30%\">\n<figure class=\"wp-block-image size-full\"><img loading=\"lazy\" decoding=\"async\" width=\"500\" height=\"280\" src=\"https:\/\/www.orpheus-magazin.de\/wp-content\/uploads\/2025\/04\/2025-03_Inhalt_08.jpg\" alt=\"\" class=\"wp-image-10612\" srcset=\"https:\/\/www.orpheus-magazin.de\/wp-content\/uploads\/2025\/04\/2025-03_Inhalt_08.jpg 500w, https:\/\/www.orpheus-magazin.de\/wp-content\/uploads\/2025\/04\/2025-03_Inhalt_08-300x168.jpg 300w\" sizes=\"(max-width: 500px) 100vw, 500px\" \/><\/figure>\n\n\n\n<p><\/p>\n<\/div>\n<\/div>\n\n\n\n<div class=\"wp-block-columns alignwide is-style-default is-layout-flex wp-container-core-columns-is-layout-9d6595d7 wp-block-columns-is-layout-flex\">\n<div class=\"wp-block-column is-layout-flow wp-block-column-is-layout-flow\" style=\"flex-basis:20%\">\n<p class=\"has-text-align-right has-light-gray-color has-text-color has-small-font-size\">___<br>Operette<\/p>\n<\/div>\n\n\n\n<div class=\"wp-block-column is-layout-flow wp-block-column-is-layout-flow\" style=\"flex-basis:50%\">\n<p class=\"has-regular-font-size\"><strong>\u201eDa nehm\u2019 ich meine kleine Zigarette\u201c<\/strong><\/p>\n\n\n\n<p>Die erste Wiener Jazz-Operette \u201eDer Orlow\u201c feiert in diesem Jahr 100. Geburtstag \u2013 ihr j\u00fcdischer Komponist Bruno Granichstaedten ist heute so gut wie vergessen, ebenso wie sein einstiges Erfolgsst\u00fcck<\/p>\n\n\n\n<hr class=\"wp-block-separator has-css-opacity is-style-wide\"\/>\n<\/div>\n\n\n\n<div class=\"wp-block-column is-layout-flow wp-block-column-is-layout-flow\" style=\"flex-basis:30%\">\n<figure class=\"wp-block-image size-full\"><img loading=\"lazy\" decoding=\"async\" width=\"500\" height=\"280\" src=\"https:\/\/www.orpheus-magazin.de\/wp-content\/uploads\/2025\/04\/2025-03_Inhalt_09.jpg\" alt=\"\" class=\"wp-image-10613\" srcset=\"https:\/\/www.orpheus-magazin.de\/wp-content\/uploads\/2025\/04\/2025-03_Inhalt_09.jpg 500w, https:\/\/www.orpheus-magazin.de\/wp-content\/uploads\/2025\/04\/2025-03_Inhalt_09-300x168.jpg 300w\" sizes=\"(max-width: 500px) 100vw, 500px\" \/><\/figure>\n\n\n\n<p><\/p>\n<\/div>\n<\/div>\n\n\n\n<div class=\"wp-block-columns alignwide is-style-default is-layout-flex wp-container-core-columns-is-layout-9d6595d7 wp-block-columns-is-layout-flex\">\n<div class=\"wp-block-column is-layout-flow wp-block-column-is-layout-flow\" style=\"flex-basis:20%\">\n<p class=\"has-text-align-right has-light-gray-color has-text-color has-small-font-size\">___<br>Medien<\/p>\n<\/div>\n\n\n\n<div class=\"wp-block-column is-layout-flow wp-block-column-is-layout-flow\" style=\"flex-basis:50%\">\n<p class=\"has-regular-font-size\"><strong>Geh\u00f6rt, gesehen, gelesen<\/strong><\/p>\n\n\n\n<p>Kulturtipps f\u00fcr das heimische Wohnzimmer<\/p>\n\n\n\n<div style=\"height:60px\" aria-hidden=\"true\" class=\"wp-block-spacer\"><\/div>\n\n\n\n<hr class=\"wp-block-separator has-css-opacity is-style-wide\"\/>\n<\/div>\n\n\n\n<div class=\"wp-block-column is-layout-flow wp-block-column-is-layout-flow\" style=\"flex-basis:30%\">\n<figure class=\"wp-block-image size-full\"><img loading=\"lazy\" decoding=\"async\" width=\"500\" height=\"280\" src=\"https:\/\/www.orpheus-magazin.de\/wp-content\/uploads\/2025\/04\/2025-03_Inhalt_10.jpg\" alt=\"\" class=\"wp-image-10615\" srcset=\"https:\/\/www.orpheus-magazin.de\/wp-content\/uploads\/2025\/04\/2025-03_Inhalt_10.jpg 500w, https:\/\/www.orpheus-magazin.de\/wp-content\/uploads\/2025\/04\/2025-03_Inhalt_10-300x168.jpg 300w\" sizes=\"(max-width: 500px) 100vw, 500px\" \/><\/figure>\n\n\n\n<p><\/p>\n<\/div>\n<\/div>\n\n\n\n<div class=\"wp-block-columns alignwide is-style-default is-layout-flex wp-container-core-columns-is-layout-9d6595d7 wp-block-columns-is-layout-flex\">\n<div class=\"wp-block-column is-layout-flow wp-block-column-is-layout-flow\" style=\"flex-basis:20%\">\n<p class=\"has-text-align-right has-light-gray-color has-text-color has-small-font-size\">___<br>Rezensionen<\/p>\n<\/div>\n\n\n\n<div class=\"wp-block-column is-layout-flow wp-block-column-is-layout-flow\" style=\"flex-basis:50%\">\n<p class=\"has-regular-font-size\"><strong><strong><strong><a href=\"https:\/\/www.orpheus-magazin.de\/de\/rezensionen-03-2025\/\">F\u00fcr Sie gesehen<\/a><\/strong><\/strong><\/strong><\/p>\n\n\n\n<p>Neues und Spektakul\u00e4res von den (Opern-)B\u00fchnen in Deutschland und Europa<\/p>\n\n\n\n<div style=\"height:30px\" aria-hidden=\"true\" class=\"wp-block-spacer\"><\/div>\n\n\n\n<hr class=\"wp-block-separator has-css-opacity is-style-wide\"\/>\n<\/div>\n\n\n\n<div class=\"wp-block-column is-layout-flow wp-block-column-is-layout-flow\" style=\"flex-basis:30%\">\n<figure class=\"wp-block-image size-full\"><img loading=\"lazy\" decoding=\"async\" width=\"500\" height=\"280\" src=\"https:\/\/www.orpheus-magazin.de\/wp-content\/uploads\/2025\/04\/2025-03_Inhalt_11.jpg\" alt=\"\" class=\"wp-image-10616\" srcset=\"https:\/\/www.orpheus-magazin.de\/wp-content\/uploads\/2025\/04\/2025-03_Inhalt_11.jpg 500w, https:\/\/www.orpheus-magazin.de\/wp-content\/uploads\/2025\/04\/2025-03_Inhalt_11-300x168.jpg 300w\" sizes=\"(max-width: 500px) 100vw, 500px\" \/><\/figure>\n\n\n\n<p><\/p>\n<\/div>\n<\/div>\n\n\n\n<div style=\"height:50px\" aria-hidden=\"true\" class=\"wp-block-spacer\"><\/div>\n\n\n\n<div class=\"wp-block-media-text alignwide is-vertically-aligned-center is-stacked-on-mobile has-background\" style=\"background-color:#f6f6f6;grid-template-columns:22% auto\"><figure class=\"wp-block-media-text__media\"><img loading=\"lazy\" decoding=\"async\" width=\"850\" height=\"1000\" src=\"https:\/\/www.orpheus-magazin.de\/wp-content\/uploads\/2025\/04\/Heft_Bestellbox_2025-03_s.jpg\" alt=\"\" class=\"wp-image-10622 size-full\" srcset=\"https:\/\/www.orpheus-magazin.de\/wp-content\/uploads\/2025\/04\/Heft_Bestellbox_2025-03_s.jpg 850w, https:\/\/www.orpheus-magazin.de\/wp-content\/uploads\/2025\/04\/Heft_Bestellbox_2025-03_s-255x300.jpg 255w, https:\/\/www.orpheus-magazin.de\/wp-content\/uploads\/2025\/04\/Heft_Bestellbox_2025-03_s-768x904.jpg 768w, https:\/\/www.orpheus-magazin.de\/wp-content\/uploads\/2025\/04\/Heft_Bestellbox_2025-03_s-500x588.jpg 500w, https:\/\/www.orpheus-magazin.de\/wp-content\/uploads\/2025\/04\/Heft_Bestellbox_2025-03_s-800x941.jpg 800w, https:\/\/www.orpheus-magazin.de\/wp-content\/uploads\/2025\/04\/Heft_Bestellbox_2025-03_s-600x706.jpg 600w\" sizes=\"(max-width: 850px) 100vw, 850px\" \/><\/figure><div class=\"wp-block-media-text__content\">\n<div style=\"height:10px\" aria-hidden=\"true\" class=\"wp-block-spacer\"><\/div>\n\n\n\n<p style=\"font-size:24px\"><strong>Unsere Ausgabe Mai\/Juni 2025 online bestellen<\/strong><\/p>\n\n\n\n<p>Bequem in Ihren Briefkasten oder als PDF zum Sofort-Download<\/p>\n\n\n\n<p><strong><a href=\"https:\/\/www.orpheus-magazin.de\/de\/product\/print-ausgabe-03-2025\/\" target=\"_blank\" rel=\"noreferrer noopener\">Print-Ausgabe bestellen<\/a><\/strong> | <strong><a href=\"https:\/\/www.orpheus-magazin.de\/de\/product\/pdf-ausgabe-03-2025\/\" target=\"_blank\" rel=\"noreferrer noopener\">PDF-Ausgabe bestellen<\/a><\/strong><\/p>\n<\/div><\/div>\n\n\n\n<div style=\"height:80px\" aria-hidden=\"true\" class=\"wp-block-spacer\"><\/div>\n\n\n\n<p><\/p>","protected":false},"excerpt":{"rendered":"<p>Ausgabe 03\/2025 ___Titel Lieber fusioniert als eingestampft? &#8230; vor allem im Osten des Landes rettete man nach diesem Grundsatz zumindest \u201epro forma\u201c schon so manches Theater vor dem Ruin. Und jetzt? Taugt das Konstrukt \u201eTheaterehe\u201c in Zeiten sehr klammer Kassen auch insgesamt zur Rettung der deutschen Theatervielfalt? ___Aufgefallen Kinder der Nacht Zum 200. Geburtstag des [&hellip;]<\/p>\n","protected":false},"author":14,"featured_media":10621,"parent":0,"menu_order":0,"comment_status":"closed","ping_status":"closed","template":"template-cover.php","meta":{"tpgb_global_settings":"","_editorskit_title_hidden":true,"_editorskit_reading_time":0,"_editorskit_is_block_options_detached":false,"_editorskit_block_options_position":"{}","_eb_attr":"","footnotes":""},"class_list":["post-10604","page","type-page","status-publish","has-post-thumbnail","hentry"],"tpgb_featured_images":{"full":["https:\/\/www.orpheus-magazin.de\/wp-content\/uploads\/2025\/04\/Heft-2er_2025-03.jpg",2151,1009,false],"tp-image-grid":["https:\/\/www.orpheus-magazin.de\/wp-content\/uploads\/2025\/04\/Heft-2er_2025-03.jpg",700,328,false],"thumbnail":["https:\/\/www.orpheus-magazin.de\/wp-content\/uploads\/2025\/04\/Heft-2er_2025-03-150x150.jpg",150,150,true],"medium":["https:\/\/www.orpheus-magazin.de\/wp-content\/uploads\/2025\/04\/Heft-2er_2025-03-300x141.jpg",300,141,true],"medium_large":["https:\/\/www.orpheus-magazin.de\/wp-content\/uploads\/2025\/04\/Heft-2er_2025-03-768x360.jpg",600,281,true],"large":["https:\/\/www.orpheus-magazin.de\/wp-content\/uploads\/2025\/04\/Heft-2er_2025-03-1024x480.jpg",600,281,true],"default":"https:\/\/www.orpheus-magazin.de\/wp-content\/plugins\/the-plus-addons-for-block-editor\/assets\/images\/tpgb-placeholder.jpg"},"tpgb_post_meta_info":{"get_date":"28. April 2025","get_modified_date":"30. Juni 2025","author_name":"Silvia Murauer","author_url":"https:\/\/www.orpheus-magazin.de\/de\/author\/mailsilviamurauer-de\/","author_email":"mail@silviamurauer.de","author_website":"","author_description":"","author_facebook":"","author_twitter":"","author_instagram":"","author_role":["administrator"],"author_firstname":"Silvia","author_lastname":"Murauer","user_login":"mail@silviamurauer.de","author_avatar":"<img alt='' src='https:\/\/secure.gravatar.com\/avatar\/f621fd74b09e85b40b2840fd83e82293b9a74c7122761b5607082e36ece1f9d0?s=200&#038;d=mm&#038;r=g' srcset='https:\/\/secure.gravatar.com\/avatar\/f621fd74b09e85b40b2840fd83e82293b9a74c7122761b5607082e36ece1f9d0?s=400&#038;d=mm&#038;r=g 2x' class='avatar avatar-200 photo' height='200' width='200' decoding='async'\/>","author_avatar_url":"https:\/\/secure.gravatar.com\/avatar\/f621fd74b09e85b40b2840fd83e82293b9a74c7122761b5607082e36ece1f9d0?s=96&d=mm&r=g","comment_count":0,"post_likes":0,"post_views":0},"tpgb_post_category":[],"_links":{"self":[{"href":"https:\/\/www.orpheus-magazin.de\/de\/wp-json\/wp\/v2\/pages\/10604","targetHints":{"allow":["GET"]}}],"collection":[{"href":"https:\/\/www.orpheus-magazin.de\/de\/wp-json\/wp\/v2\/pages"}],"about":[{"href":"https:\/\/www.orpheus-magazin.de\/de\/wp-json\/wp\/v2\/types\/page"}],"author":[{"embeddable":true,"href":"https:\/\/www.orpheus-magazin.de\/de\/wp-json\/wp\/v2\/users\/14"}],"replies":[{"embeddable":true,"href":"https:\/\/www.orpheus-magazin.de\/de\/wp-json\/wp\/v2\/comments?post=10604"}],"version-history":[{"count":0,"href":"https:\/\/www.orpheus-magazin.de\/de\/wp-json\/wp\/v2\/pages\/10604\/revisions"}],"wp:featuredmedia":[{"embeddable":true,"href":"https:\/\/www.orpheus-magazin.de\/de\/wp-json\/wp\/v2\/media\/10621"}],"wp:attachment":[{"href":"https:\/\/www.orpheus-magazin.de\/de\/wp-json\/wp\/v2\/media?parent=10604"}],"curies":[{"name":"wp","href":"https:\/\/api.w.org\/{rel}","templated":true}]}}