{"id":107,"date":"2020-07-29T14:24:29","date_gmt":"2020-07-29T12:24:29","guid":{"rendered":"https:\/\/www.orpheus-magazin.de\/?page_id=107"},"modified":"2020-12-07T14:33:20","modified_gmt":"2020-12-07T13:33:20","slug":"marfa_02-2020","status":"publish","type":"page","link":"https:\/\/www.orpheus-magazin.de\/de\/marfa_02-2020\/","title":{"rendered":"EXODUS \/\/ Schiff ahoi"},"content":{"rendered":"\n<h2 class=\"wp-block-heading\">marfa \/\/ music_art_fashion<\/h2>\n\n\n\n<p><\/p>\n\n\n\n<p>Die EXODUS \u2013 endlich \u00f6ffnet sie ihre Pforten und gibt diejenigen frei, f\u00fcr die der einstige Vergn\u00fcgungsdampfer \u201ePresident Warfield\u201c nach jahrelangem Einsatz als Truppentransporter im Zweiten Weltkrieg zum Rettungsanker auf der Flucht vor der grausamen und un\u00fcberwindbar scheinenden Vergangenheit in Europa wird.<\/p>\n\n\n\n<figure class=\"wp-block-image alignwide size-full\"><img fetchpriority=\"high\" decoding=\"async\" width=\"1033\" height=\"581\" src=\"https:\/\/www.orpheus-magazin.de\/wp-content\/uploads\/2020\/07\/200729_beistragsbild_schiff.jpg\" alt=\"\" class=\"wp-image-729\" srcset=\"https:\/\/www.orpheus-magazin.de\/wp-content\/uploads\/2020\/07\/200729_beistragsbild_schiff.jpg 1033w, https:\/\/www.orpheus-magazin.de\/wp-content\/uploads\/2020\/07\/200729_beistragsbild_schiff-300x169.jpg 300w, https:\/\/www.orpheus-magazin.de\/wp-content\/uploads\/2020\/07\/200729_beistragsbild_schiff-1024x576.jpg 1024w, https:\/\/www.orpheus-magazin.de\/wp-content\/uploads\/2020\/07\/200729_beistragsbild_schiff-768x432.jpg 768w, https:\/\/www.orpheus-magazin.de\/wp-content\/uploads\/2020\/07\/200729_beistragsbild_schiff-870x489.jpg 870w, https:\/\/www.orpheus-magazin.de\/wp-content\/uploads\/2020\/07\/200729_beistragsbild_schiff-600x337.jpg 600w\" sizes=\"(max-width: 1033px) 100vw, 1033px\" \/><\/figure>\n\n\n\n<figure class=\"wp-block-pullquote alignfull is-style-solid-color\"><blockquote><p>Wenn Du ein Schiff bauen willst, dann trommle nicht M\u00e4nner zusammen um Holz zu beschaffen, Aufgaben zu vergeben und die Arbeit einzuteilen, sondern lehre die M\u00e4nner die Sehnsucht nach dem weiten, endlosen Meer.<\/p><cite>Antoine de Saint-Exup\u00e9ry<\/cite><\/blockquote><\/figure>\n\n\n\n<p>Die Befreiung aus der Enge des Schiffes in die Ungewissheit. Endstation Sehnsucht, Schicksal zu Unrecht Heimatloser \u2013 und die Apokalypse einer Menschenmasse voller Hoffnung. In seiner Inszenierung von Richard Wagners \u201eDer fliegende Holl\u00e4nder\u201c an der Deutschen Oper Berlin l\u00e4sst Regisseur G\u00f6tz Friedrich 1997 den Holl\u00e4nder nicht von einem Geisterschiff, sondern von der \u201eEXODUS 1997\u201c an Land gehen.<\/p>\n\n\n\n<figure class=\"wp-block-pullquote alignright\"><blockquote><p>Die Frist ist um, und abermals verstrichen sind sieben Jahr&#8216; Voll \u00dcberdru\u00df wirft mich das Meer ans Land.<\/p><\/blockquote><\/figure>\n\n\n\n<p>Die Befreiung aus der Enge des Schiffes in die Ungewissheit. Endstation Sehnsucht, Schicksal zu Unrecht Heimatloser \u2013 und die Apokalypse einer Menschenmasse voller Hoffnung. In seiner Inszenierung von Richard Wagners \u201eDer fliegende Holl\u00e4nder\u201c an der Deutschen Oper Berlin l\u00e4sst Regisseur G\u00f6tz Friedrich 1997 den Holl\u00e4nder nicht von einem Geisterschiff, sondern von der \u201eEXODUS 1997\u201c an Land gehen.<\/p>\n\n\n\n<div class=\"wp-block-cover alignfull has-background-dim-30 has-background-dim has-parallax\" style=\"background-image:url(https:\/\/www.orpheus-magazin.de\/wp-content\/uploads\/2020\/08\/200729_cover_marfa_2020_02_collage.jpg)\"><div class=\"wp-block-cover__inner-container is-layout-flow wp-block-cover-is-layout-flow\">\n<p class=\"has-text-align-center has-large-font-size\">Schwestern \u2013 Schiffe der Hoffnung<\/p>\n<\/div><\/div>\n\n\n\n<figure class=\"wp-block-pullquote alignleft\"><blockquote><p>\u00bbErl\u00f6sung = Heimkehr. Das ist ein Gedanke, der heute nicht nur in Europa, sondern wohl in aller Welt von neuer Brisanz ist, so alt und ewig er auch erscheinen mag\u00ab, erkl\u00e4rt G\u00f6tz Friedrich damals seine Idee.<\/p><\/blockquote><\/figure>\n\n\n\n<p>Am Ende finden sie ihren Frieden. Sie werden im zweiten Anlauf von Bord und ins vermeintlich gelobte Land gelassen. Heute \u00fcber 20 Jahre sp\u00e4ter und 75 Jahre nach der Beendigung des Zweiten Weltkriegs, sind wir ganz offenbar kein St\u00fcck schlauer. Die Welt hat sich ver\u00e4ndert, die Zust\u00e4nde leider nicht. Schlauchboote und \u00fcberladene Schiffe sind bis heute immer noch f\u00fcr viele die einzige M\u00f6glichkeit der Befreiung aus der eigenen Unterdr\u00fcckung, aus nicht ertragbaren Lebenszust\u00e4nden und der Angst vor dem Tod. Heute kommen wir nach Europa, vor 75 Jahren galt es, diesem zu entkommen.<\/p>\n\n\n\n<figure class=\"wp-block-image alignwide size-large\"><img decoding=\"async\" width=\"1024\" height=\"684\" src=\"https:\/\/www.orpheus-magazin.de\/wp-content\/uploads\/2020\/07\/200729_cover_marfa_2020_03_collage-1024x684.jpg\" alt=\"\" class=\"wp-image-763\" srcset=\"https:\/\/www.orpheus-magazin.de\/wp-content\/uploads\/2020\/07\/200729_cover_marfa_2020_03_collage-1024x684.jpg 1024w, https:\/\/www.orpheus-magazin.de\/wp-content\/uploads\/2020\/07\/200729_cover_marfa_2020_03_collage-300x200.jpg 300w, https:\/\/www.orpheus-magazin.de\/wp-content\/uploads\/2020\/07\/200729_cover_marfa_2020_03_collage-768x513.jpg 768w, https:\/\/www.orpheus-magazin.de\/wp-content\/uploads\/2020\/07\/200729_cover_marfa_2020_03_collage-500x334.jpg 500w, https:\/\/www.orpheus-magazin.de\/wp-content\/uploads\/2020\/07\/200729_cover_marfa_2020_03_collage-800x534.jpg 800w, https:\/\/www.orpheus-magazin.de\/wp-content\/uploads\/2020\/07\/200729_cover_marfa_2020_03_collage-1280x855.jpg 1280w, https:\/\/www.orpheus-magazin.de\/wp-content\/uploads\/2020\/07\/200729_cover_marfa_2020_03_collage-870x581.jpg 870w, https:\/\/www.orpheus-magazin.de\/wp-content\/uploads\/2020\/07\/200729_cover_marfa_2020_03_collage-600x401.jpg 600w, https:\/\/www.orpheus-magazin.de\/wp-content\/uploads\/2020\/07\/200729_cover_marfa_2020_03_collage.jpg 1440w\" sizes=\"(max-width: 1024px) 100vw, 1024px\" \/><\/figure>\n\n\n\n<p class=\"has-drop-cap\">Das Sehnsuchtsziel vieler Juden damals: ein neues, besseres Leben in einem eigenen Land in Pal\u00e4stina. \u00dcber 4.500 Menschen aus den Sammellagern rund um Marseille bestiegen in der Nacht vom 9. auf den 10. Juli 1974 aus eben diesem Grund die \u201ePresident Warfield\u201c, die aus berechtiger Furcht vor den bis heute bekanntlich keinesfalls ausgefochtenen Konflikten zwischen Juden und Arabern in Pal\u00e4stina von den franz\u00f6sischen Beh\u00f6rden bereits im Heimathafen vor dem Auslaufen gehindert werden sollten.<\/p>\n\n\n\n<div class=\"wp-block-nk-awb nk-awb alignfull nk-awb-fullheight nk-awb-content-valign-top nk-awb-1Y6dMv\" data-ghostkit-styles=\".nk-awb-1Y6dMv { padding-left: 50px; padding-right: 50px; }\"><div class=\"nk-awb-wrap\" data-awb-type=\"image\" data-awb-image-background-size=\"cover\" data-awb-image-background-position=\"50% 51%\" data-awb-parallax=\"scale\" data-awb-parallax-speed=\"0.1\" data-awb-parallax-mobile=\"false\"><div class=\"nk-awb-inner\"><img decoding=\"async\" src=\"https:\/\/www.orpheus-magazin.de\/wp-content\/uploads\/2020\/08\/200729_cover_marfa_2020_04_fotocollage_blur.png\" class=\"wp-image-781 jarallax-img\" width=\"1440\" height=\"962\" srcset=\"https:\/\/www.orpheus-magazin.de\/wp-content\/uploads\/2020\/08\/200729_cover_marfa_2020_04_fotocollage_blur.png 1440w, https:\/\/www.orpheus-magazin.de\/wp-content\/uploads\/2020\/08\/200729_cover_marfa_2020_04_fotocollage_blur-300x200.png 300w, https:\/\/www.orpheus-magazin.de\/wp-content\/uploads\/2020\/08\/200729_cover_marfa_2020_04_fotocollage_blur-1024x684.png 1024w, https:\/\/www.orpheus-magazin.de\/wp-content\/uploads\/2020\/08\/200729_cover_marfa_2020_04_fotocollage_blur-768x513.png 768w, https:\/\/www.orpheus-magazin.de\/wp-content\/uploads\/2020\/08\/200729_cover_marfa_2020_04_fotocollage_blur-500x334.png 500w, https:\/\/www.orpheus-magazin.de\/wp-content\/uploads\/2020\/08\/200729_cover_marfa_2020_04_fotocollage_blur-800x534.png 800w, https:\/\/www.orpheus-magazin.de\/wp-content\/uploads\/2020\/08\/200729_cover_marfa_2020_04_fotocollage_blur-1280x855.png 1280w, https:\/\/www.orpheus-magazin.de\/wp-content\/uploads\/2020\/08\/200729_cover_marfa_2020_04_fotocollage_blur-870x581.png 870w, https:\/\/www.orpheus-magazin.de\/wp-content\/uploads\/2020\/08\/200729_cover_marfa_2020_04_fotocollage_blur-600x401.png 600w\" sizes=\"(max-width: 1440px) 100vw, 1440px\" \/><\/div><\/div>\n<figure class=\"wp-block-pullquote alignwide is-style-solid-color\"><blockquote><p>Die Cook-Schwestern bei einer ihrer ganz speziellen Opernreisen und auf einer historischen Aufnahme nach dem Krieg.<\/p><\/blockquote><\/figure>\n<\/div>\n\n\n\n<figure class=\"wp-block-pullquote alignwide is-style-solid-color\"><blockquote><p>Ida Cook alias Mary Burchell an der Schreibmaschine: Mit dem Verfassen von Bestseller-Romanen finanzierte sie die Rettung von 29 Juden aus Nazideutschland.<\/p><\/blockquote><\/figure>\n\n\n\n<div style=\"height:100px\" aria-hidden=\"true\" class=\"wp-block-spacer\"><\/div>\n\n\n\n<figure class=\"wp-block-pullquote alignleft is-style-default\"><blockquote><p><strong><em>Die mir die Wunde auf ewig schlie\u00dfe \u2013 sie naht wie ein Held, <\/em><\/strong><strong><em>sie naht mir zum Heil! <\/em><\/strong><br><strong><em>Vergeh die Welt meiner jauchzenden Eil\u2018!<\/em><\/strong><\/p><cite>Ida Cook<\/cite><\/blockquote><\/figure>\n\n\n\n<p>Befragt zum Zustand der mit Habseligkeiten, Schmuck und Pelzen \u00fcberfrachteten Reisenden, gab es f\u00fcr die Schwestern an der Grenze eine ebenso einfache wie schlagfertige Erkl\u00e4rung: \u201eWir waren zwei nerv\u00f6se britische Jungfern, die unseren Familien zu Hause nicht vertrauten, und als wir ins Ausland gingen, nahmen wir all unseren Schmuck mit\u201c, erkl\u00e4rt Ida in ihren Memoiren. \u201eDarauf gab es keine Antwort. Sie konnten sagen, das sei l\u00e4cherlich, aber Sie konnten nicht sagen, dass es nicht wahr sei.\u201c 1965 erhielten die Schwestern vom Staat Israel die Auszeichnung \u201eGerechte unter den V\u00f6lkern\u201c f\u00fcr ihre \u201eHerzensw\u00e4rme, Hingabe, seltene Beharrlichkeit [und Bereitschaft], ihre pers\u00f6nliche Sicherheit, Zeit und Energie zu opfern\u201c. Ida starb 1986, Louise \u00fcberlebte sie um etwas mehr als vier Jahre.<\/p>\n\n\n\n<pre class=\"wp-block-verse\">Die von Ida Cook 1950 erstmals ver\u00f6ffentlichten Memoiren sind bisher leider nur in englischer Sprache erschienen. Es gibt allerdings ein Buch von Louise Carpenter mit dem Titel \u201eIda &amp; Louise\u201c, das die Geschichte der beiden Schwestern ausf\u00fchrlich in deutscher Sprache erz\u00e4hlt.<\/pre>\n\n\n\n<div style=\"height:100px\" aria-hidden=\"true\" class=\"wp-block-spacer\"><\/div>\n\n\n\n<p class=\"has-drop-cap\">Auch f\u00fcr den Berliner Kulturmanager Peter Sauerbaum und sein Team ist es ein Schiff, das Hoffnung auf eine Zukunft ohne Fremdenfeindlichkeit und Antisemitismus macht: <em>\u201eDie Grundlagen, um immun gegen\u00fcber antisemitischen, rassistischen und fremdenfeindlichen Einfl\u00fcsterungen zu sein und zu bleiben, werden bei Kindern und Jugendlichen gelegt. Daher sind uns Projekte und Programme der Kulturellen Bildung sehr wichtig\u201c<\/em>, so Sauerbaum, k\u00fcnstlerischer Leiter des Choriner Musiksommers und ehemaliger Gesch\u00e4ftsf\u00fchrer des J\u00fcdischen Museums und der Deutschen Oper Berlin. Als langj\u00e4hriger Berliner und Kulturmanager wei\u00df er, wovon er spricht: \u201eWir folgen dem Credo Leo Kestenbergs, dem Doyen der deutschen Musikp\u00e4dagogik, der erkl\u00e4rte, dass Erziehung zur Menschlichkeit von und durch Musik geschehe. Dieser Dieser Grundsatz ist nicht auf musikalische Projekte beschr\u00e4nkt, sondern allumfassend.\u201c Die B\u00fchne \u2013 so auch der Name des j\u00fcdischen Theaterschiffs, ein Projekt des Berliner Vereins \u201eDiscover Jewish Europe e.V.\u201c \u2013 findet hoffentlich bald auf der MS Goldberg ihr Zuhause. Das Schiff, Baujahr 1964, ist 67 Meter lang und 8,20 Meter breit. Aktuell ist es in der Binnenschifffahrt noch in Betrieb und ab und an auch auf der Spree in Berlin zu sehen. Dann transportiert es Tonnen an Sand, Kies oder anderen Materialien.<\/p>\n\n\n\n<div class=\"wp-block-image is-style-rounded\"><figure class=\"alignleft size-full\"><img loading=\"lazy\" decoding=\"async\" width=\"500\" height=\"500\" src=\"https:\/\/www.orpheus-magazin.de\/wp-content\/uploads\/2020\/08\/marfa_schiff_quadrat.jpg\" alt=\"\" class=\"wp-image-829\" srcset=\"https:\/\/www.orpheus-magazin.de\/wp-content\/uploads\/2020\/08\/marfa_schiff_quadrat.jpg 500w, https:\/\/www.orpheus-magazin.de\/wp-content\/uploads\/2020\/08\/marfa_schiff_quadrat-300x300.jpg 300w, https:\/\/www.orpheus-magazin.de\/wp-content\/uploads\/2020\/08\/marfa_schiff_quadrat-150x150.jpg 150w, https:\/\/www.orpheus-magazin.de\/wp-content\/uploads\/2020\/08\/marfa_schiff_quadrat-100x100.jpg 100w\" sizes=\"(max-width: 500px) 100vw, 500px\" \/><\/figure><\/div>\n\n\n\n<p>Ab dem Fr\u00fchjahr 2021 soll es dann \u201enur\u201c noch Kultur und humanistische, V\u00f6lker friedlich vereinende Gedanken transportieren. Der Heimathafen soll in Berlin sein, im Moment sind die Reinbeckhallen daf\u00fcr angedacht. Doch das Schiff ist so flexibel wie es die eigene Philosophie auch von seinen Besuchern erfordert. Allerdings gibt es bis zum gl\u00fccklichen Ende noch einige H\u00fcrden zu nehmen. Die vorgegebene Durchfahrtsh\u00f6he von 4,20 Metern bei Brandenburger Br\u00fccken ist dabei eine der einfacheren. Die Einwerbung von Spenden f\u00fcr das soziale Projekt ist da schon eine andere Nummer. Das Schiff selbst kostet 200.000 Euro in der Anschaffung, die Umbauten noch einmal 900.000 Euro. Sauerbaum wirkt zuversichtlich, nicht zuletzt, weil einige Gro\u00dfspenden aus der Industrie f\u00fcr das Kulturprojekt mit dem aufkl\u00e4rerischen Anspruch beachtlich sind. \u201eWir sind aber noch lange nicht auf der sicheren Seite und freuen uns \u00fcber jeden Beitrag, der uns dabei hilft, dieses wichtige Projekt zu realisieren\u201c, so Sauerbaum.<\/p>\n\n\n\n<h2 class=\"wp-block-heading\">DIE PASSAGIERIN<\/h2>\n\n\n\n<h4 class=\"wp-block-heading\">Oper in zwei Akten<\/h4>\n\n\n\n<p><strong>Musik | | Mieczys\u0142aw Weinberg<br>Libretto | | Alexander Medwedew<br>Literarische Vorlage | | Zofia Posmysz: Pasa\u017cerka<\/strong><br><br>Urauff\u00fchrung | | 2006 (konzertant) \/ 21. Juli 2010 (szenisch) <br>Ort der Urauff\u00fchrung | | Moskau \/ Bregenzer Festspiele <br>Spieldauer | | 2 1\/2 Stunden<br>Ort und Zeit | | Ein Schiff nach S\u00fcdamerika um 1960,<br>in R\u00fcckblicken: KZ Auschwitz zur NS-Zeit<\/p>\n\n\n\n<div class=\"wp-block-nk-awb nk-awb alignfull nk-awb-fullheight nk-awb-content-valign-center\"><div class=\"nk-awb-wrap\" data-awb-type=\"video\" data-awb-video=\"mp4:https:\/\/www.orpheus-magazin.de\/wp-content\/uploads\/2020\/08\/hills_and_the_sea_trimmed.mp4\" data-awb-video-mobile=\"false\" data-awb-parallax=\"scroll-opacity\" data-awb-parallax-speed=\"1\" data-awb-parallax-mobile=\"false\"><div class=\"nk-awb-inner\"><\/div><\/div>\n<blockquote class=\"wp-block-quote has-text-align-left is-style-large is-layout-flow wp-block-quote-is-layout-flow\"><p>Mein Herz im Osten,<br>und ich selber am westlichsten Rand. <br><br>Wie schmeckte Trank mir und Speis! <br>wie? dran Gefallen je ich fand?<br><br>Weh, wie vollend ich Gl\u00fcbd?<br>wie meine Weihung?<br>da noch Zion in r\u00f6mischer Haft, <br>ich in arabischem Band.<\/p><cite>Jehuda Halevi<br><br>Video: \u00bbHills and the Sea\u00ab<br><a rel=\"noreferrer noopener\" href=\"https:\/\/archive.org\" target=\"_blank\">https:\/\/archive.org<\/a> (Prelinger Archives)<\/cite><\/blockquote>\n<\/div>\n\n\n\n<h3 class=\"wp-block-heading\">1. Akt<\/h3>\n\n\n\n<p class=\"has-drop-cap\">Anna Lisa Kretschmar befindet sich mit Ihrem Ehemann auf einem Schiff nach S\u00fcdamerika. Lisa glaubt, an Bord die ehemalige Gefangene Marhta zu erkennen. Sie gesteht ihrem Mann, eine KZ-Aufseherin gewesen zu sein. Ihr Mann f\u00fchlt sich betrogen. Vom Steward erfahren sie, dass die Unbekannte englische Staatsb\u00fcrgerin sei. <\/p>\n\n\n\n<p>R\u00fcckblick: Eine Frau wird im KZ Auschwitz zusammengeschlagen. Lisa zwingt Martha, den bei ihr gefundenen Brief \u00fcbersetzend laut vorzulesen. Martha verliest statt des Verschw\u00f6rungsinhalts einen Liebesbrief. Auf dem Schiff beklat sich Lisa bei ihrem Mann \u00fcber diesen Betrug, von dem sie sp\u00e4ter erfahren hat. Walter schweigt dazu.<\/p>\n\n\n\n<div class=\"wp-block-cover alignfull has-background-dim-40 has-background-dim has-parallax has-background-gradient\" style=\"background-image:url(https:\/\/www.orpheus-magazin.de\/wp-content\/uploads\/2020\/08\/200729_cover_marfa_2020_04_fashion-1024x684.png)\"><span aria-hidden=\"true\" class=\"wp-block-cover__gradient-background\" style=\"background:linear-gradient(90deg,rgb(238,238,238) 0%,rgb(255,255,255) 100%)\"><\/span><div class=\"wp-block-cover__inner-container is-layout-flow wp-block-cover-is-layout-flow\">\n<p class=\"has-text-align-center has-large-font-size\"><\/p>\n<\/div><\/div>\n\n\n\n<h3 class=\"wp-block-heading\">2. Akt<\/h3>\n\n\n\n<p class=\"has-drop-cap\">Ein Musiker, der eine der von Martha verwalteten Geigen abholen soll, stellt sich als Marthas Verlobter Tadeusz heraus. Als sie von Lisa \u00fcberrascht werden, zeigt diese Verst\u00e4ndnis und erm\u00f6glicht ihnen ein Rendezvous. Es stellt sich heraus, dass das Verschw\u00f6rungsschreiben von Tadeusz stammte. Als Lisa ihm anbietet, ein weiteres Treffen mit Martha zu erm\u00f6glichen, lehnt dieser ab, da er f\u00fcr Martha kein Risiko w\u00fcnscht. Lisa erz\u00e4hlt Martha, dass Tadeusz es abgelehnt habe, sie zu treffen. Au\u00dferdem habe sie das heimliche Treffen der beiden gemeldet und somit Martha und Tadeusz verraten. Bevor beide ihrem Schicksal \u00fcbergeben werden, soll Martha Tadeusz noch einmal spielen h\u00f6ren. Lisa erf\u00e4hrt, dass die unbekannte Passagierin doch Polin ist. Sie versucht, ihre Vergangenheit zu rechtfertigen. Ihr Mann best\u00e4tigt sie darin.<\/p>\n\n\n\n<figure class=\"wp-block-image alignfull size-full\"><img loading=\"lazy\" decoding=\"async\" width=\"1440\" height=\"962\" src=\"https:\/\/www.orpheus-magazin.de\/wp-content\/uploads\/2020\/08\/200729_cover_marfa_2020_04_fashion.png\" alt=\"\" class=\"wp-image-870\" srcset=\"https:\/\/www.orpheus-magazin.de\/wp-content\/uploads\/2020\/08\/200729_cover_marfa_2020_04_fashion.png 1440w, https:\/\/www.orpheus-magazin.de\/wp-content\/uploads\/2020\/08\/200729_cover_marfa_2020_04_fashion-300x200.png 300w, https:\/\/www.orpheus-magazin.de\/wp-content\/uploads\/2020\/08\/200729_cover_marfa_2020_04_fashion-1024x684.png 1024w, https:\/\/www.orpheus-magazin.de\/wp-content\/uploads\/2020\/08\/200729_cover_marfa_2020_04_fashion-768x513.png 768w, https:\/\/www.orpheus-magazin.de\/wp-content\/uploads\/2020\/08\/200729_cover_marfa_2020_04_fashion-500x334.png 500w, https:\/\/www.orpheus-magazin.de\/wp-content\/uploads\/2020\/08\/200729_cover_marfa_2020_04_fashion-800x534.png 800w, https:\/\/www.orpheus-magazin.de\/wp-content\/uploads\/2020\/08\/200729_cover_marfa_2020_04_fashion-1280x855.png 1280w, https:\/\/www.orpheus-magazin.de\/wp-content\/uploads\/2020\/08\/200729_cover_marfa_2020_04_fashion-870x581.png 870w, https:\/\/www.orpheus-magazin.de\/wp-content\/uploads\/2020\/08\/200729_cover_marfa_2020_04_fashion-600x401.png 600w\" sizes=\"(max-width: 1440px) 100vw, 1440px\" \/><\/figure>\n\n\n\n<blockquote class=\"wp-block-quote is-layout-flow wp-block-quote-is-layout-flow\"><p><\/p><cite>Text: Alexander Busche<\/cite><\/blockquote>\n","protected":false},"excerpt":{"rendered":"<p>Die Zeiten sind turbulent, die Vorg\u00e4nge in einer v\u00f6llig gel\u00e4hmt wirkenden Politik sind es auch. Machtbesessene Menschen lassen sich mit W\u00e4hlerstimmen aus dem rechten Fl\u00fcgel zum Ministerpr\u00e4sidenten mit Eintagsfliegen-Potenzial w\u00e4hlen. Die letzten Fassadenreste einer Demokratie werden im nachtr\u00e4glichen Korrektiv von oben aufgezwungen. Nur Nana Mouskouri wei\u00df es seit Jahrzehnten besser: Ein Schiff wird kommen &#8230;<\/p>","protected":false},"author":0,"featured_media":767,"parent":0,"menu_order":0,"comment_status":"closed","ping_status":"closed","template":"template-cover.php","meta":{"tpgb_global_settings":"","_editorskit_title_hidden":false,"_editorskit_reading_time":0,"_editorskit_is_block_options_detached":false,"_editorskit_block_options_position":"{}","_eb_attr":"","footnotes":""},"class_list":["post-107","page","type-page","status-publish","has-post-thumbnail","hentry"],"tpgb_featured_images":{"full":["https:\/\/www.orpheus-magazin.de\/wp-content\/uploads\/2020\/08\/200729_cover_marfa_2020_03_collage_blur.jpg",1440,962,false],"tp-image-grid":["https:\/\/www.orpheus-magazin.de\/wp-content\/uploads\/2020\/08\/200729_cover_marfa_2020_03_collage_blur-700x700.jpg",700,700,true],"thumbnail":["https:\/\/www.orpheus-magazin.de\/wp-content\/uploads\/2020\/08\/200729_cover_marfa_2020_03_collage_blur-600x200.jpg",600,200,true],"medium":["https:\/\/www.orpheus-magazin.de\/wp-content\/uploads\/2020\/08\/200729_cover_marfa_2020_03_collage_blur-1200x802.jpg",1200,802,true],"medium_large":["https:\/\/www.orpheus-magazin.de\/wp-content\/uploads\/2020\/08\/200729_cover_marfa_2020_03_collage_blur-768x513.jpg",600,401,true],"large":["https:\/\/www.orpheus-magazin.de\/wp-content\/uploads\/2020\/08\/200729_cover_marfa_2020_03_collage_blur-1024x684.jpg",600,401,true],"default":"https:\/\/www.orpheus-magazin.de\/wp-content\/plugins\/the-plus-addons-for-block-editor\/assets\/images\/tpgb-placeholder.jpg"},"tpgb_post_meta_info":{"get_date":"29. Juli 2020","get_modified_date":"7. Dezember 2020","comment_count":0,"post_likes":0,"post_views":0},"tpgb_post_category":[],"_links":{"self":[{"href":"https:\/\/www.orpheus-magazin.de\/de\/wp-json\/wp\/v2\/pages\/107","targetHints":{"allow":["GET"]}}],"collection":[{"href":"https:\/\/www.orpheus-magazin.de\/de\/wp-json\/wp\/v2\/pages"}],"about":[{"href":"https:\/\/www.orpheus-magazin.de\/de\/wp-json\/wp\/v2\/types\/page"}],"replies":[{"embeddable":true,"href":"https:\/\/www.orpheus-magazin.de\/de\/wp-json\/wp\/v2\/comments?post=107"}],"version-history":[{"count":0,"href":"https:\/\/www.orpheus-magazin.de\/de\/wp-json\/wp\/v2\/pages\/107\/revisions"}],"wp:featuredmedia":[{"embeddable":true,"href":"https:\/\/www.orpheus-magazin.de\/de\/wp-json\/wp\/v2\/media\/767"}],"wp:attachment":[{"href":"https:\/\/www.orpheus-magazin.de\/de\/wp-json\/wp\/v2\/media?parent=107"}],"curies":[{"name":"wp","href":"https:\/\/api.w.org\/{rel}","templated":true}]}}