{"id":11578,"date":"2025-10-30T13:33:26","date_gmt":"2025-10-30T12:33:26","guid":{"rendered":"https:\/\/www.orpheus-magazin.de\/?page_id=11578"},"modified":"2025-12-23T20:31:21","modified_gmt":"2025-12-23T19:31:21","slug":"ausgabe-06-2025","status":"publish","type":"page","link":"https:\/\/www.orpheus-magazin.de\/de\/ausgabe-06-2025\/","title":{"rendered":"Ausgabe 06\/2025"},"content":{"rendered":"<h1 class=\"wp-block-heading has-text-align-center font-montserrat-alternates\" id=\"ausgabe-06-2021\" style=\"font-size:45px\">Ausgabe 06\/2025<\/h1>\n\n\n\n<div style=\"height:1px\" aria-hidden=\"true\" class=\"wp-block-spacer\"><\/div>\n\n\n\n<div class=\"wp-block-cover is-light wp-duotone-unset-1\" style=\"min-height:500px;aspect-ratio:unset;\"><img fetchpriority=\"high\" decoding=\"async\" width=\"1024\" height=\"485\" class=\"wp-block-cover__image-background wp-image-11579 size-large\" alt=\"\" src=\"https:\/\/www.orpheus-magazin.de\/wp-content\/uploads\/2025\/10\/Altmeister_Inhalt-1024x485.jpg\" data-object-fit=\"cover\" srcset=\"https:\/\/www.orpheus-magazin.de\/wp-content\/uploads\/2025\/10\/Altmeister_Inhalt-1024x485.jpg 1024w, https:\/\/www.orpheus-magazin.de\/wp-content\/uploads\/2025\/10\/Altmeister_Inhalt-300x142.jpg 300w, https:\/\/www.orpheus-magazin.de\/wp-content\/uploads\/2025\/10\/Altmeister_Inhalt-768x364.jpg 768w, https:\/\/www.orpheus-magazin.de\/wp-content\/uploads\/2025\/10\/Altmeister_Inhalt-870x412.jpg 870w, https:\/\/www.orpheus-magazin.de\/wp-content\/uploads\/2025\/10\/Altmeister_Inhalt-600x284.jpg 600w, https:\/\/www.orpheus-magazin.de\/wp-content\/uploads\/2025\/10\/Altmeister_Inhalt-500x237.jpg 500w, https:\/\/www.orpheus-magazin.de\/wp-content\/uploads\/2025\/10\/Altmeister_Inhalt-800x379.jpg 800w, https:\/\/www.orpheus-magazin.de\/wp-content\/uploads\/2025\/10\/Altmeister_Inhalt-1280x606.jpg 1280w, https:\/\/www.orpheus-magazin.de\/wp-content\/uploads\/2025\/10\/Altmeister_Inhalt.jpg 1500w\" sizes=\"(max-width: 1024px) 100vw, 1024px\" \/><span aria-hidden=\"true\" class=\"wp-block-cover__background has-black-background-color has-background-dim-30 has-background-dim\"><\/span><div class=\"wp-block-cover__inner-container is-layout-constrained wp-block-cover-is-layout-constrained\">\n<p class=\"has-text-align-center has-white-color has-text-color has-link-color wp-elements-5ddaa4aa282b693cde5d20aba801be01\" style=\"font-size:30px\"><br><br><br><strong>GESCHICHTE DES HEITEREN MUSIKTHEATERS<\/strong><br>Die Altmeister des Komischen<\/p>\n\n\n\n<p class=\"has-text-align-center has-white-color has-text-color has-link-color has-medium-font-size wp-elements-77a7eb4d48b68833002f8a77e46f0d0d\"><strong><a href=\"https:\/\/www.orpheus-magazin.de\/de\/2025\/10\/31\/die-altmeister-des-komischen\/\">Leseprobe<\/a><\/strong><\/p>\n<\/div><\/div>\n\n\n\n<div style=\"height:10px\" aria-hidden=\"true\" class=\"wp-block-spacer\"><\/div>\n\n\n\n<div class=\"wp-block-columns alignwide is-style-default is-layout-flex wp-container-core-columns-is-layout-9d6595d7 wp-block-columns-is-layout-flex\">\n<div class=\"wp-block-column is-layout-flow wp-block-column-is-layout-flow\" style=\"flex-basis:20%\">\n<p class=\"has-text-align-right has-light-gray-color has-text-color has-small-font-size\">___<br>Impressionen<\/p>\n<\/div>\n\n\n\n<div class=\"wp-block-column is-layout-flow wp-block-column-is-layout-flow\" style=\"flex-basis:50%\">\n<p class=\"has-regular-font-size\"><strong>Ein Leben f\u00fcr 2.400 Euro<\/strong><\/p>\n\n\n\n<p>Kultur im Weltkriegsbunker<\/p>\n\n\n\n<div style=\"height:60px\" aria-hidden=\"true\" class=\"wp-block-spacer\"><\/div>\n\n\n\n<hr class=\"wp-block-separator has-css-opacity is-style-wide\"\/>\n<\/div>\n\n\n\n<div class=\"wp-block-column is-layout-flow wp-block-column-is-layout-flow\" style=\"flex-basis:30%\">\n<figure class=\"wp-block-image size-full\"><img decoding=\"async\" width=\"500\" height=\"280\" src=\"https:\/\/www.orpheus-magazin.de\/wp-content\/uploads\/2025\/10\/2025-06_Inhalt_01.jpg\" alt=\"\" class=\"wp-image-11585\" srcset=\"https:\/\/www.orpheus-magazin.de\/wp-content\/uploads\/2025\/10\/2025-06_Inhalt_01.jpg 500w, https:\/\/www.orpheus-magazin.de\/wp-content\/uploads\/2025\/10\/2025-06_Inhalt_01-300x168.jpg 300w\" sizes=\"(max-width: 500px) 100vw, 500px\" \/><\/figure>\n\n\n\n<p><\/p>\n<\/div>\n<\/div>\n\n\n\n<div class=\"wp-block-columns alignwide is-style-default is-layout-flex wp-container-core-columns-is-layout-9d6595d7 wp-block-columns-is-layout-flex\">\n<div class=\"wp-block-column is-layout-flow wp-block-column-is-layout-flow\" style=\"flex-basis:20%\">\n<p class=\"has-text-align-right has-light-gray-color has-text-color has-small-font-size\">___<br>Titel<\/p>\n<\/div>\n\n\n\n<div class=\"wp-block-column is-layout-flow wp-block-column-is-layout-flow\" style=\"flex-basis:50%\">\n<p class=\"has-regular-font-size\"><strong>Vom Leid erz\u00e4hlen<\/strong><\/p>\n\n\n\n<p>Johannes Martin Kr\u00e4nzle z\u00e4hlt zu den bedeutendsten Baritonen unserer Zeit. Nach einer \u00fcberstandenen Knochenmarkserkrankung 2015 traf ihn im November 2024 erneut ein schwerer Schicksalsschlag: die Diagnose einer akuten Leuk\u00e4mie. Im Interview spricht er offen \u00fcber existenzielle Erfahrungen, k\u00fcnstlerische Perspektiven und seinen Weg zur\u00fcck auf die B\u00fchne<\/p>\n\n\n\n<hr class=\"wp-block-separator has-css-opacity is-style-wide\"\/>\n<\/div>\n\n\n\n<div class=\"wp-block-column is-layout-flow wp-block-column-is-layout-flow\" style=\"flex-basis:30%\">\n<figure class=\"wp-block-image size-full\"><img decoding=\"async\" width=\"500\" height=\"280\" src=\"https:\/\/www.orpheus-magazin.de\/wp-content\/uploads\/2025\/10\/2025-06_Inhalt_02.jpg\" alt=\"\" class=\"wp-image-11586\" srcset=\"https:\/\/www.orpheus-magazin.de\/wp-content\/uploads\/2025\/10\/2025-06_Inhalt_02.jpg 500w, https:\/\/www.orpheus-magazin.de\/wp-content\/uploads\/2025\/10\/2025-06_Inhalt_02-300x168.jpg 300w\" sizes=\"(max-width: 500px) 100vw, 500px\" \/><\/figure>\n\n\n\n<p><\/p>\n<\/div>\n<\/div>\n\n\n\n<div class=\"wp-block-columns alignwide is-style-default is-layout-flex wp-container-core-columns-is-layout-9d6595d7 wp-block-columns-is-layout-flex\">\n<div class=\"wp-block-column is-layout-flow wp-block-column-is-layout-flow\" style=\"flex-basis:20%\">\n<p class=\"has-text-align-right has-light-gray-color has-text-color has-small-font-size\">___<br>Unterwegs<\/p>\n<\/div>\n\n\n\n<div class=\"wp-block-column is-layout-flow wp-block-column-is-layout-flow\" style=\"flex-basis:50%\">\n<p class=\"has-regular-font-size\"><strong>Arien und Azulejos<\/strong><\/p>\n\n\n\n<p>Mit einem neuen Festival st\u00e4rkt Sevilla seinen Ruf als Hauptstadt der Oper<\/p>\n\n\n\n<div style=\"height:30px\" aria-hidden=\"true\" class=\"wp-block-spacer\"><\/div>\n\n\n\n<hr class=\"wp-block-separator has-css-opacity is-style-wide\"\/>\n<\/div>\n\n\n\n<div class=\"wp-block-column is-layout-flow wp-block-column-is-layout-flow\" style=\"flex-basis:30%\">\n<figure class=\"wp-block-image size-full\"><img loading=\"lazy\" decoding=\"async\" width=\"500\" height=\"280\" src=\"https:\/\/www.orpheus-magazin.de\/wp-content\/uploads\/2025\/10\/2025-06_Inhalt_03.jpg\" alt=\"\" class=\"wp-image-11587\" srcset=\"https:\/\/www.orpheus-magazin.de\/wp-content\/uploads\/2025\/10\/2025-06_Inhalt_03.jpg 500w, https:\/\/www.orpheus-magazin.de\/wp-content\/uploads\/2025\/10\/2025-06_Inhalt_03-300x168.jpg 300w\" sizes=\"(max-width: 500px) 100vw, 500px\" \/><\/figure>\n\n\n\n<p><\/p>\n<\/div>\n<\/div>\n\n\n\n<div class=\"wp-block-columns alignwide is-style-default is-layout-flex wp-container-core-columns-is-layout-9d6595d7 wp-block-columns-is-layout-flex\">\n<div class=\"wp-block-column is-layout-flow wp-block-column-is-layout-flow\" style=\"flex-basis:20%\">\n<p class=\"has-text-align-right has-light-gray-color has-text-color has-small-font-size\">___<br>Interview<\/p>\n<\/div>\n\n\n\n<div class=\"wp-block-column is-layout-flow wp-block-column-is-layout-flow\" style=\"flex-basis:50%\">\n<p class=\"has-regular-font-size\"><strong>Traumkapazit\u00e4ten<\/strong><\/p>\n\n\n\n<p>Was er will: das zeitgen\u00f6ssische Musiktheater vom Ruf der \u201eintellektuellen H\u00f6henluft\u201c zu befreien. Was er kann: handfeste Ergebnisse liefern, ob seit Jahren in der B\u00fchnenkunst oder fr\u00fcher schon auf dem Bau. Wen er hinter sich hat: eine neugierige Stadtgesellschaft, die Kulturpolitik \u2013 und ein engagiertes Team, das einfach nur \u201egeiles Theater\u201c machen will. Ein Gespr\u00e4ch mit dem Magdeburger Generalintendanten Julien Chavaz<\/p>\n\n\n\n<hr class=\"wp-block-separator has-css-opacity is-style-wide\"\/>\n<\/div>\n\n\n\n<div class=\"wp-block-column is-layout-flow wp-block-column-is-layout-flow\" style=\"flex-basis:30%\">\n<figure class=\"wp-block-image size-full\"><img loading=\"lazy\" decoding=\"async\" width=\"500\" height=\"280\" src=\"https:\/\/www.orpheus-magazin.de\/wp-content\/uploads\/2025\/10\/2025-06_Inhalt_04.jpg\" alt=\"\" class=\"wp-image-11588\" srcset=\"https:\/\/www.orpheus-magazin.de\/wp-content\/uploads\/2025\/10\/2025-06_Inhalt_04.jpg 500w, https:\/\/www.orpheus-magazin.de\/wp-content\/uploads\/2025\/10\/2025-06_Inhalt_04-300x168.jpg 300w\" sizes=\"(max-width: 500px) 100vw, 500px\" \/><\/figure>\n\n\n\n<p><\/p>\n<\/div>\n<\/div>\n\n\n\n<div class=\"wp-block-columns alignwide is-style-default is-layout-flex wp-container-core-columns-is-layout-9d6595d7 wp-block-columns-is-layout-flex\">\n<div class=\"wp-block-column is-layout-flow wp-block-column-is-layout-flow\" style=\"flex-basis:20%\">\n<p class=\"has-text-align-right has-light-gray-color has-text-color has-small-font-size\">___<br>Oper erleben<\/p>\n<\/div>\n\n\n\n<div class=\"wp-block-column is-layout-flow wp-block-column-is-layout-flow\" style=\"flex-basis:50%\">\n<p class=\"has-regular-font-size\"><strong>Maskottchen mit Herz<\/strong><\/p>\n\n\n\n<p>\u201eGustl und die Sp\u00fcrnasen\u201c, der neue Kinderpodcast der Bayerischen Staatsoper<\/p>\n\n\n\n<div style=\"height:30px\" aria-hidden=\"true\" class=\"wp-block-spacer\"><\/div>\n\n\n\n<hr class=\"wp-block-separator has-css-opacity is-style-wide\"\/>\n<\/div>\n\n\n\n<div class=\"wp-block-column is-layout-flow wp-block-column-is-layout-flow\" style=\"flex-basis:30%\">\n<figure class=\"wp-block-image size-full\"><img loading=\"lazy\" decoding=\"async\" width=\"500\" height=\"280\" src=\"https:\/\/www.orpheus-magazin.de\/wp-content\/uploads\/2025\/10\/2025-06_Inhalt_05.jpg\" alt=\"\" class=\"wp-image-11589\" srcset=\"https:\/\/www.orpheus-magazin.de\/wp-content\/uploads\/2025\/10\/2025-06_Inhalt_05.jpg 500w, https:\/\/www.orpheus-magazin.de\/wp-content\/uploads\/2025\/10\/2025-06_Inhalt_05-300x168.jpg 300w\" sizes=\"(max-width: 500px) 100vw, 500px\" \/><\/figure>\n\n\n\n<p><\/p>\n<\/div>\n<\/div>\n\n\n\n<div class=\"wp-block-columns alignwide is-style-default is-layout-flex wp-container-core-columns-is-layout-9d6595d7 wp-block-columns-is-layout-flex\">\n<div class=\"wp-block-column is-layout-flow wp-block-column-is-layout-flow\" style=\"flex-basis:20%\">\n<p class=\"has-text-align-right has-light-gray-color has-text-color has-small-font-size\">___<br>Impuls<\/p>\n<\/div>\n\n\n\n<div class=\"wp-block-column is-layout-flow wp-block-column-is-layout-flow\" style=\"flex-basis:50%\">\n<p class=\"has-regular-font-size\"><strong>\u201eFor freedom of artistic expression\u201c<\/strong><\/p>\n\n\n\n<p>Zur Debatte um freie Meinungs\u00e4u\u00dferung in den USA<\/p>\n\n\n\n<div style=\"height:60px\" aria-hidden=\"true\" class=\"wp-block-spacer\"><\/div>\n\n\n\n<hr class=\"wp-block-separator has-css-opacity is-style-wide\"\/>\n<\/div>\n\n\n\n<div class=\"wp-block-column is-layout-flow wp-block-column-is-layout-flow\" style=\"flex-basis:30%\">\n<figure class=\"wp-block-image size-full\"><img loading=\"lazy\" decoding=\"async\" width=\"500\" height=\"280\" src=\"https:\/\/www.orpheus-magazin.de\/wp-content\/uploads\/2025\/10\/2025-06_Inhalt_06.jpg\" alt=\"\" class=\"wp-image-11590\" srcset=\"https:\/\/www.orpheus-magazin.de\/wp-content\/uploads\/2025\/10\/2025-06_Inhalt_06.jpg 500w, https:\/\/www.orpheus-magazin.de\/wp-content\/uploads\/2025\/10\/2025-06_Inhalt_06-300x168.jpg 300w\" sizes=\"(max-width: 500px) 100vw, 500px\" \/><\/figure>\n\n\n\n<p><\/p>\n<\/div>\n<\/div>\n\n\n\n<div class=\"wp-block-columns alignwide is-style-default is-layout-flex wp-container-core-columns-is-layout-9d6595d7 wp-block-columns-is-layout-flex\">\n<div class=\"wp-block-column is-layout-flow wp-block-column-is-layout-flow\" style=\"flex-basis:20%\">\n<p class=\"has-text-align-right has-light-gray-color has-text-color has-small-font-size\">___<br>Interview<\/p>\n<\/div>\n\n\n\n<div class=\"wp-block-column is-layout-flow wp-block-column-is-layout-flow\" style=\"flex-basis:50%\">\n<p class=\"has-regular-font-size\"><strong>Vom Subventionsthron zur Spendenb\u00fcchse?<\/strong><\/p>\n\n\n\n<p>Kulturstaatsminister Wolfram Weimer \u00fcber Theater als demokratischen Raum \u2013 und warum auch ein Weltmarktf\u00fchrer neue Finanzierungsmodelle braucht<\/p>\n\n\n\n<hr class=\"wp-block-separator has-css-opacity is-style-wide\"\/>\n<\/div>\n\n\n\n<div class=\"wp-block-column is-layout-flow wp-block-column-is-layout-flow\" style=\"flex-basis:30%\">\n<figure class=\"wp-block-image size-full\"><img loading=\"lazy\" decoding=\"async\" width=\"500\" height=\"280\" src=\"https:\/\/www.orpheus-magazin.de\/wp-content\/uploads\/2025\/10\/2025-06_Inhalt_07.jpg\" alt=\"\" class=\"wp-image-11591\" srcset=\"https:\/\/www.orpheus-magazin.de\/wp-content\/uploads\/2025\/10\/2025-06_Inhalt_07.jpg 500w, https:\/\/www.orpheus-magazin.de\/wp-content\/uploads\/2025\/10\/2025-06_Inhalt_07-300x168.jpg 300w\" sizes=\"(max-width: 500px) 100vw, 500px\" \/><\/figure>\n\n\n\n<p><\/p>\n<\/div>\n<\/div>\n\n\n\n<div class=\"wp-block-columns alignwide is-style-default is-layout-flex wp-container-core-columns-is-layout-9d6595d7 wp-block-columns-is-layout-flex\">\n<div class=\"wp-block-column is-layout-flow wp-block-column-is-layout-flow\" style=\"flex-basis:20%\">\n<p class=\"has-text-align-right has-light-gray-color has-text-color has-small-font-size\">___<br>Nachruf<\/p>\n<\/div>\n\n\n\n<div class=\"wp-block-column is-layout-flow wp-block-column-is-layout-flow\" style=\"flex-basis:50%\">\n<p class=\"has-regular-font-size\"><strong>Der letzte Bonvivant<\/strong><\/p>\n\n\n\n<p>In memoriam \u201eMister Wunderbar\u201c Harald Serafin (1931-2025)<\/p>\n\n\n\n<div style=\"height:30px\" aria-hidden=\"true\" class=\"wp-block-spacer\"><\/div>\n\n\n\n<hr class=\"wp-block-separator has-css-opacity is-style-wide\"\/>\n<\/div>\n\n\n\n<div class=\"wp-block-column is-layout-flow wp-block-column-is-layout-flow\" style=\"flex-basis:30%\">\n<figure class=\"wp-block-image size-full\"><img loading=\"lazy\" decoding=\"async\" width=\"500\" height=\"280\" src=\"https:\/\/www.orpheus-magazin.de\/wp-content\/uploads\/2025\/10\/2025-06_Inhalt_08.jpg\" alt=\"\" class=\"wp-image-11592\" srcset=\"https:\/\/www.orpheus-magazin.de\/wp-content\/uploads\/2025\/10\/2025-06_Inhalt_08.jpg 500w, https:\/\/www.orpheus-magazin.de\/wp-content\/uploads\/2025\/10\/2025-06_Inhalt_08-300x168.jpg 300w\" sizes=\"(max-width: 500px) 100vw, 500px\" \/><\/figure>\n\n\n\n<p><\/p>\n<\/div>\n<\/div>\n\n\n\n<div class=\"wp-block-columns alignwide is-style-default is-layout-flex wp-container-core-columns-is-layout-9d6595d7 wp-block-columns-is-layout-flex\">\n<div class=\"wp-block-column is-layout-flow wp-block-column-is-layout-flow\" style=\"flex-basis:20%\">\n<p class=\"has-text-align-right has-light-gray-color has-text-color has-small-font-size\">___<br>Nachwuchspreis<\/p>\n<\/div>\n\n\n\n<div class=\"wp-block-column is-layout-flow wp-block-column-is-layout-flow\" style=\"flex-basis:50%\">\n<p class=\"has-regular-font-size\"><strong>Ihre eigene Stimme finden<\/strong><\/p>\n\n\n\n<p>Wie ein Kirchenorganist, eine jugendliche Rockband und pr\u00e4gende Lehrkr\u00e4fte die junge polnische Sopranistin zu einer S\u00e4ngerin formten, die sich bei Mozart ebenso zuhause f\u00fchlt wie in der Klangwelt des 20. Jahrhunderts: Der 1. Clauspeter Koscielny Nachwuchspreis geht an Justyna Khil<\/p>\n\n\n\n<hr class=\"wp-block-separator has-css-opacity is-style-wide\"\/>\n<\/div>\n\n\n\n<div class=\"wp-block-column is-layout-flow wp-block-column-is-layout-flow\" style=\"flex-basis:30%\">\n<figure class=\"wp-block-image size-full\"><img loading=\"lazy\" decoding=\"async\" width=\"500\" height=\"280\" src=\"https:\/\/www.orpheus-magazin.de\/wp-content\/uploads\/2025\/10\/2025-06_Inhalt_09.jpg\" alt=\"\" class=\"wp-image-11593\" srcset=\"https:\/\/www.orpheus-magazin.de\/wp-content\/uploads\/2025\/10\/2025-06_Inhalt_09.jpg 500w, https:\/\/www.orpheus-magazin.de\/wp-content\/uploads\/2025\/10\/2025-06_Inhalt_09-300x168.jpg 300w\" sizes=\"(max-width: 500px) 100vw, 500px\" \/><\/figure>\n\n\n\n<p><\/p>\n<\/div>\n<\/div>\n\n\n\n<div class=\"wp-block-columns alignwide is-style-default is-layout-flex wp-container-core-columns-is-layout-9d6595d7 wp-block-columns-is-layout-flex\">\n<div class=\"wp-block-column is-layout-flow wp-block-column-is-layout-flow\" style=\"flex-basis:20%\">\n<p class=\"has-text-align-right has-light-gray-color has-text-color has-small-font-size\">___<br>Im Test<\/p>\n<\/div>\n\n\n\n<div class=\"wp-block-column is-layout-flow wp-block-column-is-layout-flow\" style=\"flex-basis:50%\">\n<p class=\"has-regular-font-size\"><strong>Mozarts letztes Spiel<\/strong><\/p>\n\n\n\n<p>Auf den Spuren von \u201eLacrimosa\u201c<\/p>\n\n\n\n<div style=\"height:60px\" aria-hidden=\"true\" class=\"wp-block-spacer\"><\/div>\n\n\n\n<hr class=\"wp-block-separator has-css-opacity is-style-wide\"\/>\n<\/div>\n\n\n\n<div class=\"wp-block-column is-layout-flow wp-block-column-is-layout-flow\" style=\"flex-basis:30%\">\n<figure class=\"wp-block-image size-full\"><img loading=\"lazy\" decoding=\"async\" width=\"500\" height=\"280\" src=\"https:\/\/www.orpheus-magazin.de\/wp-content\/uploads\/2025\/10\/2025-06_Inhalt_10.jpg\" alt=\"\" class=\"wp-image-11594\" srcset=\"https:\/\/www.orpheus-magazin.de\/wp-content\/uploads\/2025\/10\/2025-06_Inhalt_10.jpg 500w, https:\/\/www.orpheus-magazin.de\/wp-content\/uploads\/2025\/10\/2025-06_Inhalt_10-300x168.jpg 300w\" sizes=\"(max-width: 500px) 100vw, 500px\" \/><\/figure>\n\n\n\n<p><\/p>\n<\/div>\n<\/div>\n\n\n\n<div class=\"wp-block-columns alignwide is-style-default is-layout-flex wp-container-core-columns-is-layout-9d6595d7 wp-block-columns-is-layout-flex\">\n<div class=\"wp-block-column is-layout-flow wp-block-column-is-layout-flow\" style=\"flex-basis:20%\">\n<p class=\"has-text-align-right has-light-gray-color has-text-color has-small-font-size\">___<br>Medien<\/p>\n<\/div>\n\n\n\n<div class=\"wp-block-column is-layout-flow wp-block-column-is-layout-flow\" style=\"flex-basis:50%\">\n<p class=\"has-regular-font-size\"><strong>Geh\u00f6rt, gesehen, gelesen<\/strong><\/p>\n\n\n\n<p>Kulturtipps f\u00fcr das heimische Wohnzimmer<\/p>\n\n\n\n<div style=\"height:60px\" aria-hidden=\"true\" class=\"wp-block-spacer\"><\/div>\n\n\n\n<hr class=\"wp-block-separator has-css-opacity is-style-wide\"\/>\n<\/div>\n\n\n\n<div class=\"wp-block-column is-layout-flow wp-block-column-is-layout-flow\" style=\"flex-basis:30%\">\n<figure class=\"wp-block-image size-full\"><img loading=\"lazy\" decoding=\"async\" width=\"500\" height=\"280\" src=\"https:\/\/www.orpheus-magazin.de\/wp-content\/uploads\/2025\/10\/2025-06_Inhalt_11.jpg\" alt=\"\" class=\"wp-image-11595\" srcset=\"https:\/\/www.orpheus-magazin.de\/wp-content\/uploads\/2025\/10\/2025-06_Inhalt_11.jpg 500w, https:\/\/www.orpheus-magazin.de\/wp-content\/uploads\/2025\/10\/2025-06_Inhalt_11-300x168.jpg 300w\" sizes=\"(max-width: 500px) 100vw, 500px\" \/><\/figure>\n\n\n\n<p><\/p>\n<\/div>\n<\/div>\n\n\n\n<div class=\"wp-block-columns alignwide is-style-default is-layout-flex wp-container-core-columns-is-layout-9d6595d7 wp-block-columns-is-layout-flex\">\n<div class=\"wp-block-column is-layout-flow wp-block-column-is-layout-flow\" style=\"flex-basis:20%\">\n<p class=\"has-text-align-right has-light-gray-color has-text-color has-small-font-size\">___<br>Rezensionen<\/p>\n<\/div>\n\n\n\n<div class=\"wp-block-column is-layout-flow wp-block-column-is-layout-flow\" style=\"flex-basis:50%\">\n<p class=\"has-regular-font-size\"><strong><strong><strong><a href=\"https:\/\/www.orpheus-magazin.de\/de\/rezensionen-06-2025\/\">F\u00fcr Sie gesehen<\/a><\/strong><\/strong><\/strong><\/p>\n\n\n\n<p>Neues und Spektakul\u00e4res von den (Opern-)B\u00fchnen in Deutschland und Europa<\/p>\n\n\n\n<div style=\"height:30px\" aria-hidden=\"true\" class=\"wp-block-spacer\"><\/div>\n\n\n\n<hr class=\"wp-block-separator has-css-opacity is-style-wide\"\/>\n<\/div>\n\n\n\n<div class=\"wp-block-column is-layout-flow wp-block-column-is-layout-flow\" style=\"flex-basis:30%\">\n<figure class=\"wp-block-image size-full\"><img loading=\"lazy\" decoding=\"async\" width=\"500\" height=\"280\" src=\"https:\/\/www.orpheus-magazin.de\/wp-content\/uploads\/2025\/10\/2025-06_Inhalt_12.jpg\" alt=\"\" class=\"wp-image-11596\" srcset=\"https:\/\/www.orpheus-magazin.de\/wp-content\/uploads\/2025\/10\/2025-06_Inhalt_12.jpg 500w, https:\/\/www.orpheus-magazin.de\/wp-content\/uploads\/2025\/10\/2025-06_Inhalt_12-300x168.jpg 300w\" sizes=\"(max-width: 500px) 100vw, 500px\" \/><\/figure>\n\n\n\n<p><\/p>\n<\/div>\n<\/div>\n\n\n\n<div style=\"height:50px\" aria-hidden=\"true\" class=\"wp-block-spacer\"><\/div>\n\n\n\n<div class=\"wp-block-media-text alignwide is-vertically-aligned-center is-stacked-on-mobile has-background\" style=\"background-color:#f6f6f6;grid-template-columns:22% auto\"><figure class=\"wp-block-media-text__media\"><img loading=\"lazy\" decoding=\"async\" width=\"850\" height=\"1000\" src=\"https:\/\/www.orpheus-magazin.de\/wp-content\/uploads\/2025\/10\/Heft_Bestellbox_2025-06_s.jpg\" alt=\"\" class=\"wp-image-11598 size-full\" srcset=\"https:\/\/www.orpheus-magazin.de\/wp-content\/uploads\/2025\/10\/Heft_Bestellbox_2025-06_s.jpg 850w, https:\/\/www.orpheus-magazin.de\/wp-content\/uploads\/2025\/10\/Heft_Bestellbox_2025-06_s-255x300.jpg 255w, https:\/\/www.orpheus-magazin.de\/wp-content\/uploads\/2025\/10\/Heft_Bestellbox_2025-06_s-768x904.jpg 768w, https:\/\/www.orpheus-magazin.de\/wp-content\/uploads\/2025\/10\/Heft_Bestellbox_2025-06_s-600x706.jpg 600w, https:\/\/www.orpheus-magazin.de\/wp-content\/uploads\/2025\/10\/Heft_Bestellbox_2025-06_s-500x588.jpg 500w, https:\/\/www.orpheus-magazin.de\/wp-content\/uploads\/2025\/10\/Heft_Bestellbox_2025-06_s-800x941.jpg 800w\" sizes=\"(max-width: 850px) 100vw, 850px\" \/><\/figure><div class=\"wp-block-media-text__content\">\n<div style=\"height:10px\" aria-hidden=\"true\" class=\"wp-block-spacer\"><\/div>\n\n\n\n<p style=\"font-size:24px\"><strong>Unsere Ausgabe November\/Dezember 2025 online bestellen<\/strong><\/p>\n\n\n\n<p>Bequem in Ihren Briefkasten oder als PDF zum Sofort-Download<\/p>\n\n\n\n<p><strong><a href=\"https:\/\/www.orpheus-magazin.de\/de\/product\/print-ausgabe-06-2025\/\" target=\"_blank\" rel=\"noreferrer noopener\">Print-Ausgabe bestellen<\/a><\/strong> | <strong><a href=\"https:\/\/www.orpheus-magazin.de\/de\/product\/pdf-ausgabe-06-2025\/\" target=\"_blank\" rel=\"noreferrer noopener\">PDF-Ausgabe bestellen<\/a><\/strong><\/p>\n<\/div><\/div>\n\n\n\n<div style=\"height:80px\" aria-hidden=\"true\" class=\"wp-block-spacer\"><\/div>\n\n\n\n<p><\/p>","protected":false},"excerpt":{"rendered":"<p>Ausgabe 06\/2025 ___Impressionen Ein Leben f\u00fcr 2.400 Euro Kultur im Weltkriegsbunker ___Titel Vom Leid erz\u00e4hlen Johannes Martin Kr\u00e4nzle z\u00e4hlt zu den bedeutendsten Baritonen unserer Zeit. Nach einer \u00fcberstandenen Knochenmarkserkrankung 2015 traf ihn im November 2024 erneut ein schwerer Schicksalsschlag: die Diagnose einer akuten Leuk\u00e4mie. Im Interview spricht er offen \u00fcber existenzielle Erfahrungen, k\u00fcnstlerische Perspektiven und [&hellip;]<\/p>\n","protected":false},"author":14,"featured_media":11600,"parent":0,"menu_order":0,"comment_status":"closed","ping_status":"closed","template":"template-cover.php","meta":{"tpgb_global_settings":"","_editorskit_title_hidden":true,"_editorskit_reading_time":0,"_editorskit_is_block_options_detached":false,"_editorskit_block_options_position":"{}","_eb_attr":"","footnotes":""},"class_list":["post-11578","page","type-page","status-publish","has-post-thumbnail","hentry"],"tpgb_featured_images":{"full":["https:\/\/www.orpheus-magazin.de\/wp-content\/uploads\/2025\/10\/Heft-2er_2025-06.jpg",2151,1009,false],"tp-image-grid":["https:\/\/www.orpheus-magazin.de\/wp-content\/uploads\/2025\/10\/Heft-2er_2025-06-700x700.jpg",700,700,true],"thumbnail":["https:\/\/www.orpheus-magazin.de\/wp-content\/uploads\/2025\/10\/Heft-2er_2025-06-150x150.jpg",150,150,true],"medium":["https:\/\/www.orpheus-magazin.de\/wp-content\/uploads\/2025\/10\/Heft-2er_2025-06-300x141.jpg",300,141,true],"medium_large":["https:\/\/www.orpheus-magazin.de\/wp-content\/uploads\/2025\/10\/Heft-2er_2025-06-768x360.jpg",600,281,true],"large":["https:\/\/www.orpheus-magazin.de\/wp-content\/uploads\/2025\/10\/Heft-2er_2025-06-1024x480.jpg",600,281,true],"default":"https:\/\/www.orpheus-magazin.de\/wp-content\/plugins\/the-plus-addons-for-block-editor\/assets\/images\/tpgb-placeholder.jpg"},"tpgb_post_meta_info":{"get_date":"30. Oktober 2025","get_modified_date":"23. Dezember 2025","author_name":"Silvia Murauer","author_url":"https:\/\/www.orpheus-magazin.de\/de\/author\/mailsilviamurauer-de\/","author_email":"mail@silviamurauer.de","author_website":"","author_description":"","author_facebook":"","author_twitter":"","author_instagram":"","author_role":["administrator"],"author_firstname":"Silvia","author_lastname":"Murauer","user_login":"mail@silviamurauer.de","author_avatar":"<img alt='' src='https:\/\/secure.gravatar.com\/avatar\/f621fd74b09e85b40b2840fd83e82293b9a74c7122761b5607082e36ece1f9d0?s=200&#038;d=mm&#038;r=g' srcset='https:\/\/secure.gravatar.com\/avatar\/f621fd74b09e85b40b2840fd83e82293b9a74c7122761b5607082e36ece1f9d0?s=400&#038;d=mm&#038;r=g 2x' class='avatar avatar-200 photo' height='200' width='200' decoding='async'\/>","author_avatar_url":"https:\/\/secure.gravatar.com\/avatar\/f621fd74b09e85b40b2840fd83e82293b9a74c7122761b5607082e36ece1f9d0?s=96&d=mm&r=g","comment_count":0,"post_likes":0,"post_views":0},"tpgb_post_category":[],"_links":{"self":[{"href":"https:\/\/www.orpheus-magazin.de\/de\/wp-json\/wp\/v2\/pages\/11578","targetHints":{"allow":["GET"]}}],"collection":[{"href":"https:\/\/www.orpheus-magazin.de\/de\/wp-json\/wp\/v2\/pages"}],"about":[{"href":"https:\/\/www.orpheus-magazin.de\/de\/wp-json\/wp\/v2\/types\/page"}],"author":[{"embeddable":true,"href":"https:\/\/www.orpheus-magazin.de\/de\/wp-json\/wp\/v2\/users\/14"}],"replies":[{"embeddable":true,"href":"https:\/\/www.orpheus-magazin.de\/de\/wp-json\/wp\/v2\/comments?post=11578"}],"version-history":[{"count":1,"href":"https:\/\/www.orpheus-magazin.de\/de\/wp-json\/wp\/v2\/pages\/11578\/revisions"}],"predecessor-version":[{"id":12736,"href":"https:\/\/www.orpheus-magazin.de\/de\/wp-json\/wp\/v2\/pages\/11578\/revisions\/12736"}],"wp:featuredmedia":[{"embeddable":true,"href":"https:\/\/www.orpheus-magazin.de\/de\/wp-json\/wp\/v2\/media\/11600"}],"wp:attachment":[{"href":"https:\/\/www.orpheus-magazin.de\/de\/wp-json\/wp\/v2\/media?parent=11578"}],"curies":[{"name":"wp","href":"https:\/\/api.w.org\/{rel}","templated":true}]}}