{"id":13192,"date":"2026-04-16T23:59:22","date_gmt":"2026-04-16T21:59:22","guid":{"rendered":"https:\/\/www.orpheus-magazin.de\/?page_id=13192"},"modified":"2026-04-17T14:47:08","modified_gmt":"2026-04-17T12:47:08","slug":"ausgabe-02-2026","status":"publish","type":"page","link":"https:\/\/www.orpheus-magazin.de\/de\/ausgabe-02-2026\/","title":{"rendered":"Ausgabe 02\/2026"},"content":{"rendered":"<h1 class=\"wp-block-heading has-text-align-center font-montserrat-alternates\" id=\"ausgabe-06-2021\" style=\"font-size:45px\">Aktuelle Ausgabe 02\/2026<\/h1>\n\n\n\n<div style=\"height:1px\" aria-hidden=\"true\" class=\"wp-block-spacer\"><\/div>\n\n\n\n<div class=\"wp-block-columns alignwide is-style-default is-layout-flex wp-container-core-columns-is-layout-9d6595d7 wp-block-columns-is-layout-flex\">\n<div class=\"wp-block-column is-layout-flow wp-block-column-is-layout-flow\" style=\"flex-basis:20%\">\n<p class=\"has-text-align-right has-light-gray-color has-text-color has-small-font-size\">___<br>Impressionen<\/p>\n<\/div>\n\n\n\n<div class=\"wp-block-column is-layout-flow wp-block-column-is-layout-flow\" style=\"flex-basis:50%\">\n<p class=\"has-regular-font-size\"><strong>Zweimal Requiem<\/strong><\/p>\n\n\n\n<p>\u201eRequiem for the End of Love\u201c&nbsp;in Athen und \u201eUn Requiem allemand\u201c in Paris<\/p>\n\n\n\n<div style=\"height:30px\" aria-hidden=\"true\" class=\"wp-block-spacer\"><\/div>\n\n\n\n<hr class=\"wp-block-separator has-css-opacity is-style-wide\"\/>\n<\/div>\n\n\n\n<div class=\"wp-block-column is-layout-flow wp-block-column-is-layout-flow\" style=\"flex-basis:30%\">\n<figure class=\"wp-block-image size-full\"><img fetchpriority=\"high\" decoding=\"async\" width=\"500\" height=\"280\" src=\"https:\/\/www.orpheus-magazin.de\/wp-content\/uploads\/2026\/04\/2026-02_Inhalt_1.jpg\" alt=\"\" class=\"wp-image-13200\" srcset=\"https:\/\/www.orpheus-magazin.de\/wp-content\/uploads\/2026\/04\/2026-02_Inhalt_1.jpg 500w, https:\/\/www.orpheus-magazin.de\/wp-content\/uploads\/2026\/04\/2026-02_Inhalt_1-18x10.jpg 18w, https:\/\/www.orpheus-magazin.de\/wp-content\/uploads\/2026\/04\/2026-02_Inhalt_1-60x34.jpg 60w\" sizes=\"(max-width: 500px) 100vw, 500px\" \/><\/figure>\n\n\n\n<p><\/p>\n<\/div>\n<\/div>\n\n\n\n<div class=\"wp-block-columns alignwide is-style-default is-layout-flex wp-container-core-columns-is-layout-9d6595d7 wp-block-columns-is-layout-flex\">\n<div class=\"wp-block-column is-layout-flow wp-block-column-is-layout-flow\" style=\"flex-basis:20%\">\n<p class=\"has-text-align-right has-light-gray-color has-text-color has-small-font-size\">___<br>Titel<\/p>\n<\/div>\n\n\n\n<div class=\"wp-block-column is-layout-flow wp-block-column-is-layout-flow\" style=\"flex-basis:50%\">\n<p class=\"has-regular-font-size\"><strong>Wahr? Falsch? Wahrscheinlich!<\/strong><\/p>\n\n\n\n<p>KI im Musiktheater<\/p>\n\n\n\n<div style=\"height:60px\" aria-hidden=\"true\" class=\"wp-block-spacer\"><\/div>\n\n\n\n<hr class=\"wp-block-separator has-css-opacity is-style-wide\"\/>\n<\/div>\n\n\n\n<div class=\"wp-block-column is-layout-flow wp-block-column-is-layout-flow\" style=\"flex-basis:30%\">\n<figure class=\"wp-block-image size-full\"><img decoding=\"async\" width=\"500\" height=\"280\" src=\"https:\/\/www.orpheus-magazin.de\/wp-content\/uploads\/2026\/04\/2026-02_Inhalt_2.jpg\" alt=\"\" class=\"wp-image-13201\" srcset=\"https:\/\/www.orpheus-magazin.de\/wp-content\/uploads\/2026\/04\/2026-02_Inhalt_2.jpg 500w, https:\/\/www.orpheus-magazin.de\/wp-content\/uploads\/2026\/04\/2026-02_Inhalt_2-18x10.jpg 18w, https:\/\/www.orpheus-magazin.de\/wp-content\/uploads\/2026\/04\/2026-02_Inhalt_2-60x34.jpg 60w\" sizes=\"(max-width: 500px) 100vw, 500px\" \/><\/figure>\n\n\n\n<p><\/p>\n<\/div>\n<\/div>\n\n\n\n<div class=\"wp-block-columns alignwide is-style-default is-layout-flex wp-container-core-columns-is-layout-9d6595d7 wp-block-columns-is-layout-flex\">\n<div class=\"wp-block-column is-layout-flow wp-block-column-is-layout-flow\" style=\"flex-basis:20%\">\n<p class=\"has-text-align-right has-light-gray-color has-text-color has-small-font-size\">___<br>Titel<\/p>\n<\/div>\n\n\n\n<div class=\"wp-block-column is-layout-flow wp-block-column-is-layout-flow\" style=\"flex-basis:50%\">\n<p class=\"has-regular-font-size\"><strong>Neue Ohren f\u00fcr alte Kl\u00e4nge<\/strong><\/p>\n\n\n\n<p>Klassik in Pop, Serien und Social Media<\/p>\n\n\n\n<div style=\"height:60px\" aria-hidden=\"true\" class=\"wp-block-spacer\"><\/div>\n\n\n\n<hr class=\"wp-block-separator has-css-opacity is-style-wide\"\/>\n<\/div>\n\n\n\n<div class=\"wp-block-column is-layout-flow wp-block-column-is-layout-flow\" style=\"flex-basis:30%\">\n<figure class=\"wp-block-image size-full\"><img decoding=\"async\" width=\"500\" height=\"280\" src=\"https:\/\/www.orpheus-magazin.de\/wp-content\/uploads\/2026\/04\/2026-02_Inhalt_3.jpg\" alt=\"\" class=\"wp-image-13202\" srcset=\"https:\/\/www.orpheus-magazin.de\/wp-content\/uploads\/2026\/04\/2026-02_Inhalt_3.jpg 500w, https:\/\/www.orpheus-magazin.de\/wp-content\/uploads\/2026\/04\/2026-02_Inhalt_3-18x10.jpg 18w, https:\/\/www.orpheus-magazin.de\/wp-content\/uploads\/2026\/04\/2026-02_Inhalt_3-60x34.jpg 60w\" sizes=\"(max-width: 500px) 100vw, 500px\" \/><\/figure>\n\n\n\n<p><\/p>\n<\/div>\n<\/div>\n\n\n\n<div class=\"wp-block-columns alignwide is-style-default is-layout-flex wp-container-core-columns-is-layout-9d6595d7 wp-block-columns-is-layout-flex\">\n<div class=\"wp-block-column is-layout-flow wp-block-column-is-layout-flow\" style=\"flex-basis:20%\">\n<p class=\"has-text-align-right has-light-gray-color has-text-color has-small-font-size\">___<br>Titel<\/p>\n<\/div>\n\n\n\n<div class=\"wp-block-column is-layout-flow wp-block-column-is-layout-flow\" style=\"flex-basis:50%\">\n<p class=\"has-regular-font-size\"><strong>Kann TikTok Hochkultur?<\/strong><\/p>\n\n\n\n<p>Oper und Social Media<\/p>\n\n\n\n<div style=\"height:60px\" aria-hidden=\"true\" class=\"wp-block-spacer\"><\/div>\n\n\n\n<hr class=\"wp-block-separator has-css-opacity is-style-wide\"\/>\n<\/div>\n\n\n\n<div class=\"wp-block-column is-layout-flow wp-block-column-is-layout-flow\" style=\"flex-basis:30%\">\n<figure class=\"wp-block-image size-full\"><img loading=\"lazy\" decoding=\"async\" width=\"500\" height=\"280\" src=\"https:\/\/www.orpheus-magazin.de\/wp-content\/uploads\/2026\/04\/2026-02_Inhalt_4.jpg\" alt=\"\" class=\"wp-image-13203\" srcset=\"https:\/\/www.orpheus-magazin.de\/wp-content\/uploads\/2026\/04\/2026-02_Inhalt_4.jpg 500w, https:\/\/www.orpheus-magazin.de\/wp-content\/uploads\/2026\/04\/2026-02_Inhalt_4-18x10.jpg 18w, https:\/\/www.orpheus-magazin.de\/wp-content\/uploads\/2026\/04\/2026-02_Inhalt_4-60x34.jpg 60w\" sizes=\"(max-width: 500px) 100vw, 500px\" \/><\/figure>\n\n\n\n<p><\/p>\n<\/div>\n<\/div>\n\n\n\n<div class=\"wp-block-columns alignwide is-style-default is-layout-flex wp-container-core-columns-is-layout-9d6595d7 wp-block-columns-is-layout-flex\">\n<div class=\"wp-block-column is-layout-flow wp-block-column-is-layout-flow\" style=\"flex-basis:20%\">\n<p class=\"has-text-align-right has-light-gray-color has-text-color has-small-font-size\">___<br>Portrait<\/p>\n<\/div>\n\n\n\n<div class=\"wp-block-column is-layout-flow wp-block-column-is-layout-flow\" style=\"flex-basis:50%\">\n<p class=\"has-regular-font-size\"><strong>Ein neuer Held<\/strong><\/p>\n\n\n\n<p>Christopher Sokolowski fand sp\u00e4t zu seiner eigentlichen Stimme \u2013 gegen viele Widerst\u00e4nde. Sein Aufstieg ins dramatische Wagner-Fach \u00fcberrascht<\/p>\n\n\n\n<div style=\"height:5px\" aria-hidden=\"true\" class=\"wp-block-spacer\"><\/div>\n\n\n\n<hr class=\"wp-block-separator has-css-opacity is-style-wide\"\/>\n<\/div>\n\n\n\n<div class=\"wp-block-column is-layout-flow wp-block-column-is-layout-flow\" style=\"flex-basis:30%\">\n<figure class=\"wp-block-image size-full\"><img loading=\"lazy\" decoding=\"async\" width=\"500\" height=\"280\" src=\"https:\/\/www.orpheus-magazin.de\/wp-content\/uploads\/2026\/04\/2026-02_Inhalt_5.jpg\" alt=\"\" class=\"wp-image-13204\" srcset=\"https:\/\/www.orpheus-magazin.de\/wp-content\/uploads\/2026\/04\/2026-02_Inhalt_5.jpg 500w, https:\/\/www.orpheus-magazin.de\/wp-content\/uploads\/2026\/04\/2026-02_Inhalt_5-18x10.jpg 18w, https:\/\/www.orpheus-magazin.de\/wp-content\/uploads\/2026\/04\/2026-02_Inhalt_5-60x34.jpg 60w\" sizes=\"(max-width: 500px) 100vw, 500px\" \/><\/figure>\n\n\n\n<p><\/p>\n<\/div>\n<\/div>\n\n\n\n<div class=\"wp-block-columns alignwide is-style-default is-layout-flex wp-container-core-columns-is-layout-9d6595d7 wp-block-columns-is-layout-flex\">\n<div class=\"wp-block-column is-layout-flow wp-block-column-is-layout-flow\" style=\"flex-basis:20%\">\n<p class=\"has-text-align-right has-light-gray-color has-text-color has-small-font-size\">___<br>Aufgefallen<\/p>\n<\/div>\n\n\n\n<div class=\"wp-block-column is-layout-flow wp-block-column-is-layout-flow\" style=\"flex-basis:50%\">\n<p class=\"has-regular-font-size\"><strong>Als k\u00f6nnte die Kunst noch etwas retten &#8230;<\/strong><\/p>\n\n\n\n<p>\u00dcber 20 Jahre nach ihrer letzten gemeinsamen Oper zeigt die Staatsoper Hamburg das neue Musiktheater von Olga Neuwirth und Elfriede Jelinek \u2013 zur Urauff\u00fchrung hat die Realit\u00e4t \u201eMonster\u2019s Paradise\u201c teils schon eingeholt<\/p>\n\n\n\n<hr class=\"wp-block-separator has-css-opacity is-style-wide\"\/>\n<\/div>\n\n\n\n<div class=\"wp-block-column is-layout-flow wp-block-column-is-layout-flow\" style=\"flex-basis:30%\">\n<figure class=\"wp-block-image size-full\"><img loading=\"lazy\" decoding=\"async\" width=\"500\" height=\"280\" src=\"https:\/\/www.orpheus-magazin.de\/wp-content\/uploads\/2026\/04\/2026-02_Inhalt_6.jpg\" alt=\"\" class=\"wp-image-13205\" srcset=\"https:\/\/www.orpheus-magazin.de\/wp-content\/uploads\/2026\/04\/2026-02_Inhalt_6.jpg 500w, https:\/\/www.orpheus-magazin.de\/wp-content\/uploads\/2026\/04\/2026-02_Inhalt_6-18x10.jpg 18w, https:\/\/www.orpheus-magazin.de\/wp-content\/uploads\/2026\/04\/2026-02_Inhalt_6-60x34.jpg 60w\" sizes=\"(max-width: 500px) 100vw, 500px\" \/><\/figure>\n\n\n\n<p><\/p>\n<\/div>\n<\/div>\n\n\n\n<div class=\"wp-block-columns alignwide is-style-default is-layout-flex wp-container-core-columns-is-layout-9d6595d7 wp-block-columns-is-layout-flex\">\n<div class=\"wp-block-column is-layout-flow wp-block-column-is-layout-flow\" style=\"flex-basis:20%\">\n<p class=\"has-text-align-right has-light-gray-color has-text-color has-small-font-size\">___<br>Portrait<\/p>\n<\/div>\n\n\n\n<div class=\"wp-block-column is-layout-flow wp-block-column-is-layout-flow\" style=\"flex-basis:50%\">\n<p class=\"has-regular-font-size\"><strong>Einladung zur Opulenz<\/strong><\/p>\n\n\n\n<p>Johnny Talbot und Adrian Runhof \u00fcber die Poesie des Kost\u00fcms und die Freiheit der B\u00fchne<\/p>\n\n\n\n<div style=\"height:30px\" aria-hidden=\"true\" class=\"wp-block-spacer\"><\/div>\n\n\n\n<hr class=\"wp-block-separator has-css-opacity is-style-wide\"\/>\n<\/div>\n\n\n\n<div class=\"wp-block-column is-layout-flow wp-block-column-is-layout-flow\" style=\"flex-basis:30%\">\n<figure class=\"wp-block-image size-full\"><img loading=\"lazy\" decoding=\"async\" width=\"500\" height=\"280\" src=\"https:\/\/www.orpheus-magazin.de\/wp-content\/uploads\/2026\/04\/2026-02_Inhalt_7.jpg\" alt=\"\" class=\"wp-image-13206\" srcset=\"https:\/\/www.orpheus-magazin.de\/wp-content\/uploads\/2026\/04\/2026-02_Inhalt_7.jpg 500w, https:\/\/www.orpheus-magazin.de\/wp-content\/uploads\/2026\/04\/2026-02_Inhalt_7-18x10.jpg 18w, https:\/\/www.orpheus-magazin.de\/wp-content\/uploads\/2026\/04\/2026-02_Inhalt_7-60x34.jpg 60w\" sizes=\"(max-width: 500px) 100vw, 500px\" \/><\/figure>\n\n\n\n<p><\/p>\n<\/div>\n<\/div>\n\n\n\n<div class=\"wp-block-columns alignwide is-style-default is-layout-flex wp-container-core-columns-is-layout-9d6595d7 wp-block-columns-is-layout-flex\">\n<div class=\"wp-block-column is-layout-flow wp-block-column-is-layout-flow\" style=\"flex-basis:20%\">\n<p class=\"has-text-align-right has-light-gray-color has-text-color has-small-font-size\">___<br>Aufgefallen<\/p>\n<\/div>\n\n\n\n<div class=\"wp-block-column is-layout-flow wp-block-column-is-layout-flow\" style=\"flex-basis:50%\">\n<p class=\"has-regular-font-size\"><strong>Zwischen Sehnsucht und Selbstaufl\u00f6sung<\/strong><\/p>\n\n\n\n<p>Wagners \u201eTristan und Isolde\u201c an der Metropolitan Opera<\/p>\n\n\n\n<div style=\"height:30px\" aria-hidden=\"true\" class=\"wp-block-spacer\"><\/div>\n\n\n\n<hr class=\"wp-block-separator has-css-opacity is-style-wide\"\/>\n<\/div>\n\n\n\n<div class=\"wp-block-column is-layout-flow wp-block-column-is-layout-flow\" style=\"flex-basis:30%\">\n<figure class=\"wp-block-image size-full\"><img loading=\"lazy\" decoding=\"async\" width=\"500\" height=\"280\" src=\"https:\/\/www.orpheus-magazin.de\/wp-content\/uploads\/2026\/04\/2026-02_Inhalt_8.jpg\" alt=\"\" class=\"wp-image-13207\" srcset=\"https:\/\/www.orpheus-magazin.de\/wp-content\/uploads\/2026\/04\/2026-02_Inhalt_8.jpg 500w, https:\/\/www.orpheus-magazin.de\/wp-content\/uploads\/2026\/04\/2026-02_Inhalt_8-18x10.jpg 18w, https:\/\/www.orpheus-magazin.de\/wp-content\/uploads\/2026\/04\/2026-02_Inhalt_8-60x34.jpg 60w\" sizes=\"(max-width: 500px) 100vw, 500px\" \/><\/figure>\n\n\n\n<p><\/p>\n<\/div>\n<\/div>\n\n\n\n<div class=\"wp-block-columns alignwide is-style-default is-layout-flex wp-container-core-columns-is-layout-9d6595d7 wp-block-columns-is-layout-flex\">\n<div class=\"wp-block-column is-layout-flow wp-block-column-is-layout-flow\" style=\"flex-basis:20%\">\n<p class=\"has-text-align-right has-light-gray-color has-text-color has-small-font-size\">___<br>Interview<\/p>\n<\/div>\n\n\n\n<div class=\"wp-block-column is-layout-flow wp-block-column-is-layout-flow\" style=\"flex-basis:50%\">\n<p class=\"has-regular-font-size\"><strong>Ich bin genau am richtigen Ort<\/strong><\/p>\n\n\n\n<p>Sopranistin Nikola Hillebrand \u00fcber Operette, Karriere und k\u00fcnstlerische Freiheit<\/p>\n\n\n\n<div style=\"height:30px\" aria-hidden=\"true\" class=\"wp-block-spacer\"><\/div>\n\n\n\n<hr class=\"wp-block-separator has-css-opacity is-style-wide\"\/>\n<\/div>\n\n\n\n<div class=\"wp-block-column is-layout-flow wp-block-column-is-layout-flow\" style=\"flex-basis:30%\">\n<figure class=\"wp-block-image size-full\"><img loading=\"lazy\" decoding=\"async\" width=\"500\" height=\"280\" src=\"https:\/\/www.orpheus-magazin.de\/wp-content\/uploads\/2026\/04\/2026-02_Inhalt_9.jpg\" alt=\"\" class=\"wp-image-13208\" srcset=\"https:\/\/www.orpheus-magazin.de\/wp-content\/uploads\/2026\/04\/2026-02_Inhalt_9.jpg 500w, https:\/\/www.orpheus-magazin.de\/wp-content\/uploads\/2026\/04\/2026-02_Inhalt_9-18x10.jpg 18w, https:\/\/www.orpheus-magazin.de\/wp-content\/uploads\/2026\/04\/2026-02_Inhalt_9-60x34.jpg 60w\" sizes=\"(max-width: 500px) 100vw, 500px\" \/><\/figure>\n\n\n\n<p><\/p>\n<\/div>\n<\/div>\n\n\n\n<div class=\"wp-block-columns alignwide is-style-default is-layout-flex wp-container-core-columns-is-layout-9d6595d7 wp-block-columns-is-layout-flex\">\n<div class=\"wp-block-column is-layout-flow wp-block-column-is-layout-flow\" style=\"flex-basis:20%\">\n<p class=\"has-text-align-right has-light-gray-color has-text-color has-small-font-size\">___<br>Im Fokus<\/p>\n<\/div>\n\n\n\n<div class=\"wp-block-column is-layout-flow wp-block-column-is-layout-flow\" style=\"flex-basis:50%\">\n<p class=\"has-regular-font-size\"><strong>Enthusiastin f\u00fcr alles!<\/strong><\/p>\n\n\n\n<p>Ein Blick hinter die Kulissen per Insta-Reel oder sich f\u00fcr eine Pre-Show im Kost\u00fcm unters Publikum mischen? Kein Problem! Solche Aufgaben geh\u00f6ren heute genauso zum Job wie das Verfassen von Programmhefttexten oder Strichfassungen. Masterstudentin Celina Larab nimmt uns mit in den bunten und abwechslungsreichen Alltag als Dramaturgin<\/p>\n\n\n\n<hr class=\"wp-block-separator has-css-opacity is-style-wide\"\/>\n<\/div>\n\n\n\n<div class=\"wp-block-column is-layout-flow wp-block-column-is-layout-flow\" style=\"flex-basis:30%\">\n<figure class=\"wp-block-image size-full\"><img loading=\"lazy\" decoding=\"async\" width=\"500\" height=\"280\" src=\"https:\/\/www.orpheus-magazin.de\/wp-content\/uploads\/2026\/04\/2026-02_Inhalt_10.jpg\" alt=\"\" class=\"wp-image-13209\" srcset=\"https:\/\/www.orpheus-magazin.de\/wp-content\/uploads\/2026\/04\/2026-02_Inhalt_10.jpg 500w, https:\/\/www.orpheus-magazin.de\/wp-content\/uploads\/2026\/04\/2026-02_Inhalt_10-18x10.jpg 18w, https:\/\/www.orpheus-magazin.de\/wp-content\/uploads\/2026\/04\/2026-02_Inhalt_10-60x34.jpg 60w\" sizes=\"(max-width: 500px) 100vw, 500px\" \/><\/figure>\n\n\n\n<p><\/p>\n<\/div>\n<\/div>\n\n\n\n<div class=\"wp-block-columns alignwide is-style-default is-layout-flex wp-container-core-columns-is-layout-9d6595d7 wp-block-columns-is-layout-flex\">\n<div class=\"wp-block-column is-layout-flow wp-block-column-is-layout-flow\" style=\"flex-basis:20%\">\n<p class=\"has-text-align-right has-light-gray-color has-text-color has-small-font-size\">___<br>Oper erleben<\/p>\n<\/div>\n\n\n\n<div class=\"wp-block-column is-layout-flow wp-block-column-is-layout-flow\" style=\"flex-basis:50%\">\n<p class=\"has-regular-font-size\"><strong>Wie klingt Augsburg-Oberhausen?<\/strong><\/p>\n\n\n\n<p>Im vergangenen Herbst startete das Staatstheater Augsburg die Arbeit an seiner ersten Community Oper \u201eRe:Sound \u2013 Yank\u0131 \u2013 \u0627\u0644\u0634\u0641\u0631\u0627\u062a\u201c im multikulturellen Stadtteil Oberhausen<\/p>\n\n\n\n<hr class=\"wp-block-separator has-css-opacity is-style-wide\"\/>\n<\/div>\n\n\n\n<div class=\"wp-block-column is-layout-flow wp-block-column-is-layout-flow\" style=\"flex-basis:30%\">\n<figure class=\"wp-block-image size-full\"><img loading=\"lazy\" decoding=\"async\" width=\"500\" height=\"280\" src=\"https:\/\/www.orpheus-magazin.de\/wp-content\/uploads\/2026\/04\/2026-02_Inhalt_11.jpg\" alt=\"\" class=\"wp-image-13210\" srcset=\"https:\/\/www.orpheus-magazin.de\/wp-content\/uploads\/2026\/04\/2026-02_Inhalt_11.jpg 500w, https:\/\/www.orpheus-magazin.de\/wp-content\/uploads\/2026\/04\/2026-02_Inhalt_11-18x10.jpg 18w, https:\/\/www.orpheus-magazin.de\/wp-content\/uploads\/2026\/04\/2026-02_Inhalt_11-60x34.jpg 60w\" sizes=\"(max-width: 500px) 100vw, 500px\" \/><\/figure>\n\n\n\n<p><\/p>\n<\/div>\n<\/div>\n\n\n\n<div class=\"wp-block-columns alignwide is-style-default is-layout-flex wp-container-core-columns-is-layout-9d6595d7 wp-block-columns-is-layout-flex\">\n<div class=\"wp-block-column is-layout-flow wp-block-column-is-layout-flow\" style=\"flex-basis:20%\">\n<p class=\"has-text-align-right has-light-gray-color has-text-color has-small-font-size\">___<br>Medien<\/p>\n<\/div>\n\n\n\n<div class=\"wp-block-column is-layout-flow wp-block-column-is-layout-flow\" style=\"flex-basis:50%\">\n<p class=\"has-regular-font-size\"><strong>Geh\u00f6rt, gesehen, gelesen<\/strong><\/p>\n\n\n\n<p>Kulturtipps f\u00fcr das heimische Wohnzimmer<\/p>\n\n\n\n<div style=\"height:60px\" aria-hidden=\"true\" class=\"wp-block-spacer\"><\/div>\n\n\n\n<hr class=\"wp-block-separator has-css-opacity is-style-wide\"\/>\n<\/div>\n\n\n\n<div class=\"wp-block-column is-layout-flow wp-block-column-is-layout-flow\" style=\"flex-basis:30%\">\n<figure class=\"wp-block-image size-full\"><img loading=\"lazy\" decoding=\"async\" width=\"500\" height=\"280\" src=\"https:\/\/www.orpheus-magazin.de\/wp-content\/uploads\/2026\/04\/2026-02_Inhalt_12.jpg\" alt=\"\" class=\"wp-image-13211\" srcset=\"https:\/\/www.orpheus-magazin.de\/wp-content\/uploads\/2026\/04\/2026-02_Inhalt_12.jpg 500w, https:\/\/www.orpheus-magazin.de\/wp-content\/uploads\/2026\/04\/2026-02_Inhalt_12-18x10.jpg 18w, https:\/\/www.orpheus-magazin.de\/wp-content\/uploads\/2026\/04\/2026-02_Inhalt_12-60x34.jpg 60w\" sizes=\"(max-width: 500px) 100vw, 500px\" \/><\/figure>\n\n\n\n<p><\/p>\n<\/div>\n<\/div>\n\n\n\n<div class=\"wp-block-columns alignwide is-style-default is-layout-flex wp-container-core-columns-is-layout-9d6595d7 wp-block-columns-is-layout-flex\">\n<div class=\"wp-block-column is-layout-flow wp-block-column-is-layout-flow\" style=\"flex-basis:20%\">\n<p class=\"has-text-align-right has-light-gray-color has-text-color has-small-font-size\">___<br>Rezensionen<\/p>\n<\/div>\n\n\n\n<div class=\"wp-block-column is-layout-flow wp-block-column-is-layout-flow\" style=\"flex-basis:50%\">\n<p class=\"has-regular-font-size\"><strong>F\u00fcr Sie gesehen<\/strong><\/p>\n\n\n\n<p>Neues und Spektakul\u00e4res von den (Opern-)B\u00fchnen in Deutschland und Europa<\/p>\n\n\n\n<div style=\"height:30px\" aria-hidden=\"true\" class=\"wp-block-spacer\"><\/div>\n\n\n\n<hr class=\"wp-block-separator has-css-opacity is-style-wide\"\/>\n<\/div>\n\n\n\n<div class=\"wp-block-column is-layout-flow wp-block-column-is-layout-flow\" style=\"flex-basis:30%\">\n<figure class=\"wp-block-image size-full\"><img loading=\"lazy\" decoding=\"async\" width=\"500\" height=\"280\" src=\"https:\/\/www.orpheus-magazin.de\/wp-content\/uploads\/2026\/04\/2026-02_Inhalt_13.jpg\" alt=\"\" class=\"wp-image-13212\" srcset=\"https:\/\/www.orpheus-magazin.de\/wp-content\/uploads\/2026\/04\/2026-02_Inhalt_13.jpg 500w, https:\/\/www.orpheus-magazin.de\/wp-content\/uploads\/2026\/04\/2026-02_Inhalt_13-18x10.jpg 18w, https:\/\/www.orpheus-magazin.de\/wp-content\/uploads\/2026\/04\/2026-02_Inhalt_13-60x34.jpg 60w\" sizes=\"(max-width: 500px) 100vw, 500px\" \/><\/figure>\n\n\n\n<p><\/p>\n<\/div>\n<\/div>\n\n\n\n<div style=\"height:50px\" aria-hidden=\"true\" class=\"wp-block-spacer\"><\/div>\n\n\n\n<div class=\"wp-block-media-text alignwide is-vertically-aligned-center is-stacked-on-mobile has-background\" style=\"background-color:#f6f6f6;grid-template-columns:22% auto\"><figure class=\"wp-block-media-text__media\"><img loading=\"lazy\" decoding=\"async\" width=\"850\" height=\"1000\" src=\"https:\/\/www.orpheus-magazin.de\/wp-content\/uploads\/2026\/04\/Heft_Bestellbox_2026-02_s.jpg\" alt=\"\" class=\"wp-image-13215 size-full\" srcset=\"https:\/\/www.orpheus-magazin.de\/wp-content\/uploads\/2026\/04\/Heft_Bestellbox_2026-02_s.jpg 850w, https:\/\/www.orpheus-magazin.de\/wp-content\/uploads\/2026\/04\/Heft_Bestellbox_2026-02_s-768x904.jpg 768w, https:\/\/www.orpheus-magazin.de\/wp-content\/uploads\/2026\/04\/Heft_Bestellbox_2026-02_s-10x12.jpg 10w, https:\/\/www.orpheus-magazin.de\/wp-content\/uploads\/2026\/04\/Heft_Bestellbox_2026-02_s-60x71.jpg 60w, https:\/\/www.orpheus-magazin.de\/wp-content\/uploads\/2026\/04\/Heft_Bestellbox_2026-02_s-600x706.jpg 600w\" sizes=\"(max-width: 850px) 100vw, 850px\" \/><\/figure><div class=\"wp-block-media-text__content\">\n<div style=\"height:10px\" aria-hidden=\"true\" class=\"wp-block-spacer\"><\/div>\n\n\n\n<p style=\"font-size:24px\"><strong>Unsere aktuelle Ausgabe 02\/2026 online bestellen<\/strong><\/p>\n\n\n\n<p>Bequem in Ihren Briefkasten oder als PDF zum Sofort-Download<\/p>\n\n\n\n<p><strong><a href=\"https:\/\/www.orpheus-magazin.de\/de\/product\/print-ausgabe-02-2026\/\" target=\"_blank\" rel=\"noreferrer noopener\">Print-Ausgabe bestellen<\/a><\/strong> | <strong><a href=\"https:\/\/www.orpheus-magazin.de\/de\/product\/pdf-ausgabe-02-2026\/\" target=\"_blank\" rel=\"noreferrer noopener\">PDF-Ausgabe bestellen<\/a><\/strong><\/p>\n<\/div><\/div>\n\n\n\n<div style=\"height:80px\" aria-hidden=\"true\" class=\"wp-block-spacer\"><\/div>\n\n\n\n<p><\/p>","protected":false},"excerpt":{"rendered":"<p>Aktuelle Ausgabe 02\/2026 ___Impressionen Zweimal Requiem \u201eRequiem for the End of Love\u201c&nbsp;in Athen und \u201eUn Requiem allemand\u201c in Paris ___Titel Wahr? Falsch? Wahrscheinlich! KI im Musiktheater ___Titel Neue Ohren f\u00fcr alte Kl\u00e4nge Klassik in Pop, Serien und Social Media ___Titel Kann TikTok Hochkultur? Oper und Social Media ___Portrait Ein neuer Held Christopher Sokolowski fand sp\u00e4t [&hellip;]<\/p>\n","protected":false},"author":14,"featured_media":13199,"parent":0,"menu_order":0,"comment_status":"closed","ping_status":"closed","template":"template-cover.php","meta":{"tpgb_global_settings":"","_editorskit_title_hidden":true,"_editorskit_reading_time":0,"_editorskit_is_block_options_detached":false,"_editorskit_block_options_position":"{}","_eb_attr":"","footnotes":""},"class_list":["post-13192","page","type-page","status-publish","has-post-thumbnail","hentry"],"tpgb_featured_images":{"full":["https:\/\/www.orpheus-magazin.de\/wp-content\/uploads\/2026\/04\/Heft-2er_2026-02.jpg",2151,1009,false],"tp-image-grid":["https:\/\/www.orpheus-magazin.de\/wp-content\/uploads\/2026\/04\/Heft-2er_2026-02-700x700.jpg",700,700,true],"thumbnail":["https:\/\/www.orpheus-magazin.de\/wp-content\/uploads\/2026\/04\/Heft-2er_2026-02-600x141.jpg",600,141,true],"medium":["https:\/\/www.orpheus-magazin.de\/wp-content\/uploads\/2026\/04\/Heft-2er_2026-02-1200x563.jpg",1200,563,true],"medium_large":["https:\/\/www.orpheus-magazin.de\/wp-content\/uploads\/2026\/04\/Heft-2er_2026-02-768x360.jpg",600,281,true],"large":["https:\/\/www.orpheus-magazin.de\/wp-content\/uploads\/2026\/04\/Heft-2er_2026-02-1920x901.jpg",600,282,true],"default":"https:\/\/www.orpheus-magazin.de\/wp-content\/plugins\/the-plus-addons-for-block-editor\/assets\/images\/tpgb-placeholder.jpg"},"tpgb_post_meta_info":{"get_date":"16. April 2026","get_modified_date":"17. April 2026","author_name":"Silvia Murauer","author_url":"https:\/\/www.orpheus-magazin.de\/de\/author\/mailsilviamurauer-de\/","author_email":"mail@silviamurauer.de","author_website":"","author_description":"","author_facebook":"","author_twitter":"","author_instagram":"","author_role":["administrator"],"author_firstname":"Silvia","author_lastname":"Murauer","user_login":"mail@silviamurauer.de","author_avatar":"<img alt='' src='https:\/\/secure.gravatar.com\/avatar\/f621fd74b09e85b40b2840fd83e82293b9a74c7122761b5607082e36ece1f9d0?s=200&#038;d=mm&#038;r=g' srcset='https:\/\/secure.gravatar.com\/avatar\/f621fd74b09e85b40b2840fd83e82293b9a74c7122761b5607082e36ece1f9d0?s=400&#038;d=mm&#038;r=g 2x' class='avatar avatar-200 photo' height='200' width='200' decoding='async'\/>","author_avatar_url":"https:\/\/secure.gravatar.com\/avatar\/f621fd74b09e85b40b2840fd83e82293b9a74c7122761b5607082e36ece1f9d0?s=96&d=mm&r=g","comment_count":0,"post_likes":0,"post_views":0},"tpgb_post_category":[],"_links":{"self":[{"href":"https:\/\/www.orpheus-magazin.de\/de\/wp-json\/wp\/v2\/pages\/13192","targetHints":{"allow":["GET"]}}],"collection":[{"href":"https:\/\/www.orpheus-magazin.de\/de\/wp-json\/wp\/v2\/pages"}],"about":[{"href":"https:\/\/www.orpheus-magazin.de\/de\/wp-json\/wp\/v2\/types\/page"}],"author":[{"embeddable":true,"href":"https:\/\/www.orpheus-magazin.de\/de\/wp-json\/wp\/v2\/users\/14"}],"replies":[{"embeddable":true,"href":"https:\/\/www.orpheus-magazin.de\/de\/wp-json\/wp\/v2\/comments?post=13192"}],"version-history":[{"count":5,"href":"https:\/\/www.orpheus-magazin.de\/de\/wp-json\/wp\/v2\/pages\/13192\/revisions"}],"predecessor-version":[{"id":13224,"href":"https:\/\/www.orpheus-magazin.de\/de\/wp-json\/wp\/v2\/pages\/13192\/revisions\/13224"}],"wp:featuredmedia":[{"embeddable":true,"href":"https:\/\/www.orpheus-magazin.de\/de\/wp-json\/wp\/v2\/media\/13199"}],"wp:attachment":[{"href":"https:\/\/www.orpheus-magazin.de\/de\/wp-json\/wp\/v2\/media?parent=13192"}],"curies":[{"name":"wp","href":"https:\/\/api.w.org\/{rel}","templated":true}]}}