{"id":394,"date":"2020-07-30T08:52:51","date_gmt":"2020-07-30T06:52:51","guid":{"rendered":"https:\/\/www.orpheus-magazin.de\/?page_id=394"},"modified":"2025-11-20T22:39:12","modified_gmt":"2025-11-20T21:39:12","slug":"mediadaten","status":"publish","type":"page","link":"https:\/\/www.orpheus-magazin.de\/de\/mediadaten\/","title":{"rendered":"Mediadaten"},"content":{"rendered":"<div class=\"wp-block-columns is-layout-flex wp-container-core-columns-is-layout-9d6595d7 wp-block-columns-is-layout-flex\">\n<div class=\"wp-block-column is-layout-flow wp-block-column-is-layout-flow\" style=\"flex-basis:33.33%\">\n<figure class=\"wp-block-image size-full\"><img fetchpriority=\"high\" decoding=\"async\" width=\"600\" height=\"424\" src=\"https:\/\/www.orpheus-magazin.de\/wp-content\/uploads\/2025\/11\/ORPHEUS_Mediadaten_2026_Cover.jpg\" alt=\"\" class=\"wp-image-11710\" srcset=\"https:\/\/www.orpheus-magazin.de\/wp-content\/uploads\/2025\/11\/ORPHEUS_Mediadaten_2026_Cover.jpg 600w, https:\/\/www.orpheus-magazin.de\/wp-content\/uploads\/2025\/11\/ORPHEUS_Mediadaten_2026_Cover-300x212.jpg 300w, https:\/\/www.orpheus-magazin.de\/wp-content\/uploads\/2025\/11\/ORPHEUS_Mediadaten_2026_Cover-500x353.jpg 500w\" sizes=\"(max-width: 600px) 100vw, 600px\" \/><\/figure>\n<\/div>\n\n\n\n<div class=\"wp-block-column is-vertically-aligned-center is-layout-flow wp-block-column-is-layout-flow\" style=\"flex-basis:66.66%\">\n<p><a href=\"https:\/\/www.orpheus-magazin.de\/wp-content\/uploads\/2025\/11\/ORPHEUS_Mediadaten_2026.pdf\" target=\"_blank\" rel=\"noreferrer noopener\"><strong>Unsere Mediadaten 2026 k\u00f6nnen Sie hier als PDF-Datei herunterladen<\/strong>.<\/a><\/p>\n\n\n\n<p>Um dieses Formular \u00f6ffnen zu k\u00f6nnen, ben\u00f6tigen Sie den Adobe Reader. Diesen k\u00f6nnen Sie kostenlos von der Adobe-Homepage herunterladen.&nbsp;<a rel=\"noreferrer noopener\" href=\"https:\/\/get.adobe.com\/de\/reader\" target=\"_blank\" class=\"ek-link\">Klicken Sie einfach hier.<\/a><\/p>\n<\/div>\n<\/div>\n\n\n\n<div style=\"height:50px\" aria-hidden=\"true\" class=\"wp-block-spacer\"><\/div>\n\n\n\n<p><\/p>","protected":false},"excerpt":{"rendered":"<p>Unsere Mediadaten 2026 k\u00f6nnen Sie hier als PDF-Datei herunterladen. Um dieses Formular \u00f6ffnen zu k\u00f6nnen, ben\u00f6tigen Sie den Adobe Reader. Diesen k\u00f6nnen Sie kostenlos von der Adobe-Homepage herunterladen.&nbsp;Klicken Sie einfach hier.<\/p>","protected":false},"author":0,"featured_media":0,"parent":0,"menu_order":0,"comment_status":"closed","ping_status":"closed","template":"","meta":{"tpgb_global_settings":"","_editorskit_title_hidden":false,"_editorskit_reading_time":1,"_editorskit_is_block_options_detached":false,"_editorskit_block_options_position":"{}","_eb_attr":"","footnotes":""},"class_list":["post-394","page","type-page","status-publish","hentry"],"tpgb_featured_images":null,"tpgb_post_meta_info":{"get_date":"30. Juli 2020","get_modified_date":"20. November 2025","comment_count":0,"post_likes":0,"post_views":0},"tpgb_post_category":[],"_links":{"self":[{"href":"https:\/\/www.orpheus-magazin.de\/de\/wp-json\/wp\/v2\/pages\/394","targetHints":{"allow":["GET"]}}],"collection":[{"href":"https:\/\/www.orpheus-magazin.de\/de\/wp-json\/wp\/v2\/pages"}],"about":[{"href":"https:\/\/www.orpheus-magazin.de\/de\/wp-json\/wp\/v2\/types\/page"}],"replies":[{"embeddable":true,"href":"https:\/\/www.orpheus-magazin.de\/de\/wp-json\/wp\/v2\/comments?post=394"}],"version-history":[{"count":0,"href":"https:\/\/www.orpheus-magazin.de\/de\/wp-json\/wp\/v2\/pages\/394\/revisions"}],"wp:attachment":[{"href":"https:\/\/www.orpheus-magazin.de\/de\/wp-json\/wp\/v2\/media?parent=394"}],"curies":[{"name":"wp","href":"https:\/\/api.w.org\/{rel}","templated":true}]}}