{"id":412,"date":"2020-07-30T09:14:13","date_gmt":"2020-07-30T07:14:13","guid":{"rendered":"https:\/\/www.orpheus-magazin.de\/?page_id=412"},"modified":"2025-11-28T15:44:15","modified_gmt":"2025-11-28T14:44:15","slug":"impressum","status":"publish","type":"page","link":"https:\/\/www.orpheus-magazin.de\/de\/impressum\/","title":{"rendered":"Impressum"},"content":{"rendered":"<h3 class=\"wp-block-heading\"><strong>Diensteanbieter<\/strong><\/h3>\n\n\n\n<p>Der Theaterverlag \u2013 Friedrich Berlin GmbH<br>Karl-Heinrich-Ulrichs-Stra\u00dfe 24<br>10785 Berlin<br>Tel.: +49 30 2544950<br>Fax: +49 30 25449512<br>E-Mail: kontakt@der-theaterverlag.de<br>www.der-theaterverlag.de<\/p>\n\n\n\n<p>Gesch\u00e4ftsf\u00fchrung:<br>Torsten Kutschke (gesch\u00e4ftsf\u00fchrender Gesellschafter, Verleger), Thomas Berner&nbsp;&nbsp;<\/p>\n\n\n\n<p>USt-IdNr: DE 189858215<br>HRB Berlin Charlottenburg 64682 B<\/p>\n\n\n\n<h3 class=\"wp-block-heading\"><strong>Redaktionelle Betreuung<\/strong><\/h3>\n\n\n\n<p>Orpheus Verlags GmbH<br>Schlo\u00df 2<br>86482 Aystetten<br>Tel.: +49 821 80032830<br>E-Mail: is@orpheus-magazin.de<\/p>\n\n\n\n<p>Vertreten durch:<br>Iris Steiner (verantwortlich i.S.d. \u00a7 18 Abs. 2 MStV)<\/p>\n\n\n\n<p>USt-IdNr: DE329391791<br>Handelsregister: HRB 34630<br>Registergericht: Amtsgericht Augsburg<\/p>\n\n\n\n<h3 class=\"wp-block-heading\"><strong>Rechtevorbehalt<\/strong><\/h3>\n\n\n\n<p>S\u00e4mtliche Rechte bleiben vorbehalten. Die Der Theaterverlag \u2013 Friedrich Berlin GmbH beh\u00e4lt sich insbesondere eine Nutzung ihrer Inhalte f\u00fcr kommerzielles Text- und Data-Mining im Sinne von \u00a7 44b UrhG ausdr\u00fccklich vor.<\/p>\n\n\n\n<p>Ihre Anfrage&nbsp;f\u00fcr den Erwerb von Nutzungsrechten&nbsp;k\u00f6nnen Sie per E-Mail an <a href=\"mailto:content-syndication@dfv.de\">content-syndication@dfv.de<\/a> richten. Auskunft erhalten Sie telefonisch unter 069 7595-2042.<\/p>\n\n\n\n<div style=\"height:10px\" aria-hidden=\"true\" class=\"wp-block-spacer\"><\/div>\n\n\n\n<h4 class=\"wp-block-heading\"><\/h4>\n\n\n\n<div style=\"height:80px\" aria-hidden=\"true\" class=\"wp-block-spacer\"><\/div>\n\n\n\n<p><\/p>","protected":false},"excerpt":{"rendered":"<p>Diensteanbieter Der Theaterverlag \u2013 Friedrich Berlin GmbHKarl-Heinrich-Ulrichs-Stra\u00dfe 2410785 BerlinTel.: +49 30 2544950Fax: +49 30 25449512E-Mail: kontakt@der-theaterverlag.dewww.der-theaterverlag.de Gesch\u00e4ftsf\u00fchrung:Torsten Kutschke (gesch\u00e4ftsf\u00fchrender Gesellschafter, Verleger), Thomas Berner&nbsp;&nbsp; USt-IdNr: DE 189858215HRB Berlin Charlottenburg 64682 B Redaktionelle Betreuung Orpheus Verlags GmbHSchlo\u00df 286482 AystettenTel.: +49 821 80032830E-Mail: is@orpheus-magazin.de Vertreten durch:Iris Steiner (verantwortlich i.S.d. \u00a7 18 Abs. 2 MStV) USt-IdNr: DE329391791Handelsregister: HRB 34630Registergericht: [&hellip;]<\/p>\n","protected":false},"author":0,"featured_media":0,"parent":0,"menu_order":0,"comment_status":"closed","ping_status":"closed","template":"","meta":{"tpgb_global_settings":"","_editorskit_title_hidden":false,"_editorskit_reading_time":1,"_editorskit_is_block_options_detached":false,"_editorskit_block_options_position":"{}","_eb_attr":"","footnotes":""},"class_list":["post-412","page","type-page","status-publish","hentry"],"tpgb_featured_images":null,"tpgb_post_meta_info":{"get_date":"30. Juli 2020","get_modified_date":"28. November 2025","comment_count":0,"post_likes":0,"post_views":0},"tpgb_post_category":[],"_links":{"self":[{"href":"https:\/\/www.orpheus-magazin.de\/de\/wp-json\/wp\/v2\/pages\/412","targetHints":{"allow":["GET"]}}],"collection":[{"href":"https:\/\/www.orpheus-magazin.de\/de\/wp-json\/wp\/v2\/pages"}],"about":[{"href":"https:\/\/www.orpheus-magazin.de\/de\/wp-json\/wp\/v2\/types\/page"}],"replies":[{"embeddable":true,"href":"https:\/\/www.orpheus-magazin.de\/de\/wp-json\/wp\/v2\/comments?post=412"}],"version-history":[{"count":0,"href":"https:\/\/www.orpheus-magazin.de\/de\/wp-json\/wp\/v2\/pages\/412\/revisions"}],"wp:attachment":[{"href":"https:\/\/www.orpheus-magazin.de\/de\/wp-json\/wp\/v2\/media?parent=412"}],"curies":[{"name":"wp","href":"https:\/\/api.w.org\/{rel}","templated":true}]}}