{"id":427,"date":"2020-07-30T09:59:31","date_gmt":"2020-07-30T07:59:31","guid":{"rendered":"https:\/\/www.orpheus-magazin.de\/?page_id=427"},"modified":"2026-02-06T08:32:30","modified_gmt":"2026-02-06T07:32:30","slug":"widerruf","status":"publish","type":"page","link":"https:\/\/www.orpheus-magazin.de\/de\/widerruf\/","title":{"rendered":"Widerruf"},"content":{"rendered":"<p style=\"font-size:24px\"><strong>Widerrufsrecht des Verbrauchers<\/strong><\/p>\n\n\n\n<p><strong>Sie haben das Recht, eine Vertragserkl\u00e4rung binnen vierzehn Tagen ohne Angabe von Gr\u00fcnden zu widerrufen.<\/strong>&nbsp;<\/p>\n\n\n\n<p>Die Widerrufsfrist betr\u00e4gt vierzehn Tage ab dem Tag, an dem Sie oder ein von Ihnen benannter Dritter, der nicht der Bef\u00f6rderer ist, die erste Ware in Besitz genommen haben bzw. hat.&nbsp;Um Ihr Widerrufsrecht auszu\u00fcben, m\u00fcssen Sie uns (Der Theaterverlag &#8211; Friedrich Berlin GmbH, Karl-Heinrich-Ulrichs-Stra\u00dfe 24, D-10785 Berlin, kontakt@der-theaterverlag.de)&nbsp;mittels einer eindeutigen Erkl\u00e4rung (z. B. ein mit der Post versandter Brief oder E-Mail) \u00fcber Ihren Entschluss, diesen Vertrag zu widerrufen, informieren. Sie k\u00f6nnen daf\u00fcr das&nbsp;Muster-Widerrufsformular&nbsp;verwenden, das jedoch nicht vorgeschrieben ist.&nbsp;Zur Wahrung der Widerrufsfrist reicht es aus, dass Sie die Mitteilung \u00fcber die Aus\u00fcbung des Widerrufsrechts vor Ablauf der Widerrufsfrist absenden. Das Muster-Widerrufsformular wird nachfolgend angeh\u00e4ngt.<\/p>\n\n\n\n<div style=\"height:30px\" aria-hidden=\"true\" class=\"wp-block-spacer\"><\/div>\n\n\n\n<p style=\"font-size:24px\"><strong>Muster-Widerrufsformular<\/strong><\/p>\n\n\n\n<p>(Wenn Sie den Vertrag widerrufen wollen, dann f\u00fcllen Sie bitte dieses Formular aus und senden Sie es zur\u00fcck.)<\/p>\n\n\n\n<p>An<br>Der Theaterverlag \u2013 Friedrich Berlin GmbH<br>Karl-Heinrich-Ulrichs-Stra\u00dfe 24<br>D-10785 Berlin<br>Fax +49-30-25449512<br>kontakt@der-theaterverlag.de<br><br>Hiermit widerrufe(n) ich\/wir (*) den von mir\/uns (*) abgeschlossenen Vertrag \u00fcber den Kauf<br>der folgenden Waren (*)\/ die Erbringung der folgenden Dienstleistung (*)<br>&#8211; Bestellt am (*)\/erhalten am (*)<br>&#8211; Name des\/der Verbraucher(s)<br>&#8211; Anschrift des\/der Verbraucher(s)<br>&#8211; Unterschrift des\/der Verbraucher(s) (nur bei Mitteilung auf Papier)<br>&#8211; Datum<br>(*)<em>&nbsp;Unzutreffendes streichen.<\/em><\/p>\n\n\n\n<div style=\"height:30px\" aria-hidden=\"true\" class=\"wp-block-spacer\"><\/div>\n\n\n\n<p style=\"font-size:24px\"><strong>Folgen des Widerrufs<\/strong><\/p>\n\n\n\n<p>Wenn Sie diesen Vertrag widerrufen, haben wir Ihnen alle Zahlungen, die wir von Ihnen erhalten haben, einschlie\u00dflich der Lieferkosten (mit Ausnahme der zus\u00e4tzlichen Kosten, die sich daraus ergeben, dass Sie eine andere Art der Lieferung als die von uns angebotene, g\u00fcnstigste Standardlieferung gew\u00e4hlt haben), unverz\u00fcglich und sp\u00e4testens binnen vierzehn Tagen ab dem Tag zur\u00fcckzuzahlen, an dem die Mitteilung \u00fcber Ihren Widerruf dieses Vertrags bei uns eingegangen ist. F\u00fcr diese R\u00fcckzahlung verwenden wir dasselbe Zahlungsmittel, das Sie bei der urspr\u00fcnglichen Transaktion eingesetzt haben, es sei denn, mit Ihnen wurde ausdr\u00fccklich etwas anderes vereinbart; in keinem Fall werden Ihnen wegen dieser R\u00fcckzahlung Entgelte berechnet. Wir k\u00f6nnen die R\u00fcckzahlung verweigern, bis wir die Waren zur\u00fcckerhalten haben oder bis Sie den Nachweis erbracht haben, dass Sie die Waren zur\u00fcckgesandt haben, je nachdem, welches der fr\u00fchere Zeitpunkt ist.&nbsp; Sie haben die Waren unverz\u00fcglich und in jedem Fall sp\u00e4testens binnen vierzehn Tagen ab dem Tag, an dem Sie uns \u00fcber den Widerruf dieses Vertrags unterrichten, an&nbsp;Der Theaterverlag &#8211; Friedrich Berlin GmbH, Karl-Heinrich-Ulrichs-Stra\u00dfe 24, D-10785 Berlin&nbsp;zu senden oder zu \u00fcbergeben. Die Frist ist gewahrt, wenn Sie die Waren vor Ablauf der Frist von vierzehn Tagen absenden. Sie tragen die unmittelbaren Kosten der R\u00fccksendung der Waren. Sie m\u00fcssen f\u00fcr einen etwaigen Wertverlust der Waren nur aufkommen, wenn dieser Wertverlust auf einen zur Pr\u00fcfung der Beschaffenheit, Eigenschaften und Funktionsweise der Waren nicht notwendigen Umgang mit ihnen zur\u00fcckzuf\u00fchren ist.<\/p>\n\n\n\n<p class=\"has-regular-font-size\"><strong>Vorzeitiges Erl\u00f6schen des Widerrufsrechts<\/strong><br>Sofern der Abonnementvertrag auch oder ausschlie\u00dflich die Lieferung von digitalen Produkten zum Gegenstand hat, kann ihr Widerrufsrecht vorzeitig erl\u00f6schen, wenn wir mit der Ausf\u00fchrung des Vertrags begonnen haben, nachdem Sie ausdr\u00fccklich zugestimmt haben, dass wir mit der Ausf\u00fchrung des Vertrages vor Ablauf der Widerrufsfrist beginnen und Sie Ihre Kenntnis davon best\u00e4tigt haben, dass Sie durch Ihre Zustimmung mit Beginn der Ausf\u00fchrung des Vertrags Ihr Widerrufsrecht verlieren.<\/p>\n\n\n\n<p class=\"has-regular-font-size\"><strong>Wichtiger Hinweis: Bei der Bestellung von Einzelausgaben entf\u00e4llt das Widerrufsrecht gem\u00e4\u00df \u00a7 312g Abs. 2 Nr. 7 BGB.<\/strong><\/p>\n\n\n\n<div style=\"height:50px\" aria-hidden=\"true\" class=\"wp-block-spacer\"><\/div>\n\n\n\n<p><\/p>","protected":false},"excerpt":{"rendered":"<p>Widerrufsrecht des Verbrauchers Sie haben das Recht, eine Vertragserkl\u00e4rung binnen vierzehn Tagen ohne Angabe von Gr\u00fcnden zu widerrufen.&nbsp; Die Widerrufsfrist betr\u00e4gt vierzehn Tage ab dem Tag, an dem Sie oder ein von Ihnen benannter Dritter, der nicht der Bef\u00f6rderer ist, die erste Ware in Besitz genommen haben bzw. hat.&nbsp;Um Ihr Widerrufsrecht auszu\u00fcben, m\u00fcssen Sie uns [&hellip;]<\/p>\n","protected":false},"author":12,"featured_media":0,"parent":0,"menu_order":0,"comment_status":"closed","ping_status":"closed","template":"","meta":{"tpgb_global_settings":"","_editorskit_title_hidden":false,"_editorskit_reading_time":1,"_editorskit_is_block_options_detached":false,"_editorskit_block_options_position":"{}","_eb_attr":"","footnotes":""},"class_list":["post-427","page","type-page","status-publish","hentry"],"tpgb_featured_images":null,"tpgb_post_meta_info":{"get_date":"30. Juli 2020","get_modified_date":"6. Februar 2026","author_name":"Florian Maier","author_url":"https:\/\/www.orpheus-magazin.de\/de\/author\/redaktionorpheus-magazin-de\/","author_email":"redaktion@orpheus-magazin.de","author_website":"","author_description":"","author_facebook":"","author_twitter":"","author_instagram":"","author_role":["administrator"],"author_firstname":"Florian","author_lastname":"Maier","user_login":"redaktion@orpheus-magazin.de","author_avatar":"<img alt='' src='https:\/\/secure.gravatar.com\/avatar\/5ee5bbfa3e4d8e8fd4c1781cc619164177d374083eb6aa532bc9f2ba5f9c346a?s=200&#038;d=mm&#038;r=g' srcset='https:\/\/secure.gravatar.com\/avatar\/5ee5bbfa3e4d8e8fd4c1781cc619164177d374083eb6aa532bc9f2ba5f9c346a?s=400&#038;d=mm&#038;r=g 2x' class='avatar avatar-200 photo' height='200' width='200' decoding='async'\/>","author_avatar_url":"https:\/\/secure.gravatar.com\/avatar\/5ee5bbfa3e4d8e8fd4c1781cc619164177d374083eb6aa532bc9f2ba5f9c346a?s=96&d=mm&r=g","comment_count":0,"post_likes":0,"post_views":0},"tpgb_post_category":[],"_links":{"self":[{"href":"https:\/\/www.orpheus-magazin.de\/de\/wp-json\/wp\/v2\/pages\/427","targetHints":{"allow":["GET"]}}],"collection":[{"href":"https:\/\/www.orpheus-magazin.de\/de\/wp-json\/wp\/v2\/pages"}],"about":[{"href":"https:\/\/www.orpheus-magazin.de\/de\/wp-json\/wp\/v2\/types\/page"}],"author":[{"embeddable":true,"href":"https:\/\/www.orpheus-magazin.de\/de\/wp-json\/wp\/v2\/users\/12"}],"replies":[{"embeddable":true,"href":"https:\/\/www.orpheus-magazin.de\/de\/wp-json\/wp\/v2\/comments?post=427"}],"version-history":[{"count":1,"href":"https:\/\/www.orpheus-magazin.de\/de\/wp-json\/wp\/v2\/pages\/427\/revisions"}],"predecessor-version":[{"id":12860,"href":"https:\/\/www.orpheus-magazin.de\/de\/wp-json\/wp\/v2\/pages\/427\/revisions\/12860"}],"wp:attachment":[{"href":"https:\/\/www.orpheus-magazin.de\/de\/wp-json\/wp\/v2\/media?parent=427"}],"curies":[{"name":"wp","href":"https:\/\/api.w.org\/{rel}","templated":true}]}}