{"id":429,"date":"2020-07-30T09:59:47","date_gmt":"2020-07-30T07:59:47","guid":{"rendered":"https:\/\/www.orpheus-magazin.de\/?page_id=429"},"modified":"2025-12-21T12:03:08","modified_gmt":"2025-12-21T11:03:08","slug":"versandkosten","status":"publish","type":"page","link":"https:\/\/www.orpheus-magazin.de\/de\/versandkosten\/","title":{"rendered":"Versandkosten"},"content":{"rendered":"<p><strong>Versandbedingungen:<\/strong><br>Die Lieferung der Ware erfolgt innerhalb Deutschlands und in das europ\u00e4ische Ausland.<br>Die angegebenen Versandkosten beinhalten die gesetzliche Mehrwertsteuer.<\/p>\n\n\n\n<div style=\"height:30px\" aria-hidden=\"true\" class=\"wp-block-spacer\"><\/div>\n\n\n\n<figure class=\"wp-block-table\"><table class=\"has-fixed-layout\"><thead><tr><th class=\"has-text-align-left\" data-align=\"left\"><strong>DEUTSCHLAND<\/strong><\/th><th class=\"has-text-align-left\" data-align=\"left\"><\/th><th class=\"has-text-align-center\" data-align=\"center\"><\/th><th class=\"has-text-align-left\" data-align=\"left\"><\/th><\/tr><\/thead><tbody><tr><td class=\"has-text-align-left\" data-align=\"left\"><strong>Art<\/strong><\/td><td class=\"has-text-align-left\" data-align=\"left\"><strong>Produkt<\/strong><\/td><td class=\"has-text-align-center\" data-align=\"center\"><strong>Menge<\/strong><\/td><td class=\"has-text-align-left\" data-align=\"left\"><strong>Versandkostenpauschale<\/strong><\/td><\/tr><tr><td class=\"has-text-align-left\" data-align=\"left\">Abo<\/td><td class=\"has-text-align-left\" data-align=\"left\">Abonnement Orpheus (pro Jahr)<\/td><td class=\"has-text-align-center\" data-align=\"center\">4<\/td><td class=\"has-text-align-left\" data-align=\"left\">kostenlos<\/td><\/tr><tr><td class=\"has-text-align-left\" data-align=\"left\">Einzelheft<\/td><td class=\"has-text-align-left\" data-align=\"left\">Orpheus<\/td><td class=\"has-text-align-center\" data-align=\"center\">1<\/td><td class=\"has-text-align-left\" data-align=\"left\">2,00 \u20ac<\/td><\/tr><tr><td class=\"has-text-align-left\" data-align=\"left\"><\/td><td class=\"has-text-align-left\" data-align=\"left\"><\/td><td class=\"has-text-align-center\" data-align=\"center\">2<\/td><td class=\"has-text-align-left\" data-align=\"left\">3,00 \u20ac<\/td><\/tr><tr><td class=\"has-text-align-left\" data-align=\"left\"><\/td><td class=\"has-text-align-left\" data-align=\"left\"><\/td><td class=\"has-text-align-center\" data-align=\"center\">3\u20135<\/td><td class=\"has-text-align-left\" data-align=\"left\">5,00 \u20ac<\/td><\/tr><tr><td class=\"has-text-align-left\" data-align=\"left\"><\/td><td class=\"has-text-align-left\" data-align=\"left\"><\/td><td class=\"has-text-align-center\" data-align=\"center\">ab 6<\/td><td class=\"has-text-align-left\" data-align=\"left\">8,00 \u20ac<\/td><\/tr><\/tbody><\/table><\/figure>\n\n\n\n<figure class=\"wp-block-table\"><table class=\"has-fixed-layout\"><thead><tr><th class=\"has-text-align-left\" data-align=\"left\"><strong>EUROPA<\/strong><\/th><th class=\"has-text-align-left\" data-align=\"left\"><\/th><th class=\"has-text-align-center\" data-align=\"center\"><\/th><th class=\"has-text-align-left\" data-align=\"left\"><\/th><\/tr><\/thead><tbody><tr><td class=\"has-text-align-left\" data-align=\"left\"><strong>Art<\/strong><\/td><td class=\"has-text-align-left\" data-align=\"left\"><strong>Produkt<\/strong><\/td><td class=\"has-text-align-center\" data-align=\"center\"><strong>Menge<\/strong><\/td><td class=\"has-text-align-left\" data-align=\"left\"><strong>Versandkostenpauschale<\/strong><\/td><\/tr><tr><td class=\"has-text-align-left\" data-align=\"left\">Abo<\/td><td class=\"has-text-align-left\" data-align=\"left\">Abonnement Orpheus (pro Jahr)<\/td><td class=\"has-text-align-center\" data-align=\"center\">4<\/td><td class=\"has-text-align-left\" data-align=\"left\">kostenlos<\/td><\/tr><tr><td class=\"has-text-align-left\" data-align=\"left\">Einzelheft<\/td><td class=\"has-text-align-left\" data-align=\"left\">Orpheus<\/td><td class=\"has-text-align-center\" data-align=\"center\">1<\/td><td class=\"has-text-align-left\" data-align=\"left\">4,00 \u20ac<\/td><\/tr><tr><td class=\"has-text-align-left\" data-align=\"left\"><\/td><td class=\"has-text-align-left\" data-align=\"left\"><\/td><td class=\"has-text-align-center\" data-align=\"center\">2<\/td><td class=\"has-text-align-left\" data-align=\"left\">5,50 \u20ac<\/td><\/tr><tr><td class=\"has-text-align-left\" data-align=\"left\"><\/td><td class=\"has-text-align-left\" data-align=\"left\"><\/td><td class=\"has-text-align-center\" data-align=\"center\">3\u20135<\/td><td class=\"has-text-align-left\" data-align=\"left\">10,00 \u20ac<\/td><\/tr><tr><td class=\"has-text-align-left\" data-align=\"left\"><\/td><td class=\"has-text-align-left\" data-align=\"left\"><\/td><td class=\"has-text-align-center\" data-align=\"center\">ab 6<\/td><td class=\"has-text-align-left\" data-align=\"left\">19,00 \u20ac<\/td><\/tr><\/tbody><\/table><\/figure>\n\n\n\n<div style=\"height:20px\" aria-hidden=\"true\" class=\"wp-block-spacer\"><\/div>\n\n\n\n<p><strong>Lieferung von Download-Produkten:<\/strong><br>F\u00fcr Download-Produkte (digitale Inhalte, die nicht auf einem k\u00f6rperlichen Datentr\u00e4ger geliefert werden) fallen keine Versandkosten an.<br>Download-Produkte k\u00f6nnen Sie \u00fcber einen per E-Mail mitgeteilten Link herunterladen. Die Versendung dieser E-Mail mit Zugangsdaten zur Ausf\u00fchrung des Downloads erfolgt innerhalb von 24 Stunden nach Vertragsschluss.<\/p>\n\n\n\n<p><strong>Lieferfristen<\/strong>:<br>Soweit im jeweiligen Angebot keine andere Frist angegeben ist, erfolgt die Lieferung der Ware im Inland (Deutschland) innerhalb von 3\u20134 Werktagen, bei Auslandslieferungen innerhalb von 5\u20137 Werktagen nach Vertragsschluss.<\/p>\n\n\n\n<div style=\"height:10px\" aria-hidden=\"true\" class=\"wp-block-spacer\"><\/div>\n\n\n\n<h1 class=\"wp-block-heading has-text-align-center\" style=\"font-size:45px\">Zahlung<\/h1>\n\n\n\n<div style=\"height:10px\" aria-hidden=\"true\" class=\"wp-block-spacer\"><\/div>\n\n\n\n<p><strong>Akzeptierte Zahlungsm\u00f6glichkeiten:<\/strong><\/p>\n\n\n\n<ul class=\"wp-block-list\">\n<li>Zahlung per Rechnung<\/li>\n\n\n\n<li>Zahlung per SEPA-Lastschrift<\/li>\n<\/ul>\n\n\n\n<p>Der Rechnungsbetrag ist bei Zahlung auf Rechnung innerhalb von 7 Tagen auszugleichen.<\/p>\n\n\n\n<p>Bei Zahlung per SEPA-Basislastschrift erm\u00e4chtigen Sie uns durch Erteilung eines entsprechenden SEPA-Mandats, den Rechnungsbetrag vom angegebenen Konto einzuziehen. Sie erhalten eine Vorabank\u00fcndigung mindestens 5 Tage vor dem Datum des Lastschrifteinzugs. Beachten Sie bitte, dass Sie verpflichtet sind f\u00fcr die ausreichende Deckung des Kontos zum angek\u00fcndigten Datum zu sorgen.<\/p>\n\n\n\n<p><a href=\"https:\/\/www.orpheus-magazin.de\/de\/kontakt\/\" class=\"ek-link\">Bei Fragen kontaktieren Sie uns gerne.<\/a><\/p>\n\n\n\n<div style=\"height:60px\" aria-hidden=\"true\" class=\"wp-block-spacer\"><\/div>","protected":false},"excerpt":{"rendered":"<p>Versandbedingungen:Die Lieferung der Ware erfolgt innerhalb Deutschlands und in das europ\u00e4ische Ausland.Die angegebenen Versandkosten beinhalten die gesetzliche Mehrwertsteuer. DEUTSCHLAND Art Produkt Menge Versandkostenpauschale Abo Abonnement Orpheus (pro Jahr) 4 kostenlos Einzelheft Orpheus 1 2,00 \u20ac 2 3,00 \u20ac 3\u20135 5,00 \u20ac ab 6 8,00 \u20ac EUROPA Art Produkt Menge Versandkostenpauschale Abo Abonnement Orpheus (pro Jahr) [&hellip;]<\/p>\n","protected":false},"author":0,"featured_media":0,"parent":0,"menu_order":0,"comment_status":"closed","ping_status":"closed","template":"","meta":{"tpgb_global_settings":"","_editorskit_title_hidden":false,"_editorskit_reading_time":0,"_editorskit_is_block_options_detached":false,"_editorskit_block_options_position":"{}","_eb_attr":"","footnotes":""},"class_list":["post-429","page","type-page","status-publish","hentry"],"tpgb_featured_images":null,"tpgb_post_meta_info":{"get_date":"30. Juli 2020","get_modified_date":"21. Dezember 2025","comment_count":0,"post_likes":0,"post_views":0},"tpgb_post_category":[],"_links":{"self":[{"href":"https:\/\/www.orpheus-magazin.de\/de\/wp-json\/wp\/v2\/pages\/429","targetHints":{"allow":["GET"]}}],"collection":[{"href":"https:\/\/www.orpheus-magazin.de\/de\/wp-json\/wp\/v2\/pages"}],"about":[{"href":"https:\/\/www.orpheus-magazin.de\/de\/wp-json\/wp\/v2\/types\/page"}],"replies":[{"embeddable":true,"href":"https:\/\/www.orpheus-magazin.de\/de\/wp-json\/wp\/v2\/comments?post=429"}],"version-history":[{"count":1,"href":"https:\/\/www.orpheus-magazin.de\/de\/wp-json\/wp\/v2\/pages\/429\/revisions"}],"predecessor-version":[{"id":12547,"href":"https:\/\/www.orpheus-magazin.de\/de\/wp-json\/wp\/v2\/pages\/429\/revisions\/12547"}],"wp:attachment":[{"href":"https:\/\/www.orpheus-magazin.de\/de\/wp-json\/wp\/v2\/media?parent=429"}],"curies":[{"name":"wp","href":"https:\/\/api.w.org\/{rel}","templated":true}]}}