{"id":6735,"date":"2021-10-29T11:00:00","date_gmt":"2021-10-29T09:00:00","guid":{"rendered":"https:\/\/www.orpheus-magazin.de\/?page_id=6735"},"modified":"2022-02-22T22:30:34","modified_gmt":"2022-02-22T21:30:34","slug":"ausgabe-06-2021","status":"publish","type":"page","link":"https:\/\/www.orpheus-magazin.de\/de\/ausgabe-06-2021\/","title":{"rendered":"Ausgabe 06\/2021"},"content":{"rendered":"<h1 class=\"has-text-align-center font-montserrat-alternates wp-block-heading\" id=\"ausgabe-06-2021\" style=\"font-size:45px\">Ausgabe 06\/2021<\/h1>\n\n\n\n<div style=\"height:1px\" aria-hidden=\"true\" class=\"wp-block-spacer\"><\/div>\n\n\n\n<div class=\"wp-block-columns alignwide is-layout-flex wp-container-core-columns-is-layout-9d6595d7 wp-block-columns-is-layout-flex\">\n<div class=\"wp-block-column is-layout-flow wp-block-column-is-layout-flow\" style=\"flex-basis:49%\">\n<div class=\"wp-block-cover is-light ek-linked-block\" style=\"min-height:500px;aspect-ratio:unset;\"><span aria-hidden=\"true\" class=\"has-background-dim-0 wp-block-cover__gradient-background has-background-dim\"><\/span><img fetchpriority=\"high\" decoding=\"async\" width=\"475\" height=\"500\" class=\"wp-block-cover__image-background wp-image-6721\" alt=\"\" src=\"https:\/\/www.orpheus-magazin.de\/wp-content\/uploads\/2021\/10\/2021-06_Inhalte2.jpg\" data-object-fit=\"cover\" srcset=\"https:\/\/www.orpheus-magazin.de\/wp-content\/uploads\/2021\/10\/2021-06_Inhalte2.jpg 475w, https:\/\/www.orpheus-magazin.de\/wp-content\/uploads\/2021\/10\/2021-06_Inhalte2-285x300.jpg 285w\" sizes=\"(max-width: 475px) 100vw, 475px\" \/><div class=\"wp-block-cover__inner-container is-layout-flow wp-block-cover-is-layout-flow\">\n<div style=\"height:320px\" aria-hidden=\"true\" class=\"wp-block-spacer\"><\/div>\n\n\n\n<p class=\"has-text-align-center has-white-color has-text-color\" style=\"font-size:22px\"><strong><strong>KAREN STONE<\/strong><br><strong>Ihre besten Jahre<\/strong><\/strong><\/p>\n\n\n\n<p class=\"has-text-align-center has-white-color has-text-color has-regular-font-size\">Leseprobe<\/p>\n<\/div><a href=\"https:\/\/www.orpheus-magazin.de\/de\/2021\/10\/29\/ihre-besten-jahre\/\" class=\"editorskit-block-link\" target=\"_blank\" rel=\" noreferrer noopener\"><\/a><\/div>\n<\/div>\n\n\n\n<div class=\"wp-block-column is-layout-flow wp-block-column-is-layout-flow\" style=\"flex-basis:2%\">\n<div style=\"height:20px\" aria-hidden=\"true\" class=\"wp-block-spacer\"><\/div>\n<\/div>\n\n\n\n<div class=\"wp-block-column is-layout-flow wp-block-column-is-layout-flow\" style=\"flex-basis:49%\">\n<div class=\"wp-block-cover ek-linked-block\" style=\"min-height:500px;aspect-ratio:unset;\"><span aria-hidden=\"true\" class=\"has-background-dim-0 wp-block-cover__gradient-background has-background-dim has-background-gradient\" style=\"background:linear-gradient(135deg,rgb(238,238,238) 0%,rgb(0,0,0) 100%)\"><\/span><img decoding=\"async\" width=\"475\" height=\"500\" class=\"wp-block-cover__image-background wp-image-6720\" alt=\"\" src=\"https:\/\/www.orpheus-magazin.de\/wp-content\/uploads\/2021\/10\/2021-06_Inhalte1.jpg\" data-object-fit=\"cover\" srcset=\"https:\/\/www.orpheus-magazin.de\/wp-content\/uploads\/2021\/10\/2021-06_Inhalte1.jpg 475w, https:\/\/www.orpheus-magazin.de\/wp-content\/uploads\/2021\/10\/2021-06_Inhalte1-285x300.jpg 285w\" sizes=\"(max-width: 475px) 100vw, 475px\" \/><div class=\"wp-block-cover__inner-container is-layout-flow wp-block-cover-is-layout-flow\">\n<div style=\"height:320px\" aria-hidden=\"true\" class=\"wp-block-spacer\"><\/div>\n\n\n\n<p class=\"has-text-align-center\" style=\"font-size:22px\"><strong>DIE THEATER-ARCHITEKTEN ACHATZ<\/strong><br><strong><strong>Bauen f\u00fcr die Kunst<\/strong><\/strong><\/p>\n\n\n\n<p class=\"has-text-align-center has-regular-font-size\">Leseprobe<\/p>\n<\/div><a href=\"https:\/\/www.orpheus-magazin.de\/de\/2021\/10\/29\/bauen-fuer-die-kunst\/\" class=\"editorskit-block-link\" target=\"_blank\" rel=\" noreferrer noopener\"><\/a><\/div>\n<\/div>\n<\/div>\n\n\n\n<div style=\"height:20px\" aria-hidden=\"true\" class=\"wp-block-spacer\"><\/div>\n\n\n\n<div class=\"wp-block-columns alignwide is-style-default is-layout-flex wp-container-core-columns-is-layout-9d6595d7 wp-block-columns-is-layout-flex\">\n<div class=\"wp-block-column is-layout-flow wp-block-column-is-layout-flow\" style=\"flex-basis:20%\">\n<p class=\"has-text-align-right has-light-gray-color has-text-color has-small-font-size\">___<br>Impressionen<\/p>\n<\/div>\n\n\n\n<div class=\"wp-block-column is-layout-flow wp-block-column-is-layout-flow\" style=\"flex-basis:50%\">\n<p class=\"has-regular-font-size\"><strong>Ausweitung der Theatersph\u00e4re<\/strong><\/p>\n\n\n\n<p>Das Digital-Ballett \u201ekinesphere\u201c am Staatstheater Augsburg<\/p>\n\n\n\n<div style=\"height:30px\" aria-hidden=\"true\" class=\"wp-block-spacer\"><\/div>\n\n\n\n<hr class=\"wp-block-separator is-style-wide\"\/>\n<\/div>\n\n\n\n<div class=\"wp-block-column is-layout-flow wp-block-column-is-layout-flow\" style=\"flex-basis:30%\">\n<figure class=\"wp-block-image size-full\"><img decoding=\"async\" width=\"500\" height=\"280\" src=\"https:\/\/www.orpheus-magazin.de\/wp-content\/uploads\/2021\/10\/2021-06_Inhalte3.jpg\" alt=\"\" class=\"wp-image-6722\" srcset=\"https:\/\/www.orpheus-magazin.de\/wp-content\/uploads\/2021\/10\/2021-06_Inhalte3.jpg 500w, https:\/\/www.orpheus-magazin.de\/wp-content\/uploads\/2021\/10\/2021-06_Inhalte3-300x168.jpg 300w\" sizes=\"(max-width: 500px) 100vw, 500px\" \/><\/figure>\n\n\n\n<p><\/p>\n<\/div>\n<\/div>\n\n\n\n<div class=\"wp-block-columns alignwide is-style-default is-layout-flex wp-container-core-columns-is-layout-9d6595d7 wp-block-columns-is-layout-flex\">\n<div class=\"wp-block-column is-layout-flow wp-block-column-is-layout-flow\" style=\"flex-basis:20%\">\n<p class=\"has-text-align-right has-light-gray-color has-text-color has-small-font-size\">___<br>Titel<\/p>\n<\/div>\n\n\n\n<div class=\"wp-block-column is-layout-flow wp-block-column-is-layout-flow\" style=\"flex-basis:50%\">\n<p class=\"has-regular-font-size\"><strong>Komm nach vorne, Mim\u00ec, singen!<\/strong><\/p>\n\n\n\n<p>Markus L\u00fcpertz inszeniert \u201eLa Boh\u00e8me\u201c am Staatstheater Meiningen<\/p>\n\n\n\n<div style=\"height:30px\" aria-hidden=\"true\" class=\"wp-block-spacer\"><\/div>\n\n\n\n<hr class=\"wp-block-separator is-style-wide\"\/>\n<\/div>\n\n\n\n<div class=\"wp-block-column is-layout-flow wp-block-column-is-layout-flow\" style=\"flex-basis:30%\">\n<figure class=\"wp-block-image size-full\"><img loading=\"lazy\" decoding=\"async\" width=\"500\" height=\"280\" src=\"https:\/\/www.orpheus-magazin.de\/wp-content\/uploads\/2021\/10\/2021-06_Inhalte4.jpg\" alt=\"\" class=\"wp-image-6723\" srcset=\"https:\/\/www.orpheus-magazin.de\/wp-content\/uploads\/2021\/10\/2021-06_Inhalte4.jpg 500w, https:\/\/www.orpheus-magazin.de\/wp-content\/uploads\/2021\/10\/2021-06_Inhalte4-300x168.jpg 300w\" sizes=\"(max-width: 500px) 100vw, 500px\" \/><\/figure>\n\n\n\n<p><\/p>\n<\/div>\n<\/div>\n\n\n\n<div class=\"wp-block-columns alignwide is-style-default is-layout-flex wp-container-core-columns-is-layout-9d6595d7 wp-block-columns-is-layout-flex\">\n<div class=\"wp-block-column is-layout-flow wp-block-column-is-layout-flow\" style=\"flex-basis:20%\">\n<p class=\"has-text-align-right has-light-gray-color has-text-color has-small-font-size\">___<br>Unterwegs<\/p>\n<\/div>\n\n\n\n<div class=\"wp-block-column is-layout-flow wp-block-column-is-layout-flow\" style=\"flex-basis:50%\">\n<p class=\"has-regular-font-size\"><strong>Europas bekanntester Geheimtipp<\/strong><\/p>\n\n\n\n<p>Das George Enescu Festival Bukarest<\/p>\n\n\n\n<div style=\"height:60px\" aria-hidden=\"true\" class=\"wp-block-spacer\"><\/div>\n\n\n\n<hr class=\"wp-block-separator is-style-wide\"\/>\n<\/div>\n\n\n\n<div class=\"wp-block-column is-layout-flow wp-block-column-is-layout-flow\" style=\"flex-basis:30%\">\n<figure class=\"wp-block-image size-full\"><img loading=\"lazy\" decoding=\"async\" width=\"500\" height=\"280\" src=\"https:\/\/www.orpheus-magazin.de\/wp-content\/uploads\/2021\/10\/2021-06_Inhalte5.jpg\" alt=\"\" class=\"wp-image-6724\" srcset=\"https:\/\/www.orpheus-magazin.de\/wp-content\/uploads\/2021\/10\/2021-06_Inhalte5.jpg 500w, https:\/\/www.orpheus-magazin.de\/wp-content\/uploads\/2021\/10\/2021-06_Inhalte5-300x168.jpg 300w\" sizes=\"(max-width: 500px) 100vw, 500px\" \/><\/figure>\n\n\n\n<p><\/p>\n<\/div>\n<\/div>\n\n\n\n<div class=\"wp-block-columns alignwide is-style-default is-layout-flex wp-container-core-columns-is-layout-9d6595d7 wp-block-columns-is-layout-flex\">\n<div class=\"wp-block-column is-layout-flow wp-block-column-is-layout-flow\" style=\"flex-basis:20%\">\n<p class=\"has-text-align-right has-light-gray-color has-text-color has-small-font-size\">___<br>In eigener Sache<\/p>\n<\/div>\n\n\n\n<div class=\"wp-block-column is-layout-flow wp-block-column-is-layout-flow\" style=\"flex-basis:50%\">\n<p class=\"has-regular-font-size\"><strong><a aria-label=\" (opens in a new tab)\" href=\"https:\/\/www.orpheus-magazin.de\/de\/2021\/10\/29\/ypsilonix\/\" target=\"_blank\" rel=\"noreferrer noopener\" class=\"ek-link\">Vor dem Singen kommt das Sprechen<\/a><\/strong><\/p>\n\n\n\n<p>Sprachp\u00e4dagogik mit Spa\u00df: Unser erstes Buchprojekt \u201eYpsilonix und der Fluch der Qualle\u201c<\/p>\n\n\n\n<div style=\"height:30px\" aria-hidden=\"true\" class=\"wp-block-spacer\"><\/div>\n\n\n\n<hr class=\"wp-block-separator is-style-wide\"\/>\n<\/div>\n\n\n\n<div class=\"wp-block-column is-layout-flow wp-block-column-is-layout-flow\" style=\"flex-basis:30%\">\n<figure class=\"wp-block-image size-full\"><img loading=\"lazy\" decoding=\"async\" width=\"500\" height=\"280\" src=\"https:\/\/www.orpheus-magazin.de\/wp-content\/uploads\/2021\/10\/2021-06_Inhalte6.jpg\" alt=\"\" class=\"wp-image-6725\" srcset=\"https:\/\/www.orpheus-magazin.de\/wp-content\/uploads\/2021\/10\/2021-06_Inhalte6.jpg 500w, https:\/\/www.orpheus-magazin.de\/wp-content\/uploads\/2021\/10\/2021-06_Inhalte6-300x168.jpg 300w\" sizes=\"(max-width: 500px) 100vw, 500px\" \/><\/figure>\n\n\n\n<p><\/p>\n<\/div>\n<\/div>\n\n\n\n<div class=\"wp-block-columns alignwide is-style-default is-layout-flex wp-container-core-columns-is-layout-9d6595d7 wp-block-columns-is-layout-flex\">\n<div class=\"wp-block-column is-layout-flow wp-block-column-is-layout-flow\" style=\"flex-basis:20%\">\n<p class=\"has-text-align-right has-light-gray-color has-text-color has-small-font-size\">___<br>Medien<\/p>\n<\/div>\n\n\n\n<div class=\"wp-block-column is-layout-flow wp-block-column-is-layout-flow\" style=\"flex-basis:50%\">\n<p class=\"has-regular-font-size\"><strong>Reelle Destillate<\/strong><\/p>\n\n\n\n<p>Die H\u00f6rbiografien von BR-Klassik<\/p>\n\n\n\n<div style=\"height:60px\" aria-hidden=\"true\" class=\"wp-block-spacer\"><\/div>\n\n\n\n<hr class=\"wp-block-separator is-style-wide\"\/>\n<\/div>\n\n\n\n<div class=\"wp-block-column is-layout-flow wp-block-column-is-layout-flow\" style=\"flex-basis:30%\">\n<figure class=\"wp-block-image size-full\"><img loading=\"lazy\" decoding=\"async\" width=\"500\" height=\"280\" src=\"https:\/\/www.orpheus-magazin.de\/wp-content\/uploads\/2021\/10\/2021-06_Inhalte7.jpg\" alt=\"\" class=\"wp-image-6726\" srcset=\"https:\/\/www.orpheus-magazin.de\/wp-content\/uploads\/2021\/10\/2021-06_Inhalte7.jpg 500w, https:\/\/www.orpheus-magazin.de\/wp-content\/uploads\/2021\/10\/2021-06_Inhalte7-300x168.jpg 300w\" sizes=\"(max-width: 500px) 100vw, 500px\" \/><\/figure>\n\n\n\n<p><\/p>\n<\/div>\n<\/div>\n\n\n\n<div class=\"wp-block-columns alignwide is-style-default is-layout-flex wp-container-core-columns-is-layout-9d6595d7 wp-block-columns-is-layout-flex\">\n<div class=\"wp-block-column is-layout-flow wp-block-column-is-layout-flow\" style=\"flex-basis:20%\">\n<p class=\"has-text-align-right has-light-gray-color has-text-color has-small-font-size\">___<br>Impuls<\/p>\n<\/div>\n\n\n\n<div class=\"wp-block-column is-layout-flow wp-block-column-is-layout-flow\" style=\"flex-basis:50%\">\n<p class=\"has-regular-font-size\"><strong>Die Poesie des Zufalls<\/strong><\/p>\n\n\n\n<p>K\u00fcnstlerische Lebenspartnerschaften: Ein Modell f\u00fcr die Zukunft? Im Gespr\u00e4ch mit der Bildenden K\u00fcnstlerin Antje Tesche-Mentzen und dem Komponisten Wilfried Hiller<\/p>\n\n\n\n<hr class=\"wp-block-separator is-style-wide\"\/>\n<\/div>\n\n\n\n<div class=\"wp-block-column is-layout-flow wp-block-column-is-layout-flow\" style=\"flex-basis:30%\">\n<figure class=\"wp-block-image size-full\"><img loading=\"lazy\" decoding=\"async\" width=\"500\" height=\"280\" src=\"https:\/\/www.orpheus-magazin.de\/wp-content\/uploads\/2021\/10\/2021-06_Inhalte8.jpg\" alt=\"\" class=\"wp-image-6727\" srcset=\"https:\/\/www.orpheus-magazin.de\/wp-content\/uploads\/2021\/10\/2021-06_Inhalte8.jpg 500w, https:\/\/www.orpheus-magazin.de\/wp-content\/uploads\/2021\/10\/2021-06_Inhalte8-300x168.jpg 300w\" sizes=\"(max-width: 500px) 100vw, 500px\" \/><\/figure>\n\n\n\n<p><\/p>\n<\/div>\n<\/div>\n\n\n\n<div class=\"wp-block-columns alignwide is-style-default is-layout-flex wp-container-core-columns-is-layout-9d6595d7 wp-block-columns-is-layout-flex\">\n<div class=\"wp-block-column is-layout-flow wp-block-column-is-layout-flow\" style=\"flex-basis:20%\">\n<p class=\"has-text-align-right has-light-gray-color has-text-color has-small-font-size\">___<br>Fundst\u00fccke<\/p>\n<\/div>\n\n\n\n<div class=\"wp-block-column is-layout-flow wp-block-column-is-layout-flow\" style=\"flex-basis:50%\">\n<p class=\"has-regular-font-size\"><strong>Humor nach dem Reinheitsgebot<\/strong><\/p>\n\n\n\n<p>Wie eine \u201eBierOper\u201c Ma\u00df-geschneidertes Kulturmarketing neu definiert<\/p>\n\n\n\n<div style=\"height:30px\" aria-hidden=\"true\" class=\"wp-block-spacer\"><\/div>\n\n\n\n<hr class=\"wp-block-separator is-style-wide\"\/>\n<\/div>\n\n\n\n<div class=\"wp-block-column is-layout-flow wp-block-column-is-layout-flow\" style=\"flex-basis:30%\">\n<figure class=\"wp-block-image size-full\"><img loading=\"lazy\" decoding=\"async\" width=\"500\" height=\"280\" src=\"https:\/\/www.orpheus-magazin.de\/wp-content\/uploads\/2021\/10\/2021-06_Inhalte9.jpg\" alt=\"\" class=\"wp-image-6728\" srcset=\"https:\/\/www.orpheus-magazin.de\/wp-content\/uploads\/2021\/10\/2021-06_Inhalte9.jpg 500w, https:\/\/www.orpheus-magazin.de\/wp-content\/uploads\/2021\/10\/2021-06_Inhalte9-300x168.jpg 300w\" sizes=\"(max-width: 500px) 100vw, 500px\" \/><\/figure>\n\n\n\n<p><\/p>\n<\/div>\n<\/div>\n\n\n\n<div class=\"wp-block-columns alignwide is-style-default is-layout-flex wp-container-core-columns-is-layout-9d6595d7 wp-block-columns-is-layout-flex\">\n<div class=\"wp-block-column is-layout-flow wp-block-column-is-layout-flow\" style=\"flex-basis:20%\">\n<p class=\"has-text-align-right has-light-gray-color has-text-color has-small-font-size\">___<br>Interview<\/p>\n<\/div>\n\n\n\n<div class=\"wp-block-column is-layout-flow wp-block-column-is-layout-flow\" style=\"flex-basis:50%\">\n<p class=\"has-regular-font-size\"><strong>Nachhausekommen<\/strong><\/p>\n\n\n\n<p>Zum Regiedeb\u00fct der Starsopranistin Angela Denoke<\/p>\n\n\n\n<div style=\"height:60px\" aria-hidden=\"true\" class=\"wp-block-spacer\"><\/div>\n\n\n\n<hr class=\"wp-block-separator is-style-wide\"\/>\n<\/div>\n\n\n\n<div class=\"wp-block-column is-layout-flow wp-block-column-is-layout-flow\" style=\"flex-basis:30%\">\n<figure class=\"wp-block-image size-full\"><img loading=\"lazy\" decoding=\"async\" width=\"500\" height=\"280\" src=\"https:\/\/www.orpheus-magazin.de\/wp-content\/uploads\/2021\/10\/2021-06_Inhalte10.jpg\" alt=\"\" class=\"wp-image-6729\" srcset=\"https:\/\/www.orpheus-magazin.de\/wp-content\/uploads\/2021\/10\/2021-06_Inhalte10.jpg 500w, https:\/\/www.orpheus-magazin.de\/wp-content\/uploads\/2021\/10\/2021-06_Inhalte10-300x168.jpg 300w\" sizes=\"(max-width: 500px) 100vw, 500px\" \/><\/figure>\n\n\n\n<p><\/p>\n<\/div>\n<\/div>\n\n\n\n<div class=\"wp-block-columns alignwide is-style-default is-layout-flex wp-container-core-columns-is-layout-9d6595d7 wp-block-columns-is-layout-flex\">\n<div class=\"wp-block-column is-layout-flow wp-block-column-is-layout-flow\" style=\"flex-basis:20%\">\n<p class=\"has-text-align-right has-light-gray-color has-text-color has-small-font-size\">___<br>Medien<\/p>\n<\/div>\n\n\n\n<div class=\"wp-block-column is-layout-flow wp-block-column-is-layout-flow\" style=\"flex-basis:50%\">\n<p class=\"has-regular-font-size\"><strong>Geh\u00f6rt, gesehen, gelesen<\/strong><\/p>\n\n\n\n<p>Kultur-Highlights f\u00fcr das heimische Wohnzimmer<\/p>\n\n\n\n<div style=\"height:60px\" aria-hidden=\"true\" class=\"wp-block-spacer\"><\/div>\n\n\n\n<hr class=\"wp-block-separator is-style-wide\"\/>\n<\/div>\n\n\n\n<div class=\"wp-block-column is-layout-flow wp-block-column-is-layout-flow\" style=\"flex-basis:30%\">\n<figure class=\"wp-block-image size-full\"><img loading=\"lazy\" decoding=\"async\" width=\"500\" height=\"280\" src=\"https:\/\/www.orpheus-magazin.de\/wp-content\/uploads\/2021\/10\/2021-06_Inhalte11.jpg\" alt=\"\" class=\"wp-image-6730\" srcset=\"https:\/\/www.orpheus-magazin.de\/wp-content\/uploads\/2021\/10\/2021-06_Inhalte11.jpg 500w, https:\/\/www.orpheus-magazin.de\/wp-content\/uploads\/2021\/10\/2021-06_Inhalte11-300x168.jpg 300w\" sizes=\"(max-width: 500px) 100vw, 500px\" \/><\/figure>\n\n\n\n<p><\/p>\n<\/div>\n<\/div>\n\n\n\n<div class=\"wp-block-columns alignwide is-style-default is-layout-flex wp-container-core-columns-is-layout-9d6595d7 wp-block-columns-is-layout-flex\">\n<div class=\"wp-block-column is-layout-flow wp-block-column-is-layout-flow\" style=\"flex-basis:20%\">\n<p class=\"has-text-align-right has-light-gray-color has-text-color has-small-font-size\">___<br>Rezensionen<\/p>\n<\/div>\n\n\n\n<div class=\"wp-block-column is-layout-flow wp-block-column-is-layout-flow\" style=\"flex-basis:50%\">\n<p class=\"has-regular-font-size\"><strong>F\u00fcr Sie gesehen<\/strong><\/p>\n\n\n\n<p>Neues und Spektakul\u00e4res von den (Opern-)B\u00fchnen in Deutschland und Europa<\/p>\n\n\n\n<div style=\"height:30px\" aria-hidden=\"true\" class=\"wp-block-spacer\"><\/div>\n\n\n\n<hr class=\"wp-block-separator is-style-wide\"\/>\n<\/div>\n\n\n\n<div class=\"wp-block-column is-layout-flow wp-block-column-is-layout-flow\" style=\"flex-basis:30%\">\n<figure class=\"wp-block-image size-full\"><img loading=\"lazy\" decoding=\"async\" width=\"500\" height=\"280\" src=\"https:\/\/www.orpheus-magazin.de\/wp-content\/uploads\/2021\/10\/2021-06_Inhalte12.jpg\" alt=\"\" class=\"wp-image-6731\" srcset=\"https:\/\/www.orpheus-magazin.de\/wp-content\/uploads\/2021\/10\/2021-06_Inhalte12.jpg 500w, https:\/\/www.orpheus-magazin.de\/wp-content\/uploads\/2021\/10\/2021-06_Inhalte12-300x168.jpg 300w\" sizes=\"(max-width: 500px) 100vw, 500px\" \/><\/figure>\n\n\n\n<p><\/p>\n<\/div>\n<\/div>\n\n\n\n<div class=\"wp-block-columns alignwide is-style-default is-layout-flex wp-container-core-columns-is-layout-9d6595d7 wp-block-columns-is-layout-flex\">\n<div class=\"wp-block-column is-layout-flow wp-block-column-is-layout-flow\" style=\"flex-basis:20%\">\n<p class=\"has-text-align-right has-light-gray-color has-text-color has-small-font-size\">___<br>Termine<br><\/p>\n<\/div>\n\n\n\n<div class=\"wp-block-column is-layout-flow wp-block-column-is-layout-flow\" style=\"flex-basis:50%\">\n<p class=\"has-regular-font-size\"><strong>Premieren<\/strong><\/p>\n\n\n\n<p>Ein optimistischer Ausblick<\/p>\n\n\n\n<hr class=\"wp-block-separator is-style-wide\"\/>\n<\/div>\n\n\n\n<div class=\"wp-block-column is-layout-flow wp-block-column-is-layout-flow\" style=\"flex-basis:30%\">\n<p><\/p>\n<\/div>\n<\/div>\n\n\n\n<div style=\"height:50px\" aria-hidden=\"true\" class=\"wp-block-spacer\"><\/div>\n\n\n\n<div class=\"wp-block-media-text alignwide is-vertically-aligned-center is-stacked-on-mobile has-background\" style=\"background-color:#f6f6f6;grid-template-columns:22% auto\"><figure class=\"wp-block-media-text__media\"><img loading=\"lazy\" decoding=\"async\" width=\"850\" height=\"1000\" src=\"https:\/\/www.orpheus-magazin.de\/wp-content\/uploads\/2021\/10\/21-06_Heft_Bestellbox_Startseite.jpg\" alt=\"\" class=\"wp-image-6742 size-full\" srcset=\"https:\/\/www.orpheus-magazin.de\/wp-content\/uploads\/2021\/10\/21-06_Heft_Bestellbox_Startseite.jpg 850w, https:\/\/www.orpheus-magazin.de\/wp-content\/uploads\/2021\/10\/21-06_Heft_Bestellbox_Startseite-255x300.jpg 255w, https:\/\/www.orpheus-magazin.de\/wp-content\/uploads\/2021\/10\/21-06_Heft_Bestellbox_Startseite-768x904.jpg 768w, https:\/\/www.orpheus-magazin.de\/wp-content\/uploads\/2021\/10\/21-06_Heft_Bestellbox_Startseite-500x588.jpg 500w, https:\/\/www.orpheus-magazin.de\/wp-content\/uploads\/2021\/10\/21-06_Heft_Bestellbox_Startseite-800x941.jpg 800w, https:\/\/www.orpheus-magazin.de\/wp-content\/uploads\/2021\/10\/21-06_Heft_Bestellbox_Startseite-600x706.jpg 600w\" sizes=\"(max-width: 850px) 100vw, 850px\" \/><\/figure><div class=\"wp-block-media-text__content\">\n<div style=\"height:10px\" aria-hidden=\"true\" class=\"wp-block-spacer\"><\/div>\n\n\n\n<p style=\"font-size:26px\"><strong>Unsere Ausgabe November\/Dezember 2021 online bestellen<\/strong><\/p>\n\n\n\n<p>Bequem in Ihren Briefkasten oder als PDF zum Sofort-Download<\/p>\n\n\n\n<p><strong><a href=\"https:\/\/www.orpheus-magazin.de\/de\/product\/print-ausgabe-06-2021\/\" target=\"_blank\" aria-label=\" (opens in a new tab)\" rel=\"noreferrer noopener\" class=\"ek-link\">Print-Ausgabe bestellen<\/a><\/strong> | <strong><a href=\"https:\/\/www.orpheus-magazin.de\/de\/product\/pdf-ausgabe-06-2021\/\" target=\"_blank\" aria-label=\" (opens in a new tab)\" rel=\"noreferrer noopener\" class=\"ek-link\">PDF-Ausgabe bestellen<\/a><\/strong><\/p>\n<\/div><\/div>\n\n\n\n<div style=\"height:80px\" aria-hidden=\"true\" class=\"wp-block-spacer\"><\/div>\n\n\n<div style=\"width: 100vw; left: 50%; transform: translateX(-50%); position: relative;\">\n<!-- Error, Advert is not available at this time due to schedule\/geolocation restrictions! -->\n<\/div>\n\n\n\n<div style=\"height:50px\" aria-hidden=\"true\" class=\"wp-block-spacer\"><\/div>","protected":false},"excerpt":{"rendered":"<p>Ausgabe 06\/2021 ___Impressionen Ausweitung der Theatersph\u00e4re Das Digital-Ballett \u201ekinesphere\u201c am Staatstheater Augsburg ___Titel Komm nach vorne, Mim\u00ec, singen! Markus L\u00fcpertz inszeniert \u201eLa Boh\u00e8me\u201c am Staatstheater Meiningen ___Unterwegs Europas bekanntester Geheimtipp Das George Enescu Festival Bukarest ___In eigener Sache Vor dem Singen kommt das Sprechen Sprachp\u00e4dagogik mit Spa\u00df: Unser erstes Buchprojekt \u201eYpsilonix und der Fluch der [&hellip;]<\/p>\n","protected":false},"author":14,"featured_media":6734,"parent":0,"menu_order":0,"comment_status":"closed","ping_status":"closed","template":"template-cover.php","meta":{"tpgb_global_settings":"","_editorskit_title_hidden":true,"_editorskit_reading_time":1,"_editorskit_is_block_options_detached":false,"_editorskit_block_options_position":"{}","_eb_attr":"","footnotes":""},"class_list":["post-6735","page","type-page","status-publish","has-post-thumbnail","hentry"],"tpgb_featured_images":{"full":["https:\/\/www.orpheus-magazin.de\/wp-content\/uploads\/2021\/10\/Heft-2er_2021-06.jpg",2151,1009,false],"tp-image-grid":["https:\/\/www.orpheus-magazin.de\/wp-content\/uploads\/2021\/10\/Heft-2er_2021-06.jpg",700,328,false],"thumbnail":["https:\/\/www.orpheus-magazin.de\/wp-content\/uploads\/2021\/10\/Heft-2er_2021-06-150x150.jpg",150,150,true],"medium":["https:\/\/www.orpheus-magazin.de\/wp-content\/uploads\/2021\/10\/Heft-2er_2021-06-300x141.jpg",300,141,true],"medium_large":["https:\/\/www.orpheus-magazin.de\/wp-content\/uploads\/2021\/10\/Heft-2er_2021-06-768x360.jpg",600,281,true],"large":["https:\/\/www.orpheus-magazin.de\/wp-content\/uploads\/2021\/10\/Heft-2er_2021-06-1024x480.jpg",600,281,true],"default":"https:\/\/www.orpheus-magazin.de\/wp-content\/plugins\/the-plus-addons-for-block-editor\/assets\/images\/tpgb-placeholder.jpg"},"tpgb_post_meta_info":{"get_date":"29. Oktober 2021","get_modified_date":"22. Februar 2022","author_name":"Silvia Murauer","author_url":"https:\/\/www.orpheus-magazin.de\/de\/author\/mailsilviamurauer-de\/","author_email":"mail@silviamurauer.de","author_website":"","author_description":"","author_facebook":"","author_twitter":"","author_instagram":"","author_role":["administrator"],"author_firstname":"Silvia","author_lastname":"Murauer","user_login":"mail@silviamurauer.de","author_avatar":"<img alt='' src='https:\/\/secure.gravatar.com\/avatar\/f621fd74b09e85b40b2840fd83e82293b9a74c7122761b5607082e36ece1f9d0?s=200&#038;d=mm&#038;r=g' srcset='https:\/\/secure.gravatar.com\/avatar\/f621fd74b09e85b40b2840fd83e82293b9a74c7122761b5607082e36ece1f9d0?s=400&#038;d=mm&#038;r=g 2x' class='avatar avatar-200 photo' height='200' width='200' decoding='async'\/>","author_avatar_url":"https:\/\/secure.gravatar.com\/avatar\/f621fd74b09e85b40b2840fd83e82293b9a74c7122761b5607082e36ece1f9d0?s=96&d=mm&r=g","comment_count":0,"post_likes":0,"post_views":0},"tpgb_post_category":[],"_links":{"self":[{"href":"https:\/\/www.orpheus-magazin.de\/de\/wp-json\/wp\/v2\/pages\/6735","targetHints":{"allow":["GET"]}}],"collection":[{"href":"https:\/\/www.orpheus-magazin.de\/de\/wp-json\/wp\/v2\/pages"}],"about":[{"href":"https:\/\/www.orpheus-magazin.de\/de\/wp-json\/wp\/v2\/types\/page"}],"author":[{"embeddable":true,"href":"https:\/\/www.orpheus-magazin.de\/de\/wp-json\/wp\/v2\/users\/14"}],"replies":[{"embeddable":true,"href":"https:\/\/www.orpheus-magazin.de\/de\/wp-json\/wp\/v2\/comments?post=6735"}],"version-history":[{"count":0,"href":"https:\/\/www.orpheus-magazin.de\/de\/wp-json\/wp\/v2\/pages\/6735\/revisions"}],"wp:featuredmedia":[{"embeddable":true,"href":"https:\/\/www.orpheus-magazin.de\/de\/wp-json\/wp\/v2\/media\/6734"}],"wp:attachment":[{"href":"https:\/\/www.orpheus-magazin.de\/de\/wp-json\/wp\/v2\/media?parent=6735"}],"curies":[{"name":"wp","href":"https:\/\/api.w.org\/{rel}","templated":true}]}}