{"id":7020,"date":"2021-12-20T17:30:01","date_gmt":"2021-12-20T16:30:01","guid":{"rendered":"https:\/\/www.orpheus-magazin.de\/?page_id=7020"},"modified":"2022-02-28T12:06:23","modified_gmt":"2022-02-28T11:06:23","slug":"ausgabe-01-2022","status":"publish","type":"page","link":"https:\/\/www.orpheus-magazin.de\/de\/ausgabe-01-2022\/","title":{"rendered":"Ausgabe 01\/2022"},"content":{"rendered":"<h1 class=\"has-text-align-center font-montserrat-alternates wp-block-heading\" style=\"font-size:45px\">Ausgabe 01\/2022 (digital)<\/h1>\n\n\n\n<div style=\"height:10px\" aria-hidden=\"true\" class=\"wp-block-spacer\"><\/div>\n\n\n\n<div class=\"wp-block-columns alignwide is-style-default is-layout-flex wp-container-core-columns-is-layout-9d6595d7 wp-block-columns-is-layout-flex\">\n<div class=\"wp-block-column is-layout-flow wp-block-column-is-layout-flow\" style=\"flex-basis:20%\">\n<p class=\"has-text-align-right has-light-gray-color has-text-color has-small-font-size\">___<br>Aktuell<\/p>\n<\/div>\n\n\n\n<div class=\"wp-block-column is-layout-flow wp-block-column-is-layout-flow\" style=\"flex-basis:50%\">\n<p class=\"has-regular-font-size\"><strong><a href=\"https:\/\/www.orpheus-magazin.de\/de\/2021\/12\/22\/dazwischenwelten\/\" target=\"_blank\" aria-label=\"dazwischenwelten (opens in a new tab)\" rel=\"noreferrer noopener\" class=\"ek-link\">dazwischenwelten<\/a><\/strong><\/p>\n\n\n\n<p>Ein Kommentar von Iris Steiner<\/p>\n\n\n\n<div style=\"height:60px\" aria-hidden=\"true\" class=\"wp-block-spacer\"><\/div>\n\n\n\n<hr class=\"wp-block-separator is-style-wide\"\/>\n<\/div>\n\n\n\n<div class=\"wp-block-column is-layout-flow wp-block-column-is-layout-flow\" style=\"flex-basis:30%\">\n<figure class=\"wp-block-image size-full\"><img fetchpriority=\"high\" decoding=\"async\" width=\"500\" height=\"280\" src=\"https:\/\/www.orpheus-magazin.de\/wp-content\/uploads\/2021\/12\/2022-01_Inhalt_1.jpg\" alt=\"\" class=\"wp-image-7085\" srcset=\"https:\/\/www.orpheus-magazin.de\/wp-content\/uploads\/2021\/12\/2022-01_Inhalt_1.jpg 500w, https:\/\/www.orpheus-magazin.de\/wp-content\/uploads\/2021\/12\/2022-01_Inhalt_1-300x168.jpg 300w\" sizes=\"(max-width: 500px) 100vw, 500px\" \/><\/figure>\n\n\n\n<p><\/p>\n<\/div>\n<\/div>\n\n\n\n<div class=\"wp-block-columns alignwide is-style-default is-layout-flex wp-container-core-columns-is-layout-9d6595d7 wp-block-columns-is-layout-flex\">\n<div class=\"wp-block-column is-layout-flow wp-block-column-is-layout-flow\" style=\"flex-basis:20%\">\n<p class=\"has-text-align-right has-light-gray-color has-text-color has-small-font-size\">___<br>Gro\u00dfe Stimmen<\/p>\n<\/div>\n\n\n\n<div class=\"wp-block-column is-layout-flow wp-block-column-is-layout-flow\" style=\"flex-basis:50%\">\n<p class=\"has-regular-font-size\"><strong><a aria-label=\"Headline (opens in a new tab)\" href=\"https:\/\/www.orpheus-magazin.de\/de\/2021\/12\/22\/es-sung-ein-engel-einen-suessen-gesang\/\" target=\"_blank\" rel=\"noreferrer noopener\" class=\"ek-link\">Es sung ein Engel einen s\u00fc\u00dfen Gesan<\/a><a href=\"https:\/\/www.orpheus-magazin.de\/de\/2021\/12\/22\/es-sung-ein-engel-einen-suessen-gesang\/\" target=\"_blank\" aria-label=\"Headline (opens in a new tab)\" rel=\"noreferrer noopener\" class=\"ek-link\">g<\/a><\/strong><\/p>\n\n\n\n<p>Edita Gruberov\u00e1 \u2013 ein sehr pers\u00f6nlicher Nachruf<\/p>\n\n\n\n<div style=\"height:60px\" aria-hidden=\"true\" class=\"wp-block-spacer\"><\/div>\n\n\n\n<hr class=\"wp-block-separator is-style-wide\"\/>\n<\/div>\n\n\n\n<div class=\"wp-block-column is-layout-flow wp-block-column-is-layout-flow\" style=\"flex-basis:30%\">\n<figure class=\"wp-block-image size-full\"><img decoding=\"async\" width=\"500\" height=\"280\" src=\"https:\/\/www.orpheus-magazin.de\/wp-content\/uploads\/2021\/12\/2022-01_Inhalt_2.jpg\" alt=\"\" class=\"wp-image-7086\" srcset=\"https:\/\/www.orpheus-magazin.de\/wp-content\/uploads\/2021\/12\/2022-01_Inhalt_2.jpg 500w, https:\/\/www.orpheus-magazin.de\/wp-content\/uploads\/2021\/12\/2022-01_Inhalt_2-300x168.jpg 300w\" sizes=\"(max-width: 500px) 100vw, 500px\" \/><\/figure>\n\n\n\n<p><\/p>\n<\/div>\n<\/div>\n\n\n\n<div class=\"wp-block-columns alignwide is-style-default is-layout-flex wp-container-core-columns-is-layout-9d6595d7 wp-block-columns-is-layout-flex\">\n<div class=\"wp-block-column is-layout-flow wp-block-column-is-layout-flow\" style=\"flex-basis:20%\">\n<p class=\"has-text-align-right has-light-gray-color has-text-color has-small-font-size\">___<br>Interview<\/p>\n<\/div>\n\n\n\n<div class=\"wp-block-column is-layout-flow wp-block-column-is-layout-flow\" style=\"flex-basis:50%\">\n<p class=\"has-regular-font-size\"><strong><a href=\"https:\/\/www.orpheus-magazin.de\/de\/2021\/12\/22\/mozart-x3\/\" target=\"_blank\" aria-label=\"Mozart x3 (opens in a new tab)\" rel=\"noreferrer noopener\" class=\"ek-link\">Mozart x3<\/a><\/strong><\/p>\n\n\n\n<p>Elsa Dreisigs Verneigung vor dem Genie<\/p>\n\n\n\n<div style=\"height:60px\" aria-hidden=\"true\" class=\"wp-block-spacer\"><\/div>\n\n\n\n<hr class=\"wp-block-separator is-style-wide\"\/>\n<\/div>\n\n\n\n<div class=\"wp-block-column is-layout-flow wp-block-column-is-layout-flow\" style=\"flex-basis:30%\">\n<figure class=\"wp-block-image size-full\"><img decoding=\"async\" width=\"500\" height=\"280\" src=\"https:\/\/www.orpheus-magazin.de\/wp-content\/uploads\/2021\/12\/2022-01_Inhalt_3.jpg\" alt=\"\" class=\"wp-image-7087\" srcset=\"https:\/\/www.orpheus-magazin.de\/wp-content\/uploads\/2021\/12\/2022-01_Inhalt_3.jpg 500w, https:\/\/www.orpheus-magazin.de\/wp-content\/uploads\/2021\/12\/2022-01_Inhalt_3-300x168.jpg 300w\" sizes=\"(max-width: 500px) 100vw, 500px\" \/><\/figure>\n\n\n\n<p><\/p>\n<\/div>\n<\/div>\n\n\n\n<div class=\"wp-block-columns alignwide is-style-default is-layout-flex wp-container-core-columns-is-layout-9d6595d7 wp-block-columns-is-layout-flex\">\n<div class=\"wp-block-column is-layout-flow wp-block-column-is-layout-flow\" style=\"flex-basis:20%\">\n<p class=\"has-text-align-right has-light-gray-color has-text-color has-small-font-size\">___<br>Fundst\u00fccke<\/p>\n<\/div>\n\n\n\n<div class=\"wp-block-column is-layout-flow wp-block-column-is-layout-flow\" style=\"flex-basis:50%\">\n<p class=\"has-regular-font-size\"><strong><a aria-label=\"Medea (opens in a new tab)\" href=\"https:\/\/www.orpheus-magazin.de\/de\/2021\/12\/22\/medea-trilogie\/\" target=\"_blank\" rel=\"noreferrer noopener\" class=\"ek-link\">Eine B\u00fchne, drei Konzepte<\/a><\/strong><\/p>\n\n\n\n<p>Die Medea-Trilogie am Theater f\u00fcr Niedersachsen (tfn)<\/p>\n\n\n\n<div style=\"height:30px\" aria-hidden=\"true\" class=\"wp-block-spacer\"><\/div>\n\n\n\n<hr class=\"wp-block-separator is-style-wide\"\/>\n<\/div>\n\n\n\n<div class=\"wp-block-column is-layout-flow wp-block-column-is-layout-flow\" style=\"flex-basis:30%\">\n<figure class=\"wp-block-image size-full\"><img loading=\"lazy\" decoding=\"async\" width=\"500\" height=\"280\" src=\"https:\/\/www.orpheus-magazin.de\/wp-content\/uploads\/2021\/12\/2022-01_Inhalt_4.jpg\" alt=\"\" class=\"wp-image-7088\" srcset=\"https:\/\/www.orpheus-magazin.de\/wp-content\/uploads\/2021\/12\/2022-01_Inhalt_4.jpg 500w, https:\/\/www.orpheus-magazin.de\/wp-content\/uploads\/2021\/12\/2022-01_Inhalt_4-300x168.jpg 300w\" sizes=\"(max-width: 500px) 100vw, 500px\" \/><\/figure>\n\n\n\n<p><\/p>\n<\/div>\n<\/div>\n\n\n\n<div class=\"wp-block-columns alignwide is-style-default is-layout-flex wp-container-core-columns-is-layout-9d6595d7 wp-block-columns-is-layout-flex\">\n<div class=\"wp-block-column is-layout-flow wp-block-column-is-layout-flow\" style=\"flex-basis:20%\">\n<p class=\"has-text-align-right has-light-gray-color has-text-color has-small-font-size\">___<br>CD-Tipp<\/p>\n<\/div>\n\n\n\n<div class=\"wp-block-column is-layout-flow wp-block-column-is-layout-flow\" style=\"flex-basis:50%\">\n<p class=\"has-regular-font-size\"><strong><a aria-label=\"Gemischter Satz (opens in a new tab)\" href=\"https:\/\/www.orpheus-magazin.de\/de\/2021\/12\/22\/gemischter-satz\/\" target=\"_blank\" rel=\"noreferrer noopener\" class=\"ek-link\">\u201eWienerisches Slowfood\u201c de luxe<\/a><\/strong><\/p>\n\n\n\n<p>Groissb\u00f6ck\/Ebner\/Trenkwitz und die Philharmonia Schrammeln<\/p>\n\n\n\n<div style=\"height:30px\" aria-hidden=\"true\" class=\"wp-block-spacer\"><\/div>\n\n\n\n<hr class=\"wp-block-separator is-style-wide\"\/>\n<\/div>\n\n\n\n<div class=\"wp-block-column is-layout-flow wp-block-column-is-layout-flow\" style=\"flex-basis:30%\">\n<figure class=\"wp-block-image size-large\"><img loading=\"lazy\" decoding=\"async\" width=\"1024\" height=\"576\" src=\"https:\/\/www.orpheus-magazin.de\/wp-content\/uploads\/2021\/12\/CD_GemischterSatz_Aufmacher-1024x576.jpg\" alt=\"\" class=\"wp-image-7077\" srcset=\"https:\/\/www.orpheus-magazin.de\/wp-content\/uploads\/2021\/12\/CD_GemischterSatz_Aufmacher-1024x576.jpg 1024w, https:\/\/www.orpheus-magazin.de\/wp-content\/uploads\/2021\/12\/CD_GemischterSatz_Aufmacher-300x169.jpg 300w, https:\/\/www.orpheus-magazin.de\/wp-content\/uploads\/2021\/12\/CD_GemischterSatz_Aufmacher-768x432.jpg 768w, https:\/\/www.orpheus-magazin.de\/wp-content\/uploads\/2021\/12\/CD_GemischterSatz_Aufmacher-500x281.jpg 500w, https:\/\/www.orpheus-magazin.de\/wp-content\/uploads\/2021\/12\/CD_GemischterSatz_Aufmacher-800x450.jpg 800w, https:\/\/www.orpheus-magazin.de\/wp-content\/uploads\/2021\/12\/CD_GemischterSatz_Aufmacher-1280x720.jpg 1280w, https:\/\/www.orpheus-magazin.de\/wp-content\/uploads\/2021\/12\/CD_GemischterSatz_Aufmacher-870x490.jpg 870w, https:\/\/www.orpheus-magazin.de\/wp-content\/uploads\/2021\/12\/CD_GemischterSatz_Aufmacher-600x338.jpg 600w, https:\/\/www.orpheus-magazin.de\/wp-content\/uploads\/2021\/12\/CD_GemischterSatz_Aufmacher.jpg 1500w\" sizes=\"(max-width: 1024px) 100vw, 1024px\" \/><\/figure>\n\n\n\n<p><\/p>\n<\/div>\n<\/div>\n\n\n\n<div class=\"wp-block-columns alignwide is-style-default is-layout-flex wp-container-core-columns-is-layout-9d6595d7 wp-block-columns-is-layout-flex\">\n<div class=\"wp-block-column is-layout-flow wp-block-column-is-layout-flow\" style=\"flex-basis:20%\">\n<p class=\"has-text-align-right has-light-gray-color has-text-color has-small-font-size\">___<br>Rezensionen<\/p>\n<\/div>\n\n\n\n<div class=\"wp-block-column is-layout-flow wp-block-column-is-layout-flow\" style=\"flex-basis:50%\">\n<p class=\"has-regular-font-size\"><strong><a href=\"https:\/\/www.orpheus-magazin.de\/de\/rezensionen-01-2022\/\" target=\"_blank\" aria-label=\"F\u00fcr Sie gesehen (opens in a new tab)\" rel=\"noreferrer noopener\" class=\"ek-link\">F\u00fcr Sie gesehen<\/a><\/strong><\/p>\n\n\n\n<p>Neues und Spektakul\u00e4res von den (Opern-)B\u00fchnen in Deutschland und Europa <\/p>\n\n\n\n<div style=\"height:30px\" aria-hidden=\"true\" class=\"wp-block-spacer\"><\/div>\n\n\n\n<hr class=\"wp-block-separator is-style-wide\"\/>\n<\/div>\n\n\n\n<div class=\"wp-block-column is-layout-flow wp-block-column-is-layout-flow\" style=\"flex-basis:30%\">\n<figure class=\"wp-block-image size-full\"><img loading=\"lazy\" decoding=\"async\" width=\"500\" height=\"280\" src=\"https:\/\/www.orpheus-magazin.de\/wp-content\/uploads\/2021\/12\/2022-01_Inhalt_6.jpg\" alt=\"\" class=\"wp-image-7089\" srcset=\"https:\/\/www.orpheus-magazin.de\/wp-content\/uploads\/2021\/12\/2022-01_Inhalt_6.jpg 500w, https:\/\/www.orpheus-magazin.de\/wp-content\/uploads\/2021\/12\/2022-01_Inhalt_6-300x168.jpg 300w\" sizes=\"(max-width: 500px) 100vw, 500px\" \/><\/figure>\n\n\n\n<p><\/p>\n<\/div>\n<\/div>\n\n\n\n<div style=\"height:50px\" aria-hidden=\"true\" class=\"wp-block-spacer\"><\/div>\n\n\n<div style=\"width: 100vw; left: 50%; transform: translateX(-50%); position: relative;\">\n<!-- Error, Advert is not available at this time due to schedule\/geolocation restrictions! -->\n<\/div>\n\n\n\n<div style=\"height:50px\" aria-hidden=\"true\" class=\"wp-block-spacer\"><\/div>","protected":false},"excerpt":{"rendered":"<p>Ausgabe 01\/2022 (digital) ___Aktuell dazwischenwelten Ein Kommentar von Iris Steiner ___Gro\u00dfe Stimmen Es sung ein Engel einen s\u00fc\u00dfen Gesang Edita Gruberov\u00e1 \u2013 ein sehr pers\u00f6nlicher Nachruf ___Interview Mozart x3 Elsa Dreisigs Verneigung vor dem Genie ___Fundst\u00fccke Eine B\u00fchne, drei Konzepte Die Medea-Trilogie am Theater f\u00fcr Niedersachsen (tfn) ___CD-Tipp \u201eWienerisches Slowfood\u201c de luxe Groissb\u00f6ck\/Ebner\/Trenkwitz und die [&hellip;]<\/p>\n","protected":false},"author":14,"featured_media":7028,"parent":0,"menu_order":0,"comment_status":"closed","ping_status":"closed","template":"template-cover.php","meta":{"tpgb_global_settings":"","_editorskit_title_hidden":true,"_editorskit_reading_time":1,"_editorskit_is_block_options_detached":false,"_editorskit_block_options_position":"{}","_eb_attr":"","footnotes":""},"class_list":["post-7020","page","type-page","status-publish","has-post-thumbnail","hentry"],"tpgb_featured_images":{"full":["https:\/\/www.orpheus-magazin.de\/wp-content\/uploads\/2021\/12\/dazwischenwelten_Slider_BeaSchmucker.jpg",2000,900,false],"tp-image-grid":["https:\/\/www.orpheus-magazin.de\/wp-content\/uploads\/2021\/12\/dazwischenwelten_Slider_BeaSchmucker.jpg",700,315,false],"thumbnail":["https:\/\/www.orpheus-magazin.de\/wp-content\/uploads\/2021\/12\/dazwischenwelten_Slider_BeaSchmucker-150x150.jpg",150,150,true],"medium":["https:\/\/www.orpheus-magazin.de\/wp-content\/uploads\/2021\/12\/dazwischenwelten_Slider_BeaSchmucker-300x135.jpg",300,135,true],"medium_large":["https:\/\/www.orpheus-magazin.de\/wp-content\/uploads\/2021\/12\/dazwischenwelten_Slider_BeaSchmucker-768x346.jpg",600,270,true],"large":["https:\/\/www.orpheus-magazin.de\/wp-content\/uploads\/2021\/12\/dazwischenwelten_Slider_BeaSchmucker-1024x461.jpg",600,270,true],"default":"https:\/\/www.orpheus-magazin.de\/wp-content\/plugins\/the-plus-addons-for-block-editor\/assets\/images\/tpgb-placeholder.jpg"},"tpgb_post_meta_info":{"get_date":"20. Dezember 2021","get_modified_date":"28. Februar 2022","author_name":"Silvia Murauer","author_url":"https:\/\/www.orpheus-magazin.de\/de\/author\/mailsilviamurauer-de\/","author_email":"mail@silviamurauer.de","author_website":"","author_description":"","author_facebook":"","author_twitter":"","author_instagram":"","author_role":["administrator"],"author_firstname":"Silvia","author_lastname":"Murauer","user_login":"mail@silviamurauer.de","author_avatar":"<img alt='' src='https:\/\/secure.gravatar.com\/avatar\/f621fd74b09e85b40b2840fd83e82293b9a74c7122761b5607082e36ece1f9d0?s=200&#038;d=mm&#038;r=g' srcset='https:\/\/secure.gravatar.com\/avatar\/f621fd74b09e85b40b2840fd83e82293b9a74c7122761b5607082e36ece1f9d0?s=400&#038;d=mm&#038;r=g 2x' class='avatar avatar-200 photo' height='200' width='200' decoding='async'\/>","author_avatar_url":"https:\/\/secure.gravatar.com\/avatar\/f621fd74b09e85b40b2840fd83e82293b9a74c7122761b5607082e36ece1f9d0?s=96&d=mm&r=g","comment_count":0,"post_likes":0,"post_views":0},"tpgb_post_category":[],"_links":{"self":[{"href":"https:\/\/www.orpheus-magazin.de\/de\/wp-json\/wp\/v2\/pages\/7020","targetHints":{"allow":["GET"]}}],"collection":[{"href":"https:\/\/www.orpheus-magazin.de\/de\/wp-json\/wp\/v2\/pages"}],"about":[{"href":"https:\/\/www.orpheus-magazin.de\/de\/wp-json\/wp\/v2\/types\/page"}],"author":[{"embeddable":true,"href":"https:\/\/www.orpheus-magazin.de\/de\/wp-json\/wp\/v2\/users\/14"}],"replies":[{"embeddable":true,"href":"https:\/\/www.orpheus-magazin.de\/de\/wp-json\/wp\/v2\/comments?post=7020"}],"version-history":[{"count":0,"href":"https:\/\/www.orpheus-magazin.de\/de\/wp-json\/wp\/v2\/pages\/7020\/revisions"}],"wp:featuredmedia":[{"embeddable":true,"href":"https:\/\/www.orpheus-magazin.de\/de\/wp-json\/wp\/v2\/media\/7028"}],"wp:attachment":[{"href":"https:\/\/www.orpheus-magazin.de\/de\/wp-json\/wp\/v2\/media?parent=7020"}],"curies":[{"name":"wp","href":"https:\/\/api.w.org\/{rel}","templated":true}]}}