{"id":7530,"date":"2022-04-27T16:00:00","date_gmt":"2022-04-27T14:00:00","guid":{"rendered":"https:\/\/www.orpheus-magazin.de\/?page_id=7530"},"modified":"2022-06-30T12:39:20","modified_gmt":"2022-06-30T10:39:20","slug":"ausgabe-03-2022","status":"publish","type":"page","link":"https:\/\/www.orpheus-magazin.de\/de\/ausgabe-03-2022\/","title":{"rendered":"Ausgabe 03\/2022"},"content":{"rendered":"<h1 class=\"has-text-align-center font-montserrat-alternates wp-block-heading\" id=\"ausgabe-06-2021\" style=\"font-size:45px\">Ausgabe 03\/2022<\/h1>\n\n\n\n<div style=\"height:1px\" aria-hidden=\"true\" class=\"wp-block-spacer\"><\/div>\n\n\n\n<div class=\"wp-block-columns alignwide is-layout-flex wp-container-core-columns-is-layout-9d6595d7 wp-block-columns-is-layout-flex\">\n<div class=\"wp-block-column is-layout-flow wp-block-column-is-layout-flow\" style=\"flex-basis:49%\">\n<div class=\"wp-block-cover ek-linked-block\" style=\"min-height:500px;aspect-ratio:unset;\"><span aria-hidden=\"true\" class=\"has-background-dim-0 wp-block-cover__gradient-background has-background-dim\"><\/span><img fetchpriority=\"high\" decoding=\"async\" width=\"475\" height=\"500\" class=\"wp-block-cover__image-background wp-image-7517\" alt=\"\" src=\"https:\/\/www.orpheus-magazin.de\/wp-content\/uploads\/2022\/04\/2022-03_Inhalt_1.jpg\" data-object-fit=\"cover\" srcset=\"https:\/\/www.orpheus-magazin.de\/wp-content\/uploads\/2022\/04\/2022-03_Inhalt_1.jpg 475w, https:\/\/www.orpheus-magazin.de\/wp-content\/uploads\/2022\/04\/2022-03_Inhalt_1-285x300.jpg 285w\" sizes=\"(max-width: 475px) 100vw, 475px\" \/><div class=\"wp-block-cover__inner-container is-layout-flow wp-block-cover-is-layout-flow\">\n<div style=\"height:300px\" aria-hidden=\"true\" class=\"wp-block-spacer\"><\/div>\n\n\n\n<p class=\"has-text-align-center has-white-color has-text-color has-large-font-size\"><strong>LIUDMYLA MONASTYRSKA<\/strong><br><strong>Eine Frage der Ehre<\/strong><\/p>\n\n\n\n<p class=\"has-text-align-center has-white-color has-text-color has-regular-font-size\">Leseprobe<\/p>\n<\/div><a href=\"https:\/\/www.orpheus-magazin.de\/de\/2022\/04\/27\/eine-frage-der-ehre\/\" class=\"editorskit-block-link\" target=\"_blank\" rel=\" noreferrer noopener\"><\/a><\/div>\n<\/div>\n\n\n\n<div class=\"wp-block-column is-layout-flow wp-block-column-is-layout-flow\" style=\"flex-basis:2%\">\n<div style=\"height:20px\" aria-hidden=\"true\" class=\"wp-block-spacer\"><\/div>\n<\/div>\n\n\n\n<div class=\"wp-block-column is-layout-flow wp-block-column-is-layout-flow\" style=\"flex-basis:49%\">\n<div class=\"wp-block-cover ek-linked-block\" style=\"min-height:500px;aspect-ratio:unset;\"><span aria-hidden=\"true\" class=\"has-background-dim-0 wp-block-cover__gradient-background has-background-dim has-background-gradient\" style=\"background:linear-gradient(135deg,rgb(238,238,238) 0%,rgb(0,0,0) 100%)\"><\/span><img decoding=\"async\" width=\"475\" height=\"500\" class=\"wp-block-cover__image-background wp-image-7518\" alt=\"\" src=\"https:\/\/www.orpheus-magazin.de\/wp-content\/uploads\/2022\/04\/2022-03_Inhalt_2.jpg\" data-object-fit=\"cover\" srcset=\"https:\/\/www.orpheus-magazin.de\/wp-content\/uploads\/2022\/04\/2022-03_Inhalt_2.jpg 475w, https:\/\/www.orpheus-magazin.de\/wp-content\/uploads\/2022\/04\/2022-03_Inhalt_2-285x300.jpg 285w\" sizes=\"(max-width: 475px) 100vw, 475px\" \/><div class=\"wp-block-cover__inner-container is-layout-flow wp-block-cover-is-layout-flow\">\n<div style=\"height:300px\" aria-hidden=\"true\" class=\"wp-block-spacer\"><\/div>\n\n\n\n<p class=\"has-text-align-center has-white-color has-text-color has-large-font-size\"><strong>H\u00c4NDEL-FESTSPIELE HALLE<\/strong><br><strong>100 Jahre Feuerwerk &amp; HALLE-luja<\/strong><\/p>\n\n\n\n<p class=\"has-text-align-center has-white-color has-text-color has-regular-font-size\">Leseprobe<\/p>\n<\/div><a href=\"https:\/\/www.orpheus-magazin.de\/de\/2022\/04\/27\/feuerwerk-halle-luja\/\" class=\"editorskit-block-link\" target=\"_blank\" rel=\" noreferrer noopener\"><\/a><\/div>\n<\/div>\n<\/div>\n\n\n\n<div style=\"height:30px\" aria-hidden=\"true\" class=\"wp-block-spacer\"><\/div>\n\n\n\n<div class=\"wp-block-columns alignwide is-style-default is-layout-flex wp-container-core-columns-is-layout-9d6595d7 wp-block-columns-is-layout-flex\">\n<div class=\"wp-block-column is-layout-flow wp-block-column-is-layout-flow\" style=\"flex-basis:20%\">\n<p class=\"has-text-align-right has-light-gray-color has-text-color has-small-font-size\">___<br>Impressionen<\/p>\n<\/div>\n\n\n\n<div class=\"wp-block-column is-layout-flow wp-block-column-is-layout-flow\" style=\"flex-basis:50%\">\n<p class=\"has-regular-font-size\"><strong>Gott, welch Dunkel hier!<\/strong><\/p>\n\n\n\n<p>K\u00fcnstler im Krieg statt auf B\u00fchnen<\/p>\n\n\n\n<div style=\"height:60px\" aria-hidden=\"true\" class=\"wp-block-spacer\"><\/div>\n\n\n\n<hr class=\"wp-block-separator is-style-wide\"\/>\n<\/div>\n\n\n\n<div class=\"wp-block-column is-layout-flow wp-block-column-is-layout-flow\" style=\"flex-basis:30%\">\n<figure class=\"wp-block-image size-full\"><img decoding=\"async\" width=\"500\" height=\"280\" src=\"https:\/\/www.orpheus-magazin.de\/wp-content\/uploads\/2022\/04\/2022-03_Inhalt_10.jpg\" alt=\"\" class=\"wp-image-7526\" srcset=\"https:\/\/www.orpheus-magazin.de\/wp-content\/uploads\/2022\/04\/2022-03_Inhalt_10.jpg 500w, https:\/\/www.orpheus-magazin.de\/wp-content\/uploads\/2022\/04\/2022-03_Inhalt_10-300x168.jpg 300w\" sizes=\"(max-width: 500px) 100vw, 500px\" \/><\/figure>\n\n\n\n<p><\/p>\n<\/div>\n<\/div>\n\n\n\n<div class=\"wp-block-columns alignwide is-style-default is-layout-flex wp-container-core-columns-is-layout-9d6595d7 wp-block-columns-is-layout-flex\">\n<div class=\"wp-block-column is-layout-flow wp-block-column-is-layout-flow\" style=\"flex-basis:20%\">\n<p class=\"has-text-align-right has-light-gray-color has-text-color has-small-font-size\">___<br>Interview<\/p>\n<\/div>\n\n\n\n<div class=\"wp-block-column is-layout-flow wp-block-column-is-layout-flow\" style=\"flex-basis:50%\">\n<p class=\"has-regular-font-size\"><strong>Oper f\u00fcr das 21. Jahrhundert<\/strong><\/p>\n\n\n\n<p>Richard Brunel \u00fcber seine Pl\u00e4ne an der Op\u00e9ra de Lyon<\/p>\n\n\n\n<div style=\"height:30px\" aria-hidden=\"true\" class=\"wp-block-spacer\"><\/div>\n\n\n\n<hr class=\"wp-block-separator is-style-wide\"\/>\n<\/div>\n\n\n\n<div class=\"wp-block-column is-layout-flow wp-block-column-is-layout-flow\" style=\"flex-basis:30%\">\n<figure class=\"wp-block-image size-full\"><img loading=\"lazy\" decoding=\"async\" width=\"500\" height=\"280\" src=\"https:\/\/www.orpheus-magazin.de\/wp-content\/uploads\/2022\/04\/2022-03_Inhalt_3.jpg\" alt=\"\" class=\"wp-image-7519\" srcset=\"https:\/\/www.orpheus-magazin.de\/wp-content\/uploads\/2022\/04\/2022-03_Inhalt_3.jpg 500w, https:\/\/www.orpheus-magazin.de\/wp-content\/uploads\/2022\/04\/2022-03_Inhalt_3-300x168.jpg 300w\" sizes=\"(max-width: 500px) 100vw, 500px\" \/><\/figure>\n\n\n\n<p><\/p>\n<\/div>\n<\/div>\n\n\n\n<div class=\"wp-block-columns alignwide is-style-default is-layout-flex wp-container-core-columns-is-layout-9d6595d7 wp-block-columns-is-layout-flex\">\n<div class=\"wp-block-column is-layout-flow wp-block-column-is-layout-flow\" style=\"flex-basis:20%\">\n<p class=\"has-text-align-right has-light-gray-color has-text-color has-small-font-size\">___<br>Portrait<\/p>\n<\/div>\n\n\n\n<div class=\"wp-block-column is-layout-flow wp-block-column-is-layout-flow\" style=\"flex-basis:50%\">\n<p class=\"has-regular-font-size\"><strong>Musical-Erfinder und Br\u00fcckenbauer<\/strong><\/p>\n\n\n\n<p>Eine Hommage an Stephen Sondheim<\/p>\n\n\n\n<div style=\"height:60px\" aria-hidden=\"true\" class=\"wp-block-spacer\"><\/div>\n\n\n\n<hr class=\"wp-block-separator is-style-wide\"\/>\n<\/div>\n\n\n\n<div class=\"wp-block-column is-layout-flow wp-block-column-is-layout-flow\" style=\"flex-basis:30%\">\n<figure class=\"wp-block-image size-full\"><img loading=\"lazy\" decoding=\"async\" width=\"500\" height=\"280\" src=\"https:\/\/www.orpheus-magazin.de\/wp-content\/uploads\/2022\/04\/2022-03_Inhalt_4.jpg\" alt=\"\" class=\"wp-image-7520\" srcset=\"https:\/\/www.orpheus-magazin.de\/wp-content\/uploads\/2022\/04\/2022-03_Inhalt_4.jpg 500w, https:\/\/www.orpheus-magazin.de\/wp-content\/uploads\/2022\/04\/2022-03_Inhalt_4-300x168.jpg 300w\" sizes=\"(max-width: 500px) 100vw, 500px\" \/><\/figure>\n\n\n\n<p><\/p>\n<\/div>\n<\/div>\n\n\n\n<div class=\"wp-block-columns alignwide is-style-default is-layout-flex wp-container-core-columns-is-layout-9d6595d7 wp-block-columns-is-layout-flex\">\n<div class=\"wp-block-column is-layout-flow wp-block-column-is-layout-flow\" style=\"flex-basis:20%\">\n<p class=\"has-text-align-right has-light-gray-color has-text-color has-small-font-size\">___<br>Im Fokus<\/p>\n<\/div>\n\n\n\n<div class=\"wp-block-column is-layout-flow wp-block-column-is-layout-flow\" style=\"flex-basis:50%\">\n<p class=\"has-regular-font-size\"><strong>Hinter Mauern<\/strong><\/p>\n\n\n\n<p>Das musikdramatische Erbe der DDR<\/p>\n\n\n\n<div style=\"height:60px\" aria-hidden=\"true\" class=\"wp-block-spacer\"><\/div>\n\n\n\n<hr class=\"wp-block-separator is-style-wide\"\/>\n<\/div>\n\n\n\n<div class=\"wp-block-column is-layout-flow wp-block-column-is-layout-flow\" style=\"flex-basis:30%\">\n<figure class=\"wp-block-image size-full\"><img loading=\"lazy\" decoding=\"async\" width=\"500\" height=\"280\" src=\"https:\/\/www.orpheus-magazin.de\/wp-content\/uploads\/2022\/04\/2022-03_Inhalt_5.jpg\" alt=\"\" class=\"wp-image-7521\" srcset=\"https:\/\/www.orpheus-magazin.de\/wp-content\/uploads\/2022\/04\/2022-03_Inhalt_5.jpg 500w, https:\/\/www.orpheus-magazin.de\/wp-content\/uploads\/2022\/04\/2022-03_Inhalt_5-300x168.jpg 300w\" sizes=\"(max-width: 500px) 100vw, 500px\" \/><\/figure>\n\n\n\n<p><\/p>\n<\/div>\n<\/div>\n\n\n\n<div class=\"wp-block-columns alignwide is-style-default is-layout-flex wp-container-core-columns-is-layout-9d6595d7 wp-block-columns-is-layout-flex\">\n<div class=\"wp-block-column is-layout-flow wp-block-column-is-layout-flow\" style=\"flex-basis:20%\">\n<p class=\"has-text-align-right has-light-gray-color has-text-color has-small-font-size\">___<br>Zukunft<\/p>\n<\/div>\n\n\n\n<div class=\"wp-block-column is-layout-flow wp-block-column-is-layout-flow\" style=\"flex-basis:50%\">\n<p class=\"has-regular-font-size\"><strong>Wer bin ich \u2013 und wenn ja, wie viele?<\/strong><\/p>\n\n\n\n<p>Das Virtual- und Augmented-Reality-Studio govar<\/p>\n\n\n\n<div style=\"height:60px\" aria-hidden=\"true\" class=\"wp-block-spacer\"><\/div>\n\n\n\n<hr class=\"wp-block-separator is-style-wide\"\/>\n<\/div>\n\n\n\n<div class=\"wp-block-column is-layout-flow wp-block-column-is-layout-flow\" style=\"flex-basis:30%\">\n<figure class=\"wp-block-image size-full\"><img loading=\"lazy\" decoding=\"async\" width=\"500\" height=\"280\" src=\"https:\/\/www.orpheus-magazin.de\/wp-content\/uploads\/2022\/04\/2022-03_Inhalt_6.jpg\" alt=\"\" class=\"wp-image-7522\" srcset=\"https:\/\/www.orpheus-magazin.de\/wp-content\/uploads\/2022\/04\/2022-03_Inhalt_6.jpg 500w, https:\/\/www.orpheus-magazin.de\/wp-content\/uploads\/2022\/04\/2022-03_Inhalt_6-300x168.jpg 300w\" sizes=\"(max-width: 500px) 100vw, 500px\" \/><\/figure>\n\n\n\n<p><\/p>\n<\/div>\n<\/div>\n\n\n\n<div class=\"wp-block-columns alignwide is-style-default is-layout-flex wp-container-core-columns-is-layout-9d6595d7 wp-block-columns-is-layout-flex\">\n<div class=\"wp-block-column is-layout-flow wp-block-column-is-layout-flow\" style=\"flex-basis:20%\">\n<p class=\"has-text-align-right has-light-gray-color has-text-color has-small-font-size\">___<br>Oper erleben<\/p>\n<\/div>\n\n\n\n<div class=\"wp-block-column is-layout-flow wp-block-column-is-layout-flow\" style=\"flex-basis:50%\">\n<p class=\"has-regular-font-size\"><strong>Ooooper? Och n\u00f6\u00f6 &#8230;<\/strong><\/p>\n\n\n\n<p>Ambitioniertes junges Musiktheater: die opera piccola an der Staatsoper Hamburg<\/p>\n\n\n\n<div style=\"height:30px\" aria-hidden=\"true\" class=\"wp-block-spacer\"><\/div>\n\n\n\n<hr class=\"wp-block-separator is-style-wide\"\/>\n<\/div>\n\n\n\n<div class=\"wp-block-column is-layout-flow wp-block-column-is-layout-flow\" style=\"flex-basis:30%\">\n<figure class=\"wp-block-image size-full\"><img loading=\"lazy\" decoding=\"async\" width=\"500\" height=\"280\" src=\"https:\/\/www.orpheus-magazin.de\/wp-content\/uploads\/2022\/04\/2022-03_Inhalt_7.jpg\" alt=\"\" class=\"wp-image-7523\" srcset=\"https:\/\/www.orpheus-magazin.de\/wp-content\/uploads\/2022\/04\/2022-03_Inhalt_7.jpg 500w, https:\/\/www.orpheus-magazin.de\/wp-content\/uploads\/2022\/04\/2022-03_Inhalt_7-300x168.jpg 300w\" sizes=\"(max-width: 500px) 100vw, 500px\" \/><\/figure>\n\n\n\n<p><\/p>\n<\/div>\n<\/div>\n\n\n\n<div class=\"wp-block-columns alignwide is-style-default is-layout-flex wp-container-core-columns-is-layout-9d6595d7 wp-block-columns-is-layout-flex\">\n<div class=\"wp-block-column is-layout-flow wp-block-column-is-layout-flow\" style=\"flex-basis:20%\">\n<p class=\"has-text-align-right has-light-gray-color has-text-color has-small-font-size\">___<br>Medien<\/p>\n<\/div>\n\n\n\n<div class=\"wp-block-column is-layout-flow wp-block-column-is-layout-flow\" style=\"flex-basis:50%\">\n<p class=\"has-regular-font-size\"><strong>Geh\u00f6rt, gesehen, gelesen<\/strong><\/p>\n\n\n\n<p>Kultur f\u00fcr das heimische Wohnzimmer<\/p>\n\n\n\n<div style=\"height:60px\" aria-hidden=\"true\" class=\"wp-block-spacer\"><\/div>\n\n\n\n<hr class=\"wp-block-separator is-style-wide\"\/>\n<\/div>\n\n\n\n<div class=\"wp-block-column is-layout-flow wp-block-column-is-layout-flow\" style=\"flex-basis:30%\">\n<figure class=\"wp-block-image size-full\"><img loading=\"lazy\" decoding=\"async\" width=\"500\" height=\"280\" src=\"https:\/\/www.orpheus-magazin.de\/wp-content\/uploads\/2022\/04\/2022-03_Inhalt_8.jpg\" alt=\"\" class=\"wp-image-7524\" srcset=\"https:\/\/www.orpheus-magazin.de\/wp-content\/uploads\/2022\/04\/2022-03_Inhalt_8.jpg 500w, https:\/\/www.orpheus-magazin.de\/wp-content\/uploads\/2022\/04\/2022-03_Inhalt_8-300x168.jpg 300w\" sizes=\"(max-width: 500px) 100vw, 500px\" \/><\/figure>\n\n\n\n<p><\/p>\n<\/div>\n<\/div>\n\n\n\n<div class=\"wp-block-columns alignwide is-style-default is-layout-flex wp-container-core-columns-is-layout-9d6595d7 wp-block-columns-is-layout-flex\">\n<div class=\"wp-block-column is-layout-flow wp-block-column-is-layout-flow\" style=\"flex-basis:20%\">\n<p class=\"has-text-align-right has-light-gray-color has-text-color has-small-font-size\">___<br>Rezensionen<\/p>\n<\/div>\n\n\n\n<div class=\"wp-block-column is-layout-flow wp-block-column-is-layout-flow\" style=\"flex-basis:50%\">\n<p class=\"has-regular-font-size\"><strong>F\u00fcr Sie gesehen<\/strong><\/p>\n\n\n\n<p>Neues und Spektakul\u00e4res von den (Opern-)B\u00fchnen in Deutschland und Europa<\/p>\n\n\n\n<div style=\"height:30px\" aria-hidden=\"true\" class=\"wp-block-spacer\"><\/div>\n\n\n\n<hr class=\"wp-block-separator is-style-wide\"\/>\n<\/div>\n\n\n\n<div class=\"wp-block-column is-layout-flow wp-block-column-is-layout-flow\" style=\"flex-basis:30%\">\n<figure class=\"wp-block-image size-full\"><img loading=\"lazy\" decoding=\"async\" width=\"500\" height=\"280\" src=\"https:\/\/www.orpheus-magazin.de\/wp-content\/uploads\/2022\/04\/2022-03_Inhalt_9.jpg\" alt=\"\" class=\"wp-image-7525\" srcset=\"https:\/\/www.orpheus-magazin.de\/wp-content\/uploads\/2022\/04\/2022-03_Inhalt_9.jpg 500w, https:\/\/www.orpheus-magazin.de\/wp-content\/uploads\/2022\/04\/2022-03_Inhalt_9-300x168.jpg 300w\" sizes=\"(max-width: 500px) 100vw, 500px\" \/><\/figure>\n\n\n\n<p><\/p>\n<\/div>\n<\/div>\n\n\n\n<div style=\"height:50px\" aria-hidden=\"true\" class=\"wp-block-spacer\"><\/div>\n\n\n\n<div class=\"wp-block-media-text alignwide is-vertically-aligned-center is-stacked-on-mobile has-background\" style=\"background-color:#f6f6f6;grid-template-columns:22% auto\"><figure class=\"wp-block-media-text__media\"><img loading=\"lazy\" decoding=\"async\" width=\"850\" height=\"1000\" src=\"https:\/\/www.orpheus-magazin.de\/wp-content\/uploads\/2022\/04\/22-03_Heft_Bestellbox_Startseite.jpg\" alt=\"\" class=\"wp-image-7527 size-full\" srcset=\"https:\/\/www.orpheus-magazin.de\/wp-content\/uploads\/2022\/04\/22-03_Heft_Bestellbox_Startseite.jpg 850w, https:\/\/www.orpheus-magazin.de\/wp-content\/uploads\/2022\/04\/22-03_Heft_Bestellbox_Startseite-255x300.jpg 255w, https:\/\/www.orpheus-magazin.de\/wp-content\/uploads\/2022\/04\/22-03_Heft_Bestellbox_Startseite-768x904.jpg 768w, https:\/\/www.orpheus-magazin.de\/wp-content\/uploads\/2022\/04\/22-03_Heft_Bestellbox_Startseite-500x588.jpg 500w, https:\/\/www.orpheus-magazin.de\/wp-content\/uploads\/2022\/04\/22-03_Heft_Bestellbox_Startseite-800x941.jpg 800w, https:\/\/www.orpheus-magazin.de\/wp-content\/uploads\/2022\/04\/22-03_Heft_Bestellbox_Startseite-600x706.jpg 600w\" sizes=\"(max-width: 850px) 100vw, 850px\" \/><\/figure><div class=\"wp-block-media-text__content\">\n<div style=\"height:10px\" aria-hidden=\"true\" class=\"wp-block-spacer\"><\/div>\n\n\n\n<p class=\"has-large-font-size\"><strong>Unsere Ausgabe Mai\/Juni 2022 online bestellen<\/strong><\/p>\n\n\n\n<p>Bequem in Ihren Briefkasten oder als PDF zum Sofort-Download<\/p>\n\n\n\n<p><strong><a href=\"https:\/\/www.orpheus-magazin.de\/de\/product\/print-ausgabe-03-2022\/\" target=\"_blank\" aria-label=\" (opens in a new tab)\" rel=\"noreferrer noopener\" class=\"ek-link\">Print-Ausgabe bestellen<\/a><\/strong> | <strong><a href=\"https:\/\/www.orpheus-magazin.de\/de\/product\/pdf-ausgabe-03-2022\/\" target=\"_blank\" aria-label=\" (opens in a new tab)\" rel=\"noreferrer noopener\" class=\"ek-link\">PDF-Ausgabe bestellen<\/a><\/strong><\/p>\n<\/div><\/div>\n\n\n\n<div style=\"height:80px\" aria-hidden=\"true\" class=\"wp-block-spacer\"><\/div>\n\n\n<!-- Error, Advert is not available at this time due to schedule\/geolocation restrictions! -->\n\n\n\n<div style=\"height:50px\" aria-hidden=\"true\" class=\"wp-block-spacer\"><\/div>","protected":false},"excerpt":{"rendered":"<p>Ausgabe 03\/2022 ___Impressionen Gott, welch Dunkel hier! K\u00fcnstler im Krieg statt auf B\u00fchnen ___Interview Oper f\u00fcr das 21. Jahrhundert Richard Brunel \u00fcber seine Pl\u00e4ne an der Op\u00e9ra de Lyon ___Portrait Musical-Erfinder und Br\u00fcckenbauer Eine Hommage an Stephen Sondheim ___Im Fokus Hinter Mauern Das musikdramatische Erbe der DDR ___Zukunft Wer bin ich \u2013 und wenn ja, [&hellip;]<\/p>\n","protected":false},"author":14,"featured_media":7511,"parent":0,"menu_order":0,"comment_status":"closed","ping_status":"closed","template":"template-cover.php","meta":{"tpgb_global_settings":"","_editorskit_title_hidden":true,"_editorskit_reading_time":1,"_editorskit_is_block_options_detached":false,"_editorskit_block_options_position":"{}","_eb_attr":"","footnotes":""},"class_list":["post-7530","page","type-page","status-publish","has-post-thumbnail","hentry"],"tpgb_featured_images":{"full":["https:\/\/www.orpheus-magazin.de\/wp-content\/uploads\/2022\/04\/Heft-2er_2022-03.jpg",2151,1009,false],"tp-image-grid":["https:\/\/www.orpheus-magazin.de\/wp-content\/uploads\/2022\/04\/Heft-2er_2022-03.jpg",700,328,false],"thumbnail":["https:\/\/www.orpheus-magazin.de\/wp-content\/uploads\/2022\/04\/Heft-2er_2022-03-150x150.jpg",150,150,true],"medium":["https:\/\/www.orpheus-magazin.de\/wp-content\/uploads\/2022\/04\/Heft-2er_2022-03-300x141.jpg",300,141,true],"medium_large":["https:\/\/www.orpheus-magazin.de\/wp-content\/uploads\/2022\/04\/Heft-2er_2022-03-768x360.jpg",600,281,true],"large":["https:\/\/www.orpheus-magazin.de\/wp-content\/uploads\/2022\/04\/Heft-2er_2022-03-1024x480.jpg",600,281,true],"default":"https:\/\/www.orpheus-magazin.de\/wp-content\/plugins\/the-plus-addons-for-block-editor\/assets\/images\/tpgb-placeholder.jpg"},"tpgb_post_meta_info":{"get_date":"27. April 2022","get_modified_date":"30. Juni 2022","author_name":"Silvia Murauer","author_url":"https:\/\/www.orpheus-magazin.de\/de\/author\/mailsilviamurauer-de\/","author_email":"mail@silviamurauer.de","author_website":"","author_description":"","author_facebook":"","author_twitter":"","author_instagram":"","author_role":["administrator"],"author_firstname":"Silvia","author_lastname":"Murauer","user_login":"mail@silviamurauer.de","author_avatar":"<img alt='' src='https:\/\/secure.gravatar.com\/avatar\/f621fd74b09e85b40b2840fd83e82293b9a74c7122761b5607082e36ece1f9d0?s=200&#038;d=mm&#038;r=g' srcset='https:\/\/secure.gravatar.com\/avatar\/f621fd74b09e85b40b2840fd83e82293b9a74c7122761b5607082e36ece1f9d0?s=400&#038;d=mm&#038;r=g 2x' class='avatar avatar-200 photo' height='200' width='200' decoding='async'\/>","author_avatar_url":"https:\/\/secure.gravatar.com\/avatar\/f621fd74b09e85b40b2840fd83e82293b9a74c7122761b5607082e36ece1f9d0?s=96&d=mm&r=g","comment_count":0,"post_likes":0,"post_views":0},"tpgb_post_category":[],"_links":{"self":[{"href":"https:\/\/www.orpheus-magazin.de\/de\/wp-json\/wp\/v2\/pages\/7530","targetHints":{"allow":["GET"]}}],"collection":[{"href":"https:\/\/www.orpheus-magazin.de\/de\/wp-json\/wp\/v2\/pages"}],"about":[{"href":"https:\/\/www.orpheus-magazin.de\/de\/wp-json\/wp\/v2\/types\/page"}],"author":[{"embeddable":true,"href":"https:\/\/www.orpheus-magazin.de\/de\/wp-json\/wp\/v2\/users\/14"}],"replies":[{"embeddable":true,"href":"https:\/\/www.orpheus-magazin.de\/de\/wp-json\/wp\/v2\/comments?post=7530"}],"version-history":[{"count":0,"href":"https:\/\/www.orpheus-magazin.de\/de\/wp-json\/wp\/v2\/pages\/7530\/revisions"}],"wp:featuredmedia":[{"embeddable":true,"href":"https:\/\/www.orpheus-magazin.de\/de\/wp-json\/wp\/v2\/media\/7511"}],"wp:attachment":[{"href":"https:\/\/www.orpheus-magazin.de\/de\/wp-json\/wp\/v2\/media?parent=7530"}],"curies":[{"name":"wp","href":"https:\/\/api.w.org\/{rel}","templated":true}]}}