{"id":8519,"date":"2023-02-26T14:31:51","date_gmt":"2023-02-26T13:31:51","guid":{"rendered":"https:\/\/www.orpheus-magazin.de\/?page_id=8519"},"modified":"2023-07-20T17:17:25","modified_gmt":"2023-07-20T15:17:25","slug":"ausgabe-02-2023","status":"publish","type":"page","link":"https:\/\/www.orpheus-magazin.de\/de\/ausgabe-02-2023\/","title":{"rendered":"Ausgabe 02\/2023"},"content":{"rendered":"<h1 class=\"wp-block-heading has-text-align-center font-montserrat-alternates\" id=\"ausgabe-06-2021\" style=\"font-size:45px\">Ausgabe 02\/2023<\/h1>\n\n\n\n<div style=\"height:1px\" aria-hidden=\"true\" class=\"wp-block-spacer\"><\/div>\n\n\n\n<div class=\"wp-block-columns alignwide is-layout-flex wp-container-core-columns-is-layout-9d6595d7 wp-block-columns-is-layout-flex\">\n<div class=\"wp-block-column is-layout-flow wp-block-column-is-layout-flow\" style=\"flex-basis:49%\">\n<div class=\"wp-block-cover ek-linked-block\" style=\"min-height:500px;aspect-ratio:unset;\"><span aria-hidden=\"true\" class=\"wp-block-cover__background has-background-dim-0 has-background-dim\"><\/span><img fetchpriority=\"high\" decoding=\"async\" width=\"475\" height=\"500\" class=\"wp-block-cover__image-background wp-image-8503\" alt=\"\" src=\"https:\/\/www.orpheus-magazin.de\/wp-content\/uploads\/2023\/02\/2023-02_Inhalt_1.jpg\" data-object-fit=\"cover\" srcset=\"https:\/\/www.orpheus-magazin.de\/wp-content\/uploads\/2023\/02\/2023-02_Inhalt_1.jpg 475w, https:\/\/www.orpheus-magazin.de\/wp-content\/uploads\/2023\/02\/2023-02_Inhalt_1-285x300.jpg 285w\" sizes=\"(max-width: 475px) 100vw, 475px\" \/><div class=\"wp-block-cover__inner-container is-layout-flow wp-block-cover-is-layout-flow\">\n<div style=\"height:290px\" aria-hidden=\"true\" class=\"wp-block-spacer\"><\/div>\n\n\n\n<p class=\"has-text-align-center has-medium-font-size\"><strong>DANIEL BEHLES OPERETTE<\/strong> <br><strong>&#8222;HOPFEN UND MALZ&#8220;<\/strong><br><strong>Gott erhalt&#8217;s!<\/strong><\/p>\n\n\n\n<p class=\"has-text-align-center\" style=\"font-size:18px\">Leseprobe<\/p>\n<\/div><a href=\"https:\/\/www.orpheus-magazin.de\/de\/2023\/02\/28\/hopfen-und-malz\/\" class=\"editorskit-block-link\" target=\"_blank\" rel=\" noreferrer noopener\"><\/a><\/div>\n<\/div>\n\n\n\n<div class=\"wp-block-column is-layout-flow wp-block-column-is-layout-flow\" style=\"flex-basis:2%\">\n<div style=\"height:20px\" aria-hidden=\"true\" class=\"wp-block-spacer\"><\/div>\n<\/div>\n\n\n\n<div class=\"wp-block-column is-layout-flow wp-block-column-is-layout-flow\" style=\"flex-basis:49%\">\n<div class=\"wp-block-cover ek-linked-block\" style=\"min-height:500px;aspect-ratio:unset;\"><span aria-hidden=\"true\" class=\"wp-block-cover__background has-background-dim-0 has-background-dim has-background-gradient\" style=\"background:linear-gradient(135deg,rgb(238,238,238) 0%,rgb(0,0,0) 100%)\"><\/span><img decoding=\"async\" width=\"475\" height=\"500\" class=\"wp-block-cover__image-background wp-image-8526\" alt=\"\" src=\"https:\/\/www.orpheus-magazin.de\/wp-content\/uploads\/2023\/02\/2023-02_Inhalt_2-neu.jpg\" data-object-fit=\"cover\" srcset=\"https:\/\/www.orpheus-magazin.de\/wp-content\/uploads\/2023\/02\/2023-02_Inhalt_2-neu.jpg 475w, https:\/\/www.orpheus-magazin.de\/wp-content\/uploads\/2023\/02\/2023-02_Inhalt_2-neu-285x300.jpg 285w\" sizes=\"(max-width: 475px) 100vw, 475px\" \/><div class=\"wp-block-cover__inner-container is-layout-flow wp-block-cover-is-layout-flow\">\n<div style=\"height:290px\" aria-hidden=\"true\" class=\"wp-block-spacer\"><\/div>\n\n\n\n<p class=\"has-text-align-center has-white-color has-text-color has-medium-font-size\"><strong>DAS ISRAELISCHE STAATSORCHESTER <\/strong><br><strong>IN ABU DHABI<\/strong><br><strong>Die Diplomatie der Menschlichkeit<\/strong><\/p>\n\n\n\n<p class=\"has-text-align-center has-white-color has-text-color\" style=\"font-size:18px\">Leseprobe<\/p>\n<\/div><a href=\"https:\/\/www.orpheus-magazin.de\/de\/2023\/02\/28\/die-diplomatie-der-menschlichkeit\/\" class=\"editorskit-block-link\" target=\"_blank\" rel=\" noreferrer noopener\"><\/a><\/div>\n<\/div>\n<\/div>\n\n\n\n<div style=\"height:30px\" aria-hidden=\"true\" class=\"wp-block-spacer\"><\/div>\n\n\n\n<div class=\"wp-block-columns alignwide is-style-default is-layout-flex wp-container-core-columns-is-layout-9d6595d7 wp-block-columns-is-layout-flex\">\n<div class=\"wp-block-column is-layout-flow wp-block-column-is-layout-flow\" style=\"flex-basis:20%\">\n<p class=\"has-text-align-right has-light-gray-color has-text-color has-small-font-size\">___<br>Impressionen<\/p>\n<\/div>\n\n\n\n<div class=\"wp-block-column is-layout-flow wp-block-column-is-layout-flow\" style=\"flex-basis:50%\">\n<p class=\"has-regular-font-size\"><strong>Wir sind \u201eorpheus\u201c<\/strong><\/p>\n\n\n\n<p>Von Musikbegeisterten f\u00fcr Musikbegeisterte \u2013 seit 50 Jahren<\/p>\n\n\n\n<div style=\"height:60px\" aria-hidden=\"true\" class=\"wp-block-spacer\"><\/div>\n\n\n\n<hr class=\"wp-block-separator has-css-opacity is-style-wide\"\/>\n<\/div>\n\n\n\n<div class=\"wp-block-column is-layout-flow wp-block-column-is-layout-flow\" style=\"flex-basis:30%\">\n<figure class=\"wp-block-image size-full\"><img decoding=\"async\" width=\"500\" height=\"280\" src=\"https:\/\/www.orpheus-magazin.de\/wp-content\/uploads\/2023\/02\/2023-02_Inhalt_3.jpg\" alt=\"\" class=\"wp-image-8505\" srcset=\"https:\/\/www.orpheus-magazin.de\/wp-content\/uploads\/2023\/02\/2023-02_Inhalt_3.jpg 500w, https:\/\/www.orpheus-magazin.de\/wp-content\/uploads\/2023\/02\/2023-02_Inhalt_3-300x168.jpg 300w\" sizes=\"(max-width: 500px) 100vw, 500px\" \/><\/figure>\n\n\n\n<p><\/p>\n<\/div>\n<\/div>\n\n\n\n<div class=\"wp-block-columns alignwide is-style-default is-layout-flex wp-container-core-columns-is-layout-9d6595d7 wp-block-columns-is-layout-flex\">\n<div class=\"wp-block-column is-layout-flow wp-block-column-is-layout-flow\" style=\"flex-basis:20%\">\n<p class=\"has-text-align-right has-light-gray-color has-text-color has-small-font-size\">___<br>Titel<\/p>\n<\/div>\n\n\n\n<div class=\"wp-block-column is-layout-flow wp-block-column-is-layout-flow\" style=\"flex-basis:50%\">\n<p class=\"has-regular-font-size\"><strong><a href=\"https:\/\/www.orpheus-magazin.de\/de\/2023\/07\/20\/bayreuth-4-0\/\" target=\"_blank\" aria-label=\"Bayreuth 4.0 (opens in a new tab)\" rel=\"noreferrer noopener\" class=\"ek-link\">Bayreuth 4.0<\/a><\/strong><\/p>\n\n\n\n<p>Viel Wirbel um ein paar Brillen: Der amerikanische Regisseur Jay Scheib erweitert die Bayreuther \u201eParsifal\u201c-Realit\u00e4t um eine Augmented-Reality-Dimension<\/p>\n\n\n\n<hr class=\"wp-block-separator has-css-opacity is-style-wide\"\/>\n<\/div>\n\n\n\n<div class=\"wp-block-column is-layout-flow wp-block-column-is-layout-flow\" style=\"flex-basis:30%\">\n<figure class=\"wp-block-image size-full\"><img loading=\"lazy\" decoding=\"async\" width=\"500\" height=\"280\" src=\"https:\/\/www.orpheus-magazin.de\/wp-content\/uploads\/2023\/02\/2023-02_Inhalt_4.jpg\" alt=\"\" class=\"wp-image-8506\" srcset=\"https:\/\/www.orpheus-magazin.de\/wp-content\/uploads\/2023\/02\/2023-02_Inhalt_4.jpg 500w, https:\/\/www.orpheus-magazin.de\/wp-content\/uploads\/2023\/02\/2023-02_Inhalt_4-300x168.jpg 300w\" sizes=\"(max-width: 500px) 100vw, 500px\" \/><\/figure>\n\n\n\n<p><\/p>\n<\/div>\n<\/div>\n\n\n\n<div class=\"wp-block-columns alignwide is-style-default is-layout-flex wp-container-core-columns-is-layout-9d6595d7 wp-block-columns-is-layout-flex\">\n<div class=\"wp-block-column is-layout-flow wp-block-column-is-layout-flow\" style=\"flex-basis:20%\">\n<p class=\"has-text-align-right has-light-gray-color has-text-color has-small-font-size\">___<br>Glosse<\/p>\n<\/div>\n\n\n\n<div class=\"wp-block-column is-layout-flow wp-block-column-is-layout-flow\" style=\"flex-basis:50%\">\n<p class=\"has-regular-font-size\"><strong>Die vier Ten\u00f6re<\/strong><\/p>\n\n\n\n<p>Eine heitere Dystopie von Florian Maier<\/p>\n\n\n\n<div style=\"height:60px\" aria-hidden=\"true\" class=\"wp-block-spacer\"><\/div>\n\n\n\n<hr class=\"wp-block-separator has-css-opacity is-style-wide\"\/>\n<\/div>\n\n\n\n<div class=\"wp-block-column is-layout-flow wp-block-column-is-layout-flow\" style=\"flex-basis:30%\">\n<figure class=\"wp-block-image size-full\"><img loading=\"lazy\" decoding=\"async\" width=\"500\" height=\"280\" src=\"https:\/\/www.orpheus-magazin.de\/wp-content\/uploads\/2023\/02\/2023-02_Inhalt_5.jpg\" alt=\"\" class=\"wp-image-8507\" srcset=\"https:\/\/www.orpheus-magazin.de\/wp-content\/uploads\/2023\/02\/2023-02_Inhalt_5.jpg 500w, https:\/\/www.orpheus-magazin.de\/wp-content\/uploads\/2023\/02\/2023-02_Inhalt_5-300x168.jpg 300w\" sizes=\"(max-width: 500px) 100vw, 500px\" \/><\/figure>\n\n\n\n<p><\/p>\n<\/div>\n<\/div>\n\n\n\n<div class=\"wp-block-columns alignwide is-style-default is-layout-flex wp-container-core-columns-is-layout-9d6595d7 wp-block-columns-is-layout-flex\">\n<div class=\"wp-block-column is-layout-flow wp-block-column-is-layout-flow\" style=\"flex-basis:20%\">\n<p class=\"has-text-align-right has-light-gray-color has-text-color has-small-font-size\">___<br>Im Fokus<\/p>\n<\/div>\n\n\n\n<div class=\"wp-block-column is-layout-flow wp-block-column-is-layout-flow\" style=\"flex-basis:50%\">\n<p class=\"has-regular-font-size\"><strong>Viva Verdi!<\/strong><\/p>\n\n\n\n<p>Rund um den Verkauf der Villa Sant\u2019Agata, Wohnhaus des italienischen Nationalkomponisten Giuseppe Verdi, tobt ein peinlicher \u00f6ffentlicher Erbstreit<\/p>\n\n\n\n<hr class=\"wp-block-separator has-css-opacity is-style-wide\"\/>\n<\/div>\n\n\n\n<div class=\"wp-block-column is-layout-flow wp-block-column-is-layout-flow\" style=\"flex-basis:30%\">\n<figure class=\"wp-block-image size-full\"><img loading=\"lazy\" decoding=\"async\" width=\"500\" height=\"280\" src=\"https:\/\/www.orpheus-magazin.de\/wp-content\/uploads\/2023\/02\/2023-02_Inhalt_6.jpg\" alt=\"\" class=\"wp-image-8508\" srcset=\"https:\/\/www.orpheus-magazin.de\/wp-content\/uploads\/2023\/02\/2023-02_Inhalt_6.jpg 500w, https:\/\/www.orpheus-magazin.de\/wp-content\/uploads\/2023\/02\/2023-02_Inhalt_6-300x168.jpg 300w\" sizes=\"(max-width: 500px) 100vw, 500px\" \/><\/figure>\n\n\n\n<p><\/p>\n<\/div>\n<\/div>\n\n\n\n<div class=\"wp-block-columns alignwide is-style-default is-layout-flex wp-container-core-columns-is-layout-9d6595d7 wp-block-columns-is-layout-flex\">\n<div class=\"wp-block-column is-layout-flow wp-block-column-is-layout-flow\" style=\"flex-basis:20%\">\n<p class=\"has-text-align-right has-light-gray-color has-text-color has-small-font-size\">___<br>50 Jahre \u201eorpheus\u201c<\/p>\n<\/div>\n\n\n\n<div class=\"wp-block-column is-layout-flow wp-block-column-is-layout-flow\" style=\"flex-basis:50%\">\n<p class=\"has-regular-font-size\"><strong>Ab ins Archiv!<\/strong><\/p>\n\n\n\n<p>Studierende der LMU M\u00fcnchen st\u00f6bern in f\u00fcnf Jahrzehnten \u201eorpheus\u201c<\/p>\n\n\n\n<div style=\"height:60px\" aria-hidden=\"true\" class=\"wp-block-spacer\"><\/div>\n\n\n\n<hr class=\"wp-block-separator has-css-opacity is-style-wide\"\/>\n<\/div>\n\n\n\n<div class=\"wp-block-column is-layout-flow wp-block-column-is-layout-flow\" style=\"flex-basis:30%\">\n<figure class=\"wp-block-image size-full\"><img loading=\"lazy\" decoding=\"async\" width=\"500\" height=\"280\" src=\"https:\/\/www.orpheus-magazin.de\/wp-content\/uploads\/2023\/02\/2023-02_Inhalt_7.jpg\" alt=\"\" class=\"wp-image-8509\" srcset=\"https:\/\/www.orpheus-magazin.de\/wp-content\/uploads\/2023\/02\/2023-02_Inhalt_7.jpg 500w, https:\/\/www.orpheus-magazin.de\/wp-content\/uploads\/2023\/02\/2023-02_Inhalt_7-300x168.jpg 300w\" sizes=\"(max-width: 500px) 100vw, 500px\" \/><\/figure>\n\n\n\n<p><\/p>\n<\/div>\n<\/div>\n\n\n\n<div class=\"wp-block-columns alignwide is-style-default is-layout-flex wp-container-core-columns-is-layout-9d6595d7 wp-block-columns-is-layout-flex\">\n<div class=\"wp-block-column is-layout-flow wp-block-column-is-layout-flow\" style=\"flex-basis:20%\">\n<p class=\"has-text-align-right has-light-gray-color has-text-color has-small-font-size\">___<br>Jubil\u00e4um<\/p>\n<\/div>\n\n\n\n<div class=\"wp-block-column is-layout-flow wp-block-column-is-layout-flow\" style=\"flex-basis:50%\">\n<p class=\"has-regular-font-size\"><strong>M\u00fcnchener Gschichten<\/strong><\/p>\n\n\n\n<p>Von Orlando di Lasso bis Vladimir Jurowski: 500 Jahre Bayerisches Staatsorchester<\/p>\n\n\n\n<div style=\"height:60px\" aria-hidden=\"true\" class=\"wp-block-spacer\"><\/div>\n\n\n\n<hr class=\"wp-block-separator has-css-opacity is-style-wide\"\/>\n<\/div>\n\n\n\n<div class=\"wp-block-column is-layout-flow wp-block-column-is-layout-flow\" style=\"flex-basis:30%\">\n<figure class=\"wp-block-image size-full\"><img loading=\"lazy\" decoding=\"async\" width=\"500\" height=\"280\" src=\"https:\/\/www.orpheus-magazin.de\/wp-content\/uploads\/2023\/02\/2023-02_Inhalt_8.jpg\" alt=\"\" class=\"wp-image-8510\" srcset=\"https:\/\/www.orpheus-magazin.de\/wp-content\/uploads\/2023\/02\/2023-02_Inhalt_8.jpg 500w, https:\/\/www.orpheus-magazin.de\/wp-content\/uploads\/2023\/02\/2023-02_Inhalt_8-300x168.jpg 300w\" sizes=\"(max-width: 500px) 100vw, 500px\" \/><\/figure>\n\n\n\n<p><\/p>\n<\/div>\n<\/div>\n\n\n\n<div class=\"wp-block-columns alignwide is-style-default is-layout-flex wp-container-core-columns-is-layout-9d6595d7 wp-block-columns-is-layout-flex\">\n<div class=\"wp-block-column is-layout-flow wp-block-column-is-layout-flow\" style=\"flex-basis:20%\">\n<p class=\"has-text-align-right has-light-gray-color has-text-color has-small-font-size\">___<br>Portrait<\/p>\n<\/div>\n\n\n\n<div class=\"wp-block-column is-layout-flow wp-block-column-is-layout-flow\" style=\"flex-basis:50%\">\n<p class=\"has-regular-font-size\"><strong>Vergessene Rebellin<\/strong><\/p>\n\n\n\n<p>Die \u00fcberf\u00e4llige Wiederentdeckung der Komponistin Emilie Mayer (1812-1883)<\/p>\n\n\n\n<div style=\"height:60px\" aria-hidden=\"true\" class=\"wp-block-spacer\"><\/div>\n\n\n\n<hr class=\"wp-block-separator has-css-opacity is-style-wide\"\/>\n<\/div>\n\n\n\n<div class=\"wp-block-column is-layout-flow wp-block-column-is-layout-flow\" style=\"flex-basis:30%\">\n<figure class=\"wp-block-image size-full\"><img loading=\"lazy\" decoding=\"async\" width=\"500\" height=\"280\" src=\"https:\/\/www.orpheus-magazin.de\/wp-content\/uploads\/2023\/02\/2023-02_Inhalt_9.jpg\" alt=\"\" class=\"wp-image-8511\" srcset=\"https:\/\/www.orpheus-magazin.de\/wp-content\/uploads\/2023\/02\/2023-02_Inhalt_9.jpg 500w, https:\/\/www.orpheus-magazin.de\/wp-content\/uploads\/2023\/02\/2023-02_Inhalt_9-300x168.jpg 300w\" sizes=\"(max-width: 500px) 100vw, 500px\" \/><\/figure>\n\n\n\n<p><\/p>\n<\/div>\n<\/div>\n\n\n\n<div class=\"wp-block-columns alignwide is-style-default is-layout-flex wp-container-core-columns-is-layout-9d6595d7 wp-block-columns-is-layout-flex\">\n<div class=\"wp-block-column is-layout-flow wp-block-column-is-layout-flow\" style=\"flex-basis:20%\">\n<p class=\"has-text-align-right has-light-gray-color has-text-color has-small-font-size\">___<br>Medien<\/p>\n<\/div>\n\n\n\n<div class=\"wp-block-column is-layout-flow wp-block-column-is-layout-flow\" style=\"flex-basis:50%\">\n<p class=\"has-regular-font-size\"><strong>Geh\u00f6rt, gesehen, gelesen<\/strong><\/p>\n\n\n\n<p>Kulturtipps f\u00fcr das heimische Wohnzimmer<\/p>\n\n\n\n<div style=\"height:60px\" aria-hidden=\"true\" class=\"wp-block-spacer\"><\/div>\n\n\n\n<hr class=\"wp-block-separator has-css-opacity is-style-wide\"\/>\n<\/div>\n\n\n\n<div class=\"wp-block-column is-layout-flow wp-block-column-is-layout-flow\" style=\"flex-basis:30%\">\n<figure class=\"wp-block-image size-full\"><img loading=\"lazy\" decoding=\"async\" width=\"500\" height=\"280\" src=\"https:\/\/www.orpheus-magazin.de\/wp-content\/uploads\/2023\/02\/2023-02_Inhalt_10.jpg\" alt=\"\" class=\"wp-image-8512\" srcset=\"https:\/\/www.orpheus-magazin.de\/wp-content\/uploads\/2023\/02\/2023-02_Inhalt_10.jpg 500w, https:\/\/www.orpheus-magazin.de\/wp-content\/uploads\/2023\/02\/2023-02_Inhalt_10-300x168.jpg 300w\" sizes=\"(max-width: 500px) 100vw, 500px\" \/><\/figure>\n\n\n\n<p><\/p>\n<\/div>\n<\/div>\n\n\n\n<div class=\"wp-block-columns alignwide is-style-default is-layout-flex wp-container-core-columns-is-layout-9d6595d7 wp-block-columns-is-layout-flex\">\n<div class=\"wp-block-column is-layout-flow wp-block-column-is-layout-flow\" style=\"flex-basis:20%\">\n<p class=\"has-text-align-right has-light-gray-color has-text-color has-small-font-size\">___<br>Rezensionen<\/p>\n<\/div>\n\n\n\n<div class=\"wp-block-column is-layout-flow wp-block-column-is-layout-flow\" style=\"flex-basis:50%\">\n<p class=\"has-regular-font-size\"><strong>F\u00fcr Sie gesehen<\/strong><\/p>\n\n\n\n<p>Neues und Spektakul\u00e4res von den (Opern-)B\u00fchnen in Deutschland und Europa<\/p>\n\n\n\n<div style=\"height:30px\" aria-hidden=\"true\" class=\"wp-block-spacer\"><\/div>\n\n\n\n<hr class=\"wp-block-separator has-css-opacity is-style-wide\"\/>\n<\/div>\n\n\n\n<div class=\"wp-block-column is-layout-flow wp-block-column-is-layout-flow\" style=\"flex-basis:30%\">\n<figure class=\"wp-block-image size-full\"><img loading=\"lazy\" decoding=\"async\" width=\"500\" height=\"280\" src=\"https:\/\/www.orpheus-magazin.de\/wp-content\/uploads\/2023\/02\/2023-02_Inhalt_11.jpg\" alt=\"\" class=\"wp-image-8513\" srcset=\"https:\/\/www.orpheus-magazin.de\/wp-content\/uploads\/2023\/02\/2023-02_Inhalt_11.jpg 500w, https:\/\/www.orpheus-magazin.de\/wp-content\/uploads\/2023\/02\/2023-02_Inhalt_11-300x168.jpg 300w\" sizes=\"(max-width: 500px) 100vw, 500px\" \/><\/figure>\n\n\n\n<p><\/p>\n<\/div>\n<\/div>\n\n\n\n<div style=\"height:50px\" aria-hidden=\"true\" class=\"wp-block-spacer\"><\/div>\n\n\n\n<div class=\"wp-block-media-text alignwide is-vertically-aligned-center is-stacked-on-mobile has-background\" style=\"background-color:#f6f6f6;grid-template-columns:22% auto\"><figure class=\"wp-block-media-text__media\"><img loading=\"lazy\" decoding=\"async\" width=\"850\" height=\"1000\" src=\"https:\/\/www.orpheus-magazin.de\/wp-content\/uploads\/2023\/02\/23-02_Heft_Bestellbox_Startseite.jpg\" alt=\"\" class=\"wp-image-8516 size-full\" srcset=\"https:\/\/www.orpheus-magazin.de\/wp-content\/uploads\/2023\/02\/23-02_Heft_Bestellbox_Startseite.jpg 850w, https:\/\/www.orpheus-magazin.de\/wp-content\/uploads\/2023\/02\/23-02_Heft_Bestellbox_Startseite-255x300.jpg 255w, https:\/\/www.orpheus-magazin.de\/wp-content\/uploads\/2023\/02\/23-02_Heft_Bestellbox_Startseite-768x904.jpg 768w, https:\/\/www.orpheus-magazin.de\/wp-content\/uploads\/2023\/02\/23-02_Heft_Bestellbox_Startseite-500x588.jpg 500w, https:\/\/www.orpheus-magazin.de\/wp-content\/uploads\/2023\/02\/23-02_Heft_Bestellbox_Startseite-800x941.jpg 800w, https:\/\/www.orpheus-magazin.de\/wp-content\/uploads\/2023\/02\/23-02_Heft_Bestellbox_Startseite-600x706.jpg 600w\" sizes=\"(max-width: 850px) 100vw, 850px\" \/><\/figure><div class=\"wp-block-media-text__content\">\n<div style=\"height:10px\" aria-hidden=\"true\" class=\"wp-block-spacer\"><\/div>\n\n\n\n<p style=\"font-size:24px\"><strong>Unsere Ausgabe M\u00e4rz\/April 2023 online bestellen<\/strong><\/p>\n\n\n\n<p>Bequem in Ihren Briefkasten oder als PDF zum Sofort-Download<\/p>\n\n\n\n<p><strong><a href=\"https:\/\/www.orpheus-magazin.de\/de\/product\/print-ausgabe-02-2023\/\" target=\"_blank\" aria-label=\" (opens in a new tab)\" rel=\"noreferrer noopener\" class=\"ek-link\">Print-Ausgabe bestellen<\/a><\/strong> | <strong><a href=\"https:\/\/www.orpheus-magazin.de\/de\/product\/pdf-ausgabe-02-2023\/\" target=\"_blank\" aria-label=\" (opens in a new tab)\" rel=\"noreferrer noopener\" class=\"ek-link\">PDF-Ausgabe bestellen<\/a><\/strong><\/p>\n<\/div><\/div>\n\n\n\n<div style=\"height:80px\" aria-hidden=\"true\" class=\"wp-block-spacer\"><\/div>\n\n\n<!-- Error, Advert is not available at this time due to schedule\/geolocation restrictions! -->\n\n\n\n<div style=\"height:50px\" aria-hidden=\"true\" class=\"wp-block-spacer\"><\/div>","protected":false},"excerpt":{"rendered":"<p>Ausgabe 02\/2023 ___Impressionen Wir sind \u201eorpheus\u201c Von Musikbegeisterten f\u00fcr Musikbegeisterte \u2013 seit 50 Jahren ___Titel Bayreuth 4.0 Viel Wirbel um ein paar Brillen: Der amerikanische Regisseur Jay Scheib erweitert die Bayreuther \u201eParsifal\u201c-Realit\u00e4t um eine Augmented-Reality-Dimension ___Glosse Die vier Ten\u00f6re Eine heitere Dystopie von Florian Maier ___Im Fokus Viva Verdi! Rund um den Verkauf der Villa [&hellip;]<\/p>\n","protected":false},"author":14,"featured_media":8515,"parent":0,"menu_order":0,"comment_status":"closed","ping_status":"closed","template":"template-cover.php","meta":{"tpgb_global_settings":"","_editorskit_title_hidden":true,"_editorskit_reading_time":1,"_editorskit_is_block_options_detached":false,"_editorskit_block_options_position":"{}","_eb_attr":"","footnotes":""},"class_list":["post-8519","page","type-page","status-publish","has-post-thumbnail","hentry"],"tpgb_featured_images":{"full":["https:\/\/www.orpheus-magazin.de\/wp-content\/uploads\/2023\/02\/Heft-2er_2023-02.jpg",2151,1009,false],"tp-image-grid":["https:\/\/www.orpheus-magazin.de\/wp-content\/uploads\/2023\/02\/Heft-2er_2023-02.jpg",700,328,false],"thumbnail":["https:\/\/www.orpheus-magazin.de\/wp-content\/uploads\/2023\/02\/Heft-2er_2023-02-150x150.jpg",150,150,true],"medium":["https:\/\/www.orpheus-magazin.de\/wp-content\/uploads\/2023\/02\/Heft-2er_2023-02-300x141.jpg",300,141,true],"medium_large":["https:\/\/www.orpheus-magazin.de\/wp-content\/uploads\/2023\/02\/Heft-2er_2023-02-768x360.jpg",600,281,true],"large":["https:\/\/www.orpheus-magazin.de\/wp-content\/uploads\/2023\/02\/Heft-2er_2023-02-1024x480.jpg",600,281,true],"default":"https:\/\/www.orpheus-magazin.de\/wp-content\/plugins\/the-plus-addons-for-block-editor\/assets\/images\/tpgb-placeholder.jpg"},"tpgb_post_meta_info":{"get_date":"26. Februar 2023","get_modified_date":"20. Juli 2023","author_name":"Silvia Murauer","author_url":"https:\/\/www.orpheus-magazin.de\/de\/author\/mailsilviamurauer-de\/","author_email":"mail@silviamurauer.de","author_website":"","author_description":"","author_facebook":"","author_twitter":"","author_instagram":"","author_role":["administrator"],"author_firstname":"Silvia","author_lastname":"Murauer","user_login":"mail@silviamurauer.de","author_avatar":"<img alt='' src='https:\/\/secure.gravatar.com\/avatar\/f621fd74b09e85b40b2840fd83e82293b9a74c7122761b5607082e36ece1f9d0?s=200&#038;d=mm&#038;r=g' srcset='https:\/\/secure.gravatar.com\/avatar\/f621fd74b09e85b40b2840fd83e82293b9a74c7122761b5607082e36ece1f9d0?s=400&#038;d=mm&#038;r=g 2x' class='avatar avatar-200 photo' height='200' width='200' decoding='async'\/>","author_avatar_url":"https:\/\/secure.gravatar.com\/avatar\/f621fd74b09e85b40b2840fd83e82293b9a74c7122761b5607082e36ece1f9d0?s=96&d=mm&r=g","comment_count":0,"post_likes":0,"post_views":0},"tpgb_post_category":[],"_links":{"self":[{"href":"https:\/\/www.orpheus-magazin.de\/de\/wp-json\/wp\/v2\/pages\/8519","targetHints":{"allow":["GET"]}}],"collection":[{"href":"https:\/\/www.orpheus-magazin.de\/de\/wp-json\/wp\/v2\/pages"}],"about":[{"href":"https:\/\/www.orpheus-magazin.de\/de\/wp-json\/wp\/v2\/types\/page"}],"author":[{"embeddable":true,"href":"https:\/\/www.orpheus-magazin.de\/de\/wp-json\/wp\/v2\/users\/14"}],"replies":[{"embeddable":true,"href":"https:\/\/www.orpheus-magazin.de\/de\/wp-json\/wp\/v2\/comments?post=8519"}],"version-history":[{"count":0,"href":"https:\/\/www.orpheus-magazin.de\/de\/wp-json\/wp\/v2\/pages\/8519\/revisions"}],"wp:featuredmedia":[{"embeddable":true,"href":"https:\/\/www.orpheus-magazin.de\/de\/wp-json\/wp\/v2\/media\/8515"}],"wp:attachment":[{"href":"https:\/\/www.orpheus-magazin.de\/de\/wp-json\/wp\/v2\/media?parent=8519"}],"curies":[{"name":"wp","href":"https:\/\/api.w.org\/{rel}","templated":true}]}}