{"id":9333,"date":"2023-10-26T20:13:29","date_gmt":"2023-10-26T18:13:29","guid":{"rendered":"https:\/\/www.orpheus-magazin.de\/?page_id=9333"},"modified":"2023-12-21T16:51:53","modified_gmt":"2023-12-21T15:51:53","slug":"ausgabe-06-2023","status":"publish","type":"page","link":"https:\/\/www.orpheus-magazin.de\/de\/ausgabe-06-2023\/","title":{"rendered":"Ausgabe 06\/2023"},"content":{"rendered":"<h1 class=\"wp-block-heading has-text-align-center font-montserrat-alternates\" id=\"ausgabe-06-2021\" style=\"font-size:45px\">Ausgabe 06\/2023<\/h1>\n\n\n\n<div style=\"height:1px\" aria-hidden=\"true\" class=\"wp-block-spacer\"><\/div>\n\n\n\n<div class=\"wp-block-columns alignwide is-layout-flex wp-container-core-columns-is-layout-9d6595d7 wp-block-columns-is-layout-flex\">\n<div class=\"wp-block-column is-layout-flow wp-block-column-is-layout-flow\" style=\"flex-basis:49%\">\n<div class=\"wp-block-cover is-light ek-linked-block\" style=\"min-height:500px;aspect-ratio:unset;\"><span aria-hidden=\"true\" class=\"wp-block-cover__background has-background-dim-0 has-background-dim\"><\/span><img fetchpriority=\"high\" decoding=\"async\" width=\"475\" height=\"500\" class=\"wp-block-cover__image-background wp-image-9334\" alt=\"\" src=\"https:\/\/www.orpheus-magazin.de\/wp-content\/uploads\/2023\/10\/2023-06_Inhalte_1.jpg\" data-object-fit=\"cover\" srcset=\"https:\/\/www.orpheus-magazin.de\/wp-content\/uploads\/2023\/10\/2023-06_Inhalte_1.jpg 475w, https:\/\/www.orpheus-magazin.de\/wp-content\/uploads\/2023\/10\/2023-06_Inhalte_1-285x300.jpg 285w\" sizes=\"(max-width: 475px) 100vw, 475px\" \/><div class=\"wp-block-cover__inner-container is-layout-flow wp-block-cover-is-layout-flow\">\n<div style=\"height:310px\" aria-hidden=\"true\" class=\"wp-block-spacer\"><\/div>\n\n\n\n<p class=\"has-text-align-center has-white-color has-text-color\" style=\"font-size:24px\"><strong>NIEDERGANG DER KULTUR<\/strong><br><strong>Und was macht das jetzt mit dir?<\/strong><\/p>\n\n\n\n<p class=\"has-text-align-center has-white-color has-text-color has-medium-font-size\">Leseprobe<\/p>\n<\/div><a href=\"https:\/\/www.orpheus-magazin.de\/de\/2023\/10\/27\/und-was-macht-das-jetzt-mit-dir\/\" class=\"editorskit-block-link\" target=\"_blank\" rel=\" noreferrer noopener\"><\/a><\/div>\n<\/div>\n\n\n\n<div class=\"wp-block-column is-layout-flow wp-block-column-is-layout-flow\" style=\"flex-basis:2%\">\n<div style=\"height:20px\" aria-hidden=\"true\" class=\"wp-block-spacer\"><\/div>\n<\/div>\n\n\n\n<div class=\"wp-block-column is-layout-flow wp-block-column-is-layout-flow\" style=\"flex-basis:49%\">\n<div class=\"wp-block-cover ek-linked-block\" style=\"min-height:500px;aspect-ratio:unset;\"><span aria-hidden=\"true\" class=\"wp-block-cover__background has-background-dim-0 has-background-dim has-background-gradient\" style=\"background:linear-gradient(135deg,rgb(238,238,238) 0%,rgb(0,0,0) 100%)\"><\/span><img decoding=\"async\" width=\"475\" height=\"500\" class=\"wp-block-cover__image-background wp-image-9335\" alt=\"\" src=\"https:\/\/www.orpheus-magazin.de\/wp-content\/uploads\/2023\/10\/2023-06_Inhalte_2.jpg\" data-object-fit=\"cover\" srcset=\"https:\/\/www.orpheus-magazin.de\/wp-content\/uploads\/2023\/10\/2023-06_Inhalte_2.jpg 475w, https:\/\/www.orpheus-magazin.de\/wp-content\/uploads\/2023\/10\/2023-06_Inhalte_2-285x300.jpg 285w\" sizes=\"(max-width: 475px) 100vw, 475px\" \/><div class=\"wp-block-cover__inner-container is-layout-flow wp-block-cover-is-layout-flow\">\n<div style=\"height:310px\" aria-hidden=\"true\" class=\"wp-block-spacer\"><\/div>\n\n\n\n<p class=\"has-text-align-center\" style=\"font-size:24px\"><strong>ANTONIA KALINOWSKI<\/strong><br><strong>Hey, ich bin Antonia!<\/strong><\/p>\n\n\n\n<p class=\"has-text-align-center has-medium-font-size\">Leseprobe<\/p>\n<\/div><a href=\"https:\/\/www.orpheus-magazin.de\/de\/2023\/10\/27\/hey-ich-bin-antonia\/\" class=\"editorskit-block-link\" target=\"_blank\" rel=\" noreferrer noopener\"><\/a><\/div>\n<\/div>\n<\/div>\n\n\n\n<div style=\"height:30px\" aria-hidden=\"true\" class=\"wp-block-spacer\"><\/div>\n\n\n\n<div class=\"wp-block-columns alignwide is-style-default is-layout-flex wp-container-core-columns-is-layout-9d6595d7 wp-block-columns-is-layout-flex\">\n<div class=\"wp-block-column is-layout-flow wp-block-column-is-layout-flow\" style=\"flex-basis:20%\">\n<p class=\"has-text-align-right has-light-gray-color has-text-color has-small-font-size\">___<br>Impressionen<\/p>\n<\/div>\n\n\n\n<div class=\"wp-block-column is-layout-flow wp-block-column-is-layout-flow\" style=\"flex-basis:50%\">\n<p class=\"has-regular-font-size\"><strong>Verh\u00e4rtete Fronten<\/strong><\/p>\n\n\n\n<p>Anna Netrebko an der Staatsoper Unter den Linden<\/p>\n\n\n\n<div style=\"height:60px\" aria-hidden=\"true\" class=\"wp-block-spacer\"><\/div>\n\n\n\n<hr class=\"wp-block-separator has-css-opacity is-style-wide\"\/>\n<\/div>\n\n\n\n<div class=\"wp-block-column is-layout-flow wp-block-column-is-layout-flow\" style=\"flex-basis:30%\">\n<figure class=\"wp-block-image size-full\"><img decoding=\"async\" width=\"500\" height=\"280\" src=\"https:\/\/www.orpheus-magazin.de\/wp-content\/uploads\/2023\/10\/2023-06_Inhalte_3.jpg\" alt=\"\" class=\"wp-image-9336\" srcset=\"https:\/\/www.orpheus-magazin.de\/wp-content\/uploads\/2023\/10\/2023-06_Inhalte_3.jpg 500w, https:\/\/www.orpheus-magazin.de\/wp-content\/uploads\/2023\/10\/2023-06_Inhalte_3-300x168.jpg 300w\" sizes=\"(max-width: 500px) 100vw, 500px\" \/><\/figure>\n\n\n\n<p><\/p>\n<\/div>\n<\/div>\n\n\n\n<div class=\"wp-block-columns alignwide is-style-default is-layout-flex wp-container-core-columns-is-layout-9d6595d7 wp-block-columns-is-layout-flex\">\n<div class=\"wp-block-column is-layout-flow wp-block-column-is-layout-flow\" style=\"flex-basis:20%\">\n<p class=\"has-text-align-right has-light-gray-color has-text-color has-small-font-size\">___<br>Titel<\/p>\n<\/div>\n\n\n\n<div class=\"wp-block-column is-layout-flow wp-block-column-is-layout-flow\" style=\"flex-basis:50%\">\n<p class=\"has-regular-font-size\"><strong>Triumph und Tragik<\/strong><\/p>\n\n\n\n<p>Maria Callas ist aufregend, aktuell und uneinholbar \u2013 auch mit 100 Jahren<\/p>\n\n\n\n<div style=\"height:30px\" aria-hidden=\"true\" class=\"wp-block-spacer\"><\/div>\n\n\n\n<hr class=\"wp-block-separator has-css-opacity is-style-wide\"\/>\n<\/div>\n\n\n\n<div class=\"wp-block-column is-layout-flow wp-block-column-is-layout-flow\" style=\"flex-basis:30%\">\n<figure class=\"wp-block-image size-full\"><img loading=\"lazy\" decoding=\"async\" width=\"500\" height=\"280\" src=\"https:\/\/www.orpheus-magazin.de\/wp-content\/uploads\/2023\/10\/2023-06_Inhalte_4.jpg\" alt=\"\" class=\"wp-image-9337\" srcset=\"https:\/\/www.orpheus-magazin.de\/wp-content\/uploads\/2023\/10\/2023-06_Inhalte_4.jpg 500w, https:\/\/www.orpheus-magazin.de\/wp-content\/uploads\/2023\/10\/2023-06_Inhalte_4-300x168.jpg 300w\" sizes=\"(max-width: 500px) 100vw, 500px\" \/><\/figure>\n\n\n\n<p><\/p>\n<\/div>\n<\/div>\n\n\n\n<div class=\"wp-block-columns alignwide is-style-default is-layout-flex wp-container-core-columns-is-layout-9d6595d7 wp-block-columns-is-layout-flex\">\n<div class=\"wp-block-column is-layout-flow wp-block-column-is-layout-flow\" style=\"flex-basis:20%\">\n<p class=\"has-text-align-right has-light-gray-color has-text-color has-small-font-size\">___<br>Jubil\u00e4um<\/p>\n<\/div>\n\n\n\n<div class=\"wp-block-column is-layout-flow wp-block-column-is-layout-flow\" style=\"flex-basis:50%\">\n<p class=\"has-regular-font-size\"><strong>Frack, Zylinder, wei\u00dfer Schal<\/strong><\/p>\n\n\n\n<p>Das Ph\u00e4nomen Johannes Heesters<\/p>\n\n\n\n<div style=\"height:60px\" aria-hidden=\"true\" class=\"wp-block-spacer\"><\/div>\n\n\n\n<hr class=\"wp-block-separator has-css-opacity is-style-wide\"\/>\n<\/div>\n\n\n\n<div class=\"wp-block-column is-layout-flow wp-block-column-is-layout-flow\" style=\"flex-basis:30%\">\n<figure class=\"wp-block-image size-full\"><img loading=\"lazy\" decoding=\"async\" width=\"500\" height=\"280\" src=\"https:\/\/www.orpheus-magazin.de\/wp-content\/uploads\/2023\/10\/2023-06_Inhalte_5.jpg\" alt=\"\" class=\"wp-image-9338\" srcset=\"https:\/\/www.orpheus-magazin.de\/wp-content\/uploads\/2023\/10\/2023-06_Inhalte_5.jpg 500w, https:\/\/www.orpheus-magazin.de\/wp-content\/uploads\/2023\/10\/2023-06_Inhalte_5-300x168.jpg 300w\" sizes=\"(max-width: 500px) 100vw, 500px\" \/><\/figure>\n\n\n\n<p><\/p>\n<\/div>\n<\/div>\n\n\n\n<div class=\"wp-block-columns alignwide is-style-default is-layout-flex wp-container-core-columns-is-layout-9d6595d7 wp-block-columns-is-layout-flex\">\n<div class=\"wp-block-column is-layout-flow wp-block-column-is-layout-flow\" style=\"flex-basis:20%\">\n<p class=\"has-text-align-right has-light-gray-color has-text-color has-small-font-size\">___<br>Musical<\/p>\n<\/div>\n\n\n\n<div class=\"wp-block-column is-layout-flow wp-block-column-is-layout-flow\" style=\"flex-basis:50%\">\n<p class=\"has-regular-font-size\"><strong>Entertainment f\u00fcr die Welt<\/strong><\/p>\n\n\n\n<p>100 Jahre Walt Disney Company<\/p>\n\n\n\n<div style=\"height:60px\" aria-hidden=\"true\" class=\"wp-block-spacer\"><\/div>\n\n\n\n<hr class=\"wp-block-separator has-css-opacity is-style-wide\"\/>\n<\/div>\n\n\n\n<div class=\"wp-block-column is-layout-flow wp-block-column-is-layout-flow\" style=\"flex-basis:30%\">\n<figure class=\"wp-block-image size-full\"><img loading=\"lazy\" decoding=\"async\" width=\"500\" height=\"280\" src=\"https:\/\/www.orpheus-magazin.de\/wp-content\/uploads\/2023\/10\/2023-06_Inhalte_6.jpg\" alt=\"\" class=\"wp-image-9339\" srcset=\"https:\/\/www.orpheus-magazin.de\/wp-content\/uploads\/2023\/10\/2023-06_Inhalte_6.jpg 500w, https:\/\/www.orpheus-magazin.de\/wp-content\/uploads\/2023\/10\/2023-06_Inhalte_6-300x168.jpg 300w\" sizes=\"(max-width: 500px) 100vw, 500px\" \/><\/figure>\n\n\n\n<p><\/p>\n<\/div>\n<\/div>\n\n\n\n<div class=\"wp-block-columns alignwide is-style-default is-layout-flex wp-container-core-columns-is-layout-9d6595d7 wp-block-columns-is-layout-flex\">\n<div class=\"wp-block-column is-layout-flow wp-block-column-is-layout-flow\" style=\"flex-basis:20%\">\n<p class=\"has-text-align-right has-light-gray-color has-text-color has-small-font-size\">___<br>Portrait<\/p>\n<\/div>\n\n\n\n<div class=\"wp-block-column is-layout-flow wp-block-column-is-layout-flow\" style=\"flex-basis:50%\">\n<p class=\"has-regular-font-size\"><strong>Die Frau hinter den Stars<\/strong><\/p>\n\n\n\n<p>Vermittlerin, Netzwerkerin, Veranstalterin \u2013 und alles ehrenamtlich: Elfi Schweiger ist aus der Salzburger Kulturszene nicht mehr wegzudenken<\/p>\n\n\n\n<div style=\"height:10px\" aria-hidden=\"true\" class=\"wp-block-spacer\"><\/div>\n\n\n\n<hr class=\"wp-block-separator has-css-opacity is-style-wide\"\/>\n<\/div>\n\n\n\n<div class=\"wp-block-column is-layout-flow wp-block-column-is-layout-flow\" style=\"flex-basis:30%\">\n<figure class=\"wp-block-image size-full\"><img loading=\"lazy\" decoding=\"async\" width=\"500\" height=\"280\" src=\"https:\/\/www.orpheus-magazin.de\/wp-content\/uploads\/2023\/10\/2023-06_Inhalte_7.jpg\" alt=\"\" class=\"wp-image-9340\" srcset=\"https:\/\/www.orpheus-magazin.de\/wp-content\/uploads\/2023\/10\/2023-06_Inhalte_7.jpg 500w, https:\/\/www.orpheus-magazin.de\/wp-content\/uploads\/2023\/10\/2023-06_Inhalte_7-300x168.jpg 300w\" sizes=\"(max-width: 500px) 100vw, 500px\" \/><\/figure>\n\n\n\n<p><\/p>\n<\/div>\n<\/div>\n\n\n\n<div class=\"wp-block-columns alignwide is-style-default is-layout-flex wp-container-core-columns-is-layout-9d6595d7 wp-block-columns-is-layout-flex\">\n<div class=\"wp-block-column is-layout-flow wp-block-column-is-layout-flow\" style=\"flex-basis:20%\">\n<p class=\"has-text-align-right has-light-gray-color has-text-color has-small-font-size\">___<br>Im Fokus<\/p>\n<\/div>\n\n\n\n<div class=\"wp-block-column is-layout-flow wp-block-column-is-layout-flow\" style=\"flex-basis:50%\">\n<p class=\"has-regular-font-size\"><strong>Compositrices<\/strong><\/p>\n\n\n\n<p>Der Palazzetto Bru Zane widmet sich in einem gro\u00df angelegten Zyklus verdr\u00e4ngten und vergessenen franz\u00f6sischen Komponistinnen der Romantik<\/p>\n\n\n\n<div style=\"height:10px\" aria-hidden=\"true\" class=\"wp-block-spacer\"><\/div>\n\n\n\n<hr class=\"wp-block-separator has-css-opacity is-style-wide\"\/>\n<\/div>\n\n\n\n<div class=\"wp-block-column is-layout-flow wp-block-column-is-layout-flow\" style=\"flex-basis:30%\">\n<figure class=\"wp-block-image size-full\"><img loading=\"lazy\" decoding=\"async\" width=\"500\" height=\"280\" src=\"https:\/\/www.orpheus-magazin.de\/wp-content\/uploads\/2023\/10\/2023-06_Inhalte_8.jpg\" alt=\"\" class=\"wp-image-9341\" srcset=\"https:\/\/www.orpheus-magazin.de\/wp-content\/uploads\/2023\/10\/2023-06_Inhalte_8.jpg 500w, https:\/\/www.orpheus-magazin.de\/wp-content\/uploads\/2023\/10\/2023-06_Inhalte_8-300x168.jpg 300w\" sizes=\"(max-width: 500px) 100vw, 500px\" \/><\/figure>\n\n\n\n<p><\/p>\n<\/div>\n<\/div>\n\n\n\n<div class=\"wp-block-columns alignwide is-style-default is-layout-flex wp-container-core-columns-is-layout-9d6595d7 wp-block-columns-is-layout-flex\">\n<div class=\"wp-block-column is-layout-flow wp-block-column-is-layout-flow\" style=\"flex-basis:20%\">\n<p class=\"has-text-align-right has-light-gray-color has-text-color has-small-font-size\">___<br>Medien<\/p>\n<\/div>\n\n\n\n<div class=\"wp-block-column is-layout-flow wp-block-column-is-layout-flow\" style=\"flex-basis:50%\">\n<p class=\"has-regular-font-size\"><strong>Geh\u00f6rt, gesehen, gelesen<\/strong><\/p>\n\n\n\n<p>Kulturtipps f\u00fcr das heimische Wohnzimmer<\/p>\n\n\n\n<div style=\"height:60px\" aria-hidden=\"true\" class=\"wp-block-spacer\"><\/div>\n\n\n\n<hr class=\"wp-block-separator has-css-opacity is-style-wide\"\/>\n<\/div>\n\n\n\n<div class=\"wp-block-column is-layout-flow wp-block-column-is-layout-flow\" style=\"flex-basis:30%\">\n<figure class=\"wp-block-image size-full\"><img loading=\"lazy\" decoding=\"async\" width=\"500\" height=\"280\" src=\"https:\/\/www.orpheus-magazin.de\/wp-content\/uploads\/2023\/10\/2023-06_Inhalte_9.jpg\" alt=\"\" class=\"wp-image-9342\" srcset=\"https:\/\/www.orpheus-magazin.de\/wp-content\/uploads\/2023\/10\/2023-06_Inhalte_9.jpg 500w, https:\/\/www.orpheus-magazin.de\/wp-content\/uploads\/2023\/10\/2023-06_Inhalte_9-300x168.jpg 300w\" sizes=\"(max-width: 500px) 100vw, 500px\" \/><\/figure>\n\n\n\n<p><\/p>\n<\/div>\n<\/div>\n\n\n\n<div class=\"wp-block-columns alignwide is-style-default is-layout-flex wp-container-core-columns-is-layout-9d6595d7 wp-block-columns-is-layout-flex\">\n<div class=\"wp-block-column is-layout-flow wp-block-column-is-layout-flow\" style=\"flex-basis:20%\">\n<p class=\"has-text-align-right has-light-gray-color has-text-color has-small-font-size\">___<br>Rezensionen<\/p>\n<\/div>\n\n\n\n<div class=\"wp-block-column is-layout-flow wp-block-column-is-layout-flow\" style=\"flex-basis:50%\">\n<p class=\"has-regular-font-size\"><strong><a href=\"https:\/\/www.orpheus-magazin.de\/de\/rezensionen-06-2023\/\" target=\"_blank\" aria-label=\"F\u00fcr Sie gesehen (opens in a new tab)\" rel=\"noreferrer noopener\" class=\"ek-link\">F\u00fcr Sie gesehen<\/a><\/strong><\/p>\n\n\n\n<p>Neues und Spektakul\u00e4res von den (Opern-)B\u00fchnen in Deutschland und Europa<\/p>\n\n\n\n<div style=\"height:30px\" aria-hidden=\"true\" class=\"wp-block-spacer\"><\/div>\n\n\n\n<hr class=\"wp-block-separator has-css-opacity is-style-wide\"\/>\n<\/div>\n\n\n\n<div class=\"wp-block-column is-layout-flow wp-block-column-is-layout-flow\" style=\"flex-basis:30%\">\n<figure class=\"wp-block-image size-full\"><img loading=\"lazy\" decoding=\"async\" width=\"500\" height=\"280\" src=\"https:\/\/www.orpheus-magazin.de\/wp-content\/uploads\/2023\/10\/2023-06_Inhalte_10.jpg\" alt=\"\" class=\"wp-image-9343\" srcset=\"https:\/\/www.orpheus-magazin.de\/wp-content\/uploads\/2023\/10\/2023-06_Inhalte_10.jpg 500w, https:\/\/www.orpheus-magazin.de\/wp-content\/uploads\/2023\/10\/2023-06_Inhalte_10-300x168.jpg 300w\" sizes=\"(max-width: 500px) 100vw, 500px\" \/><\/figure>\n\n\n\n<p><\/p>\n<\/div>\n<\/div>\n\n\n\n<div style=\"height:50px\" aria-hidden=\"true\" class=\"wp-block-spacer\"><\/div>\n\n\n\n<div class=\"wp-block-media-text alignwide is-vertically-aligned-center is-stacked-on-mobile has-background\" style=\"background-color:#f6f6f6;grid-template-columns:22% auto\"><figure class=\"wp-block-media-text__media\"><img loading=\"lazy\" decoding=\"async\" width=\"850\" height=\"1000\" src=\"https:\/\/www.orpheus-magazin.de\/wp-content\/uploads\/2023\/10\/23-06_Heft_Bestellbox_Startseite.jpg\" alt=\"\" class=\"wp-image-9350 size-full\" srcset=\"https:\/\/www.orpheus-magazin.de\/wp-content\/uploads\/2023\/10\/23-06_Heft_Bestellbox_Startseite.jpg 850w, https:\/\/www.orpheus-magazin.de\/wp-content\/uploads\/2023\/10\/23-06_Heft_Bestellbox_Startseite-255x300.jpg 255w, https:\/\/www.orpheus-magazin.de\/wp-content\/uploads\/2023\/10\/23-06_Heft_Bestellbox_Startseite-768x904.jpg 768w, https:\/\/www.orpheus-magazin.de\/wp-content\/uploads\/2023\/10\/23-06_Heft_Bestellbox_Startseite-500x588.jpg 500w, https:\/\/www.orpheus-magazin.de\/wp-content\/uploads\/2023\/10\/23-06_Heft_Bestellbox_Startseite-800x941.jpg 800w, https:\/\/www.orpheus-magazin.de\/wp-content\/uploads\/2023\/10\/23-06_Heft_Bestellbox_Startseite-600x706.jpg 600w\" sizes=\"(max-width: 850px) 100vw, 850px\" \/><\/figure><div class=\"wp-block-media-text__content\">\n<div style=\"height:10px\" aria-hidden=\"true\" class=\"wp-block-spacer\"><\/div>\n\n\n\n<p style=\"font-size:24px\"><strong>Unsere Ausgabe November\/Dezember 2023 online bestellen<\/strong><\/p>\n\n\n\n<p>Bequem in Ihren Briefkasten oder als PDF zum Sofort-Download<\/p>\n\n\n\n<p><strong><a href=\"https:\/\/www.orpheus-magazin.de\/de\/product\/print-ausgabe-06-2023\/\" target=\"_blank\" aria-label=\" (opens in a new tab)\" rel=\"noreferrer noopener\" class=\"ek-link\">Print-Ausgabe bestellen<\/a><\/strong> | <strong><a href=\"https:\/\/www.orpheus-magazin.de\/de\/product\/pdf-ausgabe-06-2023\/\" target=\"_blank\" aria-label=\" (opens in a new tab)\" rel=\"noreferrer noopener\" class=\"ek-link\">PDF-Ausgabe bestellen<\/a><\/strong><\/p>\n<\/div><\/div>\n\n\n\n<div style=\"height:80px\" aria-hidden=\"true\" class=\"wp-block-spacer\"><\/div>\n\n\n<!-- Error, Advert is not available at this time due to schedule\/geolocation restrictions! -->\n\n\n\n<div style=\"height:50px\" aria-hidden=\"true\" class=\"wp-block-spacer\"><\/div>","protected":false},"excerpt":{"rendered":"<p>Ausgabe 06\/2023 ___Impressionen Verh\u00e4rtete Fronten Anna Netrebko an der Staatsoper Unter den Linden ___Titel Triumph und Tragik Maria Callas ist aufregend, aktuell und uneinholbar \u2013 auch mit 100 Jahren ___Jubil\u00e4um Frack, Zylinder, wei\u00dfer Schal Das Ph\u00e4nomen Johannes Heesters ___Musical Entertainment f\u00fcr die Welt 100 Jahre Walt Disney Company ___Portrait Die Frau hinter den Stars Vermittlerin, [&hellip;]<\/p>\n","protected":false},"author":14,"featured_media":9348,"parent":0,"menu_order":0,"comment_status":"closed","ping_status":"closed","template":"template-cover.php","meta":{"tpgb_global_settings":"","_editorskit_title_hidden":true,"_editorskit_reading_time":0,"_editorskit_is_block_options_detached":false,"_editorskit_block_options_position":"{}","_eb_attr":"","footnotes":""},"class_list":["post-9333","page","type-page","status-publish","has-post-thumbnail","hentry"],"tpgb_featured_images":{"full":["https:\/\/www.orpheus-magazin.de\/wp-content\/uploads\/2023\/10\/Heft-2er_2023-06.jpg",2151,1009,false],"tp-image-grid":["https:\/\/www.orpheus-magazin.de\/wp-content\/uploads\/2023\/10\/Heft-2er_2023-06.jpg",700,328,false],"thumbnail":["https:\/\/www.orpheus-magazin.de\/wp-content\/uploads\/2023\/10\/Heft-2er_2023-06-150x150.jpg",150,150,true],"medium":["https:\/\/www.orpheus-magazin.de\/wp-content\/uploads\/2023\/10\/Heft-2er_2023-06-300x141.jpg",300,141,true],"medium_large":["https:\/\/www.orpheus-magazin.de\/wp-content\/uploads\/2023\/10\/Heft-2er_2023-06-768x360.jpg",600,281,true],"large":["https:\/\/www.orpheus-magazin.de\/wp-content\/uploads\/2023\/10\/Heft-2er_2023-06-1024x480.jpg",600,281,true],"default":"https:\/\/www.orpheus-magazin.de\/wp-content\/plugins\/the-plus-addons-for-block-editor\/assets\/images\/tpgb-placeholder.jpg"},"tpgb_post_meta_info":{"get_date":"26. Oktober 2023","get_modified_date":"21. Dezember 2023","author_name":"Silvia Murauer","author_url":"https:\/\/www.orpheus-magazin.de\/de\/author\/mailsilviamurauer-de\/","author_email":"mail@silviamurauer.de","author_website":"","author_description":"","author_facebook":"","author_twitter":"","author_instagram":"","author_role":["administrator"],"author_firstname":"Silvia","author_lastname":"Murauer","user_login":"mail@silviamurauer.de","author_avatar":"<img alt='' src='https:\/\/secure.gravatar.com\/avatar\/f621fd74b09e85b40b2840fd83e82293b9a74c7122761b5607082e36ece1f9d0?s=200&#038;d=mm&#038;r=g' srcset='https:\/\/secure.gravatar.com\/avatar\/f621fd74b09e85b40b2840fd83e82293b9a74c7122761b5607082e36ece1f9d0?s=400&#038;d=mm&#038;r=g 2x' class='avatar avatar-200 photo' height='200' width='200' decoding='async'\/>","author_avatar_url":"https:\/\/secure.gravatar.com\/avatar\/f621fd74b09e85b40b2840fd83e82293b9a74c7122761b5607082e36ece1f9d0?s=96&d=mm&r=g","comment_count":0,"post_likes":0,"post_views":0},"tpgb_post_category":[],"_links":{"self":[{"href":"https:\/\/www.orpheus-magazin.de\/de\/wp-json\/wp\/v2\/pages\/9333","targetHints":{"allow":["GET"]}}],"collection":[{"href":"https:\/\/www.orpheus-magazin.de\/de\/wp-json\/wp\/v2\/pages"}],"about":[{"href":"https:\/\/www.orpheus-magazin.de\/de\/wp-json\/wp\/v2\/types\/page"}],"author":[{"embeddable":true,"href":"https:\/\/www.orpheus-magazin.de\/de\/wp-json\/wp\/v2\/users\/14"}],"replies":[{"embeddable":true,"href":"https:\/\/www.orpheus-magazin.de\/de\/wp-json\/wp\/v2\/comments?post=9333"}],"version-history":[{"count":0,"href":"https:\/\/www.orpheus-magazin.de\/de\/wp-json\/wp\/v2\/pages\/9333\/revisions"}],"wp:featuredmedia":[{"embeddable":true,"href":"https:\/\/www.orpheus-magazin.de\/de\/wp-json\/wp\/v2\/media\/9348"}],"wp:attachment":[{"href":"https:\/\/www.orpheus-magazin.de\/de\/wp-json\/wp\/v2\/media?parent=9333"}],"curies":[{"name":"wp","href":"https:\/\/api.w.org\/{rel}","templated":true}]}}