{"id":9446,"date":"2023-12-21T11:48:00","date_gmt":"2023-12-21T10:48:00","guid":{"rendered":"https:\/\/www.orpheus-magazin.de\/?page_id=9446"},"modified":"2024-03-01T13:23:54","modified_gmt":"2024-03-01T12:23:54","slug":"ausgabe-01-2024","status":"publish","type":"page","link":"https:\/\/www.orpheus-magazin.de\/de\/ausgabe-01-2024\/","title":{"rendered":"Ausgabe 01\/2024"},"content":{"rendered":"<h1 class=\"wp-block-heading has-text-align-center font-montserrat-alternates\" id=\"ausgabe-06-2021\" style=\"font-size:45px\">Ausgabe 01\/2024<\/h1>\n\n\n\n<div style=\"height:1px\" aria-hidden=\"true\" class=\"wp-block-spacer\"><\/div>\n\n\n\n<div class=\"wp-block-columns alignwide is-layout-flex wp-container-core-columns-is-layout-9d6595d7 wp-block-columns-is-layout-flex\">\n<div class=\"wp-block-column is-layout-flow wp-block-column-is-layout-flow\" style=\"flex-basis:49%\">\n<div class=\"wp-block-cover ek-linked-block\" style=\"min-height:500px;aspect-ratio:unset;\"><span aria-hidden=\"true\" class=\"wp-block-cover__background has-background-dim-0 has-background-dim\"><\/span><img fetchpriority=\"high\" decoding=\"async\" width=\"475\" height=\"500\" class=\"wp-block-cover__image-background wp-image-9473\" alt=\"\" src=\"https:\/\/www.orpheus-magazin.de\/wp-content\/uploads\/2023\/12\/2024-01_Inhalt_2.jpg\" data-object-fit=\"cover\" srcset=\"https:\/\/www.orpheus-magazin.de\/wp-content\/uploads\/2023\/12\/2024-01_Inhalt_2.jpg 475w, https:\/\/www.orpheus-magazin.de\/wp-content\/uploads\/2023\/12\/2024-01_Inhalt_2-285x300.jpg 285w\" sizes=\"(max-width: 475px) 100vw, 475px\" \/><div class=\"wp-block-cover__inner-container is-layout-flow wp-block-cover-is-layout-flow\">\n<div style=\"height:240px\" aria-hidden=\"true\" class=\"wp-block-spacer\"><\/div>\n\n\n\n<p class=\"has-text-align-center\" style=\"font-size:30px;text-transform:none\"><strong>DEUTSCH-UKRAINISCHE<\/strong> <strong>LIEDERABENDE <\/strong><br><strong>Singen gegen den Krieg<\/strong><\/p>\n\n\n\n<p class=\"has-text-align-center has-medium-font-size\">Leseprobe<\/p>\n<\/div><a href=\"https:\/\/www.orpheus-magazin.de\/de\/2023\/12\/21\/singen-gegen-den-krieg\/\" class=\"editorskit-block-link\" target=\"_blank\" rel=\" noreferrer noopener\"><\/a><\/div>\n<\/div>\n\n\n\n<div class=\"wp-block-column is-layout-flow wp-block-column-is-layout-flow\" style=\"flex-basis:2%\">\n<div style=\"height:20px\" aria-hidden=\"true\" class=\"wp-block-spacer\"><\/div>\n<\/div>\n\n\n\n<div class=\"wp-block-column is-layout-flow wp-block-column-is-layout-flow\" style=\"flex-basis:49%\">\n<div class=\"wp-block-cover ek-linked-block\" style=\"min-height:500px;aspect-ratio:unset;\"><span aria-hidden=\"true\" class=\"wp-block-cover__background has-background-dim-0 has-background-dim has-background-gradient\" style=\"background:linear-gradient(135deg,rgb(238,238,238) 0%,rgb(0,0,0) 100%)\"><\/span><img decoding=\"async\" width=\"475\" height=\"500\" class=\"wp-block-cover__image-background wp-image-9472\" alt=\"\" src=\"https:\/\/www.orpheus-magazin.de\/wp-content\/uploads\/2023\/12\/2024-01_Inhalt_1.jpg\" data-object-fit=\"cover\" srcset=\"https:\/\/www.orpheus-magazin.de\/wp-content\/uploads\/2023\/12\/2024-01_Inhalt_1.jpg 475w, https:\/\/www.orpheus-magazin.de\/wp-content\/uploads\/2023\/12\/2024-01_Inhalt_1-285x300.jpg 285w\" sizes=\"(max-width: 475px) 100vw, 475px\" \/><div class=\"wp-block-cover__inner-container is-layout-flow wp-block-cover-is-layout-flow\">\n<div style=\"height:280px\" aria-hidden=\"true\" class=\"wp-block-spacer\"><\/div>\n\n\n\n<p class=\"has-text-align-center\" style=\"font-size:30px\"><strong>DR. REBEKAH ROTA<\/strong><br><strong>Wie kann ich st\u00f6ren?<\/strong><\/p>\n\n\n\n<p class=\"has-text-align-center has-medium-font-size\">Leseprobe<\/p>\n<\/div><a href=\"https:\/\/www.orpheus-magazin.de\/de\/2023\/12\/21\/rebekah-rota\/\" class=\"editorskit-block-link\" target=\"_blank\" rel=\" noreferrer noopener\"><\/a><\/div>\n<\/div>\n<\/div>\n\n\n\n<div style=\"height:30px\" aria-hidden=\"true\" class=\"wp-block-spacer\"><\/div>\n\n\n\n<div class=\"wp-block-columns alignwide is-style-default is-layout-flex wp-container-core-columns-is-layout-9d6595d7 wp-block-columns-is-layout-flex\">\n<div class=\"wp-block-column is-layout-flow wp-block-column-is-layout-flow\" style=\"flex-basis:20%\">\n<p class=\"has-text-align-right has-light-gray-color has-text-color has-small-font-size\">___<br>Impressionen<\/p>\n<\/div>\n\n\n\n<div class=\"wp-block-column is-layout-flow wp-block-column-is-layout-flow\" style=\"flex-basis:50%\">\n<p class=\"has-regular-font-size\"><strong>Eiserner Vorhang<\/strong><\/p>\n\n\n\n<p>Mit Anselm Kiefer gestaltet einer der bedeutendsten bildenden K\u00fcnstler der Gegenwart die tempor\u00e4re Ausstellungsfl\u00e4che der Wiener Staatsoper<\/p>\n\n\n\n<div style=\"height:10px\" aria-hidden=\"true\" class=\"wp-block-spacer\"><\/div>\n\n\n\n<hr class=\"wp-block-separator has-css-opacity is-style-wide\"\/>\n<\/div>\n\n\n\n<div class=\"wp-block-column is-layout-flow wp-block-column-is-layout-flow\" style=\"flex-basis:30%\">\n<figure class=\"wp-block-image size-full\"><img decoding=\"async\" width=\"500\" height=\"280\" src=\"https:\/\/www.orpheus-magazin.de\/wp-content\/uploads\/2023\/12\/2024-01_Inhalt_3.jpg\" alt=\"\" class=\"wp-image-9474\" srcset=\"https:\/\/www.orpheus-magazin.de\/wp-content\/uploads\/2023\/12\/2024-01_Inhalt_3.jpg 500w, https:\/\/www.orpheus-magazin.de\/wp-content\/uploads\/2023\/12\/2024-01_Inhalt_3-300x168.jpg 300w\" sizes=\"(max-width: 500px) 100vw, 500px\" \/><\/figure>\n\n\n\n<p><\/p>\n<\/div>\n<\/div>\n\n\n\n<div class=\"wp-block-columns alignwide is-style-default is-layout-flex wp-container-core-columns-is-layout-9d6595d7 wp-block-columns-is-layout-flex\">\n<div class=\"wp-block-column is-layout-flow wp-block-column-is-layout-flow\" style=\"flex-basis:20%\">\n<p class=\"has-text-align-right has-light-gray-color has-text-color has-small-font-size\">___<br>Titel<\/p>\n<\/div>\n\n\n\n<div class=\"wp-block-column is-layout-flow wp-block-column-is-layout-flow\" style=\"flex-basis:50%\">\n<p class=\"has-regular-font-size\"><strong>So bin ich eben<\/strong><\/p>\n\n\n\n<p>Der Meister-Buffo: Ensemble-Urgestein Ulrich Re\u00df verabschiedet sich nach 38 Jahren von der Bayerischen Staatsoper<\/p>\n\n\n\n<div style=\"height:10px\" aria-hidden=\"true\" class=\"wp-block-spacer\"><\/div>\n\n\n\n<hr class=\"wp-block-separator has-css-opacity is-style-wide\"\/>\n<\/div>\n\n\n\n<div class=\"wp-block-column is-layout-flow wp-block-column-is-layout-flow\" style=\"flex-basis:30%\">\n<figure class=\"wp-block-image size-full\"><img loading=\"lazy\" decoding=\"async\" width=\"500\" height=\"280\" src=\"https:\/\/www.orpheus-magazin.de\/wp-content\/uploads\/2023\/12\/2024-01_Inhalt_4.jpg\" alt=\"\" class=\"wp-image-9477\" srcset=\"https:\/\/www.orpheus-magazin.de\/wp-content\/uploads\/2023\/12\/2024-01_Inhalt_4.jpg 500w, https:\/\/www.orpheus-magazin.de\/wp-content\/uploads\/2023\/12\/2024-01_Inhalt_4-300x168.jpg 300w\" sizes=\"(max-width: 500px) 100vw, 500px\" \/><\/figure>\n\n\n\n<p><\/p>\n<\/div>\n<\/div>\n\n\n\n<div class=\"wp-block-columns alignwide is-style-default is-layout-flex wp-container-core-columns-is-layout-9d6595d7 wp-block-columns-is-layout-flex\">\n<div class=\"wp-block-column is-layout-flow wp-block-column-is-layout-flow\" style=\"flex-basis:20%\">\n<p class=\"has-text-align-right has-light-gray-color has-text-color has-small-font-size\">___<br>Jubil\u00e4um<\/p>\n<\/div>\n\n\n\n<div class=\"wp-block-column is-layout-flow wp-block-column-is-layout-flow\" style=\"flex-basis:50%\">\n<p class=\"has-regular-font-size\"><strong>\u201eDie geilste bayerische Beh\u00f6rde\u201c<\/strong><\/p>\n\n\n\n<p>30 Jahre Theaterakademie August Everding<\/p>\n\n\n\n<div style=\"height:60px\" aria-hidden=\"true\" class=\"wp-block-spacer\"><\/div>\n\n\n\n<hr class=\"wp-block-separator has-css-opacity is-style-wide\"\/>\n<\/div>\n\n\n\n<div class=\"wp-block-column is-layout-flow wp-block-column-is-layout-flow\" style=\"flex-basis:30%\">\n<figure class=\"wp-block-image size-full\"><img loading=\"lazy\" decoding=\"async\" width=\"500\" height=\"280\" src=\"https:\/\/www.orpheus-magazin.de\/wp-content\/uploads\/2023\/12\/2024-01_Inhalt_5.jpg\" alt=\"\" class=\"wp-image-9478\" srcset=\"https:\/\/www.orpheus-magazin.de\/wp-content\/uploads\/2023\/12\/2024-01_Inhalt_5.jpg 500w, https:\/\/www.orpheus-magazin.de\/wp-content\/uploads\/2023\/12\/2024-01_Inhalt_5-300x168.jpg 300w\" sizes=\"(max-width: 500px) 100vw, 500px\" \/><\/figure>\n\n\n\n<p><\/p>\n<\/div>\n<\/div>\n\n\n\n<div class=\"wp-block-columns alignwide is-style-default is-layout-flex wp-container-core-columns-is-layout-9d6595d7 wp-block-columns-is-layout-flex\">\n<div class=\"wp-block-column is-layout-flow wp-block-column-is-layout-flow\" style=\"flex-basis:20%\">\n<p class=\"has-text-align-right has-light-gray-color has-text-color has-small-font-size\">___<br>Im Gespr\u00e4ch<\/p>\n<\/div>\n\n\n\n<div class=\"wp-block-column is-layout-flow wp-block-column-is-layout-flow\" style=\"flex-basis:50%\">\n<p class=\"has-regular-font-size\"><strong>\u00dcber den Wandel der Welt \u2013 Teil 1<\/strong><\/p>\n\n\n\n<p>Ist unser Kulturverst\u00e4ndnis noch zeitgem\u00e4\u00df? Wie viel Tradition sollte in Visionen f\u00fcr die Zukunft stecken und wie legitimiert sich unsere Kulturnation in Zeiten wachsender Multikulturalit\u00e4t? Musikjournalist Axel Br\u00fcggemann, Autor des vielbeachteten Buchs \u201eDie Zwei-Klassik-Gesellschaft\u201c, im Gespr\u00e4ch mit \u201eorpheus\u201c-Chefredakteurin Iris Steiner<\/p>\n\n\n\n<hr class=\"wp-block-separator has-css-opacity is-style-wide\"\/>\n<\/div>\n\n\n\n<div class=\"wp-block-column is-layout-flow wp-block-column-is-layout-flow\" style=\"flex-basis:30%\">\n<figure class=\"wp-block-image size-full\"><img loading=\"lazy\" decoding=\"async\" width=\"500\" height=\"280\" src=\"https:\/\/www.orpheus-magazin.de\/wp-content\/uploads\/2023\/12\/2024-01_Inhalt_6.jpg\" alt=\"\" class=\"wp-image-9479\" srcset=\"https:\/\/www.orpheus-magazin.de\/wp-content\/uploads\/2023\/12\/2024-01_Inhalt_6.jpg 500w, https:\/\/www.orpheus-magazin.de\/wp-content\/uploads\/2023\/12\/2024-01_Inhalt_6-300x168.jpg 300w\" sizes=\"(max-width: 500px) 100vw, 500px\" \/><\/figure>\n\n\n\n<p><\/p>\n<\/div>\n<\/div>\n\n\n\n<div class=\"wp-block-columns alignwide is-style-default is-layout-flex wp-container-core-columns-is-layout-9d6595d7 wp-block-columns-is-layout-flex\">\n<div class=\"wp-block-column is-layout-flow wp-block-column-is-layout-flow\" style=\"flex-basis:20%\">\n<p class=\"has-text-align-right has-light-gray-color has-text-color has-small-font-size\">___<br>Fundst\u00fccke<\/p>\n<\/div>\n\n\n\n<div class=\"wp-block-column is-layout-flow wp-block-column-is-layout-flow\" style=\"flex-basis:50%\">\n<p class=\"has-regular-font-size\"><strong>Der Notengr\u00e4ber<\/strong><\/p>\n\n\n\n<p>Musikliebhaber Georg Hermansdorfer rekonstruiert zuhause im bayerischen Chiemgau unvollst\u00e4ndige, unleserliche Partituren vergessener Opern, gr\u00fcndet kurzerhand einen Verein und f\u00fchrt sie auf<\/p>\n\n\n\n<hr class=\"wp-block-separator has-css-opacity is-style-wide\"\/>\n<\/div>\n\n\n\n<div class=\"wp-block-column is-layout-flow wp-block-column-is-layout-flow\" style=\"flex-basis:30%\">\n<figure class=\"wp-block-image size-full\"><img loading=\"lazy\" decoding=\"async\" width=\"500\" height=\"280\" src=\"https:\/\/www.orpheus-magazin.de\/wp-content\/uploads\/2023\/12\/2024-01_Inhalt_7.jpg\" alt=\"\" class=\"wp-image-9480\" srcset=\"https:\/\/www.orpheus-magazin.de\/wp-content\/uploads\/2023\/12\/2024-01_Inhalt_7.jpg 500w, https:\/\/www.orpheus-magazin.de\/wp-content\/uploads\/2023\/12\/2024-01_Inhalt_7-300x168.jpg 300w\" sizes=\"(max-width: 500px) 100vw, 500px\" \/><\/figure>\n\n\n\n<p><\/p>\n<\/div>\n<\/div>\n\n\n\n<div class=\"wp-block-columns alignwide is-style-default is-layout-flex wp-container-core-columns-is-layout-9d6595d7 wp-block-columns-is-layout-flex\">\n<div class=\"wp-block-column is-layout-flow wp-block-column-is-layout-flow\" style=\"flex-basis:20%\">\n<p class=\"has-text-align-right has-light-gray-color has-text-color has-small-font-size\">___<br>Operette<\/p>\n<\/div>\n\n\n\n<div class=\"wp-block-column is-layout-flow wp-block-column-is-layout-flow\" style=\"flex-basis:50%\">\n<p class=\"has-regular-font-size\"><strong>\u201eBist du\u2019s, lachendes Gl\u00fcck?\u201c<\/strong><\/p>\n\n\n\n<p>Der Operettenlibrettist und Anarchist Robert Bodanzky<\/p>\n\n\n\n<div style=\"height:30px\" aria-hidden=\"true\" class=\"wp-block-spacer\"><\/div>\n\n\n\n<hr class=\"wp-block-separator has-css-opacity is-style-wide\"\/>\n<\/div>\n\n\n\n<div class=\"wp-block-column is-layout-flow wp-block-column-is-layout-flow\" style=\"flex-basis:30%\">\n<figure class=\"wp-block-image size-full\"><img loading=\"lazy\" decoding=\"async\" width=\"500\" height=\"280\" src=\"https:\/\/www.orpheus-magazin.de\/wp-content\/uploads\/2023\/12\/2024-01_Inhalt_8.jpg\" alt=\"\" class=\"wp-image-9481\" srcset=\"https:\/\/www.orpheus-magazin.de\/wp-content\/uploads\/2023\/12\/2024-01_Inhalt_8.jpg 500w, https:\/\/www.orpheus-magazin.de\/wp-content\/uploads\/2023\/12\/2024-01_Inhalt_8-300x168.jpg 300w\" sizes=\"(max-width: 500px) 100vw, 500px\" \/><\/figure>\n\n\n\n<p><\/p>\n<\/div>\n<\/div>\n\n\n\n<div class=\"wp-block-columns alignwide is-style-default is-layout-flex wp-container-core-columns-is-layout-9d6595d7 wp-block-columns-is-layout-flex\">\n<div class=\"wp-block-column is-layout-flow wp-block-column-is-layout-flow\" style=\"flex-basis:20%\">\n<p class=\"has-text-align-right has-light-gray-color has-text-color has-small-font-size\">___<br>In eigener Sache<\/p>\n<\/div>\n\n\n\n<div class=\"wp-block-column is-layout-flow wp-block-column-is-layout-flow\" style=\"flex-basis:50%\">\n<p class=\"has-regular-font-size\"><strong>Dem Nachwuchs eine Stimme<\/strong><\/p>\n\n\n\n<p>Unser Clauspeter Koscielny Nachwuchspreis geht 2024 in die erste Runde<\/p>\n\n\n\n<div style=\"height:30px\" aria-hidden=\"true\" class=\"wp-block-spacer\"><\/div>\n\n\n\n<hr class=\"wp-block-separator has-css-opacity is-style-wide\"\/>\n<\/div>\n\n\n\n<div class=\"wp-block-column is-layout-flow wp-block-column-is-layout-flow\" style=\"flex-basis:30%\">\n<figure class=\"wp-block-image size-full\"><img loading=\"lazy\" decoding=\"async\" width=\"500\" height=\"280\" src=\"https:\/\/www.orpheus-magazin.de\/wp-content\/uploads\/2023\/12\/2024-01_Inhalt_9.jpg\" alt=\"\" class=\"wp-image-9482\" srcset=\"https:\/\/www.orpheus-magazin.de\/wp-content\/uploads\/2023\/12\/2024-01_Inhalt_9.jpg 500w, https:\/\/www.orpheus-magazin.de\/wp-content\/uploads\/2023\/12\/2024-01_Inhalt_9-300x168.jpg 300w\" sizes=\"(max-width: 500px) 100vw, 500px\" \/><\/figure>\n\n\n\n<p><\/p>\n<\/div>\n<\/div>\n\n\n\n<div class=\"wp-block-columns alignwide is-style-default is-layout-flex wp-container-core-columns-is-layout-9d6595d7 wp-block-columns-is-layout-flex\">\n<div class=\"wp-block-column is-layout-flow wp-block-column-is-layout-flow\" style=\"flex-basis:20%\">\n<p class=\"has-text-align-right has-light-gray-color has-text-color has-small-font-size\">___<br>Medien<\/p>\n<\/div>\n\n\n\n<div class=\"wp-block-column is-layout-flow wp-block-column-is-layout-flow\" style=\"flex-basis:50%\">\n<p class=\"has-regular-font-size\"><strong>Geh\u00f6rt, gesehen, gelesen<\/strong><\/p>\n\n\n\n<p>Kulturtipps f\u00fcr das heimische Wohnzimmer<\/p>\n\n\n\n<div style=\"height:60px\" aria-hidden=\"true\" class=\"wp-block-spacer\"><\/div>\n\n\n\n<hr class=\"wp-block-separator has-css-opacity is-style-wide\"\/>\n<\/div>\n\n\n\n<div class=\"wp-block-column is-layout-flow wp-block-column-is-layout-flow\" style=\"flex-basis:30%\">\n<figure class=\"wp-block-image size-full\"><img loading=\"lazy\" decoding=\"async\" width=\"500\" height=\"280\" src=\"https:\/\/www.orpheus-magazin.de\/wp-content\/uploads\/2023\/12\/2024-01_Inhalt_10.jpg\" alt=\"\" class=\"wp-image-9483\" srcset=\"https:\/\/www.orpheus-magazin.de\/wp-content\/uploads\/2023\/12\/2024-01_Inhalt_10.jpg 500w, https:\/\/www.orpheus-magazin.de\/wp-content\/uploads\/2023\/12\/2024-01_Inhalt_10-300x168.jpg 300w\" sizes=\"(max-width: 500px) 100vw, 500px\" \/><\/figure>\n\n\n\n<p><\/p>\n<\/div>\n<\/div>\n\n\n\n<div class=\"wp-block-columns alignwide is-style-default is-layout-flex wp-container-core-columns-is-layout-9d6595d7 wp-block-columns-is-layout-flex\">\n<div class=\"wp-block-column is-layout-flow wp-block-column-is-layout-flow\" style=\"flex-basis:20%\">\n<p class=\"has-text-align-right has-light-gray-color has-text-color has-small-font-size\">___<br>Rezensionen<\/p>\n<\/div>\n\n\n\n<div class=\"wp-block-column is-layout-flow wp-block-column-is-layout-flow\" style=\"flex-basis:50%\">\n<p class=\"has-regular-font-size\"><strong><a href=\"https:\/\/www.orpheus-magazin.de\/de\/rezensionen-01-2024\/\" target=\"_blank\" aria-label=\"F\u00fcr Sie gesehen (opens in a new tab)\" rel=\"noreferrer noopener\" class=\"ek-link\">F\u00fcr Sie gesehen<\/a><\/strong><\/p>\n\n\n\n<p>Neues und Spektakul\u00e4res von den (Opern-)B\u00fchnen in Deutschland und Europa<\/p>\n\n\n\n<div style=\"height:30px\" aria-hidden=\"true\" class=\"wp-block-spacer\"><\/div>\n\n\n\n<hr class=\"wp-block-separator has-css-opacity is-style-wide\"\/>\n<\/div>\n\n\n\n<div class=\"wp-block-column is-layout-flow wp-block-column-is-layout-flow\" style=\"flex-basis:30%\">\n<figure class=\"wp-block-image size-full\"><img loading=\"lazy\" decoding=\"async\" width=\"500\" height=\"280\" src=\"https:\/\/www.orpheus-magazin.de\/wp-content\/uploads\/2023\/12\/2024-01_Inhalt_11.jpg\" alt=\"\" class=\"wp-image-9484\" srcset=\"https:\/\/www.orpheus-magazin.de\/wp-content\/uploads\/2023\/12\/2024-01_Inhalt_11.jpg 500w, https:\/\/www.orpheus-magazin.de\/wp-content\/uploads\/2023\/12\/2024-01_Inhalt_11-300x168.jpg 300w\" sizes=\"(max-width: 500px) 100vw, 500px\" \/><\/figure>\n\n\n\n<p><\/p>\n<\/div>\n<\/div>\n\n\n\n<div style=\"height:50px\" aria-hidden=\"true\" class=\"wp-block-spacer\"><\/div>\n\n\n\n<div class=\"wp-block-media-text alignwide is-vertically-aligned-center is-stacked-on-mobile has-background\" style=\"background-color:#f6f6f6;grid-template-columns:22% auto\"><figure class=\"wp-block-media-text__media\"><img loading=\"lazy\" decoding=\"async\" width=\"850\" height=\"1000\" src=\"https:\/\/www.orpheus-magazin.de\/wp-content\/uploads\/2023\/12\/24-01_Heft_Bestellbox_Startseite.jpg\" alt=\"\" class=\"wp-image-9454 size-full\" srcset=\"https:\/\/www.orpheus-magazin.de\/wp-content\/uploads\/2023\/12\/24-01_Heft_Bestellbox_Startseite.jpg 850w, https:\/\/www.orpheus-magazin.de\/wp-content\/uploads\/2023\/12\/24-01_Heft_Bestellbox_Startseite-255x300.jpg 255w, https:\/\/www.orpheus-magazin.de\/wp-content\/uploads\/2023\/12\/24-01_Heft_Bestellbox_Startseite-768x904.jpg 768w, https:\/\/www.orpheus-magazin.de\/wp-content\/uploads\/2023\/12\/24-01_Heft_Bestellbox_Startseite-500x588.jpg 500w, https:\/\/www.orpheus-magazin.de\/wp-content\/uploads\/2023\/12\/24-01_Heft_Bestellbox_Startseite-800x941.jpg 800w, https:\/\/www.orpheus-magazin.de\/wp-content\/uploads\/2023\/12\/24-01_Heft_Bestellbox_Startseite-600x706.jpg 600w\" sizes=\"(max-width: 850px) 100vw, 850px\" \/><\/figure><div class=\"wp-block-media-text__content\">\n<div style=\"height:10px\" aria-hidden=\"true\" class=\"wp-block-spacer\"><\/div>\n\n\n\n<p style=\"font-size:24px\"><strong>Unsere Ausgabe Januar\/Februar 2024 online bestellen<\/strong><\/p>\n\n\n\n<p>Bequem in Ihren Briefkasten oder als PDF zum Sofort-Download<\/p>\n\n\n\n<p><strong><a href=\"https:\/\/www.orpheus-magazin.de\/de\/product\/print-ausgabe-01-2024\/\" target=\"_blank\" aria-label=\" (opens in a new tab)\" rel=\"noreferrer noopener\" class=\"ek-link\">Print-Ausgabe bestellen<\/a><\/strong> | <strong><a href=\"https:\/\/www.orpheus-magazin.de\/de\/product\/pdf-ausgabe-01-2024\/\" target=\"_blank\" aria-label=\" (opens in a new tab)\" rel=\"noreferrer noopener\" class=\"ek-link\">PDF-Ausgabe bestellen<\/a><\/strong><\/p>\n<\/div><\/div>\n\n\n\n<div style=\"height:80px\" aria-hidden=\"true\" class=\"wp-block-spacer\"><\/div>","protected":false},"excerpt":{"rendered":"<p>Ausgabe 01\/2024 ___Impressionen Eiserner Vorhang Mit Anselm Kiefer gestaltet einer der bedeutendsten bildenden K\u00fcnstler der Gegenwart die tempor\u00e4re Ausstellungsfl\u00e4che der Wiener Staatsoper ___Titel So bin ich eben Der Meister-Buffo: Ensemble-Urgestein Ulrich Re\u00df verabschiedet sich nach 38 Jahren von der Bayerischen Staatsoper ___Jubil\u00e4um \u201eDie geilste bayerische Beh\u00f6rde\u201c 30 Jahre Theaterakademie August Everding ___Im Gespr\u00e4ch \u00dcber den [&hellip;]<\/p>\n","protected":false},"author":14,"featured_media":9486,"parent":0,"menu_order":0,"comment_status":"closed","ping_status":"closed","template":"template-cover.php","meta":{"tpgb_global_settings":"","_editorskit_title_hidden":true,"_editorskit_reading_time":0,"_editorskit_is_block_options_detached":false,"_editorskit_block_options_position":"{}","_eb_attr":"","footnotes":""},"class_list":["post-9446","page","type-page","status-publish","has-post-thumbnail","hentry"],"tpgb_featured_images":{"full":["https:\/\/www.orpheus-magazin.de\/wp-content\/uploads\/2023\/12\/Heft-2er_2024-01.jpg",2151,1009,false],"tp-image-grid":["https:\/\/www.orpheus-magazin.de\/wp-content\/uploads\/2023\/12\/Heft-2er_2024-01.jpg",700,328,false],"thumbnail":["https:\/\/www.orpheus-magazin.de\/wp-content\/uploads\/2023\/12\/Heft-2er_2024-01-150x150.jpg",150,150,true],"medium":["https:\/\/www.orpheus-magazin.de\/wp-content\/uploads\/2023\/12\/Heft-2er_2024-01-300x141.jpg",300,141,true],"medium_large":["https:\/\/www.orpheus-magazin.de\/wp-content\/uploads\/2023\/12\/Heft-2er_2024-01-768x360.jpg",600,281,true],"large":["https:\/\/www.orpheus-magazin.de\/wp-content\/uploads\/2023\/12\/Heft-2er_2024-01-1024x480.jpg",600,281,true],"default":"https:\/\/www.orpheus-magazin.de\/wp-content\/plugins\/the-plus-addons-for-block-editor\/assets\/images\/tpgb-placeholder.jpg"},"tpgb_post_meta_info":{"get_date":"21. Dezember 2023","get_modified_date":"1. M\u00e4rz 2024","author_name":"Silvia Murauer","author_url":"https:\/\/www.orpheus-magazin.de\/de\/author\/mailsilviamurauer-de\/","author_email":"mail@silviamurauer.de","author_website":"","author_description":"","author_facebook":"","author_twitter":"","author_instagram":"","author_role":["administrator"],"author_firstname":"Silvia","author_lastname":"Murauer","user_login":"mail@silviamurauer.de","author_avatar":"<img alt='' src='https:\/\/secure.gravatar.com\/avatar\/f621fd74b09e85b40b2840fd83e82293b9a74c7122761b5607082e36ece1f9d0?s=200&#038;d=mm&#038;r=g' srcset='https:\/\/secure.gravatar.com\/avatar\/f621fd74b09e85b40b2840fd83e82293b9a74c7122761b5607082e36ece1f9d0?s=400&#038;d=mm&#038;r=g 2x' class='avatar avatar-200 photo' height='200' width='200' decoding='async'\/>","author_avatar_url":"https:\/\/secure.gravatar.com\/avatar\/f621fd74b09e85b40b2840fd83e82293b9a74c7122761b5607082e36ece1f9d0?s=96&d=mm&r=g","comment_count":0,"post_likes":0,"post_views":0},"tpgb_post_category":[],"_links":{"self":[{"href":"https:\/\/www.orpheus-magazin.de\/de\/wp-json\/wp\/v2\/pages\/9446","targetHints":{"allow":["GET"]}}],"collection":[{"href":"https:\/\/www.orpheus-magazin.de\/de\/wp-json\/wp\/v2\/pages"}],"about":[{"href":"https:\/\/www.orpheus-magazin.de\/de\/wp-json\/wp\/v2\/types\/page"}],"author":[{"embeddable":true,"href":"https:\/\/www.orpheus-magazin.de\/de\/wp-json\/wp\/v2\/users\/14"}],"replies":[{"embeddable":true,"href":"https:\/\/www.orpheus-magazin.de\/de\/wp-json\/wp\/v2\/comments?post=9446"}],"version-history":[{"count":0,"href":"https:\/\/www.orpheus-magazin.de\/de\/wp-json\/wp\/v2\/pages\/9446\/revisions"}],"wp:featuredmedia":[{"embeddable":true,"href":"https:\/\/www.orpheus-magazin.de\/de\/wp-json\/wp\/v2\/media\/9486"}],"wp:attachment":[{"href":"https:\/\/www.orpheus-magazin.de\/de\/wp-json\/wp\/v2\/media?parent=9446"}],"curies":[{"name":"wp","href":"https:\/\/api.w.org\/{rel}","templated":true}]}}