{"id":9449,"date":"2023-12-20T22:01:44","date_gmt":"2023-12-20T21:01:44","guid":{"rendered":"https:\/\/www.orpheus-magazin.de\/?page_id=9449"},"modified":"2023-12-21T15:37:49","modified_gmt":"2023-12-21T14:37:49","slug":"rezensionen-01-2024","status":"publish","type":"page","link":"https:\/\/www.orpheus-magazin.de\/de\/rezensionen-01-2024\/","title":{"rendered":"Rezensionen 01\/2024"},"content":{"rendered":"<p class=\"has-text-align-center\">Eine Auswahl an Premierenkritiken, einige davon nur hier online.<br>Zus\u00e4tzlich finden Sie 39 weitere Rezensionen exklusiv in unserer <a href=\"https:\/\/www.orpheus-magazin.de\/de\/ausgabe-01-2024\/\" target=\"_blank\" aria-label=\"Printausgabe Januar\/Februar 2024 (opens in a new tab)\" rel=\"noreferrer noopener\" class=\"ek-link\">Printausgabe Januar\/Februar 2024<\/a>.<\/p>\n\n\n\n<div style=\"height:50px\" aria-hidden=\"true\" class=\"wp-block-spacer\"><\/div>\n\n\n<ul class=\"wp-block-latest-posts__list wp-block-latest-posts\"><li><div class=\"wp-block-latest-posts__featured-image alignleft\"><a href=\"https:\/\/www.orpheus-magazin.de\/de\/2023\/12\/19\/fuessen-der-geist-der-weihnacht\/\" aria-label=\"Bekehrung eines Grantlers\"><img fetchpriority=\"high\" decoding=\"async\" width=\"300\" height=\"169\" src=\"https:\/\/www.orpheus-magazin.de\/wp-content\/uploads\/2023\/12\/Festspielhaus-Neuschwanstein_Der-Geist-der-Weihnacht-c-myWay-Entertainment-300x169.jpg\" class=\"attachment-medium size-medium wp-post-image\" alt=\"Klassiker \u00fcber den Wert der Mitmenschlichkeit (Foto myWay Entertainment)\" style=\"\" srcset=\"https:\/\/www.orpheus-magazin.de\/wp-content\/uploads\/2023\/12\/Festspielhaus-Neuschwanstein_Der-Geist-der-Weihnacht-c-myWay-Entertainment-300x169.jpg 300w, https:\/\/www.orpheus-magazin.de\/wp-content\/uploads\/2023\/12\/Festspielhaus-Neuschwanstein_Der-Geist-der-Weihnacht-c-myWay-Entertainment-1024x576.jpg 1024w, https:\/\/www.orpheus-magazin.de\/wp-content\/uploads\/2023\/12\/Festspielhaus-Neuschwanstein_Der-Geist-der-Weihnacht-c-myWay-Entertainment-768x432.jpg 768w, https:\/\/www.orpheus-magazin.de\/wp-content\/uploads\/2023\/12\/Festspielhaus-Neuschwanstein_Der-Geist-der-Weihnacht-c-myWay-Entertainment-500x281.jpg 500w, https:\/\/www.orpheus-magazin.de\/wp-content\/uploads\/2023\/12\/Festspielhaus-Neuschwanstein_Der-Geist-der-Weihnacht-c-myWay-Entertainment-800x450.jpg 800w, https:\/\/www.orpheus-magazin.de\/wp-content\/uploads\/2023\/12\/Festspielhaus-Neuschwanstein_Der-Geist-der-Weihnacht-c-myWay-Entertainment-1280x720.jpg 1280w, https:\/\/www.orpheus-magazin.de\/wp-content\/uploads\/2023\/12\/Festspielhaus-Neuschwanstein_Der-Geist-der-Weihnacht-c-myWay-Entertainment-870x490.jpg 870w, https:\/\/www.orpheus-magazin.de\/wp-content\/uploads\/2023\/12\/Festspielhaus-Neuschwanstein_Der-Geist-der-Weihnacht-c-myWay-Entertainment-600x338.jpg 600w, https:\/\/www.orpheus-magazin.de\/wp-content\/uploads\/2023\/12\/Festspielhaus-Neuschwanstein_Der-Geist-der-Weihnacht-c-myWay-Entertainment.jpg 1500w\" sizes=\"(max-width: 300px) 100vw, 300px\" loading=\"eager\" \/><\/a><\/div><a class=\"wp-block-latest-posts__post-title\" href=\"https:\/\/www.orpheus-magazin.de\/de\/2023\/12\/19\/fuessen-der-geist-der-weihnacht\/\">Bekehrung eines Grantlers<\/a><div class=\"wp-block-latest-posts__post-excerpt\"><span class=\"location\">F\u00fcssen \/ Festspielhaus Neuschwanstein (Dezember 2023)<\/span><\/br>\nEin Weihnachtsmusical nach Charles Dickens feiert die Kraft der Liebe<\/div><\/li>\n<li><div class=\"wp-block-latest-posts__featured-image alignleft\"><a href=\"https:\/\/www.orpheus-magazin.de\/de\/2023\/12\/19\/stuttgart-la-fest\/\" aria-label=\"\u201eLa Fest\u201c in \u201eThe L\u00e4nd\u201c\"><img decoding=\"async\" width=\"300\" height=\"169\" src=\"https:\/\/www.orpheus-magazin.de\/wp-content\/uploads\/2023\/12\/Staatsoper-Stuttgart_La-Fest-c-Matthias-Baus-300x169.jpg\" class=\"attachment-medium size-medium wp-post-image\" alt=\"Mezzosopranistin Diana Haller in einer \u201ebarocken Feier des Lebens\u201c (Foto Matthias Baus)\" style=\"\" srcset=\"https:\/\/www.orpheus-magazin.de\/wp-content\/uploads\/2023\/12\/Staatsoper-Stuttgart_La-Fest-c-Matthias-Baus-300x169.jpg 300w, https:\/\/www.orpheus-magazin.de\/wp-content\/uploads\/2023\/12\/Staatsoper-Stuttgart_La-Fest-c-Matthias-Baus-1024x576.jpg 1024w, https:\/\/www.orpheus-magazin.de\/wp-content\/uploads\/2023\/12\/Staatsoper-Stuttgart_La-Fest-c-Matthias-Baus-768x432.jpg 768w, https:\/\/www.orpheus-magazin.de\/wp-content\/uploads\/2023\/12\/Staatsoper-Stuttgart_La-Fest-c-Matthias-Baus-500x281.jpg 500w, https:\/\/www.orpheus-magazin.de\/wp-content\/uploads\/2023\/12\/Staatsoper-Stuttgart_La-Fest-c-Matthias-Baus-800x450.jpg 800w, https:\/\/www.orpheus-magazin.de\/wp-content\/uploads\/2023\/12\/Staatsoper-Stuttgart_La-Fest-c-Matthias-Baus-1280x720.jpg 1280w, https:\/\/www.orpheus-magazin.de\/wp-content\/uploads\/2023\/12\/Staatsoper-Stuttgart_La-Fest-c-Matthias-Baus-870x490.jpg 870w, https:\/\/www.orpheus-magazin.de\/wp-content\/uploads\/2023\/12\/Staatsoper-Stuttgart_La-Fest-c-Matthias-Baus-600x338.jpg 600w, https:\/\/www.orpheus-magazin.de\/wp-content\/uploads\/2023\/12\/Staatsoper-Stuttgart_La-Fest-c-Matthias-Baus.jpg 1500w\" sizes=\"(max-width: 300px) 100vw, 300px\" loading=\"eager\" \/><\/a><\/div><a class=\"wp-block-latest-posts__post-title\" href=\"https:\/\/www.orpheus-magazin.de\/de\/2023\/12\/19\/stuttgart-la-fest\/\">\u201eLa Fest\u201c in \u201eThe L\u00e4nd\u201c<\/a><div class=\"wp-block-latest-posts__post-excerpt\"><span class=\"location\">Stuttgart \/ Staatsoper Stuttgart (Dezember 2023)<\/span><\/br>\nStarchoreograf Eric Gauthier inszeniert ein Barock-Pasticcio aus 31 wunderbaren Musiknummern<\/div><\/li>\n<li><div class=\"wp-block-latest-posts__featured-image alignleft\"><a href=\"https:\/\/www.orpheus-magazin.de\/de\/2023\/12\/12\/annaberg-buchholz-der-fuerst-von-pappenheim\/\" aria-label=\"Wiedersehen mit einem Hundertj\u00e4hrigen\"><img decoding=\"async\" width=\"300\" height=\"169\" src=\"https:\/\/www.orpheus-magazin.de\/wp-content\/uploads\/2023\/12\/Eduard-von-Winterstein-Theater_Der-Fuerst-von-Pappenheim-c-Dirk-Rueckschloss-Pixore-Photography-300x169.jpg\" class=\"attachment-medium size-medium wp-post-image\" alt=\"Richard Gl\u00f6ckner (Egon F\u00fcrst), Sophia Keiler (Prinzessin Stephanie) und Stephanie Ritter (Camilla Pappenheim) (Foto Dirk R\u00fcckschlo\u00df\/Pixore Photography)\" style=\"\" srcset=\"https:\/\/www.orpheus-magazin.de\/wp-content\/uploads\/2023\/12\/Eduard-von-Winterstein-Theater_Der-Fuerst-von-Pappenheim-c-Dirk-Rueckschloss-Pixore-Photography-300x169.jpg 300w, https:\/\/www.orpheus-magazin.de\/wp-content\/uploads\/2023\/12\/Eduard-von-Winterstein-Theater_Der-Fuerst-von-Pappenheim-c-Dirk-Rueckschloss-Pixore-Photography-1024x576.jpg 1024w, https:\/\/www.orpheus-magazin.de\/wp-content\/uploads\/2023\/12\/Eduard-von-Winterstein-Theater_Der-Fuerst-von-Pappenheim-c-Dirk-Rueckschloss-Pixore-Photography-768x432.jpg 768w, https:\/\/www.orpheus-magazin.de\/wp-content\/uploads\/2023\/12\/Eduard-von-Winterstein-Theater_Der-Fuerst-von-Pappenheim-c-Dirk-Rueckschloss-Pixore-Photography-500x281.jpg 500w, https:\/\/www.orpheus-magazin.de\/wp-content\/uploads\/2023\/12\/Eduard-von-Winterstein-Theater_Der-Fuerst-von-Pappenheim-c-Dirk-Rueckschloss-Pixore-Photography-800x450.jpg 800w, https:\/\/www.orpheus-magazin.de\/wp-content\/uploads\/2023\/12\/Eduard-von-Winterstein-Theater_Der-Fuerst-von-Pappenheim-c-Dirk-Rueckschloss-Pixore-Photography-1280x720.jpg 1280w, https:\/\/www.orpheus-magazin.de\/wp-content\/uploads\/2023\/12\/Eduard-von-Winterstein-Theater_Der-Fuerst-von-Pappenheim-c-Dirk-Rueckschloss-Pixore-Photography-870x490.jpg 870w, https:\/\/www.orpheus-magazin.de\/wp-content\/uploads\/2023\/12\/Eduard-von-Winterstein-Theater_Der-Fuerst-von-Pappenheim-c-Dirk-Rueckschloss-Pixore-Photography-600x338.jpg 600w, https:\/\/www.orpheus-magazin.de\/wp-content\/uploads\/2023\/12\/Eduard-von-Winterstein-Theater_Der-Fuerst-von-Pappenheim-c-Dirk-Rueckschloss-Pixore-Photography.jpg 1500w\" sizes=\"(max-width: 300px) 100vw, 300px\" loading=\"eager\" \/><\/a><\/div><a class=\"wp-block-latest-posts__post-title\" href=\"https:\/\/www.orpheus-magazin.de\/de\/2023\/12\/12\/annaberg-buchholz-der-fuerst-von-pappenheim\/\">Wiedersehen mit einem Hundertj\u00e4hrigen<\/a><div class=\"wp-block-latest-posts__post-excerpt\"><span class=\"location\">Annaberg-Buchholz \/ Eduard-von-Winterstein-Theater (Dezember 2023)<\/span><\/br>\nAudienz bei Hugo Hirschs \u201eF\u00fcrst von Pappenheim\u201c<\/div><\/li>\n<li><div class=\"wp-block-latest-posts__featured-image alignleft\"><a href=\"https:\/\/www.orpheus-magazin.de\/de\/2023\/12\/11\/darmstadt-liebestrank\/\" aria-label=\"Von V\u00f6geln und Liebeskummer\"><img decoding=\"async\" width=\"300\" height=\"185\" src=\"https:\/\/www.orpheus-magazin.de\/wp-content\/uploads\/2023\/12\/Staatstheater-Darmstadt_Lelisir-damore-c-Nils-Heck-300x185.jpg\" class=\"attachment-medium size-medium wp-post-image\" alt=\"Der Vogelf\u00e4nger bin ich ja: Nemorino (David Lee, Alternativbesetzung) mit Wiedehopf (Foto Nils Heck)\" style=\"\" srcset=\"https:\/\/www.orpheus-magazin.de\/wp-content\/uploads\/2023\/12\/Staatstheater-Darmstadt_Lelisir-damore-c-Nils-Heck-300x185.jpg 300w, https:\/\/www.orpheus-magazin.de\/wp-content\/uploads\/2023\/12\/Staatstheater-Darmstadt_Lelisir-damore-c-Nils-Heck-1024x633.jpg 1024w, https:\/\/www.orpheus-magazin.de\/wp-content\/uploads\/2023\/12\/Staatstheater-Darmstadt_Lelisir-damore-c-Nils-Heck-768x475.jpg 768w, https:\/\/www.orpheus-magazin.de\/wp-content\/uploads\/2023\/12\/Staatstheater-Darmstadt_Lelisir-damore-c-Nils-Heck-500x309.jpg 500w, https:\/\/www.orpheus-magazin.de\/wp-content\/uploads\/2023\/12\/Staatstheater-Darmstadt_Lelisir-damore-c-Nils-Heck-800x494.jpg 800w, https:\/\/www.orpheus-magazin.de\/wp-content\/uploads\/2023\/12\/Staatstheater-Darmstadt_Lelisir-damore-c-Nils-Heck-1280x791.jpg 1280w, https:\/\/www.orpheus-magazin.de\/wp-content\/uploads\/2023\/12\/Staatstheater-Darmstadt_Lelisir-damore-c-Nils-Heck-870x538.jpg 870w, https:\/\/www.orpheus-magazin.de\/wp-content\/uploads\/2023\/12\/Staatstheater-Darmstadt_Lelisir-damore-c-Nils-Heck-600x371.jpg 600w, https:\/\/www.orpheus-magazin.de\/wp-content\/uploads\/2023\/12\/Staatstheater-Darmstadt_Lelisir-damore-c-Nils-Heck.jpg 1366w\" sizes=\"(max-width: 300px) 100vw, 300px\" loading=\"eager\" \/><\/a><\/div><a class=\"wp-block-latest-posts__post-title\" href=\"https:\/\/www.orpheus-magazin.de\/de\/2023\/12\/11\/darmstadt-liebestrank\/\">Von V\u00f6geln und Liebeskummer<\/a><div class=\"wp-block-latest-posts__post-excerpt\"><span class=\"location\">Darmstadt \/ Staatstheater Darmstadt (Dezember 2023)<\/span><\/br>\nDonizettis \u201eL\u2019elisir d\u2019amore\u201c als federleichte Petitesse <\/div><\/li>\n<li><div class=\"wp-block-latest-posts__featured-image alignleft\"><a href=\"https:\/\/www.orpheus-magazin.de\/de\/2023\/11\/30\/rom-mefistofele\/\" aria-label=\"Der Teufel als Clown\"><img decoding=\"async\" width=\"300\" height=\"169\" src=\"https:\/\/www.orpheus-magazin.de\/wp-content\/uploads\/2023\/12\/Teatro-dellOpera-di-Roma_Mefistofele-c-Fabrizio-Sansoni-Teatro-dellOpera-di-Roma-300x169.jpg\" class=\"attachment-medium size-medium wp-post-image\" alt=\"Joshua Guerrero (Faust) und John Relyea (Mefistofele) (Foto Fabrizio Sansoni\/Teatro dell\u2019Opera di Roma)\" style=\"\" srcset=\"https:\/\/www.orpheus-magazin.de\/wp-content\/uploads\/2023\/12\/Teatro-dellOpera-di-Roma_Mefistofele-c-Fabrizio-Sansoni-Teatro-dellOpera-di-Roma-300x169.jpg 300w, https:\/\/www.orpheus-magazin.de\/wp-content\/uploads\/2023\/12\/Teatro-dellOpera-di-Roma_Mefistofele-c-Fabrizio-Sansoni-Teatro-dellOpera-di-Roma-1024x576.jpg 1024w, https:\/\/www.orpheus-magazin.de\/wp-content\/uploads\/2023\/12\/Teatro-dellOpera-di-Roma_Mefistofele-c-Fabrizio-Sansoni-Teatro-dellOpera-di-Roma-768x432.jpg 768w, https:\/\/www.orpheus-magazin.de\/wp-content\/uploads\/2023\/12\/Teatro-dellOpera-di-Roma_Mefistofele-c-Fabrizio-Sansoni-Teatro-dellOpera-di-Roma-500x281.jpg 500w, https:\/\/www.orpheus-magazin.de\/wp-content\/uploads\/2023\/12\/Teatro-dellOpera-di-Roma_Mefistofele-c-Fabrizio-Sansoni-Teatro-dellOpera-di-Roma-800x450.jpg 800w, https:\/\/www.orpheus-magazin.de\/wp-content\/uploads\/2023\/12\/Teatro-dellOpera-di-Roma_Mefistofele-c-Fabrizio-Sansoni-Teatro-dellOpera-di-Roma-1280x720.jpg 1280w, https:\/\/www.orpheus-magazin.de\/wp-content\/uploads\/2023\/12\/Teatro-dellOpera-di-Roma_Mefistofele-c-Fabrizio-Sansoni-Teatro-dellOpera-di-Roma-870x490.jpg 870w, https:\/\/www.orpheus-magazin.de\/wp-content\/uploads\/2023\/12\/Teatro-dellOpera-di-Roma_Mefistofele-c-Fabrizio-Sansoni-Teatro-dellOpera-di-Roma-600x338.jpg 600w, https:\/\/www.orpheus-magazin.de\/wp-content\/uploads\/2023\/12\/Teatro-dellOpera-di-Roma_Mefistofele-c-Fabrizio-Sansoni-Teatro-dellOpera-di-Roma.jpg 1500w\" sizes=\"(max-width: 300px) 100vw, 300px\" loading=\"eager\" \/><\/a><\/div><a class=\"wp-block-latest-posts__post-title\" href=\"https:\/\/www.orpheus-magazin.de\/de\/2023\/11\/30\/rom-mefistofele\/\">Der Teufel als Clown<\/a><div class=\"wp-block-latest-posts__post-excerpt\"><span class=\"location\">Rom \/ Teatro dell\u2019Opera di Roma (November 2023)<\/span><\/br>\nBoitos \u201eMefistofele\u201c \u00fcberw\u00e4ltigt musikalisch \u2013 und kapituliert szenisch<\/div><\/li>\n<li><div class=\"wp-block-latest-posts__featured-image alignleft\"><a href=\"https:\/\/www.orpheus-magazin.de\/de\/2023\/10\/24\/dresden-sweeney-todd\/\" aria-label=\"Gesellschaftskritisches Grusical\"><img decoding=\"async\" width=\"300\" height=\"169\" src=\"https:\/\/www.orpheus-magazin.de\/wp-content\/uploads\/2023\/12\/Staatsoperette-Dresden_Sweeney-Todd-c-Pawel-Sosnowski-300x169.jpg\" class=\"attachment-medium size-medium wp-post-image\" alt=\"Silke Richter (Mrs. Lovett) und Hinrich Horn (Sweeney Todd) (Foto Pawel Sosnowski)\" style=\"\" srcset=\"https:\/\/www.orpheus-magazin.de\/wp-content\/uploads\/2023\/12\/Staatsoperette-Dresden_Sweeney-Todd-c-Pawel-Sosnowski-300x169.jpg 300w, https:\/\/www.orpheus-magazin.de\/wp-content\/uploads\/2023\/12\/Staatsoperette-Dresden_Sweeney-Todd-c-Pawel-Sosnowski-1024x576.jpg 1024w, https:\/\/www.orpheus-magazin.de\/wp-content\/uploads\/2023\/12\/Staatsoperette-Dresden_Sweeney-Todd-c-Pawel-Sosnowski-768x432.jpg 768w, https:\/\/www.orpheus-magazin.de\/wp-content\/uploads\/2023\/12\/Staatsoperette-Dresden_Sweeney-Todd-c-Pawel-Sosnowski-500x281.jpg 500w, https:\/\/www.orpheus-magazin.de\/wp-content\/uploads\/2023\/12\/Staatsoperette-Dresden_Sweeney-Todd-c-Pawel-Sosnowski-800x450.jpg 800w, https:\/\/www.orpheus-magazin.de\/wp-content\/uploads\/2023\/12\/Staatsoperette-Dresden_Sweeney-Todd-c-Pawel-Sosnowski-1280x720.jpg 1280w, https:\/\/www.orpheus-magazin.de\/wp-content\/uploads\/2023\/12\/Staatsoperette-Dresden_Sweeney-Todd-c-Pawel-Sosnowski-870x490.jpg 870w, https:\/\/www.orpheus-magazin.de\/wp-content\/uploads\/2023\/12\/Staatsoperette-Dresden_Sweeney-Todd-c-Pawel-Sosnowski-600x338.jpg 600w, https:\/\/www.orpheus-magazin.de\/wp-content\/uploads\/2023\/12\/Staatsoperette-Dresden_Sweeney-Todd-c-Pawel-Sosnowski.jpg 1500w\" sizes=\"(max-width: 300px) 100vw, 300px\" loading=\"eager\" \/><\/a><\/div><a class=\"wp-block-latest-posts__post-title\" href=\"https:\/\/www.orpheus-magazin.de\/de\/2023\/10\/24\/dresden-sweeney-todd\/\">Gesellschaftskritisches Grusical<\/a><div class=\"wp-block-latest-posts__post-excerpt\"><span class=\"location\">Dresden \/ Staatsoperette Dresden (Oktober 2023)<\/span><\/br>\nSondheims \u201eSweeney Todd\u201c in die Jetztzeit gebeamt<\/div><\/li>\n<li><div class=\"wp-block-latest-posts__featured-image alignleft\"><a href=\"https:\/\/www.orpheus-magazin.de\/de\/2023\/10\/20\/lyon-die-frau-ohne-schatten\/\" aria-label=\"Schatten zu werfen, beide erw\u00e4hlt!\"><img decoding=\"async\" width=\"300\" height=\"169\" src=\"https:\/\/www.orpheus-magazin.de\/wp-content\/uploads\/2023\/10\/Opera-de-Lyon_Die-Frau-ohne-Schatten-c-Bertrand-Stofleth-300x169.jpg\" class=\"attachment-medium size-medium wp-post-image\" alt=\"Facettenreicher und sehenswerter Psychothriller (Foto Bertrand Stofleth)\" style=\"\" srcset=\"https:\/\/www.orpheus-magazin.de\/wp-content\/uploads\/2023\/10\/Opera-de-Lyon_Die-Frau-ohne-Schatten-c-Bertrand-Stofleth-300x169.jpg 300w, https:\/\/www.orpheus-magazin.de\/wp-content\/uploads\/2023\/10\/Opera-de-Lyon_Die-Frau-ohne-Schatten-c-Bertrand-Stofleth-1024x576.jpg 1024w, https:\/\/www.orpheus-magazin.de\/wp-content\/uploads\/2023\/10\/Opera-de-Lyon_Die-Frau-ohne-Schatten-c-Bertrand-Stofleth-768x432.jpg 768w, https:\/\/www.orpheus-magazin.de\/wp-content\/uploads\/2023\/10\/Opera-de-Lyon_Die-Frau-ohne-Schatten-c-Bertrand-Stofleth-500x281.jpg 500w, https:\/\/www.orpheus-magazin.de\/wp-content\/uploads\/2023\/10\/Opera-de-Lyon_Die-Frau-ohne-Schatten-c-Bertrand-Stofleth-800x450.jpg 800w, https:\/\/www.orpheus-magazin.de\/wp-content\/uploads\/2023\/10\/Opera-de-Lyon_Die-Frau-ohne-Schatten-c-Bertrand-Stofleth-1280x720.jpg 1280w, https:\/\/www.orpheus-magazin.de\/wp-content\/uploads\/2023\/10\/Opera-de-Lyon_Die-Frau-ohne-Schatten-c-Bertrand-Stofleth-870x490.jpg 870w, https:\/\/www.orpheus-magazin.de\/wp-content\/uploads\/2023\/10\/Opera-de-Lyon_Die-Frau-ohne-Schatten-c-Bertrand-Stofleth-600x338.jpg 600w, https:\/\/www.orpheus-magazin.de\/wp-content\/uploads\/2023\/10\/Opera-de-Lyon_Die-Frau-ohne-Schatten-c-Bertrand-Stofleth.jpg 1500w\" sizes=\"(max-width: 300px) 100vw, 300px\" loading=\"eager\" \/><\/a><\/div><a class=\"wp-block-latest-posts__post-title\" href=\"https:\/\/www.orpheus-magazin.de\/de\/2023\/10\/20\/lyon-die-frau-ohne-schatten\/\">Schatten zu werfen, beide erw\u00e4hlt!<\/a><div class=\"wp-block-latest-posts__post-excerpt\"><span class=\"location\">Lyon \/ Op\u00e9ra de Lyon (Oktober 2023)<\/span><\/br>\nRichard Strauss\u2019 \u201eFrau ohne Schatten\u201c in s\u00e4ngerischer Traumbesetzung und orchestraler Meisterleistung<\/div><\/li>\n<\/ul>\n\n\n<div style=\"height:80px\" aria-hidden=\"true\" class=\"wp-block-spacer\"><\/div>\n\n\n\n<div class=\"wp-block-media-text alignwide is-vertically-aligned-center is-stacked-on-mobile has-background\" style=\"background-color:#f6f6f6;grid-template-columns:22% auto\"><figure class=\"wp-block-media-text__media\"><img decoding=\"async\" width=\"850\" height=\"1000\" src=\"https:\/\/www.orpheus-magazin.de\/wp-content\/uploads\/2023\/12\/24-01_Heft_Bestellbox_Startseite.jpg\" alt=\"\" class=\"wp-image-9454 size-full\" srcset=\"https:\/\/www.orpheus-magazin.de\/wp-content\/uploads\/2023\/12\/24-01_Heft_Bestellbox_Startseite.jpg 850w, https:\/\/www.orpheus-magazin.de\/wp-content\/uploads\/2023\/12\/24-01_Heft_Bestellbox_Startseite-255x300.jpg 255w, https:\/\/www.orpheus-magazin.de\/wp-content\/uploads\/2023\/12\/24-01_Heft_Bestellbox_Startseite-768x904.jpg 768w, https:\/\/www.orpheus-magazin.de\/wp-content\/uploads\/2023\/12\/24-01_Heft_Bestellbox_Startseite-500x588.jpg 500w, https:\/\/www.orpheus-magazin.de\/wp-content\/uploads\/2023\/12\/24-01_Heft_Bestellbox_Startseite-800x941.jpg 800w, https:\/\/www.orpheus-magazin.de\/wp-content\/uploads\/2023\/12\/24-01_Heft_Bestellbox_Startseite-600x706.jpg 600w\" sizes=\"(max-width: 850px) 100vw, 850px\" \/><\/figure><div class=\"wp-block-media-text__content\">\n<div style=\"height:10px\" aria-hidden=\"true\" class=\"wp-block-spacer\"><\/div>\n\n\n\n<p style=\"font-size:24px\"><strong>Unsere aktuelle Ausgabe <strong>Januar\/Februar 2024<\/strong> online bestellen<\/strong><\/p>\n\n\n\n<p>Bequem in Ihren Briefkasten oder als PDF zum Sofort-Download<\/p>\n\n\n\n<p><strong><a aria-label=\" (opens in a new tab)\" href=\"https:\/\/www.orpheus-magazin.de\/de\/product\/print-ausgabe-01-2024\/\" target=\"_blank\" rel=\"noreferrer noopener\" class=\"ek-link\">Print-Ausgabe bestellen<\/a><\/strong> | <strong><a aria-label=\" (opens in a new tab)\" href=\"https:\/\/www.orpheus-magazin.de\/de\/product\/pdf-ausgabe-01-2024\/\" target=\"_blank\" rel=\"noreferrer noopener\" class=\"ek-link\">PDF-Ausgabe bestellen<\/a><\/strong><\/p>\n<\/div><\/div>\n\n\n\n<div style=\"height:100px\" aria-hidden=\"true\" class=\"wp-block-spacer\"><\/div>","protected":false},"excerpt":{"rendered":"<p>Eine Auswahl an Premierenkritiken, einige davon nur hier online.Zus\u00e4tzlich finden Sie 39 weitere Rezensionen exklusiv in unserer Printausgabe Januar\/Februar 2024.<\/p>","protected":false},"author":14,"featured_media":0,"parent":0,"menu_order":0,"comment_status":"closed","ping_status":"closed","template":"","meta":{"tpgb_global_settings":"","_editorskit_title_hidden":false,"_editorskit_reading_time":0,"_editorskit_is_block_options_detached":false,"_editorskit_block_options_position":"{}","_eb_attr":"","footnotes":""},"class_list":["post-9449","page","type-page","status-publish","hentry"],"tpgb_featured_images":null,"tpgb_post_meta_info":{"get_date":"20. Dezember 2023","get_modified_date":"21. Dezember 2023","author_name":"Silvia Murauer","author_url":"https:\/\/www.orpheus-magazin.de\/de\/author\/mailsilviamurauer-de\/","author_email":"mail@silviamurauer.de","author_website":"","author_description":"","author_facebook":"","author_twitter":"","author_instagram":"","author_role":["administrator"],"author_firstname":"Silvia","author_lastname":"Murauer","user_login":"mail@silviamurauer.de","author_avatar":"<img alt='' src='https:\/\/secure.gravatar.com\/avatar\/f621fd74b09e85b40b2840fd83e82293b9a74c7122761b5607082e36ece1f9d0?s=200&#038;d=mm&#038;r=g' srcset='https:\/\/secure.gravatar.com\/avatar\/f621fd74b09e85b40b2840fd83e82293b9a74c7122761b5607082e36ece1f9d0?s=400&#038;d=mm&#038;r=g 2x' class='avatar avatar-200 photo' height='200' width='200' decoding='async'\/>","author_avatar_url":"https:\/\/secure.gravatar.com\/avatar\/f621fd74b09e85b40b2840fd83e82293b9a74c7122761b5607082e36ece1f9d0?s=96&d=mm&r=g","comment_count":0,"post_likes":0,"post_views":0},"tpgb_post_category":[],"_links":{"self":[{"href":"https:\/\/www.orpheus-magazin.de\/de\/wp-json\/wp\/v2\/pages\/9449","targetHints":{"allow":["GET"]}}],"collection":[{"href":"https:\/\/www.orpheus-magazin.de\/de\/wp-json\/wp\/v2\/pages"}],"about":[{"href":"https:\/\/www.orpheus-magazin.de\/de\/wp-json\/wp\/v2\/types\/page"}],"author":[{"embeddable":true,"href":"https:\/\/www.orpheus-magazin.de\/de\/wp-json\/wp\/v2\/users\/14"}],"replies":[{"embeddable":true,"href":"https:\/\/www.orpheus-magazin.de\/de\/wp-json\/wp\/v2\/comments?post=9449"}],"version-history":[{"count":0,"href":"https:\/\/www.orpheus-magazin.de\/de\/wp-json\/wp\/v2\/pages\/9449\/revisions"}],"wp:attachment":[{"href":"https:\/\/www.orpheus-magazin.de\/de\/wp-json\/wp\/v2\/media?parent=9449"}],"curies":[{"name":"wp","href":"https:\/\/api.w.org\/{rel}","templated":true}]}}