{"id":11619,"date":"2025-10-30T14:03:01","date_gmt":"2025-10-30T13:03:01","guid":{"rendered":"https:\/\/www.orpheus-magazin.de\/?post_type=product&#038;p=11619"},"modified":"2025-12-23T20:31:41","modified_gmt":"2025-12-23T19:31:41","slug":"print-ausgabe-06-2025","status":"publish","type":"product","link":"https:\/\/www.orpheus-magazin.de\/de\/product\/print-ausgabe-06-2025\/","title":{"rendered":"Print-Ausgabe 06\/2025 November\/Dezember"},"content":{"rendered":"<h2>In dieser Ausgabe lesen Sie:<\/h2>\n<p>Vom Leid erz\u00e4hlen: Bariton Johannes Martin Kr\u00e4nzle \u00fcber existenzielle Erfahrungen, k\u00fcnstlerische Perspektiven und seinen Weg zur\u00fcck auf die B\u00fchne | Arien und Azulejos: Mit einem neuen Festival st\u00e4rkt Sevilla seinen Ruf als Hauptstadt der Oper | Traumkapazit\u00e4ten: ein Gespr\u00e4ch mit dem Magdeburger Generalintendanten Julien Chavaz | Vom Subventionsthron zur Spendenb\u00fcchse? Kulturstaatsminister Wolfram Weimer \u00fcber Theater als demokratischen Raum \u2013 und warum auch ein Weltmarktf\u00fchrer neue Finanzierungsmodelle braucht | Der letzte Bonvivant: In memoriam \u201eMister Wunderbar\u201c Harald Serafin | u.v.m.<\/p>\n<p><a href=\"https:\/\/www.orpheus-magazin.de\/de\/ausgabe-06-2025\/\" target=\"_blank\" rel=\"noopener\">\u00bb Inhaltsverzeichnis und Leseprobe<\/a><\/p>\n<p>&nbsp;<\/p>\n<p>&nbsp;<\/p>","protected":false},"excerpt":{"rendered":"<p>In dieser Ausgabe lesen Sie: Vom Leid erz\u00e4hlen: Bariton Johannes Martin Kr\u00e4nzle \u00fcber existenzielle Erfahrungen, k\u00fcnstlerische Perspektiven und seinen Weg zur\u00fcck auf die B\u00fchne | Arien und Azulejos: Mit einem neuen Festival st\u00e4rkt Sevilla seinen Ruf als Hauptstadt der Oper | Traumkapazit\u00e4ten: ein Gespr\u00e4ch mit dem Magdeburger Generalintendanten Julien Chavaz | Vom Subventionsthron zur Spendenb\u00fcchse? [&hellip;]<\/p>\n","protected":false},"featured_media":11599,"template":"","meta":{"tpgb_global_settings":"","_editorskit_title_hidden":false,"_editorskit_reading_time":0,"_editorskit_is_block_options_detached":false,"_editorskit_block_options_position":"{}","_eb_attr":""},"product_brand":[],"product_cat":[65,1805],"product_tag":[1921,76,378,77],"class_list":{"0":"post-11619","1":"product","2":"type-product","3":"status-publish","4":"has-post-thumbnail","6":"product_cat-ausgaben-print","7":"product_cat-printausgaben-2025","8":"product_tag-06-2025","9":"product_tag-einzelheft","10":"product_tag-opernmagazin","11":"product_tag-print","12":"product_shipping_class-deutschland","14":"first","15":"instock","16":"taxable","17":"shipping-taxable","18":"purchasable","19":"product-type-simple"},"tpgb_featured_images":{"full":["https:\/\/www.orpheus-magazin.de\/wp-content\/uploads\/2025\/10\/orpheus_titel_2025-06.jpg",600,600,false],"tp-image-grid":["https:\/\/www.orpheus-magazin.de\/wp-content\/uploads\/2025\/10\/orpheus_titel_2025-06-700x700.jpg",700,700,true],"thumbnail":["https:\/\/www.orpheus-magazin.de\/wp-content\/uploads\/2025\/10\/orpheus_titel_2025-06-150x150.jpg",150,150,true],"medium":["https:\/\/www.orpheus-magazin.de\/wp-content\/uploads\/2025\/10\/orpheus_titel_2025-06-300x300.jpg",300,300,true],"medium_large":["https:\/\/www.orpheus-magazin.de\/wp-content\/uploads\/2025\/10\/orpheus_titel_2025-06.jpg",600,600,false],"large":["https:\/\/www.orpheus-magazin.de\/wp-content\/uploads\/2025\/10\/orpheus_titel_2025-06.jpg",600,600,false],"default":"https:\/\/www.orpheus-magazin.de\/wp-content\/plugins\/the-plus-addons-for-block-editor\/assets\/images\/tpgb-placeholder.jpg"},"tpgb_post_meta_info":{"get_date":"30. Oktober 2025","get_modified_date":"23. Dezember 2025","category_list":{"product_brand":false,"product_cat":[{"term_id":65,"name":"Einzelausgaben Print","slug":"ausgaben-print","term_group":0,"term_taxonomy_id":65,"taxonomy":"product_cat","description":"","parent":0,"count":62,"filter":"raw","order":"0"},{"term_id":1805,"name":"Printausgaben 2025","slug":"printausgaben-2025","term_group":0,"term_taxonomy_id":1805,"taxonomy":"product_cat","description":"","parent":65,"count":6,"filter":"raw","order":"0"}],"product_tag":[{"term_id":1921,"name":"06\/2025","slug":"06-2025","term_group":0,"term_taxonomy_id":1921,"taxonomy":"product_tag","description":"","parent":0,"count":2,"filter":"raw","order":"0"},{"term_id":76,"name":"Einzelheft","slug":"einzelheft","term_group":0,"term_taxonomy_id":76,"taxonomy":"product_tag","description":"","parent":0,"count":74,"filter":"raw","order":"0"},{"term_id":378,"name":"Opernmagazin","slug":"opernmagazin","term_group":0,"term_taxonomy_id":378,"taxonomy":"product_tag","description":"","parent":0,"count":62,"filter":"raw","order":"0"},{"term_id":77,"name":"Print","slug":"print","term_group":0,"term_taxonomy_id":77,"taxonomy":"product_tag","description":"","parent":0,"count":62,"filter":"raw","order":"0"}]},"comment_count":0,"post_likes":0,"post_views":0},"tpgb_post_category":{"product_cat":"<a href=\"https:\/\/www.orpheus-magazin.de\/de\/product-category\/ausgaben-print\/\" alt=\"Einzelausgaben Print\"  class=\"product_cat-ausgaben-print\">Einzelausgaben Print<\/a> <a href=\"https:\/\/www.orpheus-magazin.de\/de\/product-category\/ausgaben-print\/printausgaben-2025\/\" alt=\"Printausgaben 2025\"  class=\"product_cat-printausgaben-2025\">Printausgaben 2025<\/a> ","product_tag":"<a href=\"https:\/\/www.orpheus-magazin.de\/de\/product-tag\/06-2025\/\" alt=\"06\/2025\"  class=\"product_tag-06-2025\">06\/2025<\/a> <a href=\"https:\/\/www.orpheus-magazin.de\/de\/product-tag\/einzelheft\/\" alt=\"Einzelheft\"  class=\"product_tag-einzelheft\">Einzelheft<\/a> <a href=\"https:\/\/www.orpheus-magazin.de\/de\/product-tag\/opernmagazin\/\" alt=\"Opernmagazin\"  class=\"product_tag-opernmagazin\">Opernmagazin<\/a> <a href=\"https:\/\/www.orpheus-magazin.de\/de\/product-tag\/print\/\" alt=\"Print\"  class=\"product_tag-print\">Print<\/a> "},"tpgb_product_data":{"price_html":"<span class=\"woocommerce-Price-amount amount\"><bdi><span class=\"woocommerce-Price-currencySymbol\">&euro;<\/span>11,90<\/bdi><\/span>","type":"simple","gallery":false,"category":"Einzelausgaben Print","procatslug":"ausgaben-print"},"_links":{"self":[{"href":"https:\/\/www.orpheus-magazin.de\/de\/wp-json\/wp\/v2\/product\/11619","targetHints":{"allow":["GET"]}}],"collection":[{"href":"https:\/\/www.orpheus-magazin.de\/de\/wp-json\/wp\/v2\/product"}],"about":[{"href":"https:\/\/www.orpheus-magazin.de\/de\/wp-json\/wp\/v2\/types\/product"}],"wp:featuredmedia":[{"embeddable":true,"href":"https:\/\/www.orpheus-magazin.de\/de\/wp-json\/wp\/v2\/media\/11599"}],"wp:attachment":[{"href":"https:\/\/www.orpheus-magazin.de\/de\/wp-json\/wp\/v2\/media?parent=11619"}],"wp:term":[{"taxonomy":"product_brand","embeddable":true,"href":"https:\/\/www.orpheus-magazin.de\/de\/wp-json\/wp\/v2\/product_brand?post=11619"},{"taxonomy":"product_cat","embeddable":true,"href":"https:\/\/www.orpheus-magazin.de\/de\/wp-json\/wp\/v2\/product_cat?post=11619"},{"taxonomy":"product_tag","embeddable":true,"href":"https:\/\/www.orpheus-magazin.de\/de\/wp-json\/wp\/v2\/product_tag?post=11619"}],"curies":[{"name":"wp","href":"https:\/\/api.w.org\/{rel}","templated":true}]}}