{"id":13219,"date":"2026-04-17T14:02:19","date_gmt":"2026-04-17T12:02:19","guid":{"rendered":"https:\/\/www.orpheus-magazin.de\/?post_type=product&#038;p=13219"},"modified":"2026-04-17T14:50:27","modified_gmt":"2026-04-17T12:50:27","slug":"pdf-ausgabe-02-2026","status":"publish","type":"product","link":"https:\/\/www.orpheus-magazin.de\/de\/product\/pdf-ausgabe-02-2026\/","title":{"rendered":"PDF-Ausgabe 02\/2026"},"content":{"rendered":"<h2>In dieser Ausgabe lesen Sie:<\/h2>\n<p>Ist das Kunst oder kann das weg? Der Einfluss von KI und Social Media auf das Musiktheater | Vom Countertenor ins Heldenfach: Interview mit Christopher Sokolowski | Talbot Runhof \u2013 Haute Couture f\u00fcr die B\u00fchne | Sopranistin Nikola Hillebrand \u00fcber Operette, Karriere und k\u00fcnstlerische Freiheit | Wie klingt Augsburg-Oberhausen? Einblicke in eine Community Oper im multikulturellen Stadtteil | u.v.m.<\/p>\n<p><a href=\"https:\/\/www.orpheus-magazin.de\/de\/ausgabe-02-2026\/\" target=\"_blank\" rel=\"noopener\">\u00bb Inhaltsverzeichnis<\/a><\/p>\n<p>&nbsp;<\/p>\n<p>&nbsp;<\/p>","protected":false},"excerpt":{"rendered":"<p>In dieser Ausgabe lesen Sie: Ist das Kunst oder kann das weg? Der Einfluss von KI und Social Media auf das Musiktheater | Vom Countertenor ins Heldenfach: Interview mit Christopher Sokolowski | Talbot Runhof \u2013 Haute Couture f\u00fcr die B\u00fchne | Sopranistin Nikola Hillebrand \u00fcber Operette, Karriere und k\u00fcnstlerische Freiheit | Wie klingt Augsburg-Oberhausen? Einblicke [&hellip;]<\/p>\n","protected":false},"featured_media":13216,"template":"","meta":{"tpgb_global_settings":"","_editorskit_title_hidden":false,"_editorskit_reading_time":0,"_editorskit_is_block_options_detached":false,"_editorskit_block_options_position":"{}","_eb_attr":""},"product_brand":[],"product_cat":[66,2018],"product_tag":[2024,79,432],"class_list":{"0":"post-13219","1":"product","2":"type-product","3":"status-publish","4":"has-post-thumbnail","6":"product_cat-ausgaben-digital","7":"product_cat-digitalausgaben-2026","8":"product_tag-02-2026","9":"product_tag-digital","10":"product_tag-einzelheft-digital","12":"first","13":"instock","14":"downloadable","15":"virtual","16":"sold-individually","17":"taxable","18":"purchasable","19":"product-type-simple"},"tpgb_featured_images":{"full":["https:\/\/www.orpheus-magazin.de\/wp-content\/uploads\/2026\/04\/orpheus_titel_2026-02.jpg",600,600,false],"tp-image-grid":["https:\/\/www.orpheus-magazin.de\/wp-content\/uploads\/2026\/04\/orpheus_titel_2026-02-700x700.jpg",700,700,true],"thumbnail":["https:\/\/www.orpheus-magazin.de\/wp-content\/uploads\/2026\/04\/orpheus_titel_2026-02-600x300.jpg",600,300,true],"medium":["https:\/\/www.orpheus-magazin.de\/wp-content\/uploads\/2026\/04\/orpheus_titel_2026-02.jpg",600,600,false],"medium_large":["https:\/\/www.orpheus-magazin.de\/wp-content\/uploads\/2026\/04\/orpheus_titel_2026-02.jpg",600,600,false],"large":["https:\/\/www.orpheus-magazin.de\/wp-content\/uploads\/2026\/04\/orpheus_titel_2026-02.jpg",600,600,false],"default":"https:\/\/www.orpheus-magazin.de\/wp-content\/plugins\/the-plus-addons-for-block-editor\/assets\/images\/tpgb-placeholder.jpg"},"tpgb_post_meta_info":{"get_date":"17. April 2026","get_modified_date":"17. April 2026","category_list":{"product_brand":false,"product_cat":[{"term_id":66,"name":"Einzelausgaben Digital","slug":"ausgaben-digital","term_group":0,"term_taxonomy_id":66,"taxonomy":"product_cat","description":"","parent":0,"count":63,"filter":"raw","order":"0"},{"term_id":2018,"name":"Digitalausgaben 2026","slug":"digitalausgaben-2026","term_group":0,"term_taxonomy_id":2018,"taxonomy":"product_cat","description":"","parent":66,"count":2,"filter":"raw","order":"0"}],"product_tag":[{"term_id":2024,"name":"02\/2026","slug":"02-2026","term_group":0,"term_taxonomy_id":2024,"taxonomy":"product_tag","description":"","parent":0,"count":2,"filter":"raw","order":"0"},{"term_id":79,"name":"Digital","slug":"digital","term_group":0,"term_taxonomy_id":79,"taxonomy":"product_tag","description":"","parent":0,"count":63,"filter":"raw","order":"0"},{"term_id":432,"name":"Einzelheft Digital","slug":"einzelheft-digital","term_group":0,"term_taxonomy_id":432,"taxonomy":"product_tag","description":"","parent":0,"count":51,"filter":"raw","order":"0"}]},"comment_count":0,"post_likes":0,"post_views":0},"tpgb_post_category":{"product_cat":"<a href=\"https:\/\/www.orpheus-magazin.de\/de\/product-category\/ausgaben-digital\/\" alt=\"Einzelausgaben Digital\"  class=\"product_cat-ausgaben-digital\">Einzelausgaben Digital<\/a> <a href=\"https:\/\/www.orpheus-magazin.de\/de\/product-category\/ausgaben-digital\/digitalausgaben-2026\/\" alt=\"Digitalausgaben 2026\"  class=\"product_cat-digitalausgaben-2026\">Digitalausgaben 2026<\/a> ","product_tag":"<a href=\"https:\/\/www.orpheus-magazin.de\/de\/product-tag\/02-2026\/\" alt=\"02\/2026\"  class=\"product_tag-02-2026\">02\/2026<\/a> <a href=\"https:\/\/www.orpheus-magazin.de\/de\/product-tag\/digital\/\" alt=\"Digital\"  class=\"product_tag-digital\">Digital<\/a> <a href=\"https:\/\/www.orpheus-magazin.de\/de\/product-tag\/einzelheft-digital\/\" alt=\"Einzelheft Digital\"  class=\"product_tag-einzelheft-digital\">Einzelheft Digital<\/a> "},"tpgb_product_data":{"price_html":"<span class=\"woocommerce-Price-amount amount\"><bdi><span class=\"woocommerce-Price-currencySymbol\">&euro;<\/span>11,90<\/bdi><\/span>","type":"simple","gallery":false,"category":"Einzelausgaben Digital","procatslug":"ausgaben-digital"},"_links":{"self":[{"href":"https:\/\/www.orpheus-magazin.de\/de\/wp-json\/wp\/v2\/product\/13219","targetHints":{"allow":["GET"]}}],"collection":[{"href":"https:\/\/www.orpheus-magazin.de\/de\/wp-json\/wp\/v2\/product"}],"about":[{"href":"https:\/\/www.orpheus-magazin.de\/de\/wp-json\/wp\/v2\/types\/product"}],"wp:featuredmedia":[{"embeddable":true,"href":"https:\/\/www.orpheus-magazin.de\/de\/wp-json\/wp\/v2\/media\/13216"}],"wp:attachment":[{"href":"https:\/\/www.orpheus-magazin.de\/de\/wp-json\/wp\/v2\/media?parent=13219"}],"wp:term":[{"taxonomy":"product_brand","embeddable":true,"href":"https:\/\/www.orpheus-magazin.de\/de\/wp-json\/wp\/v2\/product_brand?post=13219"},{"taxonomy":"product_cat","embeddable":true,"href":"https:\/\/www.orpheus-magazin.de\/de\/wp-json\/wp\/v2\/product_cat?post=13219"},{"taxonomy":"product_tag","embeddable":true,"href":"https:\/\/www.orpheus-magazin.de\/de\/wp-json\/wp\/v2\/product_tag?post=13219"}],"curies":[{"name":"wp","href":"https:\/\/api.w.org\/{rel}","templated":true}]}}