{"id":4674,"date":"2019-01-01T15:52:57","date_gmt":"2019-01-01T14:52:57","guid":{"rendered":"https:\/\/www.orpheus-magazin.de\/?post_type=product&#038;p=4674"},"modified":"2021-04-16T11:46:17","modified_gmt":"2021-04-16T09:46:17","slug":"print-ausgabe-01-2019","status":"publish","type":"product","link":"https:\/\/www.orpheus-magazin.de\/de\/product\/print-ausgabe-01-2019\/","title":{"rendered":"Print-Ausgabe 01\/2019 Jan\/Feb"},"content":{"rendered":"<p>Eine Karriere f\u00fcr zwei: Olga Peretyatko | Kratzb\u00fcrstige Sch\u00f6nheit: Opernreise nach Neapel | Abschiedsinterview aus Genf: Tobias Richter | Das Junge Ensemble des Theaters an der Wien | Zum Offenbach-Jahr 2019 | u.v.m.<\/p>\n<p>&nbsp;<\/p>\n<p>&nbsp;<\/p>\n<p>&nbsp;<\/p>","protected":false},"excerpt":{"rendered":"<p><a href=\"https:\/\/www.orpheus-magazin.de\/wp-content\/uploads\/2020\/12\/Orpheus-Magazin-Inhaltsverzeichnis-2019_01.pdf\" target=\"_blank\" rel=\"noopener noreferrer\">\u00bb Editorial und Inhaltsverzeichnis herunterladen<\/a><\/p>","protected":false},"featured_media":2387,"template":"","meta":{"tpgb_global_settings":"","_editorskit_title_hidden":false,"_editorskit_reading_time":0,"_editorskit_is_block_options_detached":false,"_editorskit_block_options_position":"{}","_eb_attr":""},"product_brand":[],"product_cat":[65,95],"product_tag":[381,76,378,77],"class_list":{"0":"post-4674","1":"product","2":"type-product","3":"status-publish","4":"has-post-thumbnail","6":"product_cat-ausgaben-print","7":"product_cat-printausgaben_2019","8":"product_tag-01-2019","9":"product_tag-einzelheft","10":"product_tag-opernmagazin","11":"product_tag-print","12":"product_shipping_class-deutschland","14":"first","15":"instock","16":"taxable","17":"shipping-taxable","18":"purchasable","19":"product-type-simple"},"tpgb_featured_images":{"full":["https:\/\/www.orpheus-magazin.de\/wp-content\/uploads\/2020\/12\/orpheus_titel_2019_01.jpg",600,600,false],"tp-image-grid":["https:\/\/www.orpheus-magazin.de\/wp-content\/uploads\/2020\/12\/orpheus_titel_2019_01-700x700.jpg",700,700,true],"thumbnail":["https:\/\/www.orpheus-magazin.de\/wp-content\/uploads\/2020\/12\/orpheus_titel_2019_01-600x300.jpg",600,300,true],"medium":["https:\/\/www.orpheus-magazin.de\/wp-content\/uploads\/2020\/12\/orpheus_titel_2019_01-300x300.jpg",300,300,true],"medium_large":["https:\/\/www.orpheus-magazin.de\/wp-content\/uploads\/2020\/12\/orpheus_titel_2019_01.jpg",600,600,false],"large":["https:\/\/www.orpheus-magazin.de\/wp-content\/uploads\/2020\/12\/orpheus_titel_2019_01.jpg",600,600,false],"default":"https:\/\/www.orpheus-magazin.de\/wp-content\/plugins\/the-plus-addons-for-block-editor\/assets\/images\/tpgb-placeholder.jpg"},"tpgb_post_meta_info":{"get_date":"1. Januar 2019","get_modified_date":"16. April 2021","category_list":{"product_brand":false,"product_cat":[{"term_id":65,"name":"Einzelausgaben Print","slug":"ausgaben-print","term_group":0,"term_taxonomy_id":65,"taxonomy":"product_cat","description":"","parent":0,"count":62,"filter":"raw","order":"0"},{"term_id":95,"name":"Printausgaben 2019","slug":"printausgaben_2019","term_group":0,"term_taxonomy_id":95,"taxonomy":"product_cat","description":"","parent":65,"count":6,"filter":"raw","order":"0"}],"product_tag":[{"term_id":381,"name":"01\/2019","slug":"01-2019","term_group":0,"term_taxonomy_id":381,"taxonomy":"product_tag","description":"","parent":0,"count":2,"filter":"raw","order":"0"},{"term_id":76,"name":"Einzelheft","slug":"einzelheft","term_group":0,"term_taxonomy_id":76,"taxonomy":"product_tag","description":"","parent":0,"count":74,"filter":"raw","order":"0"},{"term_id":378,"name":"Opernmagazin","slug":"opernmagazin","term_group":0,"term_taxonomy_id":378,"taxonomy":"product_tag","description":"","parent":0,"count":62,"filter":"raw","order":"0"},{"term_id":77,"name":"Print","slug":"print","term_group":0,"term_taxonomy_id":77,"taxonomy":"product_tag","description":"","parent":0,"count":62,"filter":"raw","order":"0"}]},"comment_count":0,"post_likes":0,"post_views":0},"tpgb_post_category":{"product_cat":"<a href=\"https:\/\/www.orpheus-magazin.de\/de\/product-category\/ausgaben-print\/\" alt=\"Einzelausgaben Print\"  class=\"product_cat-ausgaben-print\">Einzelausgaben Print<\/a> <a href=\"https:\/\/www.orpheus-magazin.de\/de\/product-category\/ausgaben-print\/printausgaben_2019\/\" alt=\"Printausgaben 2019\"  class=\"product_cat-printausgaben_2019\">Printausgaben 2019<\/a> ","product_tag":"<a href=\"https:\/\/www.orpheus-magazin.de\/de\/product-tag\/01-2019\/\" alt=\"01\/2019\"  class=\"product_tag-01-2019\">01\/2019<\/a> <a href=\"https:\/\/www.orpheus-magazin.de\/de\/product-tag\/einzelheft\/\" alt=\"Einzelheft\"  class=\"product_tag-einzelheft\">Einzelheft<\/a> <a href=\"https:\/\/www.orpheus-magazin.de\/de\/product-tag\/opernmagazin\/\" alt=\"Opernmagazin\"  class=\"product_tag-opernmagazin\">Opernmagazin<\/a> <a href=\"https:\/\/www.orpheus-magazin.de\/de\/product-tag\/print\/\" alt=\"Print\"  class=\"product_tag-print\">Print<\/a> "},"tpgb_product_data":{"price_html":"<span class=\"woocommerce-Price-amount amount\"><bdi><span class=\"woocommerce-Price-currencySymbol\">&euro;<\/span>9,90<\/bdi><\/span>","type":"simple","gallery":false,"category":"Einzelausgaben Print","procatslug":"ausgaben-print"},"_links":{"self":[{"href":"https:\/\/www.orpheus-magazin.de\/de\/wp-json\/wp\/v2\/product\/4674","targetHints":{"allow":["GET"]}}],"collection":[{"href":"https:\/\/www.orpheus-magazin.de\/de\/wp-json\/wp\/v2\/product"}],"about":[{"href":"https:\/\/www.orpheus-magazin.de\/de\/wp-json\/wp\/v2\/types\/product"}],"wp:featuredmedia":[{"embeddable":true,"href":"https:\/\/www.orpheus-magazin.de\/de\/wp-json\/wp\/v2\/media\/2387"}],"wp:attachment":[{"href":"https:\/\/www.orpheus-magazin.de\/de\/wp-json\/wp\/v2\/media?parent=4674"}],"wp:term":[{"taxonomy":"product_brand","embeddable":true,"href":"https:\/\/www.orpheus-magazin.de\/de\/wp-json\/wp\/v2\/product_brand?post=4674"},{"taxonomy":"product_cat","embeddable":true,"href":"https:\/\/www.orpheus-magazin.de\/de\/wp-json\/wp\/v2\/product_cat?post=4674"},{"taxonomy":"product_tag","embeddable":true,"href":"https:\/\/www.orpheus-magazin.de\/de\/wp-json\/wp\/v2\/product_tag?post=4674"}],"curies":[{"name":"wp","href":"https:\/\/api.w.org\/{rel}","templated":true}]}}