{"id":4690,"date":"2017-07-01T17:32:41","date_gmt":"2017-07-01T15:32:41","guid":{"rendered":"https:\/\/www.orpheus-magazin.de\/?post_type=product&#038;p=4690"},"modified":"2021-04-16T12:44:19","modified_gmt":"2021-04-16T10:44:19","slug":"print-ausgabe-04-2017","status":"publish","type":"product","link":"https:\/\/www.orpheus-magazin.de\/de\/product\/print-ausgabe-04-2017\/","title":{"rendered":"Print-Ausgabe 04\/2017 Jul\/Aug"},"content":{"rendered":"<p>Von M\u00fcnchen \u00fcber Salzburg in die Welt: Sopranistin Hanna-Elisabeth M\u00fcller | Leistungsdruck im Opernzirkus | Bariton Scott Hendricks im Portrait | 25 Jahre Erfolgsgeschichte am Nordharzer St\u00e4dtebundtheater | Sparzwang in der Festival-Szene | u.v.m.<\/p>\n<p>&nbsp;<\/p>\n<p>&nbsp;<\/p>\n<p>&nbsp;<\/p>","protected":false},"excerpt":{"rendered":"<p><a href=\"https:\/\/www.orpheus-magazin.de\/wp-content\/uploads\/2020\/12\/Orpheus-Magazin-Inhaltsverzeichnis-2017_04.pdf\" target=\"_blank\" rel=\"noopener noreferrer\">\u00bb Editorial und Inhaltsverzeichnis herunterladen<\/a><\/p>","protected":false},"featured_media":2378,"template":"","meta":{"tpgb_global_settings":"","_editorskit_title_hidden":false,"_editorskit_reading_time":0,"_editorskit_is_block_options_detached":false,"_editorskit_block_options_position":"{}","_eb_attr":""},"product_brand":[],"product_cat":[65,392],"product_tag":[396,76,378,77],"class_list":{"0":"post-4690","1":"product","2":"type-product","3":"status-publish","4":"has-post-thumbnail","6":"product_cat-ausgaben-print","7":"product_cat-printausgaben-2017","8":"product_tag-04-2017","9":"product_tag-einzelheft","10":"product_tag-opernmagazin","11":"product_tag-print","13":"first","14":"instock","15":"taxable","16":"shipping-taxable","17":"purchasable","18":"product-type-simple"},"tpgb_featured_images":{"full":["https:\/\/www.orpheus-magazin.de\/wp-content\/uploads\/2020\/12\/orpheus_titel_2017_04.jpg",600,600,false],"tp-image-grid":["https:\/\/www.orpheus-magazin.de\/wp-content\/uploads\/2020\/12\/orpheus_titel_2017_04-700x700.jpg",700,700,true],"thumbnail":["https:\/\/www.orpheus-magazin.de\/wp-content\/uploads\/2020\/12\/orpheus_titel_2017_04-600x300.jpg",600,300,true],"medium":["https:\/\/www.orpheus-magazin.de\/wp-content\/uploads\/2020\/12\/orpheus_titel_2017_04-300x300.jpg",300,300,true],"medium_large":["https:\/\/www.orpheus-magazin.de\/wp-content\/uploads\/2020\/12\/orpheus_titel_2017_04.jpg",600,600,false],"large":["https:\/\/www.orpheus-magazin.de\/wp-content\/uploads\/2020\/12\/orpheus_titel_2017_04.jpg",600,600,false],"default":"https:\/\/www.orpheus-magazin.de\/wp-content\/plugins\/the-plus-addons-for-block-editor\/assets\/images\/tpgb-placeholder.jpg"},"tpgb_post_meta_info":{"get_date":"1. Juli 2017","get_modified_date":"16. April 2021","category_list":{"product_brand":false,"product_cat":[{"term_id":65,"name":"Einzelausgaben Print","slug":"ausgaben-print","term_group":0,"term_taxonomy_id":65,"taxonomy":"product_cat","description":"","parent":0,"count":62,"filter":"raw","order":"0"},{"term_id":392,"name":"Printausgaben 2017","slug":"printausgaben-2017","term_group":0,"term_taxonomy_id":392,"taxonomy":"product_cat","description":"","parent":65,"count":6,"filter":"raw","order":"0"}],"product_tag":[{"term_id":396,"name":"04\/2017","slug":"04-2017","term_group":0,"term_taxonomy_id":396,"taxonomy":"product_tag","description":"","parent":0,"count":2,"filter":"raw","order":"0"},{"term_id":76,"name":"Einzelheft","slug":"einzelheft","term_group":0,"term_taxonomy_id":76,"taxonomy":"product_tag","description":"","parent":0,"count":74,"filter":"raw","order":"0"},{"term_id":378,"name":"Opernmagazin","slug":"opernmagazin","term_group":0,"term_taxonomy_id":378,"taxonomy":"product_tag","description":"","parent":0,"count":62,"filter":"raw","order":"0"},{"term_id":77,"name":"Print","slug":"print","term_group":0,"term_taxonomy_id":77,"taxonomy":"product_tag","description":"","parent":0,"count":62,"filter":"raw","order":"0"}]},"comment_count":0,"post_likes":0,"post_views":0},"tpgb_post_category":{"product_cat":"<a href=\"https:\/\/www.orpheus-magazin.de\/de\/product-category\/ausgaben-print\/\" alt=\"Einzelausgaben Print\"  class=\"product_cat-ausgaben-print\">Einzelausgaben Print<\/a> <a href=\"https:\/\/www.orpheus-magazin.de\/de\/product-category\/ausgaben-print\/printausgaben-2017\/\" alt=\"Printausgaben 2017\"  class=\"product_cat-printausgaben-2017\">Printausgaben 2017<\/a> ","product_tag":"<a href=\"https:\/\/www.orpheus-magazin.de\/de\/product-tag\/04-2017\/\" alt=\"04\/2017\"  class=\"product_tag-04-2017\">04\/2017<\/a> <a href=\"https:\/\/www.orpheus-magazin.de\/de\/product-tag\/einzelheft\/\" alt=\"Einzelheft\"  class=\"product_tag-einzelheft\">Einzelheft<\/a> <a href=\"https:\/\/www.orpheus-magazin.de\/de\/product-tag\/opernmagazin\/\" alt=\"Opernmagazin\"  class=\"product_tag-opernmagazin\">Opernmagazin<\/a> <a href=\"https:\/\/www.orpheus-magazin.de\/de\/product-tag\/print\/\" alt=\"Print\"  class=\"product_tag-print\">Print<\/a> "},"tpgb_product_data":{"price_html":"<span class=\"woocommerce-Price-amount amount\"><bdi><span class=\"woocommerce-Price-currencySymbol\">&euro;<\/span>9,90<\/bdi><\/span>","type":"simple","gallery":false,"category":"Einzelausgaben Print","procatslug":"ausgaben-print"},"_links":{"self":[{"href":"https:\/\/www.orpheus-magazin.de\/de\/wp-json\/wp\/v2\/product\/4690","targetHints":{"allow":["GET"]}}],"collection":[{"href":"https:\/\/www.orpheus-magazin.de\/de\/wp-json\/wp\/v2\/product"}],"about":[{"href":"https:\/\/www.orpheus-magazin.de\/de\/wp-json\/wp\/v2\/types\/product"}],"wp:featuredmedia":[{"embeddable":true,"href":"https:\/\/www.orpheus-magazin.de\/de\/wp-json\/wp\/v2\/media\/2378"}],"wp:attachment":[{"href":"https:\/\/www.orpheus-magazin.de\/de\/wp-json\/wp\/v2\/media?parent=4690"}],"wp:term":[{"taxonomy":"product_brand","embeddable":true,"href":"https:\/\/www.orpheus-magazin.de\/de\/wp-json\/wp\/v2\/product_brand?post=4690"},{"taxonomy":"product_cat","embeddable":true,"href":"https:\/\/www.orpheus-magazin.de\/de\/wp-json\/wp\/v2\/product_cat?post=4690"},{"taxonomy":"product_tag","embeddable":true,"href":"https:\/\/www.orpheus-magazin.de\/de\/wp-json\/wp\/v2\/product_tag?post=4690"}],"curies":[{"name":"wp","href":"https:\/\/api.w.org\/{rel}","templated":true}]}}