{"id":4731,"date":"2015-11-01T13:55:51","date_gmt":"2015-11-01T12:55:51","guid":{"rendered":"https:\/\/www.orpheus-magazin.de\/?post_type=product&#038;p=4731"},"modified":"2021-04-16T12:58:25","modified_gmt":"2021-04-16T10:58:25","slug":"print-ausgabe-06-2015","status":"publish","type":"product","link":"https:\/\/www.orpheus-magazin.de\/de\/product\/print-ausgabe-06-2015\/","title":{"rendered":"Print-Ausgabe 06\/2015 Nov\/Dez"},"content":{"rendered":"<p>Die Sch\u00f6ne und die T\u00f6ne: Elisabeth Schwarzkopf | \u201eMalerf\u00fcrst\u201c Ernst Fuchs \u00fcber perfekte B\u00fchnenbilder | Dirigent Eraldo Salmieri im Gespr\u00e4ch | Die Serafin-Saga | Auf Tuchf\u00fchlung beim ARD-Musikwettbewerb | u.v.m.<\/p>\n<p>&nbsp;<\/p>\n<p>&nbsp;<\/p>\n<p>&nbsp;<\/p>","protected":false},"excerpt":{"rendered":"<p><a href=\"https:\/\/www.orpheus-magazin.de\/wp-content\/uploads\/2020\/12\/Orpheus-Magazin-Inhaltsverzeichnis-2015_06.pdf\" target=\"_blank\" rel=\"noopener noreferrer\">\u00bb Editorial und Inhaltsverzeichnis herunterladen<\/a><\/p>","protected":false},"featured_media":2368,"template":"","meta":{"tpgb_global_settings":"","_editorskit_title_hidden":false,"_editorskit_reading_time":0,"_editorskit_is_block_options_detached":false,"_editorskit_block_options_position":"{}","_eb_attr":""},"product_brand":[],"product_cat":[65,409],"product_tag":[410,76,378,77],"class_list":{"0":"post-4731","1":"product","2":"type-product","3":"status-publish","4":"has-post-thumbnail","6":"product_cat-ausgaben-print","7":"product_cat-printausgaben-2015","8":"product_tag-06-2015","9":"product_tag-einzelheft","10":"product_tag-opernmagazin","11":"product_tag-print","12":"product_shipping_class-deutschland","14":"first","15":"instock","16":"taxable","17":"shipping-taxable","18":"purchasable","19":"product-type-simple"},"tpgb_featured_images":{"full":["https:\/\/www.orpheus-magazin.de\/wp-content\/uploads\/2020\/12\/orpheus_titel_2015_06.jpg",600,600,false],"tp-image-grid":["https:\/\/www.orpheus-magazin.de\/wp-content\/uploads\/2020\/12\/orpheus_titel_2015_06-700x700.jpg",700,700,true],"thumbnail":["https:\/\/www.orpheus-magazin.de\/wp-content\/uploads\/2020\/12\/orpheus_titel_2015_06-600x300.jpg",600,300,true],"medium":["https:\/\/www.orpheus-magazin.de\/wp-content\/uploads\/2020\/12\/orpheus_titel_2015_06-300x300.jpg",300,300,true],"medium_large":["https:\/\/www.orpheus-magazin.de\/wp-content\/uploads\/2020\/12\/orpheus_titel_2015_06.jpg",600,600,false],"large":["https:\/\/www.orpheus-magazin.de\/wp-content\/uploads\/2020\/12\/orpheus_titel_2015_06.jpg",600,600,false],"default":"https:\/\/www.orpheus-magazin.de\/wp-content\/plugins\/the-plus-addons-for-block-editor\/assets\/images\/tpgb-placeholder.jpg"},"tpgb_post_meta_info":{"get_date":"1. November 2015","get_modified_date":"16. April 2021","category_list":{"product_brand":false,"product_cat":[{"term_id":65,"name":"Einzelausgaben Print","slug":"ausgaben-print","term_group":0,"term_taxonomy_id":65,"taxonomy":"product_cat","description":"","parent":0,"count":62,"filter":"raw","order":"0"},{"term_id":409,"name":"Printausgaben 2015","slug":"printausgaben-2015","term_group":0,"term_taxonomy_id":409,"taxonomy":"product_cat","description":"","parent":65,"count":4,"filter":"raw","order":"0"}],"product_tag":[{"term_id":410,"name":"06\/2015","slug":"06-2015","term_group":0,"term_taxonomy_id":410,"taxonomy":"product_tag","description":"","parent":0,"count":2,"filter":"raw","order":"0"},{"term_id":76,"name":"Einzelheft","slug":"einzelheft","term_group":0,"term_taxonomy_id":76,"taxonomy":"product_tag","description":"","parent":0,"count":74,"filter":"raw","order":"0"},{"term_id":378,"name":"Opernmagazin","slug":"opernmagazin","term_group":0,"term_taxonomy_id":378,"taxonomy":"product_tag","description":"","parent":0,"count":62,"filter":"raw","order":"0"},{"term_id":77,"name":"Print","slug":"print","term_group":0,"term_taxonomy_id":77,"taxonomy":"product_tag","description":"","parent":0,"count":62,"filter":"raw","order":"0"}]},"comment_count":0,"post_likes":0,"post_views":0},"tpgb_post_category":{"product_cat":"<a href=\"https:\/\/www.orpheus-magazin.de\/de\/product-category\/ausgaben-print\/\" alt=\"Einzelausgaben Print\"  class=\"product_cat-ausgaben-print\">Einzelausgaben Print<\/a> <a href=\"https:\/\/www.orpheus-magazin.de\/de\/product-category\/ausgaben-print\/printausgaben-2015\/\" alt=\"Printausgaben 2015\"  class=\"product_cat-printausgaben-2015\">Printausgaben 2015<\/a> ","product_tag":"<a href=\"https:\/\/www.orpheus-magazin.de\/de\/product-tag\/06-2015\/\" alt=\"06\/2015\"  class=\"product_tag-06-2015\">06\/2015<\/a> <a href=\"https:\/\/www.orpheus-magazin.de\/de\/product-tag\/einzelheft\/\" alt=\"Einzelheft\"  class=\"product_tag-einzelheft\">Einzelheft<\/a> <a href=\"https:\/\/www.orpheus-magazin.de\/de\/product-tag\/opernmagazin\/\" alt=\"Opernmagazin\"  class=\"product_tag-opernmagazin\">Opernmagazin<\/a> <a href=\"https:\/\/www.orpheus-magazin.de\/de\/product-tag\/print\/\" alt=\"Print\"  class=\"product_tag-print\">Print<\/a> "},"tpgb_product_data":{"price_html":"<span class=\"woocommerce-Price-amount amount\"><bdi><span class=\"woocommerce-Price-currencySymbol\">&euro;<\/span>9,90<\/bdi><\/span>","type":"simple","gallery":false,"category":"Einzelausgaben Print","procatslug":"ausgaben-print"},"_links":{"self":[{"href":"https:\/\/www.orpheus-magazin.de\/de\/wp-json\/wp\/v2\/product\/4731","targetHints":{"allow":["GET"]}}],"collection":[{"href":"https:\/\/www.orpheus-magazin.de\/de\/wp-json\/wp\/v2\/product"}],"about":[{"href":"https:\/\/www.orpheus-magazin.de\/de\/wp-json\/wp\/v2\/types\/product"}],"wp:featuredmedia":[{"embeddable":true,"href":"https:\/\/www.orpheus-magazin.de\/de\/wp-json\/wp\/v2\/media\/2368"}],"wp:attachment":[{"href":"https:\/\/www.orpheus-magazin.de\/de\/wp-json\/wp\/v2\/media?parent=4731"}],"wp:term":[{"taxonomy":"product_brand","embeddable":true,"href":"https:\/\/www.orpheus-magazin.de\/de\/wp-json\/wp\/v2\/product_brand?post=4731"},{"taxonomy":"product_cat","embeddable":true,"href":"https:\/\/www.orpheus-magazin.de\/de\/wp-json\/wp\/v2\/product_cat?post=4731"},{"taxonomy":"product_tag","embeddable":true,"href":"https:\/\/www.orpheus-magazin.de\/de\/wp-json\/wp\/v2\/product_tag?post=4731"}],"curies":[{"name":"wp","href":"https:\/\/api.w.org\/{rel}","templated":true}]}}