{"id":4992,"date":"2020-07-01T15:29:01","date_gmt":"2020-07-01T13:29:01","guid":{"rendered":"https:\/\/www.orpheus-magazin.de\/?post_type=product&#038;p=4992"},"modified":"2021-02-18T15:35:27","modified_gmt":"2021-02-18T14:35:27","slug":"pdf-ausgabe-04-2020-jul-aug","status":"publish","type":"product","link":"https:\/\/www.orpheus-magazin.de\/de\/product\/pdf-ausgabe-04-2020-jul-aug\/","title":{"rendered":"PDF-Ausgabe 04\/2020 Jul\/Aug"},"content":{"rendered":"<p>Der Verkuppler: Viktor Schoners Stuttgarter Intendanz | \u201eIch bin der Anwalt aller Opern\u201c: Alexander Kluge im Gespr\u00e4ch | Theater in der Krise: kreative Ans\u00e4tze f\u00fcr die Zukunft | Bewahren und Erneuern: Gedanken zur Festival-Szene | Musiktheater aus ganz Europa: die Streaming-Plattform OperaVision | u.v.m.<\/p>\n<p>&nbsp;<\/p>\n<p>&nbsp;<\/p>","protected":false},"excerpt":{"rendered":"<p><a href=\"https:\/\/www.orpheus-magazin.de\/wp-content\/uploads\/2020\/12\/Orpheus-Magazin-Inhaltsverzeichnis-2020_04.pdf\" target=\"_blank\" rel=\"noopener noreferrer\">\u00bb Editorial und Inhaltsverzeichnis herunterladen<\/a><\/p>","protected":false},"featured_media":2396,"template":"","meta":{"tpgb_global_settings":"","_editorskit_title_hidden":false,"_editorskit_reading_time":0,"_editorskit_is_block_options_detached":false,"_editorskit_block_options_position":"{}","_eb_attr":""},"product_brand":[],"product_cat":[96,66],"product_tag":[184,79,432],"class_list":{"0":"post-4992","1":"product","2":"type-product","3":"status-publish","4":"has-post-thumbnail","6":"product_cat-digitalausgaben_2020","7":"product_cat-ausgaben-digital","8":"product_tag-04-2020","9":"product_tag-digital","10":"product_tag-einzelheft-digital","12":"first","13":"instock","14":"downloadable","15":"virtual","16":"sold-individually","17":"taxable","18":"purchasable","19":"product-type-simple"},"tpgb_featured_images":{"full":["https:\/\/www.orpheus-magazin.de\/wp-content\/uploads\/2020\/12\/orpheus_titel_2020_04.jpg",600,600,false],"tp-image-grid":["https:\/\/www.orpheus-magazin.de\/wp-content\/uploads\/2020\/12\/orpheus_titel_2020_04-700x700.jpg",700,700,true],"thumbnail":["https:\/\/www.orpheus-magazin.de\/wp-content\/uploads\/2020\/12\/orpheus_titel_2020_04-600x300.jpg",600,300,true],"medium":["https:\/\/www.orpheus-magazin.de\/wp-content\/uploads\/2020\/12\/orpheus_titel_2020_04-300x300.jpg",300,300,true],"medium_large":["https:\/\/www.orpheus-magazin.de\/wp-content\/uploads\/2020\/12\/orpheus_titel_2020_04.jpg",600,600,false],"large":["https:\/\/www.orpheus-magazin.de\/wp-content\/uploads\/2020\/12\/orpheus_titel_2020_04.jpg",600,600,false],"default":"https:\/\/www.orpheus-magazin.de\/wp-content\/plugins\/the-plus-addons-for-block-editor\/assets\/images\/tpgb-placeholder.jpg"},"tpgb_post_meta_info":{"get_date":"1. Juli 2020","get_modified_date":"18. Februar 2021","category_list":{"product_brand":false,"product_cat":[{"term_id":96,"name":"Digitalausgaben 2020","slug":"digitalausgaben_2020","term_group":0,"term_taxonomy_id":96,"taxonomy":"product_cat","description":"","parent":66,"count":6,"filter":"raw","order":"0"},{"term_id":66,"name":"Einzelausgaben Digital","slug":"ausgaben-digital","term_group":0,"term_taxonomy_id":66,"taxonomy":"product_cat","description":"","parent":0,"count":62,"filter":"raw","order":"0"}],"product_tag":[{"term_id":184,"name":"04\/2020","slug":"04-2020","term_group":0,"term_taxonomy_id":184,"taxonomy":"product_tag","description":"","parent":0,"count":3,"filter":"raw","order":"0"},{"term_id":79,"name":"Digital","slug":"digital","term_group":0,"term_taxonomy_id":79,"taxonomy":"product_tag","description":"","parent":0,"count":62,"filter":"raw","order":"0"},{"term_id":432,"name":"Einzelheft Digital","slug":"einzelheft-digital","term_group":0,"term_taxonomy_id":432,"taxonomy":"product_tag","description":"","parent":0,"count":50,"filter":"raw","order":"0"}]},"comment_count":0,"post_likes":0,"post_views":0},"tpgb_post_category":{"product_cat":"<a href=\"https:\/\/www.orpheus-magazin.de\/de\/product-category\/ausgaben-digital\/digitalausgaben_2020\/\" alt=\"Digitalausgaben 2020\"  class=\"product_cat-digitalausgaben_2020\">Digitalausgaben 2020<\/a> <a href=\"https:\/\/www.orpheus-magazin.de\/de\/product-category\/ausgaben-digital\/\" alt=\"Einzelausgaben Digital\"  class=\"product_cat-ausgaben-digital\">Einzelausgaben Digital<\/a> ","product_tag":"<a href=\"https:\/\/www.orpheus-magazin.de\/de\/product-tag\/04-2020\/\" alt=\"04\/2020\"  class=\"product_tag-04-2020\">04\/2020<\/a> <a href=\"https:\/\/www.orpheus-magazin.de\/de\/product-tag\/digital\/\" alt=\"Digital\"  class=\"product_tag-digital\">Digital<\/a> <a href=\"https:\/\/www.orpheus-magazin.de\/de\/product-tag\/einzelheft-digital\/\" alt=\"Einzelheft Digital\"  class=\"product_tag-einzelheft-digital\">Einzelheft Digital<\/a> "},"tpgb_product_data":{"price_html":"<span class=\"woocommerce-Price-amount amount\"><bdi><span class=\"woocommerce-Price-currencySymbol\">&euro;<\/span>7,90<\/bdi><\/span>","type":"simple","gallery":false,"category":"Digitalausgaben 2020","procatslug":"digitalausgaben_2020"},"_links":{"self":[{"href":"https:\/\/www.orpheus-magazin.de\/de\/wp-json\/wp\/v2\/product\/4992","targetHints":{"allow":["GET"]}}],"collection":[{"href":"https:\/\/www.orpheus-magazin.de\/de\/wp-json\/wp\/v2\/product"}],"about":[{"href":"https:\/\/www.orpheus-magazin.de\/de\/wp-json\/wp\/v2\/types\/product"}],"wp:featuredmedia":[{"embeddable":true,"href":"https:\/\/www.orpheus-magazin.de\/de\/wp-json\/wp\/v2\/media\/2396"}],"wp:attachment":[{"href":"https:\/\/www.orpheus-magazin.de\/de\/wp-json\/wp\/v2\/media?parent=4992"}],"wp:term":[{"taxonomy":"product_brand","embeddable":true,"href":"https:\/\/www.orpheus-magazin.de\/de\/wp-json\/wp\/v2\/product_brand?post=4992"},{"taxonomy":"product_cat","embeddable":true,"href":"https:\/\/www.orpheus-magazin.de\/de\/wp-json\/wp\/v2\/product_cat?post=4992"},{"taxonomy":"product_tag","embeddable":true,"href":"https:\/\/www.orpheus-magazin.de\/de\/wp-json\/wp\/v2\/product_tag?post=4992"}],"curies":[{"name":"wp","href":"https:\/\/api.w.org\/{rel}","templated":true}]}}