{"id":4998,"date":"2019-03-01T16:09:31","date_gmt":"2019-03-01T15:09:31","guid":{"rendered":"https:\/\/www.orpheus-magazin.de\/?post_type=product&#038;p=4998"},"modified":"2021-02-18T16:15:07","modified_gmt":"2021-02-18T15:15:07","slug":"pdf-ausgabe-02-2019-mar-apr","status":"publish","type":"product","link":"https:\/\/www.orpheus-magazin.de\/de\/product\/pdf-ausgabe-02-2019-mar-apr\/","title":{"rendered":"PDF-Ausgabe 02\/2019 Mar\/Apr"},"content":{"rendered":"<p>El\u012bna Garan\u010da im Portrait | Welt aus den Fugen: Intendant Hermann Schneider zur kulturpolitischen Situation am Landestheater Linz | Musikvermittlung in Augsburg und Hannover | Oper trotz Terror: ein sehr pers\u00f6nlicher Bericht aus Strasbourg | Kitsch as Kitsch can \u00e0 la Geschwister Pfister: die Operetten-Preistr\u00e4ger 2019 | u.v.m.<\/p>\n<p>&nbsp;<\/p>","protected":false},"excerpt":{"rendered":"<p><a href=\"https:\/\/www.orpheus-magazin.de\/wp-content\/uploads\/2020\/12\/Orpheus-Magazin-Inhaltsverzeichnis-2019_02.pdf\" target=\"_blank\" rel=\"noopener noreferrer\">&#8230; Editorial und Inhaltsverzeichnis herunterladen<\/a><\/p>","protected":false},"featured_media":2388,"template":"","meta":{"tpgb_global_settings":"","_editorskit_title_hidden":false,"_editorskit_reading_time":0,"_editorskit_is_block_options_detached":false,"_editorskit_block_options_position":"{}","_eb_attr":""},"product_brand":[],"product_cat":[97,66],"product_tag":[383,79,76],"class_list":{"0":"post-4998","1":"product","2":"type-product","3":"status-publish","4":"has-post-thumbnail","6":"product_cat-digitalausgaben_2019","7":"product_cat-ausgaben-digital","8":"product_tag-02-2019","9":"product_tag-digital","10":"product_tag-einzelheft","12":"first","13":"instock","14":"downloadable","15":"virtual","16":"sold-individually","17":"taxable","18":"purchasable","19":"product-type-simple"},"tpgb_featured_images":{"full":["https:\/\/www.orpheus-magazin.de\/wp-content\/uploads\/2020\/12\/orpheus_titel_2019_02.jpg",600,600,false],"tp-image-grid":["https:\/\/www.orpheus-magazin.de\/wp-content\/uploads\/2020\/12\/orpheus_titel_2019_02-700x700.jpg",700,700,true],"thumbnail":["https:\/\/www.orpheus-magazin.de\/wp-content\/uploads\/2020\/12\/orpheus_titel_2019_02-600x300.jpg",600,300,true],"medium":["https:\/\/www.orpheus-magazin.de\/wp-content\/uploads\/2020\/12\/orpheus_titel_2019_02-300x300.jpg",300,300,true],"medium_large":["https:\/\/www.orpheus-magazin.de\/wp-content\/uploads\/2020\/12\/orpheus_titel_2019_02.jpg",600,600,false],"large":["https:\/\/www.orpheus-magazin.de\/wp-content\/uploads\/2020\/12\/orpheus_titel_2019_02.jpg",600,600,false],"default":"https:\/\/www.orpheus-magazin.de\/wp-content\/plugins\/the-plus-addons-for-block-editor\/assets\/images\/tpgb-placeholder.jpg"},"tpgb_post_meta_info":{"get_date":"1. M\u00e4rz 2019","get_modified_date":"18. Februar 2021","category_list":{"product_brand":false,"product_cat":[{"term_id":97,"name":"Digitalausgaben 2019","slug":"digitalausgaben_2019","term_group":0,"term_taxonomy_id":97,"taxonomy":"product_cat","description":"","parent":66,"count":6,"filter":"raw","order":"0"},{"term_id":66,"name":"Einzelausgaben Digital","slug":"ausgaben-digital","term_group":0,"term_taxonomy_id":66,"taxonomy":"product_cat","description":"","parent":0,"count":62,"filter":"raw","order":"0"}],"product_tag":[{"term_id":383,"name":"02\/2019","slug":"02-2019","term_group":0,"term_taxonomy_id":383,"taxonomy":"product_tag","description":"","parent":0,"count":2,"filter":"raw","order":"0"},{"term_id":79,"name":"Digital","slug":"digital","term_group":0,"term_taxonomy_id":79,"taxonomy":"product_tag","description":"","parent":0,"count":62,"filter":"raw","order":"0"},{"term_id":76,"name":"Einzelheft","slug":"einzelheft","term_group":0,"term_taxonomy_id":76,"taxonomy":"product_tag","description":"","parent":0,"count":74,"filter":"raw","order":"0"}]},"comment_count":0,"post_likes":0,"post_views":0},"tpgb_post_category":{"product_cat":"<a href=\"https:\/\/www.orpheus-magazin.de\/de\/product-category\/ausgaben-digital\/digitalausgaben_2019\/\" alt=\"Digitalausgaben 2019\"  class=\"product_cat-digitalausgaben_2019\">Digitalausgaben 2019<\/a> <a href=\"https:\/\/www.orpheus-magazin.de\/de\/product-category\/ausgaben-digital\/\" alt=\"Einzelausgaben Digital\"  class=\"product_cat-ausgaben-digital\">Einzelausgaben Digital<\/a> ","product_tag":"<a href=\"https:\/\/www.orpheus-magazin.de\/de\/product-tag\/02-2019\/\" alt=\"02\/2019\"  class=\"product_tag-02-2019\">02\/2019<\/a> <a href=\"https:\/\/www.orpheus-magazin.de\/de\/product-tag\/digital\/\" alt=\"Digital\"  class=\"product_tag-digital\">Digital<\/a> <a href=\"https:\/\/www.orpheus-magazin.de\/de\/product-tag\/einzelheft\/\" alt=\"Einzelheft\"  class=\"product_tag-einzelheft\">Einzelheft<\/a> "},"tpgb_product_data":{"price_html":"<span class=\"woocommerce-Price-amount amount\"><bdi><span class=\"woocommerce-Price-currencySymbol\">&euro;<\/span>7,90<\/bdi><\/span>","type":"simple","gallery":false,"category":"Digitalausgaben 2019","procatslug":"digitalausgaben_2019"},"_links":{"self":[{"href":"https:\/\/www.orpheus-magazin.de\/de\/wp-json\/wp\/v2\/product\/4998","targetHints":{"allow":["GET"]}}],"collection":[{"href":"https:\/\/www.orpheus-magazin.de\/de\/wp-json\/wp\/v2\/product"}],"about":[{"href":"https:\/\/www.orpheus-magazin.de\/de\/wp-json\/wp\/v2\/types\/product"}],"wp:featuredmedia":[{"embeddable":true,"href":"https:\/\/www.orpheus-magazin.de\/de\/wp-json\/wp\/v2\/media\/2388"}],"wp:attachment":[{"href":"https:\/\/www.orpheus-magazin.de\/de\/wp-json\/wp\/v2\/media?parent=4998"}],"wp:term":[{"taxonomy":"product_brand","embeddable":true,"href":"https:\/\/www.orpheus-magazin.de\/de\/wp-json\/wp\/v2\/product_brand?post=4998"},{"taxonomy":"product_cat","embeddable":true,"href":"https:\/\/www.orpheus-magazin.de\/de\/wp-json\/wp\/v2\/product_cat?post=4998"},{"taxonomy":"product_tag","embeddable":true,"href":"https:\/\/www.orpheus-magazin.de\/de\/wp-json\/wp\/v2\/product_tag?post=4998"}],"curies":[{"name":"wp","href":"https:\/\/api.w.org\/{rel}","templated":true}]}}