{"id":5015,"date":"2017-10-01T15:51:44","date_gmt":"2017-10-01T13:51:44","guid":{"rendered":"https:\/\/www.orpheus-magazin.de\/?post_type=product&#038;p=5015"},"modified":"2021-02-21T17:26:01","modified_gmt":"2021-02-21T16:26:01","slug":"pdf-ausgabe-05-2017-sep-okt","status":"publish","type":"product","link":"https:\/\/www.orpheus-magazin.de\/de\/product\/pdf-ausgabe-05-2017-sep-okt\/","title":{"rendered":"PDF-Ausgabe 05\/2017 Sep\/Okt"},"content":{"rendered":"<p>Violinistin, Pianistin, Komponistin: Alma Deutscher | Max Emanuel Cencic, Countertenor und Autodidakt | Eine W\u00fcrdigung von Sir Jeffrey Tate | \u201eDasJati\u201c in Bangkok: das l\u00e4ngste Musikdrama der Welt | Die Op\u00e9ra national du Rhin im deutsch-franz\u00f6sischen Spannungsfeld | u.v.m.<\/p>","protected":false},"excerpt":{"rendered":"<p><a href=\"https:\/\/www.orpheus-magazin.de\/wp-content\/uploads\/2020\/12\/Orpheus-Magazin-Inhaltsverzeichnis-2017_05.pdf\" target=\"_blank\" rel=\"noopener noreferrer\">\u00bb Editorial und Inhaltsverzeichnis herunterladen<\/a><\/p>","protected":false},"featured_media":2379,"template":"","meta":{"tpgb_global_settings":"","_editorskit_title_hidden":false,"_editorskit_reading_time":0,"_editorskit_is_block_options_detached":false,"_editorskit_block_options_position":"{}","_eb_attr":""},"product_brand":[],"product_cat":[66,502],"product_tag":[400,79,432],"class_list":{"0":"post-5015","1":"product","2":"type-product","3":"status-publish","4":"has-post-thumbnail","6":"product_cat-ausgaben-digital","7":"product_cat-digitalausgaben-2017","8":"product_tag-05-2017","9":"product_tag-digital","10":"product_tag-einzelheft-digital","12":"first","13":"instock","14":"downloadable","15":"virtual","16":"sold-individually","17":"taxable","18":"purchasable","19":"product-type-simple"},"tpgb_featured_images":{"full":["https:\/\/www.orpheus-magazin.de\/wp-content\/uploads\/2020\/12\/orpheus_titel_2017_05.jpg",600,600,false],"tp-image-grid":["https:\/\/www.orpheus-magazin.de\/wp-content\/uploads\/2020\/12\/orpheus_titel_2017_05-700x700.jpg",700,700,true],"thumbnail":["https:\/\/www.orpheus-magazin.de\/wp-content\/uploads\/2020\/12\/orpheus_titel_2017_05-600x300.jpg",600,300,true],"medium":["https:\/\/www.orpheus-magazin.de\/wp-content\/uploads\/2020\/12\/orpheus_titel_2017_05-300x300.jpg",300,300,true],"medium_large":["https:\/\/www.orpheus-magazin.de\/wp-content\/uploads\/2020\/12\/orpheus_titel_2017_05.jpg",600,600,false],"large":["https:\/\/www.orpheus-magazin.de\/wp-content\/uploads\/2020\/12\/orpheus_titel_2017_05.jpg",600,600,false],"default":"https:\/\/www.orpheus-magazin.de\/wp-content\/plugins\/the-plus-addons-for-block-editor\/assets\/images\/tpgb-placeholder.jpg"},"tpgb_post_meta_info":{"get_date":"1. Oktober 2017","get_modified_date":"21. Februar 2021","category_list":{"product_brand":false,"product_cat":[{"term_id":66,"name":"Einzelausgaben Digital","slug":"ausgaben-digital","term_group":0,"term_taxonomy_id":66,"taxonomy":"product_cat","description":"","parent":0,"count":62,"filter":"raw","order":"0"},{"term_id":502,"name":"Digitalausgaben 2017","slug":"digitalausgaben-2017","term_group":0,"term_taxonomy_id":502,"taxonomy":"product_cat","description":"","parent":66,"count":6,"filter":"raw","order":"0"}],"product_tag":[{"term_id":400,"name":"05\/2017","slug":"05-2017","term_group":0,"term_taxonomy_id":400,"taxonomy":"product_tag","description":"","parent":0,"count":2,"filter":"raw","order":"0"},{"term_id":79,"name":"Digital","slug":"digital","term_group":0,"term_taxonomy_id":79,"taxonomy":"product_tag","description":"","parent":0,"count":62,"filter":"raw","order":"0"},{"term_id":432,"name":"Einzelheft Digital","slug":"einzelheft-digital","term_group":0,"term_taxonomy_id":432,"taxonomy":"product_tag","description":"","parent":0,"count":50,"filter":"raw","order":"0"}]},"comment_count":0,"post_likes":0,"post_views":0},"tpgb_post_category":{"product_cat":"<a href=\"https:\/\/www.orpheus-magazin.de\/de\/product-category\/ausgaben-digital\/\" alt=\"Einzelausgaben Digital\"  class=\"product_cat-ausgaben-digital\">Einzelausgaben Digital<\/a> <a href=\"https:\/\/www.orpheus-magazin.de\/de\/product-category\/ausgaben-digital\/digitalausgaben-2017\/\" alt=\"Digitalausgaben 2017\"  class=\"product_cat-digitalausgaben-2017\">Digitalausgaben 2017<\/a> ","product_tag":"<a href=\"https:\/\/www.orpheus-magazin.de\/de\/product-tag\/05-2017\/\" alt=\"05\/2017\"  class=\"product_tag-05-2017\">05\/2017<\/a> <a href=\"https:\/\/www.orpheus-magazin.de\/de\/product-tag\/digital\/\" alt=\"Digital\"  class=\"product_tag-digital\">Digital<\/a> <a href=\"https:\/\/www.orpheus-magazin.de\/de\/product-tag\/einzelheft-digital\/\" alt=\"Einzelheft Digital\"  class=\"product_tag-einzelheft-digital\">Einzelheft Digital<\/a> "},"tpgb_product_data":{"price_html":"<span class=\"woocommerce-Price-amount amount\"><bdi><span class=\"woocommerce-Price-currencySymbol\">&euro;<\/span>7,90<\/bdi><\/span>","type":"simple","gallery":false,"category":"Einzelausgaben Digital","procatslug":"ausgaben-digital"},"_links":{"self":[{"href":"https:\/\/www.orpheus-magazin.de\/de\/wp-json\/wp\/v2\/product\/5015","targetHints":{"allow":["GET"]}}],"collection":[{"href":"https:\/\/www.orpheus-magazin.de\/de\/wp-json\/wp\/v2\/product"}],"about":[{"href":"https:\/\/www.orpheus-magazin.de\/de\/wp-json\/wp\/v2\/types\/product"}],"wp:featuredmedia":[{"embeddable":true,"href":"https:\/\/www.orpheus-magazin.de\/de\/wp-json\/wp\/v2\/media\/2379"}],"wp:attachment":[{"href":"https:\/\/www.orpheus-magazin.de\/de\/wp-json\/wp\/v2\/media?parent=5015"}],"wp:term":[{"taxonomy":"product_brand","embeddable":true,"href":"https:\/\/www.orpheus-magazin.de\/de\/wp-json\/wp\/v2\/product_brand?post=5015"},{"taxonomy":"product_cat","embeddable":true,"href":"https:\/\/www.orpheus-magazin.de\/de\/wp-json\/wp\/v2\/product_cat?post=5015"},{"taxonomy":"product_tag","embeddable":true,"href":"https:\/\/www.orpheus-magazin.de\/de\/wp-json\/wp\/v2\/product_tag?post=5015"}],"curies":[{"name":"wp","href":"https:\/\/api.w.org\/{rel}","templated":true}]}}