{"id":6502,"date":"2021-08-31T08:30:09","date_gmt":"2021-08-31T06:30:09","guid":{"rendered":"https:\/\/www.orpheus-magazin.de\/?post_type=product&#038;p=6502"},"modified":"2021-11-22T14:06:13","modified_gmt":"2021-11-22T13:06:13","slug":"pdf-ausgabe-05-2021","status":"publish","type":"product","link":"https:\/\/www.orpheus-magazin.de\/de\/product\/pdf-ausgabe-05-2021\/","title":{"rendered":"PDF-Ausgabe 05\/2021 September\/Oktober"},"content":{"rendered":"<h2>In dieser Ausgabe lesen Sie:<\/h2>\n<p>Reise durch die deutschsprachige Musiktheaterlandschaft | Stewart Copelands j\u00fcngste Oper \u201eElectric Saint\u201c | Ein ungew\u00f6hnlicher Sommer f\u00fcr die Bayreuther Festspiele | Die israelische Koloratursopranistin Hila Fahima | Pionier im Schatten gro\u00dfer Meister: zum 100. Todestag von Engelbert Humperdinck | u.v.m.<\/p>\n<p><a href=\"https:\/\/www.orpheus-magazin.de\/de\/ausgabe-05-2021\/\" target=\"_blank\" rel=\"noopener\">\u00bb Inhaltsverzeichnis und Leseproben<\/a><\/p>\n<p>&nbsp;<\/p>\n<p>&nbsp;<\/p>","protected":false},"excerpt":{"rendered":"<p>In dieser Ausgabe lesen Sie: Reise durch die deutschsprachige Musiktheaterlandschaft | Stewart Copelands j\u00fcngste Oper \u201eElectric Saint\u201c | Ein ungew\u00f6hnlicher Sommer f\u00fcr die Bayreuther Festspiele | Die israelische Koloratursopranistin Hila Fahima | Pionier im Schatten gro\u00dfer Meister: zum 100. Todestag von Engelbert Humperdinck | u.v.m. \u00bb Inhaltsverzeichnis und Leseproben &nbsp; &nbsp;<\/p>","protected":false},"featured_media":6498,"template":"","meta":{"tpgb_global_settings":"","_editorskit_title_hidden":false,"_editorskit_reading_time":0,"_editorskit_is_block_options_detached":false,"_editorskit_block_options_position":"{}","_eb_attr":""},"product_brand":[],"product_cat":[66,1238],"product_tag":[1431,79,432],"class_list":{"0":"post-6502","1":"product","2":"type-product","3":"status-publish","4":"has-post-thumbnail","6":"product_cat-ausgaben-digital","7":"product_cat-digitalausgaben-2021","8":"product_tag-05-2021","9":"product_tag-digital","10":"product_tag-einzelheft-digital","12":"first","13":"instock","14":"downloadable","15":"virtual","16":"sold-individually","17":"taxable","18":"purchasable","19":"product-type-simple"},"tpgb_featured_images":{"full":["https:\/\/www.orpheus-magazin.de\/wp-content\/uploads\/2021\/08\/orpheus_titel_2021-05.jpg",600,600,false],"tp-image-grid":["https:\/\/www.orpheus-magazin.de\/wp-content\/uploads\/2021\/08\/orpheus_titel_2021-05.jpg",600,600,false],"thumbnail":["https:\/\/www.orpheus-magazin.de\/wp-content\/uploads\/2021\/08\/orpheus_titel_2021-05-150x150.jpg",150,150,true],"medium":["https:\/\/www.orpheus-magazin.de\/wp-content\/uploads\/2021\/08\/orpheus_titel_2021-05-300x300.jpg",300,300,true],"medium_large":["https:\/\/www.orpheus-magazin.de\/wp-content\/uploads\/2021\/08\/orpheus_titel_2021-05.jpg",600,600,false],"large":["https:\/\/www.orpheus-magazin.de\/wp-content\/uploads\/2021\/08\/orpheus_titel_2021-05.jpg",600,600,false],"default":"https:\/\/www.orpheus-magazin.de\/wp-content\/plugins\/the-plus-addons-for-block-editor\/assets\/images\/tpgb-placeholder.jpg"},"tpgb_post_meta_info":{"get_date":"31. August 2021","get_modified_date":"22. November 2021","category_list":{"product_brand":false,"product_cat":[{"term_id":66,"name":"Einzelausgaben Digital","slug":"ausgaben-digital","term_group":0,"term_taxonomy_id":66,"taxonomy":"product_cat","description":"","parent":0,"count":63,"filter":"raw","order":"0"},{"term_id":1238,"name":"Digitalausgaben 2021","slug":"digitalausgaben-2021","term_group":0,"term_taxonomy_id":1238,"taxonomy":"product_cat","description":"","parent":66,"count":4,"filter":"raw","order":"0"}],"product_tag":[{"term_id":1431,"name":"05\/2021","slug":"05-2021","term_group":0,"term_taxonomy_id":1431,"taxonomy":"product_tag","description":"","parent":0,"count":2,"filter":"raw","order":"0"},{"term_id":79,"name":"Digital","slug":"digital","term_group":0,"term_taxonomy_id":79,"taxonomy":"product_tag","description":"","parent":0,"count":63,"filter":"raw","order":"0"},{"term_id":432,"name":"Einzelheft Digital","slug":"einzelheft-digital","term_group":0,"term_taxonomy_id":432,"taxonomy":"product_tag","description":"","parent":0,"count":51,"filter":"raw","order":"0"}]},"comment_count":0,"post_likes":0,"post_views":0},"tpgb_post_category":{"product_cat":"<a href=\"https:\/\/www.orpheus-magazin.de\/de\/product-category\/ausgaben-digital\/\" alt=\"Einzelausgaben Digital\"  class=\"product_cat-ausgaben-digital\">Einzelausgaben Digital<\/a> <a href=\"https:\/\/www.orpheus-magazin.de\/de\/product-category\/ausgaben-digital\/digitalausgaben-2021\/\" alt=\"Digitalausgaben 2021\"  class=\"product_cat-digitalausgaben-2021\">Digitalausgaben 2021<\/a> ","product_tag":"<a href=\"https:\/\/www.orpheus-magazin.de\/de\/product-tag\/05-2021\/\" alt=\"05\/2021\"  class=\"product_tag-05-2021\">05\/2021<\/a> <a href=\"https:\/\/www.orpheus-magazin.de\/de\/product-tag\/digital\/\" alt=\"Digital\"  class=\"product_tag-digital\">Digital<\/a> <a href=\"https:\/\/www.orpheus-magazin.de\/de\/product-tag\/einzelheft-digital\/\" alt=\"Einzelheft Digital\"  class=\"product_tag-einzelheft-digital\">Einzelheft Digital<\/a> "},"tpgb_product_data":{"price_html":"<span class=\"woocommerce-Price-amount amount\"><bdi><span class=\"woocommerce-Price-currencySymbol\">&euro;<\/span>7,90<\/bdi><\/span>","type":"simple","gallery":false,"category":"Einzelausgaben Digital","procatslug":"ausgaben-digital"},"_links":{"self":[{"href":"https:\/\/www.orpheus-magazin.de\/de\/wp-json\/wp\/v2\/product\/6502","targetHints":{"allow":["GET"]}}],"collection":[{"href":"https:\/\/www.orpheus-magazin.de\/de\/wp-json\/wp\/v2\/product"}],"about":[{"href":"https:\/\/www.orpheus-magazin.de\/de\/wp-json\/wp\/v2\/types\/product"}],"wp:featuredmedia":[{"embeddable":true,"href":"https:\/\/www.orpheus-magazin.de\/de\/wp-json\/wp\/v2\/media\/6498"}],"wp:attachment":[{"href":"https:\/\/www.orpheus-magazin.de\/de\/wp-json\/wp\/v2\/media?parent=6502"}],"wp:term":[{"taxonomy":"product_brand","embeddable":true,"href":"https:\/\/www.orpheus-magazin.de\/de\/wp-json\/wp\/v2\/product_brand?post=6502"},{"taxonomy":"product_cat","embeddable":true,"href":"https:\/\/www.orpheus-magazin.de\/de\/wp-json\/wp\/v2\/product_cat?post=6502"},{"taxonomy":"product_tag","embeddable":true,"href":"https:\/\/www.orpheus-magazin.de\/de\/wp-json\/wp\/v2\/product_tag?post=6502"}],"curies":[{"name":"wp","href":"https:\/\/api.w.org\/{rel}","templated":true}]}}