{"id":7561,"date":"2022-04-27T16:06:28","date_gmt":"2022-04-27T14:06:28","guid":{"rendered":"https:\/\/www.orpheus-magazin.de\/?post_type=product&#038;p=7561"},"modified":"2022-04-27T17:32:08","modified_gmt":"2022-04-27T15:32:08","slug":"pdf-ausgabe-03-2022","status":"publish","type":"product","link":"https:\/\/www.orpheus-magazin.de\/de\/product\/pdf-ausgabe-03-2022\/","title":{"rendered":"PDF-Ausgabe 03\/2022 Mai\/Juni"},"content":{"rendered":"<h2>In dieser Ausgabe lesen Sie:<\/h2>\n<p>Liudmyla statt Anna \u2013 die neue Turandot an der Met | 100 Jahre H\u00e4ndel-Festspiele Halle | Richard Brunel \u00fcber seine Pl\u00e4ne an der Op\u00e9ra de Lyon | Der Shakespeare des Musiktheaters: eine Hommage an Stephen Sondheim | Das musikdramatische Erbe der DDR | u.v.m.<\/p>\n<p><a href=\"https:\/\/www.orpheus-magazin.de\/de\/ausgabe-03-2022\/\" target=\"_blank\" rel=\"noopener\">\u00bb Inhaltsverzeichnis und Leseproben<\/a><\/p>\n<p>&nbsp;<\/p>\n<p>&nbsp;<\/p>","protected":false},"excerpt":{"rendered":"<p>In dieser Ausgabe lesen Sie: Liudmyla statt Anna \u2013 die neue Turandot an der Met | 100 Jahre H\u00e4ndel-Festspiele Halle | Richard Brunel \u00fcber seine Pl\u00e4ne an der Op\u00e9ra de Lyon | Der Shakespeare des Musiktheaters: eine Hommage an Stephen Sondheim | Das musikdramatische Erbe der DDR | u.v.m. \u00bb Inhaltsverzeichnis und Leseproben &nbsp; &nbsp;<\/p>","protected":false},"featured_media":7529,"template":"","meta":{"tpgb_global_settings":"","_editorskit_title_hidden":false,"_editorskit_reading_time":0,"_editorskit_is_block_options_detached":false,"_editorskit_block_options_position":"{}","_eb_attr":""},"product_brand":[],"product_cat":[66,1596],"product_tag":[1602,79,432],"class_list":{"0":"post-7561","1":"product","2":"type-product","3":"status-publish","4":"has-post-thumbnail","6":"product_cat-ausgaben-digital","7":"product_cat-digitalausgaben-2022","8":"product_tag-03-2022","9":"product_tag-digital","10":"product_tag-einzelheft-digital","12":"first","13":"instock","14":"downloadable","15":"virtual","16":"sold-individually","17":"taxable","18":"purchasable","19":"product-type-simple"},"tpgb_featured_images":{"full":["https:\/\/www.orpheus-magazin.de\/wp-content\/uploads\/2022\/04\/orpheus_titel_2022-03.jpg",600,600,false],"tp-image-grid":["https:\/\/www.orpheus-magazin.de\/wp-content\/uploads\/2022\/04\/orpheus_titel_2022-03.jpg",600,600,false],"thumbnail":["https:\/\/www.orpheus-magazin.de\/wp-content\/uploads\/2022\/04\/orpheus_titel_2022-03-150x150.jpg",150,150,true],"medium":["https:\/\/www.orpheus-magazin.de\/wp-content\/uploads\/2022\/04\/orpheus_titel_2022-03-300x300.jpg",300,300,true],"medium_large":["https:\/\/www.orpheus-magazin.de\/wp-content\/uploads\/2022\/04\/orpheus_titel_2022-03.jpg",600,600,false],"large":["https:\/\/www.orpheus-magazin.de\/wp-content\/uploads\/2022\/04\/orpheus_titel_2022-03.jpg",600,600,false],"default":"https:\/\/www.orpheus-magazin.de\/wp-content\/plugins\/the-plus-addons-for-block-editor\/assets\/images\/tpgb-placeholder.jpg"},"tpgb_post_meta_info":{"get_date":"27. April 2022","get_modified_date":"27. April 2022","category_list":{"product_brand":false,"product_cat":[{"term_id":66,"name":"Einzelausgaben Digital","slug":"ausgaben-digital","term_group":0,"term_taxonomy_id":66,"taxonomy":"product_cat","description":"","parent":0,"count":62,"filter":"raw","order":"0"},{"term_id":1596,"name":"Digitalausgaben 2022","slug":"digitalausgaben-2022","term_group":0,"term_taxonomy_id":1596,"taxonomy":"product_cat","description":"","parent":66,"count":5,"filter":"raw","order":"0"}],"product_tag":[{"term_id":1602,"name":"03\/2022","slug":"03-2022","term_group":0,"term_taxonomy_id":1602,"taxonomy":"product_tag","description":"","parent":0,"count":2,"filter":"raw","order":"0"},{"term_id":79,"name":"Digital","slug":"digital","term_group":0,"term_taxonomy_id":79,"taxonomy":"product_tag","description":"","parent":0,"count":62,"filter":"raw","order":"0"},{"term_id":432,"name":"Einzelheft Digital","slug":"einzelheft-digital","term_group":0,"term_taxonomy_id":432,"taxonomy":"product_tag","description":"","parent":0,"count":50,"filter":"raw","order":"0"}]},"comment_count":0,"post_likes":0,"post_views":0},"tpgb_post_category":{"product_cat":"<a href=\"https:\/\/www.orpheus-magazin.de\/de\/product-category\/ausgaben-digital\/\" alt=\"Einzelausgaben Digital\"  class=\"product_cat-ausgaben-digital\">Einzelausgaben Digital<\/a> <a href=\"https:\/\/www.orpheus-magazin.de\/de\/product-category\/ausgaben-digital\/digitalausgaben-2022\/\" alt=\"Digitalausgaben 2022\"  class=\"product_cat-digitalausgaben-2022\">Digitalausgaben 2022<\/a> ","product_tag":"<a href=\"https:\/\/www.orpheus-magazin.de\/de\/product-tag\/03-2022\/\" alt=\"03\/2022\"  class=\"product_tag-03-2022\">03\/2022<\/a> <a href=\"https:\/\/www.orpheus-magazin.de\/de\/product-tag\/digital\/\" alt=\"Digital\"  class=\"product_tag-digital\">Digital<\/a> <a href=\"https:\/\/www.orpheus-magazin.de\/de\/product-tag\/einzelheft-digital\/\" alt=\"Einzelheft Digital\"  class=\"product_tag-einzelheft-digital\">Einzelheft Digital<\/a> "},"tpgb_product_data":{"price_html":"<span class=\"woocommerce-Price-amount amount\"><bdi><span class=\"woocommerce-Price-currencySymbol\">&euro;<\/span>7,90<\/bdi><\/span>","type":"simple","gallery":false,"category":"Einzelausgaben Digital","procatslug":"ausgaben-digital"},"_links":{"self":[{"href":"https:\/\/www.orpheus-magazin.de\/de\/wp-json\/wp\/v2\/product\/7561","targetHints":{"allow":["GET"]}}],"collection":[{"href":"https:\/\/www.orpheus-magazin.de\/de\/wp-json\/wp\/v2\/product"}],"about":[{"href":"https:\/\/www.orpheus-magazin.de\/de\/wp-json\/wp\/v2\/types\/product"}],"wp:featuredmedia":[{"embeddable":true,"href":"https:\/\/www.orpheus-magazin.de\/de\/wp-json\/wp\/v2\/media\/7529"}],"wp:attachment":[{"href":"https:\/\/www.orpheus-magazin.de\/de\/wp-json\/wp\/v2\/media?parent=7561"}],"wp:term":[{"taxonomy":"product_brand","embeddable":true,"href":"https:\/\/www.orpheus-magazin.de\/de\/wp-json\/wp\/v2\/product_brand?post=7561"},{"taxonomy":"product_cat","embeddable":true,"href":"https:\/\/www.orpheus-magazin.de\/de\/wp-json\/wp\/v2\/product_cat?post=7561"},{"taxonomy":"product_tag","embeddable":true,"href":"https:\/\/www.orpheus-magazin.de\/de\/wp-json\/wp\/v2\/product_tag?post=7561"}],"curies":[{"name":"wp","href":"https:\/\/api.w.org\/{rel}","templated":true}]}}