{"id":7785,"date":"2022-06-30T11:30:41","date_gmt":"2022-06-30T09:30:41","guid":{"rendered":"https:\/\/www.orpheus-magazin.de\/?post_type=product&#038;p=7785"},"modified":"2022-08-04T15:10:34","modified_gmt":"2022-08-04T13:10:34","slug":"print-ausgabe-04-2022","status":"publish","type":"product","link":"https:\/\/www.orpheus-magazin.de\/de\/product\/print-ausgabe-04-2022\/","title":{"rendered":"Print-Ausgabe 04\/2022 Juli\/August"},"content":{"rendered":"<h2>In dieser Ausgabe lesen Sie:<\/h2>\n<p>Ermonela Jaho \u2013 \u00fcber raue Pfade zu den Sternen | Oper und Passion: Die Leidensgeschichte Jesu auf der Musiktheater-B\u00fchne | Tradition und Aufbruch: Die Buchmann-Mehta School of Music in Tel Aviv | Bayerisches Kabinettst\u00fcckchen: Das Konzerthaus M\u00fcnchen am Abgrund | K\u00f6ln und M\u00fcnchen locken mit neuen Festivals | u.v.m.<\/p>\n<p><a href=\"https:\/\/www.orpheus-magazin.de\/de\/ausgabe-04-2022\/\" target=\"_blank\" rel=\"noopener\">\u00bb Inhaltsverzeichnis und Leseproben<\/a><\/p>\n<p>&nbsp;<\/p>\n<p>&nbsp;<\/p>","protected":false},"excerpt":{"rendered":"<p>In dieser Ausgabe lesen Sie: Ermonela Jaho \u2013 \u00fcber raue Pfade zu den Sternen | Oper und Passion: Die Leidensgeschichte Jesu auf der Musiktheater-B\u00fchne | Tradition und Aufbruch: Die Buchmann-Mehta School of Music in Tel Aviv | Bayerisches Kabinettst\u00fcckchen: Das Konzerthaus M\u00fcnchen am Abgrund | K\u00f6ln und M\u00fcnchen locken mit neuen Festivals | u.v.m. \u00bb [&hellip;]<\/p>\n","protected":false},"featured_media":7765,"template":"","meta":{"tpgb_global_settings":"","_editorskit_title_hidden":false,"_editorskit_reading_time":0,"_editorskit_is_block_options_detached":false,"_editorskit_block_options_position":"{}","_eb_attr":""},"product_brand":[],"product_cat":[65,1599],"product_tag":[1650,76,378,77],"class_list":{"0":"post-7785","1":"product","2":"type-product","3":"status-publish","4":"has-post-thumbnail","6":"product_cat-ausgaben-print","7":"product_cat-printausgaben-2022","8":"product_tag-04-2022","9":"product_tag-einzelheft","10":"product_tag-opernmagazin","11":"product_tag-print","12":"product_shipping_class-deutschland","14":"first","15":"instock","16":"taxable","17":"shipping-taxable","18":"purchasable","19":"product-type-simple"},"tpgb_featured_images":{"full":["https:\/\/www.orpheus-magazin.de\/wp-content\/uploads\/2022\/06\/orpheus_titel_2022-04.jpg",600,600,false],"tp-image-grid":["https:\/\/www.orpheus-magazin.de\/wp-content\/uploads\/2022\/06\/orpheus_titel_2022-04.jpg",600,600,false],"thumbnail":["https:\/\/www.orpheus-magazin.de\/wp-content\/uploads\/2022\/06\/orpheus_titel_2022-04-150x150.jpg",150,150,true],"medium":["https:\/\/www.orpheus-magazin.de\/wp-content\/uploads\/2022\/06\/orpheus_titel_2022-04-300x300.jpg",300,300,true],"medium_large":["https:\/\/www.orpheus-magazin.de\/wp-content\/uploads\/2022\/06\/orpheus_titel_2022-04.jpg",600,600,false],"large":["https:\/\/www.orpheus-magazin.de\/wp-content\/uploads\/2022\/06\/orpheus_titel_2022-04.jpg",600,600,false],"default":"https:\/\/www.orpheus-magazin.de\/wp-content\/plugins\/the-plus-addons-for-block-editor\/assets\/images\/tpgb-placeholder.jpg"},"tpgb_post_meta_info":{"get_date":"30. Juni 2022","get_modified_date":"4. August 2022","category_list":{"product_brand":false,"product_cat":[{"term_id":65,"name":"Einzelausgaben Print","slug":"ausgaben-print","term_group":0,"term_taxonomy_id":65,"taxonomy":"product_cat","description":"","parent":0,"count":62,"filter":"raw","order":"0"},{"term_id":1599,"name":"Printausgaben 2022","slug":"printausgaben-2022","term_group":0,"term_taxonomy_id":1599,"taxonomy":"product_cat","description":"","parent":65,"count":5,"filter":"raw","order":"0"}],"product_tag":[{"term_id":1650,"name":"04\/2022","slug":"04-2022","term_group":0,"term_taxonomy_id":1650,"taxonomy":"product_tag","description":"","parent":0,"count":2,"filter":"raw","order":"0"},{"term_id":76,"name":"Einzelheft","slug":"einzelheft","term_group":0,"term_taxonomy_id":76,"taxonomy":"product_tag","description":"","parent":0,"count":74,"filter":"raw","order":"0"},{"term_id":378,"name":"Opernmagazin","slug":"opernmagazin","term_group":0,"term_taxonomy_id":378,"taxonomy":"product_tag","description":"","parent":0,"count":62,"filter":"raw","order":"0"},{"term_id":77,"name":"Print","slug":"print","term_group":0,"term_taxonomy_id":77,"taxonomy":"product_tag","description":"","parent":0,"count":62,"filter":"raw","order":"0"}]},"comment_count":0,"post_likes":0,"post_views":0},"tpgb_post_category":{"product_cat":"<a href=\"https:\/\/www.orpheus-magazin.de\/de\/product-category\/ausgaben-print\/\" alt=\"Einzelausgaben Print\"  class=\"product_cat-ausgaben-print\">Einzelausgaben Print<\/a> <a href=\"https:\/\/www.orpheus-magazin.de\/de\/product-category\/ausgaben-print\/printausgaben-2022\/\" alt=\"Printausgaben 2022\"  class=\"product_cat-printausgaben-2022\">Printausgaben 2022<\/a> ","product_tag":"<a href=\"https:\/\/www.orpheus-magazin.de\/de\/product-tag\/04-2022\/\" alt=\"04\/2022\"  class=\"product_tag-04-2022\">04\/2022<\/a> <a href=\"https:\/\/www.orpheus-magazin.de\/de\/product-tag\/einzelheft\/\" alt=\"Einzelheft\"  class=\"product_tag-einzelheft\">Einzelheft<\/a> <a href=\"https:\/\/www.orpheus-magazin.de\/de\/product-tag\/opernmagazin\/\" alt=\"Opernmagazin\"  class=\"product_tag-opernmagazin\">Opernmagazin<\/a> <a href=\"https:\/\/www.orpheus-magazin.de\/de\/product-tag\/print\/\" alt=\"Print\"  class=\"product_tag-print\">Print<\/a> "},"tpgb_product_data":{"price_html":"<span class=\"woocommerce-Price-amount amount\"><bdi><span class=\"woocommerce-Price-currencySymbol\">&euro;<\/span>10,90<\/bdi><\/span>","type":"simple","gallery":false,"category":"Einzelausgaben Print","procatslug":"ausgaben-print"},"_links":{"self":[{"href":"https:\/\/www.orpheus-magazin.de\/de\/wp-json\/wp\/v2\/product\/7785","targetHints":{"allow":["GET"]}}],"collection":[{"href":"https:\/\/www.orpheus-magazin.de\/de\/wp-json\/wp\/v2\/product"}],"about":[{"href":"https:\/\/www.orpheus-magazin.de\/de\/wp-json\/wp\/v2\/types\/product"}],"wp:featuredmedia":[{"embeddable":true,"href":"https:\/\/www.orpheus-magazin.de\/de\/wp-json\/wp\/v2\/media\/7765"}],"wp:attachment":[{"href":"https:\/\/www.orpheus-magazin.de\/de\/wp-json\/wp\/v2\/media?parent=7785"}],"wp:term":[{"taxonomy":"product_brand","embeddable":true,"href":"https:\/\/www.orpheus-magazin.de\/de\/wp-json\/wp\/v2\/product_brand?post=7785"},{"taxonomy":"product_cat","embeddable":true,"href":"https:\/\/www.orpheus-magazin.de\/de\/wp-json\/wp\/v2\/product_cat?post=7785"},{"taxonomy":"product_tag","embeddable":true,"href":"https:\/\/www.orpheus-magazin.de\/de\/wp-json\/wp\/v2\/product_tag?post=7785"}],"curies":[{"name":"wp","href":"https:\/\/api.w.org\/{rel}","templated":true}]}}