{"id":8375,"date":"2022-12-22T12:55:55","date_gmt":"2022-12-22T11:55:55","guid":{"rendered":"https:\/\/www.orpheus-magazin.de\/?post_type=product&#038;p=8375"},"modified":"2022-12-22T09:19:33","modified_gmt":"2022-12-22T08:19:33","slug":"pdf-ausgabe-01-2023","status":"publish","type":"product","link":"https:\/\/www.orpheus-magazin.de\/de\/product\/pdf-ausgabe-01-2023\/","title":{"rendered":"PDF-Ausgabe 01\/2023 Januar\/Februar"},"content":{"rendered":"<h2>In dieser Ausgabe lesen Sie:<\/h2>\n<p>50 Jahre Orpheus Magazin: Geburtstagsgedanken | \u201eMister Met\u201c Peter Gelb \u2013 ein k\u00fcnstlerischer und kaufm\u00e4nnischer Vision\u00e4r mit deutlicher Sprache | Vom \u201eWunderkind\u201c zum \u201eNeut\u00f6ner\u201c: der Komponist und Pianist Franz Hummel | Klassik-Shootingstar \u00c4neas Humm im Gespr\u00e4ch | 50 Jahre \u2013 50 Premieren: Jubil\u00e4ums-Special von Augsburg bis Z\u00fcrich | u.v.m.<\/p>\n<p><a href=\"https:\/\/www.orpheus-magazin.de\/de\/ausgabe-01-2023\/\" target=\"_blank\" rel=\"noopener\">\u00bb Inhaltsverzeichnis und Leseproben<\/a><\/p>\n<p>&nbsp;<\/p>\n<p>&nbsp;<\/p>","protected":false},"excerpt":{"rendered":"<p>In dieser Ausgabe lesen Sie: 50 Jahre Orpheus Magazin: Geburtstagsgedanken | \u201eMister Met\u201c Peter Gelb \u2013 ein k\u00fcnstlerischer und kaufm\u00e4nnischer Vision\u00e4r mit deutlicher Sprache | Vom \u201eWunderkind\u201c zum \u201eNeut\u00f6ner\u201c: der Komponist und Pianist Franz Hummel | Klassik-Shootingstar \u00c4neas Humm im Gespr\u00e4ch | 50 Jahre \u2013 50 Premieren: Jubil\u00e4ums-Special von Augsburg bis Z\u00fcrich | u.v.m. \u00bb [&hellip;]<\/p>\n","protected":false},"featured_media":8356,"template":"","meta":{"tpgb_global_settings":"","_editorskit_title_hidden":false,"_editorskit_reading_time":0,"_editorskit_is_block_options_detached":false,"_editorskit_block_options_position":"{}","_eb_attr":""},"product_brand":[],"product_cat":[66,1674],"product_tag":[1673,79,432],"class_list":{"0":"post-8375","1":"product","2":"type-product","3":"status-publish","4":"has-post-thumbnail","6":"product_cat-ausgaben-digital","7":"product_cat-digitalausgaben-2023","8":"product_tag-01-2023","9":"product_tag-digital","10":"product_tag-einzelheft-digital","12":"first","13":"instock","14":"downloadable","15":"virtual","16":"sold-individually","17":"taxable","18":"purchasable","19":"product-type-simple"},"tpgb_featured_images":{"full":["https:\/\/www.orpheus-magazin.de\/wp-content\/uploads\/2022\/12\/orpheus_titel_2023-01.jpg",600,600,false],"tp-image-grid":["https:\/\/www.orpheus-magazin.de\/wp-content\/uploads\/2022\/12\/orpheus_titel_2023-01.jpg",600,600,false],"thumbnail":["https:\/\/www.orpheus-magazin.de\/wp-content\/uploads\/2022\/12\/orpheus_titel_2023-01-150x150.jpg",150,150,true],"medium":["https:\/\/www.orpheus-magazin.de\/wp-content\/uploads\/2022\/12\/orpheus_titel_2023-01-300x300.jpg",300,300,true],"medium_large":["https:\/\/www.orpheus-magazin.de\/wp-content\/uploads\/2022\/12\/orpheus_titel_2023-01.jpg",600,600,false],"large":["https:\/\/www.orpheus-magazin.de\/wp-content\/uploads\/2022\/12\/orpheus_titel_2023-01.jpg",600,600,false],"default":"https:\/\/www.orpheus-magazin.de\/wp-content\/plugins\/the-plus-addons-for-block-editor\/assets\/images\/tpgb-placeholder.jpg"},"tpgb_post_meta_info":{"get_date":"22. Dezember 2022","get_modified_date":"22. Dezember 2022","category_list":{"product_brand":false,"product_cat":[{"term_id":66,"name":"Einzelausgaben Digital","slug":"ausgaben-digital","term_group":0,"term_taxonomy_id":66,"taxonomy":"product_cat","description":"","parent":0,"count":62,"filter":"raw","order":"0"},{"term_id":1674,"name":"Digitalausgaben 2023","slug":"digitalausgaben-2023","term_group":0,"term_taxonomy_id":1674,"taxonomy":"product_cat","description":"","parent":66,"count":6,"filter":"raw","order":"0"}],"product_tag":[{"term_id":1673,"name":"01\/2023","slug":"01-2023","term_group":0,"term_taxonomy_id":1673,"taxonomy":"product_tag","description":"","parent":0,"count":2,"filter":"raw","order":"0"},{"term_id":79,"name":"Digital","slug":"digital","term_group":0,"term_taxonomy_id":79,"taxonomy":"product_tag","description":"","parent":0,"count":62,"filter":"raw","order":"0"},{"term_id":432,"name":"Einzelheft Digital","slug":"einzelheft-digital","term_group":0,"term_taxonomy_id":432,"taxonomy":"product_tag","description":"","parent":0,"count":50,"filter":"raw","order":"0"}]},"comment_count":0,"post_likes":0,"post_views":0},"tpgb_post_category":{"product_cat":"<a href=\"https:\/\/www.orpheus-magazin.de\/de\/product-category\/ausgaben-digital\/\" alt=\"Einzelausgaben Digital\"  class=\"product_cat-ausgaben-digital\">Einzelausgaben Digital<\/a> <a href=\"https:\/\/www.orpheus-magazin.de\/de\/product-category\/ausgaben-digital\/digitalausgaben-2023\/\" alt=\"Digitalausgaben 2023\"  class=\"product_cat-digitalausgaben-2023\">Digitalausgaben 2023<\/a> ","product_tag":"<a href=\"https:\/\/www.orpheus-magazin.de\/de\/product-tag\/01-2023\/\" alt=\"01\/2023\"  class=\"product_tag-01-2023\">01\/2023<\/a> <a href=\"https:\/\/www.orpheus-magazin.de\/de\/product-tag\/digital\/\" alt=\"Digital\"  class=\"product_tag-digital\">Digital<\/a> <a href=\"https:\/\/www.orpheus-magazin.de\/de\/product-tag\/einzelheft-digital\/\" alt=\"Einzelheft Digital\"  class=\"product_tag-einzelheft-digital\">Einzelheft Digital<\/a> "},"tpgb_product_data":{"price_html":"<span class=\"woocommerce-Price-amount amount\"><bdi><span class=\"woocommerce-Price-currencySymbol\">&euro;<\/span>7,90<\/bdi><\/span>","type":"simple","gallery":false,"category":"Einzelausgaben Digital","procatslug":"ausgaben-digital"},"_links":{"self":[{"href":"https:\/\/www.orpheus-magazin.de\/de\/wp-json\/wp\/v2\/product\/8375","targetHints":{"allow":["GET"]}}],"collection":[{"href":"https:\/\/www.orpheus-magazin.de\/de\/wp-json\/wp\/v2\/product"}],"about":[{"href":"https:\/\/www.orpheus-magazin.de\/de\/wp-json\/wp\/v2\/types\/product"}],"wp:featuredmedia":[{"embeddable":true,"href":"https:\/\/www.orpheus-magazin.de\/de\/wp-json\/wp\/v2\/media\/8356"}],"wp:attachment":[{"href":"https:\/\/www.orpheus-magazin.de\/de\/wp-json\/wp\/v2\/media?parent=8375"}],"wp:term":[{"taxonomy":"product_brand","embeddable":true,"href":"https:\/\/www.orpheus-magazin.de\/de\/wp-json\/wp\/v2\/product_brand?post=8375"},{"taxonomy":"product_cat","embeddable":true,"href":"https:\/\/www.orpheus-magazin.de\/de\/wp-json\/wp\/v2\/product_cat?post=8375"},{"taxonomy":"product_tag","embeddable":true,"href":"https:\/\/www.orpheus-magazin.de\/de\/wp-json\/wp\/v2\/product_tag?post=8375"}],"curies":[{"name":"wp","href":"https:\/\/api.w.org\/{rel}","templated":true}]}}