{"id":9360,"date":"2023-10-27T12:32:52","date_gmt":"2023-10-27T10:32:52","guid":{"rendered":"https:\/\/www.orpheus-magazin.de\/?post_type=product&#038;p=9360"},"modified":"2023-10-27T12:11:13","modified_gmt":"2023-10-27T10:11:13","slug":"pdf-ausgabe-06-2023","status":"publish","type":"product","link":"https:\/\/www.orpheus-magazin.de\/de\/product\/pdf-ausgabe-06-2023\/","title":{"rendered":"PDF-Ausgabe 06\/2023 November\/Dezember"},"content":{"rendered":"<h2>In dieser Ausgabe lesen Sie:<\/h2>\n<p>Triumph und Tragik: zum 100. Geburtstag von Maria Callas | Der Niedergang der Kultur im \u00f6ffentlich-rechtlichen Radio | Frack, Zylinder, wei\u00dfer Schal: das Ph\u00e4nomen Johannes Heesters | Entertainment f\u00fcr die Welt: 100 Jahre Walt Disney Company | Verdr\u00e4ngte und vergessene franz\u00f6sische Komponistinnen der Romantik | u.v.m.<\/p>\n<p><a href=\"https:\/\/www.orpheus-magazin.de\/de\/ausgabe-06-2023\/\" target=\"_blank\" rel=\"noopener\">\u00bb Inhaltsverzeichnis und Leseproben<\/a><\/p>\n<p>&nbsp;<\/p>\n<p>&nbsp;<\/p>","protected":false},"excerpt":{"rendered":"<p>In dieser Ausgabe lesen Sie: Triumph und Tragik: zum 100. Geburtstag von Maria Callas | Der Niedergang der Kultur im \u00f6ffentlich-rechtlichen Radio | Frack, Zylinder, wei\u00dfer Schal: das Ph\u00e4nomen Johannes Heesters | Entertainment f\u00fcr die Welt: 100 Jahre Walt Disney Company | Verdr\u00e4ngte und vergessene franz\u00f6sische Komponistinnen der Romantik | u.v.m. \u00bb Inhaltsverzeichnis und Leseproben [&hellip;]<\/p>\n","protected":false},"featured_media":9352,"template":"","meta":{"tpgb_global_settings":"","_editorskit_title_hidden":false,"_editorskit_reading_time":0,"_editorskit_is_block_options_detached":false,"_editorskit_block_options_position":"{}","_eb_attr":""},"product_brand":[],"product_cat":[66,1674],"product_tag":[1690,79,432],"class_list":{"0":"post-9360","1":"product","2":"type-product","3":"status-publish","4":"has-post-thumbnail","6":"product_cat-ausgaben-digital","7":"product_cat-digitalausgaben-2023","8":"product_tag-06-2023","9":"product_tag-digital","10":"product_tag-einzelheft-digital","12":"first","13":"instock","14":"downloadable","15":"virtual","16":"sold-individually","17":"taxable","18":"purchasable","19":"product-type-simple"},"tpgb_featured_images":{"full":["https:\/\/www.orpheus-magazin.de\/wp-content\/uploads\/2023\/10\/orpheus_titel_2023-06.jpg",600,600,false],"tp-image-grid":["https:\/\/www.orpheus-magazin.de\/wp-content\/uploads\/2023\/10\/orpheus_titel_2023-06.jpg",600,600,false],"thumbnail":["https:\/\/www.orpheus-magazin.de\/wp-content\/uploads\/2023\/10\/orpheus_titel_2023-06-150x150.jpg",150,150,true],"medium":["https:\/\/www.orpheus-magazin.de\/wp-content\/uploads\/2023\/10\/orpheus_titel_2023-06-300x300.jpg",300,300,true],"medium_large":["https:\/\/www.orpheus-magazin.de\/wp-content\/uploads\/2023\/10\/orpheus_titel_2023-06.jpg",600,600,false],"large":["https:\/\/www.orpheus-magazin.de\/wp-content\/uploads\/2023\/10\/orpheus_titel_2023-06.jpg",600,600,false],"default":"https:\/\/www.orpheus-magazin.de\/wp-content\/plugins\/the-plus-addons-for-block-editor\/assets\/images\/tpgb-placeholder.jpg"},"tpgb_post_meta_info":{"get_date":"27. Oktober 2023","get_modified_date":"27. Oktober 2023","category_list":{"product_brand":false,"product_cat":[{"term_id":66,"name":"Einzelausgaben Digital","slug":"ausgaben-digital","term_group":0,"term_taxonomy_id":66,"taxonomy":"product_cat","description":"","parent":0,"count":62,"filter":"raw","order":"0"},{"term_id":1674,"name":"Digitalausgaben 2023","slug":"digitalausgaben-2023","term_group":0,"term_taxonomy_id":1674,"taxonomy":"product_cat","description":"","parent":66,"count":6,"filter":"raw","order":"0"}],"product_tag":[{"term_id":1690,"name":"06\/2023","slug":"06-2023","term_group":0,"term_taxonomy_id":1690,"taxonomy":"product_tag","description":"","parent":0,"count":2,"filter":"raw","order":"0"},{"term_id":79,"name":"Digital","slug":"digital","term_group":0,"term_taxonomy_id":79,"taxonomy":"product_tag","description":"","parent":0,"count":62,"filter":"raw","order":"0"},{"term_id":432,"name":"Einzelheft Digital","slug":"einzelheft-digital","term_group":0,"term_taxonomy_id":432,"taxonomy":"product_tag","description":"","parent":0,"count":50,"filter":"raw","order":"0"}]},"comment_count":0,"post_likes":0,"post_views":0},"tpgb_post_category":{"product_cat":"<a href=\"https:\/\/www.orpheus-magazin.de\/de\/product-category\/ausgaben-digital\/\" alt=\"Einzelausgaben Digital\"  class=\"product_cat-ausgaben-digital\">Einzelausgaben Digital<\/a> <a href=\"https:\/\/www.orpheus-magazin.de\/de\/product-category\/ausgaben-digital\/digitalausgaben-2023\/\" alt=\"Digitalausgaben 2023\"  class=\"product_cat-digitalausgaben-2023\">Digitalausgaben 2023<\/a> ","product_tag":"<a href=\"https:\/\/www.orpheus-magazin.de\/de\/product-tag\/06-2023\/\" alt=\"06\/2023\"  class=\"product_tag-06-2023\">06\/2023<\/a> <a href=\"https:\/\/www.orpheus-magazin.de\/de\/product-tag\/digital\/\" alt=\"Digital\"  class=\"product_tag-digital\">Digital<\/a> <a href=\"https:\/\/www.orpheus-magazin.de\/de\/product-tag\/einzelheft-digital\/\" alt=\"Einzelheft Digital\"  class=\"product_tag-einzelheft-digital\">Einzelheft Digital<\/a> "},"tpgb_product_data":{"price_html":"<span class=\"woocommerce-Price-amount amount\"><bdi><span class=\"woocommerce-Price-currencySymbol\">&euro;<\/span>7,90<\/bdi><\/span>","type":"simple","gallery":false,"category":"Einzelausgaben Digital","procatslug":"ausgaben-digital"},"_links":{"self":[{"href":"https:\/\/www.orpheus-magazin.de\/de\/wp-json\/wp\/v2\/product\/9360","targetHints":{"allow":["GET"]}}],"collection":[{"href":"https:\/\/www.orpheus-magazin.de\/de\/wp-json\/wp\/v2\/product"}],"about":[{"href":"https:\/\/www.orpheus-magazin.de\/de\/wp-json\/wp\/v2\/types\/product"}],"wp:featuredmedia":[{"embeddable":true,"href":"https:\/\/www.orpheus-magazin.de\/de\/wp-json\/wp\/v2\/media\/9352"}],"wp:attachment":[{"href":"https:\/\/www.orpheus-magazin.de\/de\/wp-json\/wp\/v2\/media?parent=9360"}],"wp:term":[{"taxonomy":"product_brand","embeddable":true,"href":"https:\/\/www.orpheus-magazin.de\/de\/wp-json\/wp\/v2\/product_brand?post=9360"},{"taxonomy":"product_cat","embeddable":true,"href":"https:\/\/www.orpheus-magazin.de\/de\/wp-json\/wp\/v2\/product_cat?post=9360"},{"taxonomy":"product_tag","embeddable":true,"href":"https:\/\/www.orpheus-magazin.de\/de\/wp-json\/wp\/v2\/product_tag?post=9360"}],"curies":[{"name":"wp","href":"https:\/\/api.w.org\/{rel}","templated":true}]}}