{"id":9796,"date":"2024-04-29T11:42:51","date_gmt":"2024-04-29T09:42:51","guid":{"rendered":"https:\/\/www.orpheus-magazin.de\/?post_type=product&#038;p=9796"},"modified":"2024-04-29T11:01:51","modified_gmt":"2024-04-29T09:01:51","slug":"pdf-ausgabe-03-2024","status":"publish","type":"product","link":"https:\/\/www.orpheus-magazin.de\/de\/product\/pdf-ausgabe-03-2024\/","title":{"rendered":"PDF-Ausgabe 03\/2024 Mai\/Juni"},"content":{"rendered":"<h2>In dieser Ausgabe lesen Sie:<\/h2>\n<p>Aigul Akhmetshina, die neue Mezzo-Sensation mit nur 28 Jahren | Kafka in T\u00f6nen: Roman Haubenstock-Ramatis \u201eAmerika\u201c in Z\u00fcrich | Der Prager Intendant Per Boye Hansen \u00fcber tschechische Musikkultur und den Weg zur\u00fcck in die \u201eChampions League\u201c der Opernszene | \u201eOpera Meets New Media\u201c \u2013 eine Vision \u00fcber 100 Jahre Gegenwart | Die Strauss-Dynastie: Wiener Walzer f\u00fcr die Welt | u.v.m.<\/p>\n<p><a href=\"https:\/\/www.orpheus-magazin.de\/de\/ausgabe-03-2024\/\" target=\"_blank\" rel=\"noopener\">\u00bb Inhaltsverzeichnis und Leseprobe<\/a><\/p>\n<p>&nbsp;<\/p>\n<p>&nbsp;<\/p>","protected":false},"excerpt":{"rendered":"<p>In dieser Ausgabe lesen Sie: Aigul Akhmetshina, die neue Mezzo-Sensation mit nur 28 Jahren | Kafka in T\u00f6nen: Roman Haubenstock-Ramatis \u201eAmerika\u201c in Z\u00fcrich | Der Prager Intendant Per Boye Hansen \u00fcber tschechische Musikkultur und den Weg zur\u00fcck in die \u201eChampions League\u201c der Opernszene | \u201eOpera Meets New Media\u201c \u2013 eine Vision \u00fcber 100 Jahre Gegenwart [&hellip;]<\/p>\n","protected":false},"featured_media":9794,"template":"","meta":{"tpgb_global_settings":"","_editorskit_title_hidden":false,"_editorskit_reading_time":0,"_editorskit_is_block_options_detached":false,"_editorskit_block_options_position":"{}","_eb_attr":""},"product_brand":[],"product_cat":[66,1695],"product_tag":[1701,79,432],"class_list":{"0":"post-9796","1":"product","2":"type-product","3":"status-publish","4":"has-post-thumbnail","6":"product_cat-ausgaben-digital","7":"product_cat-digitalausgaben-2024","8":"product_tag-03-2024","9":"product_tag-digital","10":"product_tag-einzelheft-digital","12":"first","13":"instock","14":"downloadable","15":"virtual","16":"sold-individually","17":"taxable","18":"purchasable","19":"product-type-simple"},"tpgb_featured_images":{"full":["https:\/\/www.orpheus-magazin.de\/wp-content\/uploads\/2024\/04\/orpheus_titel_2024-03.jpg",600,600,false],"tp-image-grid":["https:\/\/www.orpheus-magazin.de\/wp-content\/uploads\/2024\/04\/orpheus_titel_2024-03.jpg",600,600,false],"thumbnail":["https:\/\/www.orpheus-magazin.de\/wp-content\/uploads\/2024\/04\/orpheus_titel_2024-03-150x150.jpg",150,150,true],"medium":["https:\/\/www.orpheus-magazin.de\/wp-content\/uploads\/2024\/04\/orpheus_titel_2024-03-300x300.jpg",300,300,true],"medium_large":["https:\/\/www.orpheus-magazin.de\/wp-content\/uploads\/2024\/04\/orpheus_titel_2024-03.jpg",600,600,false],"large":["https:\/\/www.orpheus-magazin.de\/wp-content\/uploads\/2024\/04\/orpheus_titel_2024-03.jpg",600,600,false],"default":"https:\/\/www.orpheus-magazin.de\/wp-content\/plugins\/the-plus-addons-for-block-editor\/assets\/images\/tpgb-placeholder.jpg"},"tpgb_post_meta_info":{"get_date":"29. April 2024","get_modified_date":"29. April 2024","category_list":{"product_brand":false,"product_cat":[{"term_id":66,"name":"Einzelausgaben Digital","slug":"ausgaben-digital","term_group":0,"term_taxonomy_id":66,"taxonomy":"product_cat","description":"","parent":0,"count":63,"filter":"raw","order":"0"},{"term_id":1695,"name":"Digitalausgaben 2024","slug":"digitalausgaben-2024","term_group":0,"term_taxonomy_id":1695,"taxonomy":"product_cat","description":"","parent":66,"count":6,"filter":"raw","order":"0"}],"product_tag":[{"term_id":1701,"name":"03\/2024","slug":"03-2024","term_group":0,"term_taxonomy_id":1701,"taxonomy":"product_tag","description":"","parent":0,"count":2,"filter":"raw","order":"0"},{"term_id":79,"name":"Digital","slug":"digital","term_group":0,"term_taxonomy_id":79,"taxonomy":"product_tag","description":"","parent":0,"count":63,"filter":"raw","order":"0"},{"term_id":432,"name":"Einzelheft Digital","slug":"einzelheft-digital","term_group":0,"term_taxonomy_id":432,"taxonomy":"product_tag","description":"","parent":0,"count":51,"filter":"raw","order":"0"}]},"comment_count":0,"post_likes":0,"post_views":0},"tpgb_post_category":{"product_cat":"<a href=\"https:\/\/www.orpheus-magazin.de\/de\/product-category\/ausgaben-digital\/\" alt=\"Einzelausgaben Digital\"  class=\"product_cat-ausgaben-digital\">Einzelausgaben Digital<\/a> <a href=\"https:\/\/www.orpheus-magazin.de\/de\/product-category\/ausgaben-digital\/digitalausgaben-2024\/\" alt=\"Digitalausgaben 2024\"  class=\"product_cat-digitalausgaben-2024\">Digitalausgaben 2024<\/a> ","product_tag":"<a href=\"https:\/\/www.orpheus-magazin.de\/de\/product-tag\/03-2024\/\" alt=\"03\/2024\"  class=\"product_tag-03-2024\">03\/2024<\/a> <a href=\"https:\/\/www.orpheus-magazin.de\/de\/product-tag\/digital\/\" alt=\"Digital\"  class=\"product_tag-digital\">Digital<\/a> <a href=\"https:\/\/www.orpheus-magazin.de\/de\/product-tag\/einzelheft-digital\/\" alt=\"Einzelheft Digital\"  class=\"product_tag-einzelheft-digital\">Einzelheft Digital<\/a> "},"tpgb_product_data":{"price_html":"<span class=\"woocommerce-Price-amount amount\"><bdi><span class=\"woocommerce-Price-currencySymbol\">&euro;<\/span>7,90<\/bdi><\/span>","type":"simple","gallery":false,"category":"Einzelausgaben Digital","procatslug":"ausgaben-digital"},"_links":{"self":[{"href":"https:\/\/www.orpheus-magazin.de\/de\/wp-json\/wp\/v2\/product\/9796","targetHints":{"allow":["GET"]}}],"collection":[{"href":"https:\/\/www.orpheus-magazin.de\/de\/wp-json\/wp\/v2\/product"}],"about":[{"href":"https:\/\/www.orpheus-magazin.de\/de\/wp-json\/wp\/v2\/types\/product"}],"wp:featuredmedia":[{"embeddable":true,"href":"https:\/\/www.orpheus-magazin.de\/de\/wp-json\/wp\/v2\/media\/9794"}],"wp:attachment":[{"href":"https:\/\/www.orpheus-magazin.de\/de\/wp-json\/wp\/v2\/media?parent=9796"}],"wp:term":[{"taxonomy":"product_brand","embeddable":true,"href":"https:\/\/www.orpheus-magazin.de\/de\/wp-json\/wp\/v2\/product_brand?post=9796"},{"taxonomy":"product_cat","embeddable":true,"href":"https:\/\/www.orpheus-magazin.de\/de\/wp-json\/wp\/v2\/product_cat?post=9796"},{"taxonomy":"product_tag","embeddable":true,"href":"https:\/\/www.orpheus-magazin.de\/de\/wp-json\/wp\/v2\/product_tag?post=9796"}],"curies":[{"name":"wp","href":"https:\/\/api.w.org\/{rel}","templated":true}]}}